{"id":7588,"date":"2023-03-27T12:36:31","date_gmt":"2023-03-27T10:36:31","guid":{"rendered":"https:\/\/www.jphres.org\/?p=7588"},"modified":"2023-04-02T14:16:19","modified_gmt":"2023-04-02T12:16:19","slug":"job-satisfaction-and-caring-behavior-among-nurses-in-a-military-hospital-a-cross-sectional-study","status":"publish","type":"page","link":"https:\/\/www.jphres.us.com\/index.php\/jphres\/article\/view\/2212\/","title":{"rendered":"Job satisfaction and caring behavior among nurses in a military hospital: A cross-sectional study"},"content":{"rendered":"<div class=\"item doi\"><span class=\"value\"><a href=\"https:\/\/web.archive.org\/web\/20210416023549\/https:\/\/doi.org\/10.4081\/jphr.2021.2212\">https:\/\/doi.org\/10.4081\/jphr.2021.2212<\/a><\/span><\/div>\n<ul class=\"item authors\">\n<li><span class=\"name\"><strong>Kuswantoro Rusca Putra<\/strong><br \/>\n<\/span><span class=\"affiliation\">School of Nursing, Faculty of Medicine, Universitas Brawijaya, Malang, Indonesia.\u00a0<\/span><span class=\"orcid\"><br \/>\nhttps:\/\/orcid.org\/0000-0001-8332-2766<\/span><\/li>\n<li><span class=\"name\"><strong>Tutut Andayani\u00a0<\/strong><br \/>\n<\/span><span class=\"affiliation\">School of Nursing, Faculty of Medicine, Universitas Brawijaya, Malang, Indonesia.<\/span><\/li>\n<li><span class=\"name\"><strong>Evi Harwiati Ningrum\u00a0<\/strong><br \/>\n<\/span><span class=\"affiliation\">School of Nursing, Faculty of Medicine, Universitas Brawijaya, Malang, Indonesia.<\/span><\/li>\n<\/ul>\n<div class=\"item abstract\">\n<h3 class=\"label\">ABSTRACT<\/h3>\n<p><em>Background:<\/em>\u00a0Caring is the major focus of nursing practice, and their behavior has an impact on the quality of patient care, and it is very important that they are satisfied while working. The strong relationship between job satisfaction and nurses caring behavior is well established, and therefore the managers can be encouraged to provide better conditions for nurses\u2019 satisfaction. The aim of this study was to investigate the relationship between job satisfaction and the caring behavior of nurses in the Military Hospital.<br \/>\n<em><br \/>\nDesign and Methods<\/em>: A survey with a self-assessment questionnaire was carried out from August to December 2019.\u00a0 Participants were 121 nurses working in a military hospital Malang, Indonesia. The data was collected using the Job Satisfaction Survey (JSS) and Caring Behavior Inventory (CBI-24). The data were analyzed using rank Spearman and multiple linear regression.<br \/>\n<em><br \/>\nResults:\u00a0<\/em>Job satisfaction had a positive correlation with the caring behavior of nurses (p=0.003; r=0.266). Furthermore, there were four job satisfaction dimensions namely supervision, contingent rewards, co-workers, nature of work and communication dimensions were positively correlated with nurses\u2019 caring behavior (p&lt;0.05) while the Whilst pay, promotion, benefits, operating procedure dimensions are not related to nurse\u2019s caring behavior (p&gt;0.05).<br \/>\n<em><br \/>\nConclusions:<\/em> Caring behavior of nurses is influenced by job satisfaction. Therefore, it is necessary to provide supervision, contingent rewards, empowerment, collaboration program for the nurses to reconstruct the nursing working environment to be healthier and increase the caring behavior of nurses.<\/p>\n<\/div>\n<div class=\"item references\">\n<h3 class=\"label\">REFERENCES<\/h3>\n<div class=\"value\">\n<p>Mosadeghrad AM. Factors influencing healthcare service quality. Int J Heal Policy Manag 2014;3:77-89. DOI:\u00a0https:\/\/doi.org\/10.15171\/ijhpm.2014.65<\/p>\n<p>Oluma A, Abadiga M. Caring behavior and associated factors among nurses working in Jimma University specialized hospital, Oromia, Southwest Ethiopia, 2019. BMC Nurs 2020;19:1-7. DOI:\u00a0https:\/\/doi.org\/10.1186\/s12912-020-0407-2<\/p>\n<p>Finfgeld-Connett D. Meta-synthesis of caring in nursing. J Clin Nurs 2008;17:196-204.<\/p>\n<p>Yau XC, Tam WSW, Seah HWV, et al. An exploration of factors influencing inpatient nurses\u2019 care behaviour in an acute hospital setting. Int J Qual Heal Care 2019;31:473-9. DOI:\u00a0https:\/\/doi.org\/10.1093\/intqhc\/mzy199<\/p>\n<p>Vujani\u0107 J, Prli\u0107 N, Lovri\u0107 R. Nurses\u2019 self-assessment of caring behaviors in nurse-patient interactions: A cross-sectional study. Int J Environ Res Public Health 2020;17:1-15. DOI:\u00a0https:\/\/doi.org\/10.3390\/ijerph17145255<\/p>\n<p>Allgood C, O\u2019Rourke K, VanDerslice J, Hardy MA. Job satisfaction among nursing staff in a military health care facility. Mil Med 2000;165:757-61. DOI:\u00a0https:\/\/doi.org\/10.1093\/milmed\/165.10.757<\/p>\n<p>Ali M, Qun W. Factors contributing job satisfaction and job performance of nurses in the healthcare industry. Int J Humanit Soc Dev Res 2019;3:7-22.<\/p>\n<p>Doloh N, Tamtomo D, Sulaeman ES. Factors affecting work performance among nurses in delivering health service for the national health insurance patients at Dr. Moewardi Hospital, Surakarta. J Heal Policy Manag 2018;3:20-25. DOI:\u00a0https:\/\/doi.org\/10.26911\/thejhpm.2018.03.01.03<\/p>\n<p>Kvist T, M\u00e4ntynen R, Partanen P, et al. The job satisfaction of Finnish nursing staff: The development of a job satisfaction scale and survey results. Nurs Res Pract 2012;2012:1-11. DOI:\u00a0https:\/\/doi.org\/10.1155\/2012\/210509<\/p>\n<p>Lambrou P, Kontodimopoulos N, Niakas D. Motivation and job satisfaction among medical and nursing staff in a Cyprus public general hospital. Hum Resour Health 2010;8:1-9. DOI:\u00a0https:\/\/doi.org\/10.1186\/1478-4491-8-26<\/p>\n<p>Choi SPP, Cheung K, Pang SMC. Attributes of nursing work environment as predictors of registered nurses\u2019 job satisfaction and intention to leave. J Nurs Manag 2013;21:429-39. DOI:\u00a0https:\/\/doi.org\/10.1111\/j.1365-2834.2012.01415.x<\/p>\n<p>van der Doef M, Mbazzi FB, Verhoeven C. Job conditions, job satisfaction, somatic complaints and burnout among East African nurses. J Clin Nurs 2012;21:1763-75. DOI:\u00a0https:\/\/doi.org\/10.1111\/j.1365-2702.2011.03995.x<\/p>\n<p>Zangaro GA, Johantgen M. Registered nurses\u2019 job satisfaction in navy hospitals. Mil Med 2009;174:76-81. DOI:\u00a0https:\/\/doi.org\/10.7205\/MILMED-D-04-1307<\/p>\n<p>Shalaby SA, Janbi NF, Mohammed KK, et al. Assessing the caring behaviors of critical care nurses. J Nurs Educ Pract 2018;8:77. DOI:\u00a0https:\/\/doi.org\/10.5430\/jnep.v8n10p77<\/p>\n<p>Spector PE. Measurement of human service staff satisfaction: Development of the job satisfaction survey. Am J Community Psychol 1985;13:693-713. DOI:\u00a0https:\/\/doi.org\/10.1007\/BF00929796<\/p>\n<p>Amelework N, Sisay G. Factors associated with nurses perception about nurse caring behaviors (case at hospitals of Harar Town, Eastern Ethiopia). Int J Heal Nursing Med 2019;1:21-9.<\/p>\n<p>Xerri MJ. Examining the relationship between organisational justice, job satisfaction and the innovative behaviour of nursing employees. Int J Innov Manag 2014;18:1-22. DOI:\u00a0https:\/\/doi.org\/10.1142\/S1363919614500042<\/p>\n<p>Dekoulou P, Trivellas P. Measuring the impact of learning organization on job satisfaction and individual performance in Greek advertising sector. Procedia Soc Behav Sci 2015;175:367-75. DOI:\u00a0https:\/\/doi.org\/10.1016\/j.sbspro.2015.01.1212<\/p>\n<p>Abbas A. Impact of job satisfaction on job performance of nurses at Al-Suwaira. Iraqi Natl J Nurs Spec 2017;30:73-82.<\/p>\n<p>Rudasingwa M, Uwizeye MR. Physicians\u2019 and nurses\u2019 attitudes towards performance-based financial incentives in Burundi: A qualitative study in the province of Gitega. Glob Health Action 2017;10:1-15. DOI:\u00a0https:\/\/doi.org\/10.1080\/16549716.2017.1270813<\/p>\n<p>Seitovirta J, Lehtim\u00e4ki AV, Vehvil\u00e4inen-Julkunen K, et al. Registered nurses\u2019 perceptions of rewarding and its significance. J Nurs Manag 2018;26:457-66. DOI:\u00a0https:\/\/doi.org\/10.1111\/jonm.12571<\/p>\n<p>Snowdon DA, Leggat SG, Taylor NF. Does clinical supervision of healthcare professionals improve effectiveness of care and patient experience? A systematic review. BMC Health Serv Res 2017;17:1-11. DOI:\u00a0https:\/\/doi.org\/10.1186\/s12913-017-2739-5<\/p>\n<p>Mohammadi F, Nikan A, Movasagh F, et al. The effect of clinical supervision on clinical decision. Int J Pharm Res 2019;11:1761-5.<\/p>\n<p>Berggren I, Severinsson E. The influence of clinical supervision on nurses\u2019 moral decision making. Nurs Ethics 2000;7:124-33. DOI:\u00a0https:\/\/doi.org\/10.1177\/096973300000700205<\/p>\n<p>Khodadadi E, Ebrahimi H, Moghaddasian S, et al. The effect of communication skills training on quality of care, self-efficacy, job satisfaction and communication skills rate of nurses in hospitals of Tabriz, Iran. J Caring Sci 2013;2:27-37.<\/p>\n<p>Vermeir P, Vandijck D, Degroote S, et al. Communication in healthcare: A narrative review of the literature and practical recommendations. Int J Clin Pract 2015;69:1257-67. DOI:\u00a0https:\/\/doi.org\/10.1111\/ijcp.12686<\/p>\n<p>Kirca N, Bademli K. Relationship between communication skills and care behaviors of nurses. Perspect Psychiatr Care 2019;55:624-31. DOI:\u00a0https:\/\/doi.org\/10.1111\/ppc.12381<\/p>\n<\/div>\n<\/div>\n","protected":false},"excerpt":{"rendered":"<p>https:\/\/doi.org\/10.4081\/jphr.2021.2212 Kuswantoro Rusca Putra School of Nursing, Faculty of Medicine, Universitas Brawijaya, Malang, Indonesia.\u00a0 https:\/\/orcid.org\/0000-0001-8332-2766 Tutut Andayani\u00a0 School of Nursing, Faculty of Medicine, Universitas Brawijaya, Malang, Indonesia. Evi Harwiati Ningrum\u00a0 School of Nursing, Faculty of Medicine, Universitas Brawijaya, Malang, Indonesia. ABSTRACT Background:\u00a0Caring is the major focus of nursing practice, and their behavior has an impact &#8230; <a title=\"Job satisfaction and caring behavior among nurses in a military hospital: A cross-sectional study\" class=\"read-more\" href=\"https:\/\/www.jphres.us.com\/index.php\/jphres\/article\/view\/2212\/\" aria-label=\"More on Job satisfaction and caring behavior among nurses in a military hospital: A cross-sectional study\">Read more<\/a><\/p>\n","protected":false},"author":3,"featured_media":0,"parent":0,"menu_order":0,"comment_status":"open","ping_status":"open","template":"","meta":{"footnotes":""},"class_list":["post-7588","page","type-page","status-publish"],"yoast_head":"<!-- This site is optimized with the Yoast SEO plugin v27.2 - https:\/\/yoast.com\/product\/yoast-seo-wordpress\/ -->\n<title>Job satisfaction and caring behavior among nurses in a military hospital: A cross-sectional study - Journal of Public Health Research<\/title>\n<meta name=\"robots\" content=\"index, follow, max-snippet:-1, max-image-preview:large, max-video-preview:-1\" \/>\n<link rel=\"canonical\" href=\"https:\/\/www.jphres.us.com\/index.php\/jphres\/article\/view\/2212\/\" \/>\n<meta property=\"og:locale\" content=\"en_US\" \/>\n<meta property=\"og:type\" content=\"article\" \/>\n<meta property=\"og:title\" content=\"Job satisfaction and caring behavior among nurses in a military hospital: A cross-sectional study - Journal of Public Health Research\" \/>\n<meta property=\"og:description\" content=\"https:\/\/doi.org\/10.4081\/jphr.2021.2212 Kuswantoro Rusca Putra School of Nursing, Faculty of Medicine, Universitas Brawijaya, Malang, Indonesia.\u00a0 https:\/\/orcid.org\/0000-0001-8332-2766 Tutut Andayani\u00a0 School of Nursing, Faculty of Medicine, Universitas Brawijaya, Malang, Indonesia. Evi Harwiati Ningrum\u00a0 School of Nursing, Faculty of Medicine, Universitas Brawijaya, Malang, Indonesia. ABSTRACT Background:\u00a0Caring is the major focus of nursing practice, and their behavior has an impact ... Read more\" \/>\n<meta property=\"og:url\" content=\"https:\/\/www.jphres.us.com\/index.php\/jphres\/article\/view\/2212\/\" \/>\n<meta property=\"og:site_name\" content=\"Journal of Public Health Research\" \/>\n<meta property=\"article:modified_time\" content=\"2023-04-02T12:16:19+00:00\" \/>\n<meta name=\"twitter:card\" content=\"summary_large_image\" \/>\n<meta name=\"twitter:label1\" content=\"Est. reading time\" \/>\n\t<meta name=\"twitter:data1\" content=\"5 minutes\" \/>\n<script type=\"application\/ld+json\" class=\"yoast-schema-graph\">{\"@context\":\"https:\/\/schema.org\",\"@graph\":[{\"@type\":\"WebPage\",\"@id\":\"https:\/\/www.jphres.us.com\/index.php\/jphres\/article\/view\/2212\/\",\"url\":\"https:\/\/www.jphres.us.com\/index.php\/jphres\/article\/view\/2212\/\",\"name\":\"Job satisfaction and caring behavior among nurses in a military hospital: A cross-sectional study - Journal of Public Health Research\",\"isPartOf\":{\"@id\":\"https:\/\/www.jphres.us.com\/#website\"},\"datePublished\":\"2023-03-27T10:36:31+00:00\",\"dateModified\":\"2023-04-02T12:16:19+00:00\",\"breadcrumb\":{\"@id\":\"https:\/\/www.jphres.us.com\/index.php\/jphres\/article\/view\/2212\/#breadcrumb\"},\"inLanguage\":\"en-US\",\"potentialAction\":[{\"@type\":\"ReadAction\",\"target\":[\"https:\/\/www.jphres.us.com\/index.php\/jphres\/article\/view\/2212\/\"]}]},{\"@type\":\"BreadcrumbList\",\"@id\":\"https:\/\/www.jphres.us.com\/index.php\/jphres\/article\/view\/2212\/#breadcrumb\",\"itemListElement\":[{\"@type\":\"ListItem\",\"position\":1,\"name\":\"Startseite\",\"item\":\"https:\/\/www.jphres.us.com\/\"},{\"@type\":\"ListItem\",\"position\":2,\"name\":\"Job satisfaction and caring behavior among nurses in a military hospital: A cross-sectional study\"}]},{\"@type\":\"WebSite\",\"@id\":\"https:\/\/www.jphres.us.com\/#website\",\"url\":\"https:\/\/www.jphres.us.com\/\",\"name\":\"Journal of Public Health Research\",\"description\":\"The Journal of Public Health Research is an online Open Access, peer-reviewed journal in the field of public health science. The scope of the journal is to stimulate debate and spreading of knowledge in this area in order to improve public health.\",\"publisher\":{\"@id\":\"https:\/\/www.jphres.us.com\/#organization\"},\"potentialAction\":[{\"@type\":\"SearchAction\",\"target\":{\"@type\":\"EntryPoint\",\"urlTemplate\":\"https:\/\/www.jphres.us.com\/?s={search_term_string}\"},\"query-input\":{\"@type\":\"PropertyValueSpecification\",\"valueRequired\":true,\"valueName\":\"search_term_string\"}}],\"inLanguage\":\"en-US\"},{\"@type\":\"Organization\",\"@id\":\"https:\/\/www.jphres.us.com\/#organization\",\"name\":\"Journal of Public Health Research\",\"url\":\"https:\/\/www.jphres.us.com\/\",\"logo\":{\"@type\":\"ImageObject\",\"inLanguage\":\"en-US\",\"@id\":\"https:\/\/www.jphres.us.com\/#\/schema\/logo\/image\/\",\"url\":\"https:\/\/www.jphres.us.com\/wp-content\/uploads\/2022\/10\/Favicon-JPHRES.png\",\"contentUrl\":\"https:\/\/www.jphres.us.com\/wp-content\/uploads\/2022\/10\/Favicon-JPHRES.png\",\"width\":150,\"height\":114,\"caption\":\"Journal of Public Health Research\"},\"image\":{\"@id\":\"https:\/\/www.jphres.us.com\/#\/schema\/logo\/image\/\"},\"sameAs\":[\"https:\/\/www.citefactor.org\/journal\/index\/5410\/journal-of-public-health-research#.ZD-hS-xBx3k\",\"https:\/\/www.scimagojr.com\/journalsearch.php?q=21100790524&amp;amp;tip=sid&amp;amp;clean=0\"]}]}<\/script>\n<!-- \/ Yoast SEO plugin. -->","yoast_head_json":{"title":"Job satisfaction and caring behavior among nurses in a military hospital: A cross-sectional study - Journal of Public Health Research","robots":{"index":"index","follow":"follow","max-snippet":"max-snippet:-1","max-image-preview":"max-image-preview:large","max-video-preview":"max-video-preview:-1"},"canonical":"https:\/\/www.jphres.us.com\/index.php\/jphres\/article\/view\/2212\/","og_locale":"en_US","og_type":"article","og_title":"Job satisfaction and caring behavior among nurses in a military hospital: A cross-sectional study - Journal of Public Health Research","og_description":"https:\/\/doi.org\/10.4081\/jphr.2021.2212 Kuswantoro Rusca Putra School of Nursing, Faculty of Medicine, Universitas Brawijaya, Malang, Indonesia.\u00a0 https:\/\/orcid.org\/0000-0001-8332-2766 Tutut Andayani\u00a0 School of Nursing, Faculty of Medicine, Universitas Brawijaya, Malang, Indonesia. Evi Harwiati Ningrum\u00a0 School of Nursing, Faculty of Medicine, Universitas Brawijaya, Malang, Indonesia. ABSTRACT Background:\u00a0Caring is the major focus of nursing practice, and their behavior has an impact ... Read more","og_url":"https:\/\/www.jphres.us.com\/index.php\/jphres\/article\/view\/2212\/","og_site_name":"Journal of Public Health Research","article_modified_time":"2023-04-02T12:16:19+00:00","twitter_card":"summary_large_image","twitter_misc":{"Est. reading time":"5 minutes"},"schema":{"@context":"https:\/\/schema.org","@graph":[{"@type":"WebPage","@id":"https:\/\/www.jphres.us.com\/index.php\/jphres\/article\/view\/2212\/","url":"https:\/\/www.jphres.us.com\/index.php\/jphres\/article\/view\/2212\/","name":"Job satisfaction and caring behavior among nurses in a military hospital: A cross-sectional study - Journal of Public Health Research","isPartOf":{"@id":"https:\/\/www.jphres.us.com\/#website"},"datePublished":"2023-03-27T10:36:31+00:00","dateModified":"2023-04-02T12:16:19+00:00","breadcrumb":{"@id":"https:\/\/www.jphres.us.com\/index.php\/jphres\/article\/view\/2212\/#breadcrumb"},"inLanguage":"en-US","potentialAction":[{"@type":"ReadAction","target":["https:\/\/www.jphres.us.com\/index.php\/jphres\/article\/view\/2212\/"]}]},{"@type":"BreadcrumbList","@id":"https:\/\/www.jphres.us.com\/index.php\/jphres\/article\/view\/2212\/#breadcrumb","itemListElement":[{"@type":"ListItem","position":1,"name":"Startseite","item":"https:\/\/www.jphres.us.com\/"},{"@type":"ListItem","position":2,"name":"Job satisfaction and caring behavior among nurses in a military hospital: A cross-sectional study"}]},{"@type":"WebSite","@id":"https:\/\/www.jphres.us.com\/#website","url":"https:\/\/www.jphres.us.com\/","name":"Journal of Public Health Research","description":"The Journal of Public Health Research is an online Open Access, peer-reviewed journal in the field of public health science. The scope of the journal is to stimulate debate and spreading of knowledge in this area in order to improve public health.","publisher":{"@id":"https:\/\/www.jphres.us.com\/#organization"},"potentialAction":[{"@type":"SearchAction","target":{"@type":"EntryPoint","urlTemplate":"https:\/\/www.jphres.us.com\/?s={search_term_string}"},"query-input":{"@type":"PropertyValueSpecification","valueRequired":true,"valueName":"search_term_string"}}],"inLanguage":"en-US"},{"@type":"Organization","@id":"https:\/\/www.jphres.us.com\/#organization","name":"Journal of Public Health Research","url":"https:\/\/www.jphres.us.com\/","logo":{"@type":"ImageObject","inLanguage":"en-US","@id":"https:\/\/www.jphres.us.com\/#\/schema\/logo\/image\/","url":"https:\/\/www.jphres.us.com\/wp-content\/uploads\/2022\/10\/Favicon-JPHRES.png","contentUrl":"https:\/\/www.jphres.us.com\/wp-content\/uploads\/2022\/10\/Favicon-JPHRES.png","width":150,"height":114,"caption":"Journal of Public Health Research"},"image":{"@id":"https:\/\/www.jphres.us.com\/#\/schema\/logo\/image\/"},"sameAs":["https:\/\/www.citefactor.org\/journal\/index\/5410\/journal-of-public-health-research#.ZD-hS-xBx3k","https:\/\/www.scimagojr.com\/journalsearch.php?q=21100790524&amp;amp;tip=sid&amp;amp;clean=0"]}]}},"_links":{"self":[{"href":"https:\/\/www.jphres.us.com\/index.php\/wp-json\/wp\/v2\/pages\/7588","targetHints":{"allow":["GET"]}}],"collection":[{"href":"https:\/\/www.jphres.us.com\/index.php\/wp-json\/wp\/v2\/pages"}],"about":[{"href":"https:\/\/www.jphres.us.com\/index.php\/wp-json\/wp\/v2\/types\/page"}],"author":[{"embeddable":true,"href":"https:\/\/www.jphres.us.com\/index.php\/wp-json\/wp\/v2\/users\/3"}],"replies":[{"embeddable":true,"href":"https:\/\/www.jphres.us.com\/index.php\/wp-json\/wp\/v2\/comments?post=7588"}],"version-history":[{"count":0,"href":"https:\/\/www.jphres.us.com\/index.php\/wp-json\/wp\/v2\/pages\/7588\/revisions"}],"wp:attachment":[{"href":"https:\/\/www.jphres.us.com\/index.php\/wp-json\/wp\/v2\/media?parent=7588"}],"curies":[{"name":"wp","href":"https:\/\/api.w.org\/{rel}","templated":true}]}}