{"id":7586,"date":"2023-03-27T10:39:54","date_gmt":"2023-03-27T08:39:54","guid":{"rendered":"https:\/\/www.jphres.org\/?p=7586"},"modified":"2023-04-02T14:16:50","modified_gmt":"2023-04-02T12:16:50","slug":"prevalence-of-sleep-disorders-among-medical-students-of-umm-al-qura-university-makkah-kingdom-of-saudi-arabia","status":"publish","type":"page","link":"https:\/\/www.jphres.us.com\/index.php\/jphres\/article\/view\/1921\/","title":{"rendered":"Prevalence of sleep disorders among medical students of Umm Al-Qura University, Makkah, Kingdom of Saudi Arabia"},"content":{"rendered":"<div class=\"item doi\"><span class=\"value\">https:\/\/doi.org\/10.4081\/jphr.2020.1921<\/span><\/div>\n<ul class=\"item authors\">\n<li><span class=\"name\"><strong>Reda Abdelmoaty Goweda<\/strong><br \/>\n<\/span><span class=\"affiliation\">Department of Family Medicine, Faculty of Medicine, Suez Canal University, Egypt.<\/span><\/li>\n<li><span class=\"name\"><strong>Abdurahman Hassan-Hussein<\/strong><br \/>\n<\/span><span class=\"affiliation\">Umm Al Qura University Faculty of Medicine, Saudi Arabia.<br \/>\n<\/span><span class=\"orcid\">https:\/\/orcid.org\/0000-0002-2721-9884<\/span><\/li>\n<li><span class=\"name\"><strong>Mohammed Ali Alqahtani<\/strong><br \/>\n<\/span><span class=\"affiliation\">Faculty of Medicine, Umm Al-Qura University, Makkah, Saudi Arabia.<\/span><\/li>\n<li><span class=\"name\"><strong>Murad Mohammed Janaini<\/strong><br \/>\n<\/span><span class=\"affiliation\">Faculty of Medicine, Umm Al-Qura University, Makkah, Saudi Arabia.<\/span><\/li>\n<li><span class=\"name\"><strong>Adi Hatim Alzahrani<\/strong><br \/>\n<\/span><span class=\"affiliation\">Faculty of Medicine, Umm Al-Qura University, Makkah, Saudi Arabia.<\/span><\/li>\n<li><span class=\"name\"><strong>Basil Mamdooh Sindy<\/strong><br \/>\n<\/span><span class=\"affiliation\">Faculty of Medicine, Umm Al-Qura University, Makkah, Saudi Arabia.<\/span><\/li>\n<li><span class=\"name\"><strong>Moayad Mansour Alharbi<\/strong><br \/>\n<\/span><span class=\"affiliation\">Faculty of Medicine, Umm Al-Qura University, Makkah, Saudi Arabia.<\/span><\/li>\n<li><span class=\"name\"><strong>Sari Abdulhamid Kalantan<\/strong><br \/>\n<\/span><span class=\"affiliation\">Faculty of Medicine, Umm Al-Qura University, Makkah, Saudi Arabia.<\/span><\/li>\n<\/ul>\n<div class=\"item abstract\">\n<h3 class=\"label\">ABSTRACT<\/h3>\n<p><em>Background:\u00a0<\/em>Sleep disorders are a common medical problem and can affect health and quality of life. There are multiple types of sleep disorders such as obstructive sleep apnea, insomnia, narcolepsy, restless legs\/periodic limb movement disorder, circadian rhythm disorders, sleepwalking and nightmares. Medical students appear to be more liable to develop sleep disorders due to their high academic load.<br \/>\n<em><br \/>\nDesign and Methods:\u00a0<\/em>This study seeks to estimate the prevalence of sleep disorders among Umm Al-Qura University medical students and associated risk factors. This cross-sectional study was conducted at the Faculty of Medicine of Umm Al-Qura University in Makkah, Saudi Arabia. A self administrated questionnaire was used to collect the data including socio-demographic data and sleep-50 questionnaire. Four hundred and thirty-eight (438) medical students from the second year to the sixth year were recruited to the study.<br \/>\n<em><br \/>\nResults:\u00a0<\/em>Three hundred and twenty-three participants (73.8%) complained of at least one sleep disorder. The most prevalent sleep disorder among students was narcolepsy at 226 (51.6%). Female students, second year students and students spending significant time watching television or on smartphones were more affected than others with p values of 0.001, 0.005, and 0.004, respectively.<br \/>\n<em><br \/>\nConclusions:\u00a0<\/em>Sleep disorders are common among medical students. It is essential to detect and address them before their condition deteriorates.<\/p>\n<div class=\"item author_bios\">\n<h3 class=\"label\">AUTHOR BIOGRAPHY<\/h3>\n<div class=\"sub_item\">\n<div class=\"label\">Reda Abdelmoaty Goweda,\u00a0<span class=\"affiliation\">Department of Family Medicine, Faculty of Medicine, Suez Canal University<\/span><\/div>\n<div class=\"value\">\n<p>Department of Community Medicine, Umm Al-Qura University, Makkah, Saudi Arabia<\/p>\n<\/div>\n<\/div>\n<\/div>\n<div class=\"item references\">\n<h3 class=\"label\">REFERENCES<\/h3>\n<div class=\"value\">\n<p>\u00c7a\u011flayan \u015e. Ya\u015fam Bilimi Fizyoloji: Beynin entelekt\u00fcel fonksiyonlar\u0131. \u0130stanbul Panel Matbaac\u0131l\u0131k. 1995:62-71.<\/p>\n<p>Carley DW, Farabi SS. Physiology of sleep. Diabetes spectr 2016;29:5-9. DOI:\u00a0https:\/\/doi.org\/10.2337\/diaspect.29.1.5<\/p>\n<p>Baviskar M, Giri P, Phalke D. Study of sleep habits and sleep problems among medical students of Pravara Institute of Medical Sciences, Loni. Ann Med Health Sci Res 2013;3:51-4. DOI:\u00a0https:\/\/doi.org\/10.4103\/2141-9248.109488<\/p>\n<p>Curcio G, Ferrara M, De Gennaro L. Sleep loss, learning capacity and academic performance. Sleep Med Rev 2006;10:323-37. DOI:\u00a0https:\/\/doi.org\/10.1016\/j.smrv.2005.11.001<\/p>\n<p>Fenn KM, Hambrick DZ. Individual differences in working memory capacity predict sleep-dependent memory consolidation. J Exper Psychol 2012;141:404-10. DOI:\u00a0https:\/\/doi.org\/10.1037\/a0025268<\/p>\n<p>Jewett M, Dijk D-J, Kronauer R, Dinges D. Dose-response relationship between sleep duration and human psychomotor vigilance and subjective alertness. Sleep 1999;22:171-9. DOI:\u00a0https:\/\/doi.org\/10.1093\/sleep\/22.2.171<\/p>\n<p>Alhola P, Polo-Kantola P. Sleep deprivation: impact on cognitive performance. Neuropsychiatr Dis Treat 2007;3:553-67.<\/p>\n<p>Yoo SS, Hu P, Gujar N, et al. A deficit in the ability to form new human memories without sleep. Nature Neurosci 2007;10:385-92. DOI:\u00a0https:\/\/doi.org\/10.1038\/nn1851<\/p>\n<p>Eller T, Aluoja A, Vasar V, Veldi M. Symptoms of anxiety and depression in Estonian medical students with sleep problems. Depression Anxiety 2006;23:250-6. DOI:\u00a0https:\/\/doi.org\/10.1002\/da.20166<\/p>\n<p>Carney C, Edinger J, Meyer B, et al. Daily activities and sleep quality in college students. Chronobiol Int 2006;23:623\u201337. DOI:\u00a0https:\/\/doi.org\/10.1080\/07420520600650695<\/p>\n<p>O&#8217;Brien EM, Mindell JA. Sleep and risk-taking behavior in adolescents. Behav Sleep Med 2005;3:113-33. DOI:\u00a0https:\/\/doi.org\/10.1207\/s15402010bsm0303_1<\/p>\n<p>Pagel JF, Forister N, Kwiatkowki C. Adolescent sleep disturbance and school performance: the confounding variable of socioeconomics. J Clin Sleep Med 2007;3:19-23.<\/p>\n<p>Smaldone A, Honig J, Byrne M. Sleepless in America: Inadequate Sleep and Relationships to Health and Well-being of Our Nation&#8217;s Children. Pediatrics 2007;119:S29-37. DOI:\u00a0https:\/\/doi.org\/10.1542\/peds.2006-2089F<\/p>\n<p>Veldi M, Aluoja A, Vasar V. Sleep quality and more common sleep-related problems in medical students. Sleep Med 2005;6:269-75. DOI:\u00a0https:\/\/doi.org\/10.1016\/j.sleep.2004.12.003<\/p>\n<p>Doane LD, Gress-Smith JL, Breitenstein RS. Multi-method assessments of sleep over the transition to college and the associations with depression and anxiety symptoms. J Youth Adolesc 2015;44:389-404. DOI:\u00a0https:\/\/doi.org\/10.1007\/s10964-014-0150-7<\/p>\n<p>Wong JG, Patil NG, Beh SL, et al. Cultivating psychological well-being in Hong Kong&#8217;s future doctors. Med Teach 2005;27:715-9. DOI:\u00a0https:\/\/doi.org\/10.1080\/01421590500237945<\/p>\n<p>Azad M, Fraser K, Rumana N, et al. Sleep disturbances among medical students: a global perspective. J Clin Sleep Med 2015;11:69\u201374. DOI:\u00a0https:\/\/doi.org\/10.5664\/jcsm.4370<\/p>\n<p>Parkerson GR Jr., Broadhead WE, Tse CK. The health status and life satisfaction of first-year medical students. Acad Med 1990;65:586-8. DOI:\u00a0https:\/\/doi.org\/10.1097\/00001888-199009000-00009<\/p>\n<p>Roth T, Ancoli-Israel S. Daytime consequences and correlates of insomnia in the United States: results of the 1991 National Sleep Foundation Survey. Sleep 1999;22:S354-8.<\/p>\n<p>Spoormaker VI, Verbeek I, van den Bout J, Klip EC. Initial validation of the SLEEP-50 questionnaire. Behav Sleep Med 2005;3:227-46. DOI:\u00a0https:\/\/doi.org\/10.1207\/s15402010bsm0304_4<\/p>\n<p>Lima PF, Medeiros AL, Araujo JF. Sleep-wake pattern of medical students: early versus late class starting time. Brazilian J Med Biol Res 2002;35:1373-7. DOI:\u00a0https:\/\/doi.org\/10.1590\/S0100-879X2002001100016<\/p>\n<p>Thomas S. A survey of Sleep disorders in college student: A study of Prevalence and Outcomes. PhD dissertation. Tuscaloosa (AL): University of Alabama. 2014.<\/p>\n<p>Abdulghani HM, Alrowais NA, Bin-Saad NS, et al. Sleep disorder among medical students: relationship to their academic performance. Med Teach 2012;34:S37-41. DOI:\u00a0https:\/\/doi.org\/10.3109\/0142159X.2012.656749<\/p>\n<p>Taylor DJ, Bramoweth AD, Grieser EA, et al. Epidemiology of insomnia in college students: relationship with mental health, quality of life, and substance use difficulties. Behavior Ther 2013;44:339-48. DOI:\u00a0https:\/\/doi.org\/10.1016\/j.beth.2012.12.001<\/p>\n<p>Mohammadbeigi A, Absari R, Valizadeh F, et al. Sleep quality in medical students; the impact of over-use of mobile cell-phone and social networks. J Res Health Sci 2016;16:46-50.<\/p>\n<p>Saxena Y, Abha S, Priyanka S. Short Communication Mobile usage and sleep patterns among medical students. Indian J Physiol Pharmacol 2014;58:100-3.<\/p>\n<p>Ibrahim NK, Baharoon BS, Banjar WF, et al. Mobile phone addiction and its relationship to sleep quality and academic achievement of medical students at King Abdulaziz University, Jeddah, Saudi Arabia. J Res Health Sci 2018;18:e00420.<\/p>\n<p>Hossain S, Nurunnabi M, Hussain K, Saha S. Effects of variety seeking intention by mobile phone usage on university students\u2019 academic performance. Cogent Educ 2019;6. DOI:\u00a0https:\/\/doi.org\/10.1080\/2331186X.2019.1574692<\/p>\n<p>Alsaggaf M, Wali S, Merdad R, Merdad L. Sleep quantity, quality, and insomnia symptoms of medical students during clinical years: Relationship with stress and academic performance. Saudi Med J 2016;37:173-82. DOI:\u00a0https:\/\/doi.org\/10.15537\/smj.2016.2.14288<\/p>\n<p>Gaultney J. The prevalence of sleep disorders in college students: impact on academic performance. J American Coll Health 2010;59:91-7. DOI:\u00a0https:\/\/doi.org\/10.1080\/07448481.2010.483708<\/p>\n<p>Sundarasen S, Chinna K, Kamaludin K, et al. Psychological impact of COVID-19 and lockdown among university students in Malaysia: implications and policy recommendations. Int J Environ Res Public Health 2020;17:6206. DOI:\u00a0https:\/\/doi.org\/10.3390\/ijerph17176206<\/p>\n<p>Ferrel MN, Ryan JJ. The Impact of COVID-19 on medical education. Cureus 2020;12:e7492. DOI:\u00a0https:\/\/doi.org\/10.7759\/cureus.7492<\/p>\n<p>Torun F, Torun S. The psychological impact of the COVID-19 pandemic on medical students in Turkey. Pakistan J Med Sci 2020;36. DOI:\u00a0https:\/\/doi.org\/10.12669\/pjms.36.6.2985<\/p>\n<\/div>\n<\/div>\n<\/div>\n","protected":false},"excerpt":{"rendered":"<p>https:\/\/doi.org\/10.4081\/jphr.2020.1921 Reda Abdelmoaty Goweda Department of Family Medicine, Faculty of Medicine, Suez Canal University, Egypt. Abdurahman Hassan-Hussein Umm Al Qura University Faculty of Medicine, Saudi Arabia. https:\/\/orcid.org\/0000-0002-2721-9884 Mohammed Ali Alqahtani Faculty of Medicine, Umm Al-Qura University, Makkah, Saudi Arabia. Murad Mohammed Janaini Faculty of Medicine, Umm Al-Qura University, Makkah, Saudi Arabia. Adi Hatim Alzahrani Faculty &#8230; <a title=\"Prevalence of sleep disorders among medical students of Umm Al-Qura University, Makkah, Kingdom of Saudi Arabia\" class=\"read-more\" href=\"https:\/\/www.jphres.us.com\/index.php\/jphres\/article\/view\/1921\/\" aria-label=\"More on Prevalence of sleep disorders among medical students of Umm Al-Qura University, Makkah, Kingdom of Saudi Arabia\">Read more<\/a><\/p>\n","protected":false},"author":3,"featured_media":0,"parent":0,"menu_order":0,"comment_status":"open","ping_status":"open","template":"","meta":{"footnotes":""},"class_list":["post-7586","page","type-page","status-publish"],"yoast_head":"<!-- This site is optimized with the Yoast SEO plugin v27.2 - https:\/\/yoast.com\/product\/yoast-seo-wordpress\/ -->\n<title>Prevalence of sleep disorders among medical students of Umm Al-Qura University, Makkah, Kingdom of Saudi Arabia - Journal of Public Health Research<\/title>\n<meta name=\"robots\" content=\"index, follow, max-snippet:-1, max-image-preview:large, max-video-preview:-1\" \/>\n<link rel=\"canonical\" href=\"https:\/\/www.jphres.us.com\/index.php\/jphres\/article\/view\/1921\/\" \/>\n<meta property=\"og:locale\" content=\"en_US\" \/>\n<meta property=\"og:type\" content=\"article\" \/>\n<meta property=\"og:title\" content=\"Prevalence of sleep disorders among medical students of Umm Al-Qura University, Makkah, Kingdom of Saudi Arabia - Journal of Public Health Research\" \/>\n<meta property=\"og:description\" content=\"https:\/\/doi.org\/10.4081\/jphr.2020.1921 Reda Abdelmoaty Goweda Department of Family Medicine, Faculty of Medicine, Suez Canal University, Egypt. Abdurahman Hassan-Hussein Umm Al Qura University Faculty of Medicine, Saudi Arabia. https:\/\/orcid.org\/0000-0002-2721-9884 Mohammed Ali Alqahtani Faculty of Medicine, Umm Al-Qura University, Makkah, Saudi Arabia. Murad Mohammed Janaini Faculty of Medicine, Umm Al-Qura University, Makkah, Saudi Arabia. Adi Hatim Alzahrani Faculty ... Read more\" \/>\n<meta property=\"og:url\" content=\"https:\/\/www.jphres.us.com\/index.php\/jphres\/article\/view\/1921\/\" \/>\n<meta property=\"og:site_name\" content=\"Journal of Public Health Research\" \/>\n<meta property=\"article:modified_time\" content=\"2023-04-02T12:16:50+00:00\" \/>\n<meta name=\"twitter:card\" content=\"summary_large_image\" \/>\n<meta name=\"twitter:label1\" content=\"Est. reading time\" \/>\n\t<meta name=\"twitter:data1\" content=\"5 minutes\" \/>\n<script type=\"application\/ld+json\" class=\"yoast-schema-graph\">{\"@context\":\"https:\/\/schema.org\",\"@graph\":[{\"@type\":\"WebPage\",\"@id\":\"https:\/\/www.jphres.us.com\/index.php\/jphres\/article\/view\/1921\/\",\"url\":\"https:\/\/www.jphres.us.com\/index.php\/jphres\/article\/view\/1921\/\",\"name\":\"Prevalence of sleep disorders among medical students of Umm Al-Qura University, Makkah, Kingdom of Saudi Arabia - Journal of Public Health Research\",\"isPartOf\":{\"@id\":\"https:\/\/www.jphres.us.com\/#website\"},\"datePublished\":\"2023-03-27T08:39:54+00:00\",\"dateModified\":\"2023-04-02T12:16:50+00:00\",\"breadcrumb\":{\"@id\":\"https:\/\/www.jphres.us.com\/index.php\/jphres\/article\/view\/1921\/#breadcrumb\"},\"inLanguage\":\"en-US\",\"potentialAction\":[{\"@type\":\"ReadAction\",\"target\":[\"https:\/\/www.jphres.us.com\/index.php\/jphres\/article\/view\/1921\/\"]}]},{\"@type\":\"BreadcrumbList\",\"@id\":\"https:\/\/www.jphres.us.com\/index.php\/jphres\/article\/view\/1921\/#breadcrumb\",\"itemListElement\":[{\"@type\":\"ListItem\",\"position\":1,\"name\":\"Startseite\",\"item\":\"https:\/\/www.jphres.us.com\/\"},{\"@type\":\"ListItem\",\"position\":2,\"name\":\"Prevalence of sleep disorders among medical students of Umm Al-Qura University, Makkah, Kingdom of Saudi Arabia\"}]},{\"@type\":\"WebSite\",\"@id\":\"https:\/\/www.jphres.us.com\/#website\",\"url\":\"https:\/\/www.jphres.us.com\/\",\"name\":\"Journal of Public Health Research\",\"description\":\"The Journal of Public Health Research is an online Open Access, peer-reviewed journal in the field of public health science. The scope of the journal is to stimulate debate and spreading of knowledge in this area in order to improve public health.\",\"publisher\":{\"@id\":\"https:\/\/www.jphres.us.com\/#organization\"},\"potentialAction\":[{\"@type\":\"SearchAction\",\"target\":{\"@type\":\"EntryPoint\",\"urlTemplate\":\"https:\/\/www.jphres.us.com\/?s={search_term_string}\"},\"query-input\":{\"@type\":\"PropertyValueSpecification\",\"valueRequired\":true,\"valueName\":\"search_term_string\"}}],\"inLanguage\":\"en-US\"},{\"@type\":\"Organization\",\"@id\":\"https:\/\/www.jphres.us.com\/#organization\",\"name\":\"Journal of Public Health Research\",\"url\":\"https:\/\/www.jphres.us.com\/\",\"logo\":{\"@type\":\"ImageObject\",\"inLanguage\":\"en-US\",\"@id\":\"https:\/\/www.jphres.us.com\/#\/schema\/logo\/image\/\",\"url\":\"https:\/\/www.jphres.us.com\/wp-content\/uploads\/2022\/10\/Favicon-JPHRES.png\",\"contentUrl\":\"https:\/\/www.jphres.us.com\/wp-content\/uploads\/2022\/10\/Favicon-JPHRES.png\",\"width\":150,\"height\":114,\"caption\":\"Journal of Public Health Research\"},\"image\":{\"@id\":\"https:\/\/www.jphres.us.com\/#\/schema\/logo\/image\/\"},\"sameAs\":[\"https:\/\/www.citefactor.org\/journal\/index\/5410\/journal-of-public-health-research#.ZD-hS-xBx3k\",\"https:\/\/www.scimagojr.com\/journalsearch.php?q=21100790524&amp;amp;tip=sid&amp;amp;clean=0\"]}]}<\/script>\n<!-- \/ Yoast SEO plugin. -->","yoast_head_json":{"title":"Prevalence of sleep disorders among medical students of Umm Al-Qura University, Makkah, Kingdom of Saudi Arabia - Journal of Public Health Research","robots":{"index":"index","follow":"follow","max-snippet":"max-snippet:-1","max-image-preview":"max-image-preview:large","max-video-preview":"max-video-preview:-1"},"canonical":"https:\/\/www.jphres.us.com\/index.php\/jphres\/article\/view\/1921\/","og_locale":"en_US","og_type":"article","og_title":"Prevalence of sleep disorders among medical students of Umm Al-Qura University, Makkah, Kingdom of Saudi Arabia - Journal of Public Health Research","og_description":"https:\/\/doi.org\/10.4081\/jphr.2020.1921 Reda Abdelmoaty Goweda Department of Family Medicine, Faculty of Medicine, Suez Canal University, Egypt. Abdurahman Hassan-Hussein Umm Al Qura University Faculty of Medicine, Saudi Arabia. https:\/\/orcid.org\/0000-0002-2721-9884 Mohammed Ali Alqahtani Faculty of Medicine, Umm Al-Qura University, Makkah, Saudi Arabia. Murad Mohammed Janaini Faculty of Medicine, Umm Al-Qura University, Makkah, Saudi Arabia. Adi Hatim Alzahrani Faculty ... Read more","og_url":"https:\/\/www.jphres.us.com\/index.php\/jphres\/article\/view\/1921\/","og_site_name":"Journal of Public Health Research","article_modified_time":"2023-04-02T12:16:50+00:00","twitter_card":"summary_large_image","twitter_misc":{"Est. reading time":"5 minutes"},"schema":{"@context":"https:\/\/schema.org","@graph":[{"@type":"WebPage","@id":"https:\/\/www.jphres.us.com\/index.php\/jphres\/article\/view\/1921\/","url":"https:\/\/www.jphres.us.com\/index.php\/jphres\/article\/view\/1921\/","name":"Prevalence of sleep disorders among medical students of Umm Al-Qura University, Makkah, Kingdom of Saudi Arabia - Journal of Public Health Research","isPartOf":{"@id":"https:\/\/www.jphres.us.com\/#website"},"datePublished":"2023-03-27T08:39:54+00:00","dateModified":"2023-04-02T12:16:50+00:00","breadcrumb":{"@id":"https:\/\/www.jphres.us.com\/index.php\/jphres\/article\/view\/1921\/#breadcrumb"},"inLanguage":"en-US","potentialAction":[{"@type":"ReadAction","target":["https:\/\/www.jphres.us.com\/index.php\/jphres\/article\/view\/1921\/"]}]},{"@type":"BreadcrumbList","@id":"https:\/\/www.jphres.us.com\/index.php\/jphres\/article\/view\/1921\/#breadcrumb","itemListElement":[{"@type":"ListItem","position":1,"name":"Startseite","item":"https:\/\/www.jphres.us.com\/"},{"@type":"ListItem","position":2,"name":"Prevalence of sleep disorders among medical students of Umm Al-Qura University, Makkah, Kingdom of Saudi Arabia"}]},{"@type":"WebSite","@id":"https:\/\/www.jphres.us.com\/#website","url":"https:\/\/www.jphres.us.com\/","name":"Journal of Public Health Research","description":"The Journal of Public Health Research is an online Open Access, peer-reviewed journal in the field of public health science. The scope of the journal is to stimulate debate and spreading of knowledge in this area in order to improve public health.","publisher":{"@id":"https:\/\/www.jphres.us.com\/#organization"},"potentialAction":[{"@type":"SearchAction","target":{"@type":"EntryPoint","urlTemplate":"https:\/\/www.jphres.us.com\/?s={search_term_string}"},"query-input":{"@type":"PropertyValueSpecification","valueRequired":true,"valueName":"search_term_string"}}],"inLanguage":"en-US"},{"@type":"Organization","@id":"https:\/\/www.jphres.us.com\/#organization","name":"Journal of Public Health Research","url":"https:\/\/www.jphres.us.com\/","logo":{"@type":"ImageObject","inLanguage":"en-US","@id":"https:\/\/www.jphres.us.com\/#\/schema\/logo\/image\/","url":"https:\/\/www.jphres.us.com\/wp-content\/uploads\/2022\/10\/Favicon-JPHRES.png","contentUrl":"https:\/\/www.jphres.us.com\/wp-content\/uploads\/2022\/10\/Favicon-JPHRES.png","width":150,"height":114,"caption":"Journal of Public Health Research"},"image":{"@id":"https:\/\/www.jphres.us.com\/#\/schema\/logo\/image\/"},"sameAs":["https:\/\/www.citefactor.org\/journal\/index\/5410\/journal-of-public-health-research#.ZD-hS-xBx3k","https:\/\/www.scimagojr.com\/journalsearch.php?q=21100790524&amp;amp;tip=sid&amp;amp;clean=0"]}]}},"_links":{"self":[{"href":"https:\/\/www.jphres.us.com\/index.php\/wp-json\/wp\/v2\/pages\/7586","targetHints":{"allow":["GET"]}}],"collection":[{"href":"https:\/\/www.jphres.us.com\/index.php\/wp-json\/wp\/v2\/pages"}],"about":[{"href":"https:\/\/www.jphres.us.com\/index.php\/wp-json\/wp\/v2\/types\/page"}],"author":[{"embeddable":true,"href":"https:\/\/www.jphres.us.com\/index.php\/wp-json\/wp\/v2\/users\/3"}],"replies":[{"embeddable":true,"href":"https:\/\/www.jphres.us.com\/index.php\/wp-json\/wp\/v2\/comments?post=7586"}],"version-history":[{"count":0,"href":"https:\/\/www.jphres.us.com\/index.php\/wp-json\/wp\/v2\/pages\/7586\/revisions"}],"wp:attachment":[{"href":"https:\/\/www.jphres.us.com\/index.php\/wp-json\/wp\/v2\/media?parent=7586"}],"curies":[{"name":"wp","href":"https:\/\/api.w.org\/{rel}","templated":true}]}}