{"id":5834,"date":"2023-03-29T20:49:02","date_gmt":"2023-03-29T18:49:02","guid":{"rendered":"https:\/\/www.jphres.org\/?p=5834"},"modified":"2023-04-02T13:53:18","modified_gmt":"2023-04-02T11:53:18","slug":"dutch-youths-smoking-behaviour-during-a-partial-covid-19-lockdown","status":"publish","type":"page","link":"https:\/\/www.jphres.us.com\/index.php\/jphres\/article\/view\/2106\/","title":{"rendered":"Dutch youth\u2019s smoking behaviour during a partial covid-19 lockdown"},"content":{"rendered":"<div class=\"item doi\"><span class=\"value\"><a href=\"https:\/\/doi.org\/10.4081\/jphr.2021.2106\">https:\/\/doi.org\/10.4081\/jphr.2021.2106<\/a><\/span><\/div>\n<ul class=\"item authors\">\n<li><span class=\"name\"><strong>Tessa R.D. van Deelen<\/strong><br \/>\n<\/span><span class=\"affiliation\">Department of Public Health, Amsterdam Public Health Research Institute, Amsterdam UMC, University of Amsterdam, Netherlands.<\/span><span class=\"orcid\"><br \/>\n<a href=\"https:\/\/orcid.org\/0000-0003-1159-9648\" target=\"_blank\" rel=\"noopener\">https:\/\/orcid.org\/0000-0003-1159-9648<\/a><\/span><\/li>\n<li><span class=\"name\"><strong>Bas van den Putte<\/strong><br \/>\n<\/span><span class=\"affiliation\">Amsterdam School of Communication Research, University of Amsterdam, Netherlands.<\/span><span class=\"orcid\"><br \/>\n<a href=\"https:\/\/orcid.org\/0000-0002-3635-6880\" target=\"_blank\" rel=\"noopener\">https:\/\/orcid.org\/0000-0002-3635-6880<\/a><\/span><\/li>\n<li><span class=\"name\"><strong>Anton E. Kunst<\/strong><br \/>\n<\/span><span class=\"affiliation\">Department of Public Health, Amsterdam Public Health Research Institute, Amsterdam UMC, University of Amsterdam, Netherlands.<\/span><\/li>\n<li><span class=\"name\"><strong>Mirte A. G. Kuipers<\/strong><br \/>\n<\/span><span class=\"affiliation\">Department of Public Health, Amsterdam Public Health Research Institute, Amsterdam UMC, University of Amsterdam, Netherlands.<\/span><\/li>\n<\/ul>\n<div class=\"item abstract\">\n<h3 class=\"label\">ABSTRACT<\/h3>\n<p>Previous research found that adult smokers increased their smoking in response to the Covid-19 lockdown in spring 2020. This study explored changes in youth\u2019s smoking during, compared to before, the partial lockdown in the Netherlands in a cross-sectional sample of 287 adolescents. Smoking prevalence increased from 4.5% to 5.2%. Cigarette consumption remained the same on school days and increased with +1.9 cigarettes per weekend day. The largest increase in cigarette consumption on weekend days was observed for adolescents who 1) did not consider smoking a risk factor for contracting Covid-19 (+4.5), 2) had smoking siblings (+4.1), and 3) had smoking friends (+2.4). Youth without smoking friends (-0.8) and who considered smoking a risk factor for Covid-19 (-0.2) decreased their cigarette consumption.<\/p>\n<h3 class=\"label\">REFERENCES<\/h3>\n<div class=\"value\">\n<p>VO-raad [Internet]. [Laatste nieuws rondom coronavirus en onderwijs (Latest news on coronavirus and education)]. VO-raad; 2020.<\/p>\n<p>National Institute for Public Health and the Environment (RIVM) [Internet]. [Resultaten onderzoek gedragsregels en welbevinden (Results of behavioural research and well-being)]. Available from:\u00a0<a href=\"https:\/\/www.rivm.nl\/gedragsonderzoek\/maatregelen-welbevinden\">https:\/\/www.rivm.nl\/gedragsonderzoek\/maatregelen-welbevinden<\/a><\/p>\n<p>Sidor A, Rzymski P. Dietary Choices and Habits during COVID-19 Lockdown: Experience from Poland. Nutrients 2020;12:1657. DOI:\u00a0<a href=\"https:\/\/doi.org\/10.3390\/nu12061657\">https:\/\/doi.org\/10.3390\/nu12061657<\/a><\/p>\n<p>Cancello R, Soranna D, Zambra G, et al. Determinants of the lifestyle changes during COVID-19 pandemic in the residents of Northern Italy. Int J Environ Res Public Health 2020;17:6287. DOI:\u00a0<a href=\"https:\/\/doi.org\/10.3390\/ijerph17176287\">https:\/\/doi.org\/10.3390\/ijerph17176287<\/a><\/p>\n<p>Klemperer EM, West JC, Peasley-Miklus C, Villanti AC. Change in tobacco and electronic cigarette use and motivation to quit in response to COVID-19. Nicotine Tob Res 2020;22:1662-3. DOI:\u00a0<a href=\"https:\/\/doi.org\/10.1093\/ntr\/ntaa072\">https:\/\/doi.org\/10.1093\/ntr\/ntaa072<\/a><\/p>\n<p>Wong EC, Haard\u00f6rfer R, Windle M, Berg CJ. Distinct motives for use among polytobacco versus cigarette only users and among single tobacco product users. Nicotine Tob Res 2017;2:117-23. DOI:\u00a0<a href=\"https:\/\/doi.org\/10.1093\/ntr\/ntw284\">https:\/\/doi.org\/10.1093\/ntr\/ntw284<\/a><\/p>\n<p>Piko BF, Varga S, Wills TA. A study of motives for tobacco and alcohol use among high school students in Hungary. J Community Health 2015;40:744-9. DOI:\u00a0<a href=\"https:\/\/doi.org\/10.1007\/s10900-015-9993-4\">https:\/\/doi.org\/10.1007\/s10900-015-9993-4<\/a><\/p>\n<p>Creamer MR, Delk J, Case K, et al. Positive outcome expectations and tobacco product use behaviors in youth. Subst Use Misuse 2018;53:1399-402. DOI:\u00a0<a href=\"https:\/\/doi.org\/10.1080\/10826084.2017.1404104\">https:\/\/doi.org\/10.1080\/10826084.2017.1404104<\/a><\/p>\n<p>Bahr SJ, Hoffmann JP, Yang X. Parental and peer influences on the risk of adolescent drug use. J Prim Prev 2005;26:529-51. DOI:\u00a0<a href=\"https:\/\/doi.org\/10.1007\/s10935-005-0014-8\">https:\/\/doi.org\/10.1007\/s10935-005-0014-8<\/a><\/p>\n<p>Kuntz B, Lampert T. Social disparities in parental smoking and young children\u2019s exposure to secondhand smoke at home: a time-trend analysis of repeated cross-sectional data from the German KiGGS study between 2003-2006 and 2009-2012. BMC Public Health 2016;16:485. DOI:\u00a0<a href=\"https:\/\/doi.org\/10.1186\/s12889-016-3175-x\">https:\/\/doi.org\/10.1186\/s12889-016-3175-x<\/a><\/p>\n<p>Lippi G, Sanchis-Gomar F, Henry BM. Active smoking and COVID-19: a double-edged sword. Eur J Intern Med 2020;77:123-4. DOI:\u00a0<a href=\"https:\/\/doi.org\/10.1016\/j.ejim.2020.04.060\">https:\/\/doi.org\/10.1016\/j.ejim.2020.04.060<\/a><\/p>\n<p>Bommele J, Hopman P, Walters BH, et al. The double-edged relationship between COVID-19 stress and smoking: implications for smoking cessation. Tob Induc Dis 2020;18:63. DOI:\u00a0<a href=\"https:\/\/doi.org\/10.18332\/tid\/125580\">https:\/\/doi.org\/10.18332\/tid\/125580<\/a><\/p>\n<p>Stanton R, To QG, Khalesi S, et al. Depression, anxiety and stress during COVID-19: Associations with changes in physical activity, sleep, tobacco and alcohol use in Australian adults. Int J Environl Res Public Health 2020;17:4065. DOI:\u00a0<a href=\"https:\/\/doi.org\/10.3390\/ijerph17114065\">https:\/\/doi.org\/10.3390\/ijerph17114065<\/a><\/p>\n<p>G\u00f6tzinger F, Santiago-Garc\u00eda B, Noguera-Juli\u00e1n A, et al. COVID-19 in children and adolescents in Europe: a multinational, multicentre cohort study. Lancet Child Adolesc Health 2020;4:653-61. DOI:\u00a0<a href=\"https:\/\/doi.org\/10.1016\/S2352-4642(20)30177-2\">https:\/\/doi.org\/10.1016\/S2352-4642(20)30177-2<\/a><\/p>\n<p>Mantovani A, Rinaldi E, Zusi C, et al. Coronavirus disease 2019 (COVID-19) in children and\/or adolescents: a meta-analysis. Pediatr Res 2021;89:733-7. DOI:\u00a0<a href=\"https:\/\/doi.org\/10.1038\/s41390-020-1015-2\">https:\/\/doi.org\/10.1038\/s41390-020-1015-2<\/a><\/p>\n<p>Monta\u00f1o DE, Kasprzyk D. Theory of reasoned action, theory of planned behavior, and the integrated behavioral model. In: K Glanz, BK Rimer, KV Viswanath, Editors. Health behavior: Theory, research, and practice. Hoboken: J. Wiley &amp; Sohns. Inc.; 2015. p. 95-124.<\/p>\n<\/div>\n<\/div>\n","protected":false},"excerpt":{"rendered":"<p>https:\/\/doi.org\/10.4081\/jphr.2021.2106 Tessa R.D. van Deelen Department of Public Health, Amsterdam Public Health Research Institute, Amsterdam UMC, University of Amsterdam, Netherlands. https:\/\/orcid.org\/0000-0003-1159-9648 Bas van den Putte Amsterdam School of Communication Research, University of Amsterdam, Netherlands. https:\/\/orcid.org\/0000-0002-3635-6880 Anton E. Kunst Department of Public Health, Amsterdam Public Health Research Institute, Amsterdam UMC, University of Amsterdam, Netherlands. Mirte A. &#8230; <a title=\"Dutch youth\u2019s smoking behaviour during a partial covid-19 lockdown\" class=\"read-more\" href=\"https:\/\/www.jphres.us.com\/index.php\/jphres\/article\/view\/2106\/\" aria-label=\"More on Dutch youth\u2019s smoking behaviour during a partial covid-19 lockdown\">Read more<\/a><\/p>\n","protected":false},"author":3,"featured_media":0,"parent":0,"menu_order":0,"comment_status":"open","ping_status":"open","template":"","meta":{"footnotes":""},"class_list":["post-5834","page","type-page","status-publish"],"yoast_head":"<!-- This site is optimized with the Yoast SEO plugin v27.2 - https:\/\/yoast.com\/product\/yoast-seo-wordpress\/ -->\n<title>Dutch youth\u2019s smoking behaviour during a partial covid-19 lockdown - Journal of Public Health Research<\/title>\n<meta name=\"robots\" content=\"index, follow, max-snippet:-1, max-image-preview:large, max-video-preview:-1\" \/>\n<link rel=\"canonical\" href=\"https:\/\/www.jphres.us.com\/index.php\/jphres\/article\/view\/2106\/\" \/>\n<meta property=\"og:locale\" content=\"en_US\" \/>\n<meta property=\"og:type\" content=\"article\" \/>\n<meta property=\"og:title\" content=\"Dutch youth\u2019s smoking behaviour during a partial covid-19 lockdown - Journal of Public Health Research\" \/>\n<meta property=\"og:description\" content=\"https:\/\/doi.org\/10.4081\/jphr.2021.2106 Tessa R.D. van Deelen Department of Public Health, Amsterdam Public Health Research Institute, Amsterdam UMC, University of Amsterdam, Netherlands. https:\/\/orcid.org\/0000-0003-1159-9648 Bas van den Putte Amsterdam School of Communication Research, University of Amsterdam, Netherlands. https:\/\/orcid.org\/0000-0002-3635-6880 Anton E. Kunst Department of Public Health, Amsterdam Public Health Research Institute, Amsterdam UMC, University of Amsterdam, Netherlands. Mirte A. ... Read more\" \/>\n<meta property=\"og:url\" content=\"https:\/\/www.jphres.us.com\/index.php\/jphres\/article\/view\/2106\/\" \/>\n<meta property=\"og:site_name\" content=\"Journal of Public Health Research\" \/>\n<meta property=\"article:modified_time\" content=\"2023-04-02T11:53:18+00:00\" \/>\n<meta name=\"twitter:card\" content=\"summary_large_image\" \/>\n<meta name=\"twitter:label1\" content=\"Est. reading time\" \/>\n\t<meta name=\"twitter:data1\" content=\"3 minutes\" \/>\n<script type=\"application\/ld+json\" class=\"yoast-schema-graph\">{\"@context\":\"https:\/\/schema.org\",\"@graph\":[{\"@type\":\"WebPage\",\"@id\":\"https:\/\/www.jphres.us.com\/index.php\/jphres\/article\/view\/2106\/\",\"url\":\"https:\/\/www.jphres.us.com\/index.php\/jphres\/article\/view\/2106\/\",\"name\":\"Dutch youth\u2019s smoking behaviour during a partial covid-19 lockdown - Journal of Public Health Research\",\"isPartOf\":{\"@id\":\"https:\/\/www.jphres.us.com\/#website\"},\"datePublished\":\"2023-03-29T18:49:02+00:00\",\"dateModified\":\"2023-04-02T11:53:18+00:00\",\"breadcrumb\":{\"@id\":\"https:\/\/www.jphres.us.com\/index.php\/jphres\/article\/view\/2106\/#breadcrumb\"},\"inLanguage\":\"en-US\",\"potentialAction\":[{\"@type\":\"ReadAction\",\"target\":[\"https:\/\/www.jphres.us.com\/index.php\/jphres\/article\/view\/2106\/\"]}]},{\"@type\":\"BreadcrumbList\",\"@id\":\"https:\/\/www.jphres.us.com\/index.php\/jphres\/article\/view\/2106\/#breadcrumb\",\"itemListElement\":[{\"@type\":\"ListItem\",\"position\":1,\"name\":\"Startseite\",\"item\":\"https:\/\/www.jphres.us.com\/\"},{\"@type\":\"ListItem\",\"position\":2,\"name\":\"Dutch youth\u2019s smoking behaviour during a partial covid-19 lockdown\"}]},{\"@type\":\"WebSite\",\"@id\":\"https:\/\/www.jphres.us.com\/#website\",\"url\":\"https:\/\/www.jphres.us.com\/\",\"name\":\"Journal of Public Health Research\",\"description\":\"The Journal of Public Health Research is an online Open Access, peer-reviewed journal in the field of public health science. The scope of the journal is to stimulate debate and spreading of knowledge in this area in order to improve public health.\",\"publisher\":{\"@id\":\"https:\/\/www.jphres.us.com\/#organization\"},\"potentialAction\":[{\"@type\":\"SearchAction\",\"target\":{\"@type\":\"EntryPoint\",\"urlTemplate\":\"https:\/\/www.jphres.us.com\/?s={search_term_string}\"},\"query-input\":{\"@type\":\"PropertyValueSpecification\",\"valueRequired\":true,\"valueName\":\"search_term_string\"}}],\"inLanguage\":\"en-US\"},{\"@type\":\"Organization\",\"@id\":\"https:\/\/www.jphres.us.com\/#organization\",\"name\":\"Journal of Public Health Research\",\"url\":\"https:\/\/www.jphres.us.com\/\",\"logo\":{\"@type\":\"ImageObject\",\"inLanguage\":\"en-US\",\"@id\":\"https:\/\/www.jphres.us.com\/#\/schema\/logo\/image\/\",\"url\":\"https:\/\/www.jphres.us.com\/wp-content\/uploads\/2022\/10\/Favicon-JPHRES.png\",\"contentUrl\":\"https:\/\/www.jphres.us.com\/wp-content\/uploads\/2022\/10\/Favicon-JPHRES.png\",\"width\":150,\"height\":114,\"caption\":\"Journal of Public Health Research\"},\"image\":{\"@id\":\"https:\/\/www.jphres.us.com\/#\/schema\/logo\/image\/\"},\"sameAs\":[\"https:\/\/www.citefactor.org\/journal\/index\/5410\/journal-of-public-health-research#.ZD-hS-xBx3k\",\"https:\/\/www.scimagojr.com\/journalsearch.php?q=21100790524&amp;amp;tip=sid&amp;amp;clean=0\"]}]}<\/script>\n<!-- \/ Yoast SEO plugin. -->","yoast_head_json":{"title":"Dutch youth\u2019s smoking behaviour during a partial covid-19 lockdown - Journal of Public Health Research","robots":{"index":"index","follow":"follow","max-snippet":"max-snippet:-1","max-image-preview":"max-image-preview:large","max-video-preview":"max-video-preview:-1"},"canonical":"https:\/\/www.jphres.us.com\/index.php\/jphres\/article\/view\/2106\/","og_locale":"en_US","og_type":"article","og_title":"Dutch youth\u2019s smoking behaviour during a partial covid-19 lockdown - Journal of Public Health Research","og_description":"https:\/\/doi.org\/10.4081\/jphr.2021.2106 Tessa R.D. van Deelen Department of Public Health, Amsterdam Public Health Research Institute, Amsterdam UMC, University of Amsterdam, Netherlands. https:\/\/orcid.org\/0000-0003-1159-9648 Bas van den Putte Amsterdam School of Communication Research, University of Amsterdam, Netherlands. https:\/\/orcid.org\/0000-0002-3635-6880 Anton E. Kunst Department of Public Health, Amsterdam Public Health Research Institute, Amsterdam UMC, University of Amsterdam, Netherlands. Mirte A. ... Read more","og_url":"https:\/\/www.jphres.us.com\/index.php\/jphres\/article\/view\/2106\/","og_site_name":"Journal of Public Health Research","article_modified_time":"2023-04-02T11:53:18+00:00","twitter_card":"summary_large_image","twitter_misc":{"Est. reading time":"3 minutes"},"schema":{"@context":"https:\/\/schema.org","@graph":[{"@type":"WebPage","@id":"https:\/\/www.jphres.us.com\/index.php\/jphres\/article\/view\/2106\/","url":"https:\/\/www.jphres.us.com\/index.php\/jphres\/article\/view\/2106\/","name":"Dutch youth\u2019s smoking behaviour during a partial covid-19 lockdown - Journal of Public Health Research","isPartOf":{"@id":"https:\/\/www.jphres.us.com\/#website"},"datePublished":"2023-03-29T18:49:02+00:00","dateModified":"2023-04-02T11:53:18+00:00","breadcrumb":{"@id":"https:\/\/www.jphres.us.com\/index.php\/jphres\/article\/view\/2106\/#breadcrumb"},"inLanguage":"en-US","potentialAction":[{"@type":"ReadAction","target":["https:\/\/www.jphres.us.com\/index.php\/jphres\/article\/view\/2106\/"]}]},{"@type":"BreadcrumbList","@id":"https:\/\/www.jphres.us.com\/index.php\/jphres\/article\/view\/2106\/#breadcrumb","itemListElement":[{"@type":"ListItem","position":1,"name":"Startseite","item":"https:\/\/www.jphres.us.com\/"},{"@type":"ListItem","position":2,"name":"Dutch youth\u2019s smoking behaviour during a partial covid-19 lockdown"}]},{"@type":"WebSite","@id":"https:\/\/www.jphres.us.com\/#website","url":"https:\/\/www.jphres.us.com\/","name":"Journal of Public Health Research","description":"The Journal of Public Health Research is an online Open Access, peer-reviewed journal in the field of public health science. The scope of the journal is to stimulate debate and spreading of knowledge in this area in order to improve public health.","publisher":{"@id":"https:\/\/www.jphres.us.com\/#organization"},"potentialAction":[{"@type":"SearchAction","target":{"@type":"EntryPoint","urlTemplate":"https:\/\/www.jphres.us.com\/?s={search_term_string}"},"query-input":{"@type":"PropertyValueSpecification","valueRequired":true,"valueName":"search_term_string"}}],"inLanguage":"en-US"},{"@type":"Organization","@id":"https:\/\/www.jphres.us.com\/#organization","name":"Journal of Public Health Research","url":"https:\/\/www.jphres.us.com\/","logo":{"@type":"ImageObject","inLanguage":"en-US","@id":"https:\/\/www.jphres.us.com\/#\/schema\/logo\/image\/","url":"https:\/\/www.jphres.us.com\/wp-content\/uploads\/2022\/10\/Favicon-JPHRES.png","contentUrl":"https:\/\/www.jphres.us.com\/wp-content\/uploads\/2022\/10\/Favicon-JPHRES.png","width":150,"height":114,"caption":"Journal of Public Health Research"},"image":{"@id":"https:\/\/www.jphres.us.com\/#\/schema\/logo\/image\/"},"sameAs":["https:\/\/www.citefactor.org\/journal\/index\/5410\/journal-of-public-health-research#.ZD-hS-xBx3k","https:\/\/www.scimagojr.com\/journalsearch.php?q=21100790524&amp;amp;tip=sid&amp;amp;clean=0"]}]}},"_links":{"self":[{"href":"https:\/\/www.jphres.us.com\/index.php\/wp-json\/wp\/v2\/pages\/5834","targetHints":{"allow":["GET"]}}],"collection":[{"href":"https:\/\/www.jphres.us.com\/index.php\/wp-json\/wp\/v2\/pages"}],"about":[{"href":"https:\/\/www.jphres.us.com\/index.php\/wp-json\/wp\/v2\/types\/page"}],"author":[{"embeddable":true,"href":"https:\/\/www.jphres.us.com\/index.php\/wp-json\/wp\/v2\/users\/3"}],"replies":[{"embeddable":true,"href":"https:\/\/www.jphres.us.com\/index.php\/wp-json\/wp\/v2\/comments?post=5834"}],"version-history":[{"count":0,"href":"https:\/\/www.jphres.us.com\/index.php\/wp-json\/wp\/v2\/pages\/5834\/revisions"}],"wp:attachment":[{"href":"https:\/\/www.jphres.us.com\/index.php\/wp-json\/wp\/v2\/media?parent=5834"}],"curies":[{"name":"wp","href":"https:\/\/api.w.org\/{rel}","templated":true}]}}