{"id":5812,"date":"2023-03-28T21:25:17","date_gmt":"2023-03-28T19:25:17","guid":{"rendered":"https:\/\/www.jphres.org\/?p=5812"},"modified":"2023-04-02T14:03:50","modified_gmt":"2023-04-02T12:03:50","slug":"professional-quality-of-life-among-physicians-of-tertiary-care-hospitals-an-egyptian-cross-sectional-study","status":"publish","type":"page","link":"https:\/\/www.jphres.us.com\/index.php\/jphres\/article\/view\/2436\/","title":{"rendered":"Professional quality of life among physicians of tertiary care hospitals: An Egyptian cross-sectional study"},"content":{"rendered":"<div class=\"item doi\"><span class=\"value\"><a href=\"https:\/\/doi.org\/10.4081\/jphr.2021.2436\">https:\/\/doi.org\/10.4081\/jphr.2021.2436<\/a><\/span><\/div>\n<ul class=\"item authors\">\n<li><span class=\"name\"><strong>Bassma Abdelhadi Ibrahim<\/strong><br \/>\n<\/span><span class=\"affiliation\">Department of Public Health, Community Medicine, Environmental and Occupational Medicine, Faculty of Medicine, Suez Canal University, Ismailia, Egypt.<\/span><span class=\"orcid\"><br \/>\n<a href=\"https:\/\/orcid.org\/0000-0001-9688-9876\" target=\"_blank\" rel=\"noopener\">https:\/\/orcid.org\/0000-0001-9688-9876<\/a><\/span><\/li>\n<li><span class=\"name\"><strong>Mona Mostafa<\/strong><br \/>\n<\/span><span class=\"affiliation\">Department of Internal Medicine, Faculty of Medicine, Suez Canal University, Ismailia, Egypt.<\/span><\/li>\n<li><span class=\"name\"><strong>Sarah Mohamed Hussein<\/strong><br \/>\n<\/span><span class=\"affiliation\">Department of Public Health, Community Medicine, Environmental and Occupational Medicine, Faculty of Medicine, Suez Canal University, Ismailia, Egypt.<\/span><span class=\"orcid\"><br \/>\n<a href=\"https:\/\/orcid.org\/0000-0003-1405-7537\" target=\"_blank\" rel=\"noopener\">https:\/\/orcid.org\/0000-0003-1405-7537<\/a><\/span><\/li>\n<\/ul>\n<h3 class=\"label\">ABSTRACT<\/h3>\n<p><strong>Background:<\/strong>\u00a0Professional quality of life greatly impacts wellbeing and performance of professionals working in the field of caring. The study aims at assessing the components of professional quality of life and their predictors.<br \/>\n<strong><br \/>\nDesign and Methods:<\/strong>\u00a0The cross-sectional study was performed on 167 physicians enrolled by using stratified random sampling from tertiary care hospitals, Ismailia, Egypt. It was conducted by a structured interview questionnaire which included Maslach Burnout Inventory to assess burnout syndrome, and Professional Quality of Life version 5 (Pro QOL- 5) subscale to assess compassion fatigue and satisfaction.<br \/>\n<strong><br \/>\nResults:\u00a0<\/strong>Among participants, 78.9% had high burnout, 76% had moderate potential compassion satisfaction and 82% had moderate potential compassion fatigue. The correlation between scales of professional quality of life scores showed significant results (p &lt; 0.05). The multiple linear regression analysis showed that marital status, frequency of dealing with critical patients, and compassion fatigue score (B= -6.959, B= 3.573, B= 1.115) were significant predictors of burnout score (p &lt; 0.05). Marital status (B= 2.280, p\u00a0= 0.024), and burnout score (B = 0.179, p\u00a0= 0.000) were significant positive predictors of compassion fatigue. While compassion satisfaction score was negative predictor (B= -2.804, p\u00a0= 0.006). The predictors of compassion satisfaction were the marital status (B = 5.039, p\u00a0= 0.000), and compassion fatigue score (B = -0.254, p\u00a0= 0.006).<br \/>\n<strong><br \/>\nConclusion:<\/strong>\u00a0High prevalence rates of burnout, compassion fatigue and satisfaction indicate poor professional quality of life were detected among physicians in tertiary care hospitals.<\/p>\n<h3 class=\"label\">REFERENCES<\/h3>\n<div class=\"value\">\n<p>Kim K, Han Y, Kwak Y, Kim JS. Professional quality of life and clinical competencies among Korean nurses. Asian Nurs Res (Korean Soc Nurs Sci) 2015;9:200\u20136. DOI:\u00a0<a href=\"https:\/\/doi.org\/10.1016\/j.anr.2015.03.002\">https:\/\/doi.org\/10.1016\/j.anr.2015.03.002<\/a><\/p>\n<p>Koh MYH, Chong PH, Neo PSH, et al. Burnout, psychological morbidity and use of coping mechanisms among palliative care practitioners: A multi-centre cross-sectional study. Palliat Med 2015;29:633\u201342. DOI:\u00a0<a href=\"https:\/\/doi.org\/10.1177\/0269216315575850\">https:\/\/doi.org\/10.1177\/0269216315575850<\/a><\/p>\n<p>Abdo SAM, El-Sallamy RM, El-Sherbiny AAM, Kabbash IA. Burnout among physicians and nursing staff working in the emergency hospital of Tanta university, Egypt. East Mediterr Health J 2015;21:906\u201315. DOI:\u00a0<a href=\"https:\/\/doi.org\/10.26719\/2015.21.12.906\">https:\/\/doi.org\/10.26719\/2015.21.12.906<\/a><\/p>\n<p>Chan AO, Chan YH, Chuang KP, et al. Addressing physician quality of life: understanding the relationship between burnout, work engagement, compassion fatigue and satisfaction. J Hosp Adm 2015;4:46. DOI:\u00a0<a href=\"https:\/\/doi.org\/10.5430\/jha.v4n6p46\">https:\/\/doi.org\/10.5430\/jha.v4n6p46<\/a><\/p>\n<p>AbdAllah M, El-Hawy L. Burnout and health related quality of life among resident physicians in Zagazig University Hospitals. Egypt J Occup Med 2019;43:189\u2013204. DOI:\u00a0<a href=\"https:\/\/doi.org\/10.21608\/ejom.2019.31413\">https:\/\/doi.org\/10.21608\/ejom.2019.31413<\/a><\/p>\n<p>Abbas A, Ali A, Bahgat S, Shouman W. Prevalence, associated factors, and consequences of burnout among ICU healthcare workers: An Egyptian experience. Egypt J Chest Dis Tuberc 2019;68:514\u201325.<\/p>\n<p>Mathieu F. Occupational hazards: compassion fatigue, vicarious trauma and burnout. Can Nurse 2014;110:12\u20133.<\/p>\n<p>Peate I. Compassion fatigue: The toll of emotional labour. Br J Nurs 2014;23:251. DOI:\u00a0<a href=\"https:\/\/doi.org\/10.12968\/bjon.2014.23.5.251\">https:\/\/doi.org\/10.12968\/bjon.2014.23.5.251<\/a><\/p>\n<p>El-bar N, Levy A, Wald HS, Biderman A. Compassion fatigue, burnout and compassion satisfaction among family physicians in the Negev area &#8211; a cross-sectional study. Isr J Health Policy Res 2013;2:1. DOI:\u00a0<a href=\"https:\/\/doi.org\/10.1186\/2045-4015-2-31\">https:\/\/doi.org\/10.1186\/2045-4015-2-31<\/a><\/p>\n<p>Stamm BH. The concise ProQOL manual. Pocatello, ID: ProQOL. 2010. Available from:\u00a0<a href=\"http:\/\/proqol.org\/uploads\/ProQOL_Concise_2ndEd_12-2010.pdf\">http:\/\/proqol.org\/uploads\/ProQOL_Concise_2ndEd_12-2010.pdf<\/a><\/p>\n<p>Haber Y, Palgi Y, Hamama-Raz Y, Shrira A B-EM. Predictors of professional quality of life among physicians in a conflict setting: the role of risk and protective factors. Isr J Psychiatry Relat Sci 2013;50:174-80.<\/p>\n<p>Maslach C, Jackson SE, Leiter MP. The Maslach Burnout Inventory Manual. 3rd ed. Consulting Psychologists Press Inc.; 1996.<\/p>\n<p>Schutte N, Toppinen S, Kalimo R, Schaufeli WB. The factorial validity of the Maslach Burnout Inventory-General Survey (MBI-GS) across occupational groups and nations. J Occup Organ Psychol 2000;73:53\u201366. DOI:\u00a0<a href=\"https:\/\/doi.org\/10.1348\/096317900166877\">https:\/\/doi.org\/10.1348\/096317900166877<\/a><\/p>\n<p>Yousef EM, Husni A, Elsayed O, Aly E. Burnout syndrome among resident physicians in Suez Canal University Hospital. Curr Psychiatry Ain Shams Univ 2007;13:24\u201343.<\/p>\n<p>De Oliveira GS, Ahmad S, Stock MC, et al. High Incidence of burnout in academic chairpersons of anesthesiology. Surv Anesthesiol 2011;55:124. DOI:\u00a0<a href=\"https:\/\/doi.org\/10.1097\/SA.0b013e318218e604\">https:\/\/doi.org\/10.1097\/SA.0b013e318218e604<\/a><\/p>\n<p>Yoon JD, Hunt NB, Ravella KC, et al. Physician burnout and the calling to care for the dying: A national survey. Am J Hosp Palliat Med 2017;34:931\u20137. DOI:\u00a0<a href=\"https:\/\/doi.org\/10.1177\/1049909116661817\">https:\/\/doi.org\/10.1177\/1049909116661817<\/a><\/p>\n<p>Ghazanfar H, Chaudhry MT, Asar ZU, Zahid U. Compassion satisfaction, burnout, and compassion fatigue in cardiac physicians working in tertiary care cardiac hospitals in Pakistan. Cureus 2018;10:e3416. DOI:\u00a0<a href=\"https:\/\/doi.org\/10.7759\/cureus.3416\">https:\/\/doi.org\/10.7759\/cureus.3416<\/a><\/p>\n<p>Gribben JLB, Kase SMB, Waldman ED, Weintraub AS. A cross-sectional analysis of compassion fatigue, burnout, and compassion satisfaction in pediatric critical care physicians in the United States. Pediatr Crit Care Med 2019;20:213\u201322. DOI:\u00a0<a href=\"https:\/\/doi.org\/10.1097\/PCC.0000000000001803\">https:\/\/doi.org\/10.1097\/PCC.0000000000001803<\/a><\/p>\n<p>Rossi A, Cetrano G, Pertile R, et al. Burnout, compassion fatigue, and compassion satisfaction among staff in community-based mental health services. Psychiatry Res 2012;200:933\u20138. DOI:\u00a0<a href=\"https:\/\/doi.org\/10.1016\/j.psychres.2012.07.029\">https:\/\/doi.org\/10.1016\/j.psychres.2012.07.029<\/a><\/p>\n<p>Shanafelt TD, Boone S, Tan L, et al. Burnout and satisfaction with work-life balance among US physicians relative to the general US population. Arch Intern Med 2012;172:1377\u201385. DOI:\u00a0<a href=\"https:\/\/doi.org\/10.1001\/archinternmed.2012.3199\">https:\/\/doi.org\/10.1001\/archinternmed.2012.3199<\/a><\/p>\n<p>Carta M, Preti A, Portoghese I, et al. Risk for depression, burnout and low quality of life among personnel of a university hospital in Italy is a consequence of the impact one economic crisis in the welfare system? Clin Pract Epidemiol Ment Health 2017;13:156\u201367. DOI:\u00a0<a href=\"https:\/\/doi.org\/10.2174\/1745017901713010156\">https:\/\/doi.org\/10.2174\/1745017901713010156<\/a><\/p>\n<p>Wang J, Okoli CTC, He H, et al. Factors associated with compassion satisfaction, burnout, and secondary traumatic stress among Chinese nurses in tertiary hospitals: A cross-sectional study. Int J Nurs Stud 2020;102:103472. DOI:\u00a0<a href=\"https:\/\/doi.org\/10.1016\/j.ijnurstu.2019.103472\">https:\/\/doi.org\/10.1016\/j.ijnurstu.2019.103472<\/a><\/p>\n<p>Biksegn A, Kenfe T, Matiwos S, Eshetu G. Burnout status at work among health care professionals in atertiary hospital. Ethiop J Health Sci 2016;26:101\u20138. DOI:\u00a0<a href=\"https:\/\/doi.org\/10.4314\/ejhs.v26i2.3\">https:\/\/doi.org\/10.4314\/ejhs.v26i2.3<\/a><\/p>\n<p>Kobayashi Y, Oe M, Ishida T, et al. Workplace violence and its effects on burnout and secondary traumatic stress among mental healthcare nurses in japan. Int J Environ Res Public Health 2020;17:4\u20138. DOI:\u00a0<a href=\"https:\/\/doi.org\/10.3390\/ijerph17082747\">https:\/\/doi.org\/10.3390\/ijerph17082747<\/a><\/p>\n<p>Miranda Alvares ME, Fonseca Thomaz EBA, Lamy ZC, et al.Burnout syndrome among healthcare professionals in intensive care units: A cross-sectional population-based study. Rev Bras Ter Intens 2020;32:251\u201360. DOI:\u00a0<a href=\"https:\/\/doi.org\/10.5935\/0103-507X.20200036\">https:\/\/doi.org\/10.5935\/0103-507X.20200036<\/a><\/p>\n<p>Schuch FB, Vancampfort D, Richards J, et al. Exercise as a treatment for depression: A meta-analysis adjusting for publication bias. J Psychiatr Res 2016;77:42\u201351. DOI:\u00a0<a href=\"https:\/\/doi.org\/10.1016\/j.jpsychires.2016.02.023\">https:\/\/doi.org\/10.1016\/j.jpsychires.2016.02.023<\/a><\/p>\n<p>Sonnentag S. Psychological detachment from work during leisure time: the benefits of mentally disengaging from work. Curr Dir Psychol Sci 2012;21:114\u20138. DOI:\u00a0<a href=\"https:\/\/doi.org\/10.1177\/0963721411434979\">https:\/\/doi.org\/10.1177\/0963721411434979<\/a><\/p>\n<p>Ruiz-Fern\u00e1ndez MD, P\u00e9rez-Garc\u00eda E, Ortega-Gal\u00e1n \u00c1M. Quality of life in nursing professionals: Burnout, fatigue, and compassion satisfaction. Int J Environ Res Public Health 2020;17:1253. DOI:\u00a0<a href=\"https:\/\/doi.org\/10.3390\/ijerph17041253\">https:\/\/doi.org\/10.3390\/ijerph17041253<\/a><\/p>\n<p>Adeyemo S, Omoaregba J, Aroyewun B, et al. Experiences of violence, compassion fatigue and compassion satisfaction on the professional quality of life of mental health professionals at a tertiary psychiatric facility in Nigeria. Open Sci J Clin Med 2015;3:69\u201373.<\/p>\n<p>Hunsaker S, Chen HC, Maughan D, Heaston S. Factors that influence the development of compassion fatigue, burnout, and compassion satisfaction in emergency department nurses. J Nurs Scholarsh 2015;47:186\u201394. DOI:\u00a0<a href=\"https:\/\/doi.org\/10.1111\/jnu.12122\">https:\/\/doi.org\/10.1111\/jnu.12122<\/a><\/p>\n<\/div>\n<p>&nbsp;<\/p>\n","protected":false},"excerpt":{"rendered":"<p>https:\/\/doi.org\/10.4081\/jphr.2021.2436 Bassma Abdelhadi Ibrahim Department of Public Health, Community Medicine, Environmental and Occupational Medicine, Faculty of Medicine, Suez Canal University, Ismailia, Egypt. https:\/\/orcid.org\/0000-0001-9688-9876 Mona Mostafa Department of Internal Medicine, Faculty of Medicine, Suez Canal University, Ismailia, Egypt. Sarah Mohamed Hussein Department of Public Health, Community Medicine, Environmental and Occupational Medicine, Faculty of Medicine, Suez Canal &#8230; <a title=\"Professional quality of life among physicians of tertiary care hospitals: An Egyptian cross-sectional study\" class=\"read-more\" href=\"https:\/\/www.jphres.us.com\/index.php\/jphres\/article\/view\/2436\/\" aria-label=\"More on Professional quality of life among physicians of tertiary care hospitals: An Egyptian cross-sectional study\">Read more<\/a><\/p>\n","protected":false},"author":3,"featured_media":0,"parent":0,"menu_order":0,"comment_status":"open","ping_status":"open","template":"","meta":{"footnotes":""},"class_list":["post-5812","page","type-page","status-publish"],"yoast_head":"<!-- This site is optimized with the Yoast SEO plugin v27.2 - https:\/\/yoast.com\/product\/yoast-seo-wordpress\/ -->\n<title>Professional quality of life among physicians of tertiary care hospitals: An Egyptian cross-sectional study - Journal of Public Health Research<\/title>\n<meta name=\"robots\" content=\"index, follow, max-snippet:-1, max-image-preview:large, max-video-preview:-1\" \/>\n<link rel=\"canonical\" href=\"https:\/\/www.jphres.us.com\/index.php\/jphres\/article\/view\/2436\/\" \/>\n<meta property=\"og:locale\" content=\"en_US\" \/>\n<meta property=\"og:type\" content=\"article\" \/>\n<meta property=\"og:title\" content=\"Professional quality of life among physicians of tertiary care hospitals: An Egyptian cross-sectional study - Journal of Public Health Research\" \/>\n<meta property=\"og:description\" content=\"https:\/\/doi.org\/10.4081\/jphr.2021.2436 Bassma Abdelhadi Ibrahim Department of Public Health, Community Medicine, Environmental and Occupational Medicine, Faculty of Medicine, Suez Canal University, Ismailia, Egypt. https:\/\/orcid.org\/0000-0001-9688-9876 Mona Mostafa Department of Internal Medicine, Faculty of Medicine, Suez Canal University, Ismailia, Egypt. Sarah Mohamed Hussein Department of Public Health, Community Medicine, Environmental and Occupational Medicine, Faculty of Medicine, Suez Canal ... Read more\" \/>\n<meta property=\"og:url\" content=\"https:\/\/www.jphres.us.com\/index.php\/jphres\/article\/view\/2436\/\" \/>\n<meta property=\"og:site_name\" content=\"Journal of Public Health Research\" \/>\n<meta property=\"article:modified_time\" content=\"2023-04-02T12:03:50+00:00\" \/>\n<meta name=\"twitter:card\" content=\"summary_large_image\" \/>\n<meta name=\"twitter:label1\" content=\"Est. reading time\" \/>\n\t<meta name=\"twitter:data1\" content=\"7 minutes\" \/>\n<script type=\"application\/ld+json\" class=\"yoast-schema-graph\">{\"@context\":\"https:\/\/schema.org\",\"@graph\":[{\"@type\":\"WebPage\",\"@id\":\"https:\/\/www.jphres.us.com\/index.php\/jphres\/article\/view\/2436\/\",\"url\":\"https:\/\/www.jphres.us.com\/index.php\/jphres\/article\/view\/2436\/\",\"name\":\"Professional quality of life among physicians of tertiary care hospitals: An Egyptian cross-sectional study - Journal of Public Health Research\",\"isPartOf\":{\"@id\":\"https:\/\/www.jphres.us.com\/#website\"},\"datePublished\":\"2023-03-28T19:25:17+00:00\",\"dateModified\":\"2023-04-02T12:03:50+00:00\",\"breadcrumb\":{\"@id\":\"https:\/\/www.jphres.us.com\/index.php\/jphres\/article\/view\/2436\/#breadcrumb\"},\"inLanguage\":\"en-US\",\"potentialAction\":[{\"@type\":\"ReadAction\",\"target\":[\"https:\/\/www.jphres.us.com\/index.php\/jphres\/article\/view\/2436\/\"]}]},{\"@type\":\"BreadcrumbList\",\"@id\":\"https:\/\/www.jphres.us.com\/index.php\/jphres\/article\/view\/2436\/#breadcrumb\",\"itemListElement\":[{\"@type\":\"ListItem\",\"position\":1,\"name\":\"Startseite\",\"item\":\"https:\/\/www.jphres.us.com\/\"},{\"@type\":\"ListItem\",\"position\":2,\"name\":\"Professional quality of life among physicians of tertiary care hospitals: An Egyptian cross-sectional study\"}]},{\"@type\":\"WebSite\",\"@id\":\"https:\/\/www.jphres.us.com\/#website\",\"url\":\"https:\/\/www.jphres.us.com\/\",\"name\":\"Journal of Public Health Research\",\"description\":\"The Journal of Public Health Research is an online Open Access, peer-reviewed journal in the field of public health science. The scope of the journal is to stimulate debate and spreading of knowledge in this area in order to improve public health.\",\"publisher\":{\"@id\":\"https:\/\/www.jphres.us.com\/#organization\"},\"potentialAction\":[{\"@type\":\"SearchAction\",\"target\":{\"@type\":\"EntryPoint\",\"urlTemplate\":\"https:\/\/www.jphres.us.com\/?s={search_term_string}\"},\"query-input\":{\"@type\":\"PropertyValueSpecification\",\"valueRequired\":true,\"valueName\":\"search_term_string\"}}],\"inLanguage\":\"en-US\"},{\"@type\":\"Organization\",\"@id\":\"https:\/\/www.jphres.us.com\/#organization\",\"name\":\"Journal of Public Health Research\",\"url\":\"https:\/\/www.jphres.us.com\/\",\"logo\":{\"@type\":\"ImageObject\",\"inLanguage\":\"en-US\",\"@id\":\"https:\/\/www.jphres.us.com\/#\/schema\/logo\/image\/\",\"url\":\"https:\/\/www.jphres.us.com\/wp-content\/uploads\/2022\/10\/Favicon-JPHRES.png\",\"contentUrl\":\"https:\/\/www.jphres.us.com\/wp-content\/uploads\/2022\/10\/Favicon-JPHRES.png\",\"width\":150,\"height\":114,\"caption\":\"Journal of Public Health Research\"},\"image\":{\"@id\":\"https:\/\/www.jphres.us.com\/#\/schema\/logo\/image\/\"},\"sameAs\":[\"https:\/\/www.citefactor.org\/journal\/index\/5410\/journal-of-public-health-research#.ZD-hS-xBx3k\",\"https:\/\/www.scimagojr.com\/journalsearch.php?q=21100790524&amp;amp;tip=sid&amp;amp;clean=0\"]}]}<\/script>\n<!-- \/ Yoast SEO plugin. -->","yoast_head_json":{"title":"Professional quality of life among physicians of tertiary care hospitals: An Egyptian cross-sectional study - Journal of Public Health Research","robots":{"index":"index","follow":"follow","max-snippet":"max-snippet:-1","max-image-preview":"max-image-preview:large","max-video-preview":"max-video-preview:-1"},"canonical":"https:\/\/www.jphres.us.com\/index.php\/jphres\/article\/view\/2436\/","og_locale":"en_US","og_type":"article","og_title":"Professional quality of life among physicians of tertiary care hospitals: An Egyptian cross-sectional study - Journal of Public Health Research","og_description":"https:\/\/doi.org\/10.4081\/jphr.2021.2436 Bassma Abdelhadi Ibrahim Department of Public Health, Community Medicine, Environmental and Occupational Medicine, Faculty of Medicine, Suez Canal University, Ismailia, Egypt. https:\/\/orcid.org\/0000-0001-9688-9876 Mona Mostafa Department of Internal Medicine, Faculty of Medicine, Suez Canal University, Ismailia, Egypt. Sarah Mohamed Hussein Department of Public Health, Community Medicine, Environmental and Occupational Medicine, Faculty of Medicine, Suez Canal ... Read more","og_url":"https:\/\/www.jphres.us.com\/index.php\/jphres\/article\/view\/2436\/","og_site_name":"Journal of Public Health Research","article_modified_time":"2023-04-02T12:03:50+00:00","twitter_card":"summary_large_image","twitter_misc":{"Est. reading time":"7 minutes"},"schema":{"@context":"https:\/\/schema.org","@graph":[{"@type":"WebPage","@id":"https:\/\/www.jphres.us.com\/index.php\/jphres\/article\/view\/2436\/","url":"https:\/\/www.jphres.us.com\/index.php\/jphres\/article\/view\/2436\/","name":"Professional quality of life among physicians of tertiary care hospitals: An Egyptian cross-sectional study - Journal of Public Health Research","isPartOf":{"@id":"https:\/\/www.jphres.us.com\/#website"},"datePublished":"2023-03-28T19:25:17+00:00","dateModified":"2023-04-02T12:03:50+00:00","breadcrumb":{"@id":"https:\/\/www.jphres.us.com\/index.php\/jphres\/article\/view\/2436\/#breadcrumb"},"inLanguage":"en-US","potentialAction":[{"@type":"ReadAction","target":["https:\/\/www.jphres.us.com\/index.php\/jphres\/article\/view\/2436\/"]}]},{"@type":"BreadcrumbList","@id":"https:\/\/www.jphres.us.com\/index.php\/jphres\/article\/view\/2436\/#breadcrumb","itemListElement":[{"@type":"ListItem","position":1,"name":"Startseite","item":"https:\/\/www.jphres.us.com\/"},{"@type":"ListItem","position":2,"name":"Professional quality of life among physicians of tertiary care hospitals: An Egyptian cross-sectional study"}]},{"@type":"WebSite","@id":"https:\/\/www.jphres.us.com\/#website","url":"https:\/\/www.jphres.us.com\/","name":"Journal of Public Health Research","description":"The Journal of Public Health Research is an online Open Access, peer-reviewed journal in the field of public health science. The scope of the journal is to stimulate debate and spreading of knowledge in this area in order to improve public health.","publisher":{"@id":"https:\/\/www.jphres.us.com\/#organization"},"potentialAction":[{"@type":"SearchAction","target":{"@type":"EntryPoint","urlTemplate":"https:\/\/www.jphres.us.com\/?s={search_term_string}"},"query-input":{"@type":"PropertyValueSpecification","valueRequired":true,"valueName":"search_term_string"}}],"inLanguage":"en-US"},{"@type":"Organization","@id":"https:\/\/www.jphres.us.com\/#organization","name":"Journal of Public Health Research","url":"https:\/\/www.jphres.us.com\/","logo":{"@type":"ImageObject","inLanguage":"en-US","@id":"https:\/\/www.jphres.us.com\/#\/schema\/logo\/image\/","url":"https:\/\/www.jphres.us.com\/wp-content\/uploads\/2022\/10\/Favicon-JPHRES.png","contentUrl":"https:\/\/www.jphres.us.com\/wp-content\/uploads\/2022\/10\/Favicon-JPHRES.png","width":150,"height":114,"caption":"Journal of Public Health Research"},"image":{"@id":"https:\/\/www.jphres.us.com\/#\/schema\/logo\/image\/"},"sameAs":["https:\/\/www.citefactor.org\/journal\/index\/5410\/journal-of-public-health-research#.ZD-hS-xBx3k","https:\/\/www.scimagojr.com\/journalsearch.php?q=21100790524&amp;amp;tip=sid&amp;amp;clean=0"]}]}},"_links":{"self":[{"href":"https:\/\/www.jphres.us.com\/index.php\/wp-json\/wp\/v2\/pages\/5812","targetHints":{"allow":["GET"]}}],"collection":[{"href":"https:\/\/www.jphres.us.com\/index.php\/wp-json\/wp\/v2\/pages"}],"about":[{"href":"https:\/\/www.jphres.us.com\/index.php\/wp-json\/wp\/v2\/types\/page"}],"author":[{"embeddable":true,"href":"https:\/\/www.jphres.us.com\/index.php\/wp-json\/wp\/v2\/users\/3"}],"replies":[{"embeddable":true,"href":"https:\/\/www.jphres.us.com\/index.php\/wp-json\/wp\/v2\/comments?post=5812"}],"version-history":[{"count":0,"href":"https:\/\/www.jphres.us.com\/index.php\/wp-json\/wp\/v2\/pages\/5812\/revisions"}],"wp:attachment":[{"href":"https:\/\/www.jphres.us.com\/index.php\/wp-json\/wp\/v2\/media?parent=5812"}],"curies":[{"name":"wp","href":"https:\/\/api.w.org\/{rel}","templated":true}]}}