{"id":5801,"date":"2023-03-27T12:26:41","date_gmt":"2023-03-27T10:26:41","guid":{"rendered":"https:\/\/www.jphres.org\/?p=5801"},"modified":"2023-04-06T06:37:22","modified_gmt":"2023-04-06T04:37:22","slug":"a-cross-sectional-study-on-extensive-gaming-in-adolescents","status":"publish","type":"page","link":"https:\/\/www.jphres.us.com\/index.php\/jphres\/article\/view\/2498\/","title":{"rendered":"A cross-sectional study on extensive gaming in adolescents"},"content":{"rendered":"<div class=\"item doi\"><span class=\"value\"><a href=\"https:\/\/doi.org\/10.4081\/jphr.2021.2498\">https:\/\/doi.org\/10.4081\/jphr.2021.2498<\/a><\/span><\/div>\n<ul class=\"item authors\">\n<li><span class=\"name\"><strong>Frida Andr\u00e9<\/strong><br \/>\n<\/span><span class=\"affiliation\">Department of Clinical Sciences Lund, Faculty of Medicine, Lund University, Lund, Sweden.<\/span><span class=\"orcid\"><a href=\"https:\/\/orcid.org\/0000-0003-2909-8470\" target=\"_blank\" rel=\"noopener\">\u00a0https:\/\/orcid.org\/0000-0003-2909-8470<\/a><\/span><\/li>\n<li><span class=\"name\"><strong>Emma Claesdotter-Knutsson<\/strong><br \/>\n<\/span><span class=\"affiliation\">Department of Clinical Sciences Lund, Faculty of Medicine, Lund University, Lund; Region Sk\u00e5ne, Malm\u00f6 Addiction Centre, Gambling Disorder Unit, Malm\u00f6, Sweden.<\/span><\/li>\n<li><span class=\"name\"><strong>Maria Fridh<\/strong><br \/>\n<\/span><span class=\"affiliation\">Social Medicine and Health Policy, Department of Clinical Sciences in Malmo, Lund University, Sweden.<\/span><span class=\"orcid\"><a href=\"https:\/\/orcid.org\/0000-0002-7133-9971\" target=\"_blank\" rel=\"noopener\">\u00a0https:\/\/orcid.org\/0000-0002-7133-9971<\/a><\/span><\/li>\n<li><span class=\"name\"><strong>Carl Delfin<\/strong><br \/>\n<\/span><span class=\"affiliation\">Department of Clinical Sciences Lund, Faculty of Medicine, Lund University, Lund, Sweden.<\/span><span class=\"orcid\"><a href=\"https:\/\/orcid.org\/0000-0003-4827-7650\" target=\"_blank\" rel=\"noopener\">\u00a0https:\/\/orcid.org\/0000-0003-4827-7650<\/a><\/span><\/li>\n<li><span class=\"name\"><strong>Anders H\u00e5kansson<\/strong><br \/>\n<\/span><span class=\"affiliation\">Department of Clinical Sciences Lund, Faculty of Medicine, Lund University, Lund; Region Sk\u00e5ne, Malm\u00f6 Addiction Centre, Gambling Disorder Unit, Malm\u00f6, Sweden.<\/span><span class=\"orcid\"><a href=\"https:\/\/orcid.org\/0000-0002-5800-8975\" target=\"_blank\" rel=\"noopener\">\u00a0https:\/\/orcid.org\/0000-0002-5800-8975<\/a><\/span><\/li>\n<li><span class=\"name\"><strong>Martin Lindstr\u00f6m<\/strong><br \/>\n<\/span><span class=\"affiliation\">Social Medicine and Health Policy, Department of Clinical Sciences in Malmo, Lund University, Sweden.<\/span><span class=\"orcid\"><a href=\"https:\/\/orcid.org\/0000-0002-1969-5119\" target=\"_blank\" rel=\"noopener\">\u00a0https:\/\/orcid.org\/0000-0002-1969-5119<\/a><\/span><\/li>\n<\/ul>\n<h3 class=\"label\">ABSTRACT<\/h3>\n<p><strong>Background:\u00a0<\/strong>Extensive gaming and the consequences thereof is frequently reported from child and adolescent psychiatry and school health care. The behavior is associated with compulsion, psychiatric and physical symptoms, impaired cognitive development and poorer school performance. This phenomenon has been described as an emergent health issue for men and little is known about its potential gender-specific characteristics. The aim of this study was to explore extensive gaming among male and female adolescents and to investigate whether the frequency of often feeling low, often feeling anxious, self-reported ADHD, self-reported ASD, being satisfied with one\u2019s own general health, poor sleep, loneliness, and having tried smoking, alcohol, and\/or other substances differed among those with and without extensive gaming.<br \/>\n<strong><br \/>\nDesign and Methods:\u00a0<\/strong>This study was based on data collected through a public health survey distributed in 2016 to pupils in 9<sup>th<\/sup>\u00a0grade of primary school and in second grade of secondary school, including a total of 13498 participants. The association between extensive gaming and different factors was estimated among male and female respondents separately.<br \/>\n<strong><br \/>\nResults<\/strong>: Roughly 30% of the male and 5% of the female respondents were categorized as extensive gamers. Extensive gaming was associated with a higher prevalence of poor sleep and a lower prevalence of being satisfied with one\u2019s own health among boys and (to a higher degree) among girls.<br \/>\n<strong><br \/>\nConclusions:<\/strong>\u00a0Altogether, our results contribute to the impression that extensive gaming is more heavily related to subjective health complaints among female than male adolescents.<\/p>\n<article class=\"obj_article_details\">\n<div class=\"row\">\n<div class=\"main_entry\">\n<div class=\"item references\">\n<h3 class=\"label\">REFERENCES<\/h3>\n<div class=\"value\">\n<p>American Psychiatric Association. Diagnostic and statistical manual of mental disorders (DSM-5\u00ae). Washington, DC: American Psychiatric Association; 2013. DOI:\u00a0<a href=\"https:\/\/doi.org\/10.1176\/appi.books.9780890425596\">https:\/\/doi.org\/10.1176\/appi.books.9780890425596<\/a><\/p>\n<p>Yau YH, Potenza MN. Gambling disorder and other behavioral addictions: recognition and treatment. Harv Rev Psychiatry 2015;23:134-46. DOI:\u00a0<a href=\"https:\/\/doi.org\/10.1097\/HRP.0000000000000051\">https:\/\/doi.org\/10.1097\/HRP.0000000000000051<\/a><\/p>\n<p>World Health Organization. International classification of diseases for mortality and morbidity statistics (11th Revision). 2018. Available from:\u00a0<a href=\"https:\/\/icd.who.int\/browse11\/l-m\/en\">https:\/\/icd.who.int\/browse11\/l-m\/en<\/a><\/p>\n<p>Paulus FW, Ohmann S, von Gontard A, Popow C. Internet gaming disorder in children and adolescents: a systematic review. Dev Med Child Neurol 2018;60:645-59. DOI:\u00a0<a href=\"https:\/\/doi.org\/10.1111\/dmcn.13754\">https:\/\/doi.org\/10.1111\/dmcn.13754<\/a><\/p>\n<p>Desai RA, Krishnan-Sarin S, Cavallo D, Potenza MN. Video-gaming among high school students: health correlates, gender differences, and problematic gaming. Pediatrics 2010;126:e1414-24. DOI:\u00a0<a href=\"https:\/\/doi.org\/10.1542\/peds.2009-2706\">https:\/\/doi.org\/10.1542\/peds.2009-2706<\/a><\/p>\n<p>Aarseth E, Bean AM, Boonen H, et al. Scholars&#8217; open debate paper on the World Health Organization ICD-11 Gaming Disorder proposal. J Behav Addict 2017;6:267-70. DOI:\u00a0<a href=\"https:\/\/doi.org\/10.1556\/2006.5.2016.088\">https:\/\/doi.org\/10.1556\/2006.5.2016.088<\/a><\/p>\n<p>Ferguson CJ, Coulson M, Barnett J. A meta-analysis of pathological gaming prevalence and comorbidity with mental health, academic and social problems. J Psychiatr Res 2011;45:1573-8. DOI:\u00a0<a href=\"https:\/\/doi.org\/10.1016\/j.jpsychires.2011.09.005\">https:\/\/doi.org\/10.1016\/j.jpsychires.2011.09.005<\/a><\/p>\n<p>Gonz\u00e1lez-Bueso V, Santamar\u00eda JJ, Fern\u00e1ndez D, et al. Association between internet gaming disorder or pathological video-game use and comorbid psychopathology: A comprehensive review. Int J Environ Res Public Health 2018;15:668. DOI:\u00a0<a href=\"https:\/\/doi.org\/10.3390\/ijerph15040668\">https:\/\/doi.org\/10.3390\/ijerph15040668<\/a><\/p>\n<p>Lemmens JS, Valkenburg PM, Peter J. Psychosocial causes and consequences of pathological gaming. Comput Hum Behav 2011;27:144-52. DOI:\u00a0<a href=\"https:\/\/doi.org\/10.1016\/j.chb.2010.07.015\">https:\/\/doi.org\/10.1016\/j.chb.2010.07.015<\/a><\/p>\n<p>Lam LT. Internet gaming addiction, problematic use of the internet, and sleep problems: a systematic review. Curr Psychiatry Rep 2014;16:444. DOI:\u00a0<a href=\"https:\/\/doi.org\/10.1007\/s11920-014-0444-1\">https:\/\/doi.org\/10.1007\/s11920-014-0444-1<\/a><\/p>\n<p>Engelhardt CR, Mazurek MO, Hilgard J. Pathological game use in adults with and without Autism Spectrum Disorder. PeerJ 2017;5:e3393. DOI:\u00a0<a href=\"https:\/\/doi.org\/10.7717\/peerj.3393\">https:\/\/doi.org\/10.7717\/peerj.3393<\/a><\/p>\n<p>Mazurek MO, Engelhardt CR. Video game use in boys with autism spectrum disorder, ADHD, or typical development. Pediatrics 2013;132:260-6. DOI:\u00a0<a href=\"https:\/\/doi.org\/10.1542\/peds.2012-3956\">https:\/\/doi.org\/10.1542\/peds.2012-3956<\/a><\/p>\n<p>Weinstein A, Weizman A. Emerging association between addictive gaming and attention-deficit\/hyperactivity disorder. Curr Psychiatry Rep 2012;14:590-7. DOI:\u00a0<a href=\"https:\/\/doi.org\/10.1007\/s11920-012-0311-x\">https:\/\/doi.org\/10.1007\/s11920-012-0311-x<\/a><\/p>\n<p>Hellstr\u00f6m C, Nilsson KW, Leppert J, \u00c5slund C. Effects of adolescent online gaming time and motives on depressive, musculoskeletal, and psychosomatic symptoms. Ups J Med Sci 2015;120:263-75. DOI:\u00a0<a href=\"https:\/\/doi.org\/10.3109\/03009734.2015.1049724\">https:\/\/doi.org\/10.3109\/03009734.2015.1049724<\/a><\/p>\n<p>Rho MJ, Lee H, Lee TH, et al. Risk factors for internet gaming disorder: Psychological factors and internet gaming characteristics. Int J Environ Res Public Health 2017;15:40. DOI:\u00a0<a href=\"https:\/\/doi.org\/10.3390\/ijerph15010040\">https:\/\/doi.org\/10.3390\/ijerph15010040<\/a><\/p>\n<p>Salam Z, Sadiq Z, Tajamul U, et al. Internet gaming disorder in students of Peshawar: A cross sectional survey. J Ayub Med Coll Abbottabad 2019;31:548-52.<\/p>\n<p>Chen KH, Oliffe JL, Kelly MT. Internet gaming disorder: An emergent health issue for men. Am J Mens Health 2018;12:1151-9. DOI:\u00a0<a href=\"https:\/\/doi.org\/10.1177\/1557988318766950\">https:\/\/doi.org\/10.1177\/1557988318766950<\/a><\/p>\n<p>Stevens MW, Dorstyn D, Delfabbro PH, King DL. Global prevalence of gaming disorder: A systematic review and meta-analysis. Aust N Z J Psychiatry 2021;55:553-68. DOI:\u00a0<a href=\"https:\/\/doi.org\/10.1177\/0004867420962851\">https:\/\/doi.org\/10.1177\/0004867420962851<\/a><\/p>\n<p>van den Eijnden R, Koning I, Doornwaard S, et al. The impact of heavy and disordered use of games and social media on adolescents&#8217; psychological, social, and school functioning. J Behav Addict 2018;7:697-706. DOI:\u00a0<a href=\"https:\/\/doi.org\/10.1556\/2006.7.2018.65\">https:\/\/doi.org\/10.1556\/2006.7.2018.65<\/a><\/p>\n<p>Lee HH, Sung JH, Lee JY, Lee JE. Differences by sex in association of mental health with video gaming or other nonacademic computer use among US adolescents. Prev Chronic Dis 2017;14:E117. DOI:\u00a0<a href=\"https:\/\/doi.org\/10.5888\/pcd14.170151\">https:\/\/doi.org\/10.5888\/pcd14.170151<\/a><\/p>\n<p>Haugland S, Wold B. Subjective health complaints in adolescence &#8211; &#8211; Reliability and validity of survey methods. J Adolesc 2001;24:611-24. DOI:\u00a0<a href=\"https:\/\/doi.org\/10.1006\/jado.2000.0393\">https:\/\/doi.org\/10.1006\/jado.2000.0393<\/a><\/p>\n<p>R Core Team. R: A language and environment for statistical computing. Vienna: R Foundation for Statistical Computing; 2021.<\/p>\n<p>Wickham H, Averick M, Bryan J, et al. Welcome to the Tidyverse. J Open Source Softw 2019;4:1686. DOI:\u00a0<a href=\"https:\/\/doi.org\/10.21105\/joss.01686\">https:\/\/doi.org\/10.21105\/joss.01686<\/a><\/p>\n<p>Wagenmakers E-J, Marsman M, Jamil T, et al. Bayesian inference for psychology. Part I: Theoretical advantages and practical ramifications. Psychon Bull Rev 2018;25:35-57. DOI:\u00a0<a href=\"https:\/\/doi.org\/10.3758\/s13423-017-1343-3\">https:\/\/doi.org\/10.3758\/s13423-017-1343-3<\/a><\/p>\n<p>B\u00fcrkner P-C. brms: An R Package for Bayesian Multilevel Models Using Stan. 2017. 2017;80:28. DOI:\u00a0<a href=\"https:\/\/doi.org\/10.18637\/jss.v080.i01\">https:\/\/doi.org\/10.18637\/jss.v080.i01<\/a><\/p>\n<p>Carpenter B, Gelman A, Hoffman MD, et al. Stan: A probabilistic programming language. J Stat Soft 2017;76:32. DOI:\u00a0<a href=\"https:\/\/doi.org\/10.18637\/jss.v076.i01\">https:\/\/doi.org\/10.18637\/jss.v076.i01<\/a><\/p>\n<p>Gelman A, Simpson D, Betancourt M. The prior can often only be understood in the context of the likelihood. Entropy 2017;19:555. DOI:\u00a0<a href=\"https:\/\/doi.org\/10.3390\/e19100555\">https:\/\/doi.org\/10.3390\/e19100555<\/a><\/p>\n<p>Lenth RV. Emmeans: Estimated marginal means, aka least-squares mean. 2021. Available from:\u00a0<a href=\"https:\/\/cran.r-project.org\/web\/packages\/emmeans\/emmeans.pdf\">https:\/\/cran.r-project.org\/web\/packages\/emmeans\/emmeans.pdf<\/a><\/p>\n<p>Kruschke J. Rejecting or accepting parameter values in Bayesian estimation. Adv Meth Pract Psychol Scie 2018;1:270-80. DOI:\u00a0<a href=\"https:\/\/doi.org\/10.1177\/2515245918771304\">https:\/\/doi.org\/10.1177\/2515245918771304<\/a><\/p>\n<p>Brunborg GS, Mentzoni RA, Melkevik OR, et al. Gaming addiction, gaming engagement, and psychological health complaints among Norwegian adolescents. Media Psychology 2013;16:115-28. DOI:\u00a0<a href=\"https:\/\/doi.org\/10.1080\/15213269.2012.756374\">https:\/\/doi.org\/10.1080\/15213269.2012.756374<\/a><\/p>\n<p>Hale L, Guan S. Screen time and sleep among school-aged children and adolescents: a systematic literature review. Sleep Med Rev 2015;21:50-8. DOI:\u00a0<a href=\"https:\/\/doi.org\/10.1016\/j.smrv.2014.07.007\">https:\/\/doi.org\/10.1016\/j.smrv.2014.07.007<\/a><\/p>\n<p>Stormark KM, Fosse HE, Pallesen S, Hysing M. The association between sleep problems and academic performance in primary school-aged children: Findings from a Norwegian longitudinal population-based study. PLoS One 2019;14:e0224139. DOI:\u00a0<a href=\"https:\/\/doi.org\/10.1371\/journal.pone.0224139\">https:\/\/doi.org\/10.1371\/journal.pone.0224139<\/a><\/p>\n<p>Marmet S, Studer J, Wicki M, et al. Unique versus shared associations between self-reported behavioral addictions and substance use disorders and mental health problems: A commonality analysis in a large sample of young Swiss men. J Behav Addict 2019;8:664-77. DOI:\u00a0<a href=\"https:\/\/doi.org\/10.1556\/2006.8.2019.70\">https:\/\/doi.org\/10.1556\/2006.8.2019.70<\/a><\/p>\n<p>Fridh M, Grahn M, Lindstr\u00f6m M, Mod\u00e9n B. [Folkh\u00e4lsorapport Barn och Unga i Sk\u00e5ne 2016 \u2013 en unders\u00f6kning om barn och ungdomars livsvillkor, levnadsvanor och h\u00e4lsa. (Public health report children and young in Scania 2016 &#8211; a survey of living conditions, living habits and health among the young)].[in Norwegian]. Samh\u00e4llsanalys, Region Sk\u00e5ne, 2016. Updated: 2016-02-26. Accessed: 2021 June 8. Available from:\u00a0https:\/\/utveckling.skane.se\/utvecklingsomraden\/folkhalsa-och-social-hallbarhet\/folkhalsorapporter\/folkhalsorapport-barn-och-unga-i-skane\/<\/p>\n<p>Skogen JC, B\u00f8e T, Sivertsen B, Hysing M. Use of alcohol, tobacco and illicit drugs among ethnic Norwegian and ethnic minority adolescents in Hordaland county, Norway: the youth@hordaland-survey. Ethn Health 2018;23:43-56. DOI:\u00a0<a href=\"https:\/\/doi.org\/10.1080\/13557858.2016.1246422\">https:\/\/doi.org\/10.1080\/13557858.2016.1246422<\/a><\/p>\n<p>Reebye P. Attention-deficit hyperactivity disorder: A handbook for diagnosis and treatment, third Edition. J Can Acad Child Adolesc Psychiatry 2008;17:31-3.<\/p>\n<p>Nuyens F, Deleuze J, Maurage P, et al. Impulsivity in multiplayer online battle arena gamers: Preliminary results on experimental and self-report measures. J Behav Addict 2016;5:351-6. DOI:\u00a0<a href=\"https:\/\/doi.org\/10.1556\/2006.5.2016.028\">https:\/\/doi.org\/10.1556\/2006.5.2016.028<\/a><\/p>\n<p>Walther B, Morgenstern M, Hanewinkel R. Co-occurrence of addictive behaviours: personality factors related to substance use, gambling and computer gaming. Eur Addict Res 2012;18:167-74. DOI:\u00a0<a href=\"https:\/\/doi.org\/10.1159\/000335662\">https:\/\/doi.org\/10.1159\/000335662<\/a><\/p>\n<p>Yen JY, Liu TL, Wang PW, et al. Association between Internet gaming disorder and adult attention deficit and hyperactivity disorder and their correlates: Impulsivity and hostility. Addict Behav 2017;64:308-13. DOI:\u00a0<a href=\"https:\/\/doi.org\/10.1016\/j.addbeh.2016.04.024\">https:\/\/doi.org\/10.1016\/j.addbeh.2016.04.024<\/a><\/p>\n<p>Tachibana Y, Miyazaki C, Ota E, et al. A systematic review and meta-analysis of comprehensive interventions for pre-school children with autism spectrum disorder (ASD). PLoS One 2017;12:e0186502-e. DOI:\u00a0<a href=\"https:\/\/doi.org\/10.1371\/journal.pone.0186502\">https:\/\/doi.org\/10.1371\/journal.pone.0186502<\/a><\/p>\n<p>Newschaffer CJ, Croen LA, Daniels J, et al. The epidemiology of autism spectrum disorders. Annu Rev Public Health 2007;28:235-58. DOI:\u00a0<a href=\"https:\/\/doi.org\/10.1146\/annurev.publhealth.28.021406.144007\">https:\/\/doi.org\/10.1146\/annurev.publhealth.28.021406.144007<\/a><\/p>\n<p>Rattray J, Jones MC. Essential elements of questionnaire design and development. J Clin Nurs 2007;16:234-43. DOI:\u00a0<a href=\"https:\/\/doi.org\/10.1111\/j.1365-2702.2006.01573.x\">https:\/\/doi.org\/10.1111\/j.1365-2702.2006.01573.x<\/a><\/p>\n<\/div>\n<\/div>\n<\/div>\n<\/div>\n<\/article>\n","protected":false},"excerpt":{"rendered":"<p>https:\/\/doi.org\/10.4081\/jphr.2021.2498 Frida Andr\u00e9 Department of Clinical Sciences Lund, Faculty of Medicine, Lund University, Lund, Sweden.\u00a0https:\/\/orcid.org\/0000-0003-2909-8470 Emma Claesdotter-Knutsson Department of Clinical Sciences Lund, Faculty of Medicine, Lund University, Lund; Region Sk\u00e5ne, Malm\u00f6 Addiction Centre, Gambling Disorder Unit, Malm\u00f6, Sweden. Maria Fridh Social Medicine and Health Policy, Department of Clinical Sciences in Malmo, Lund University, Sweden.\u00a0https:\/\/orcid.org\/0000-0002-7133-9971 Carl &#8230; <a title=\"A cross-sectional study on extensive gaming in adolescents\" class=\"read-more\" href=\"https:\/\/www.jphres.us.com\/index.php\/jphres\/article\/view\/2498\/\" aria-label=\"More on A cross-sectional study on extensive gaming in adolescents\">Read more<\/a><\/p>\n","protected":false},"author":3,"featured_media":0,"parent":0,"menu_order":0,"comment_status":"open","ping_status":"open","template":"","meta":{"footnotes":""},"class_list":["post-5801","page","type-page","status-publish"],"yoast_head":"<!-- This site is optimized with the Yoast SEO plugin v27.2 - https:\/\/yoast.com\/product\/yoast-seo-wordpress\/ -->\n<title>A cross-sectional study on extensive gaming in adolescents - Journal of Public Health Research<\/title>\n<meta name=\"robots\" content=\"index, follow, max-snippet:-1, max-image-preview:large, max-video-preview:-1\" \/>\n<link rel=\"canonical\" href=\"https:\/\/www.jphres.us.com\/index.php\/jphres\/article\/view\/2498\/\" \/>\n<meta property=\"og:locale\" content=\"en_US\" \/>\n<meta property=\"og:type\" content=\"article\" \/>\n<meta property=\"og:title\" content=\"A cross-sectional study on extensive gaming in adolescents - Journal of Public Health Research\" \/>\n<meta property=\"og:description\" content=\"https:\/\/doi.org\/10.4081\/jphr.2021.2498 Frida Andr\u00e9 Department of Clinical Sciences Lund, Faculty of Medicine, Lund University, Lund, Sweden.\u00a0https:\/\/orcid.org\/0000-0003-2909-8470 Emma Claesdotter-Knutsson Department of Clinical Sciences Lund, Faculty of Medicine, Lund University, Lund; Region Sk\u00e5ne, Malm\u00f6 Addiction Centre, Gambling Disorder Unit, Malm\u00f6, Sweden. Maria Fridh Social Medicine and Health Policy, Department of Clinical Sciences in Malmo, Lund University, Sweden.\u00a0https:\/\/orcid.org\/0000-0002-7133-9971 Carl ... Read more\" \/>\n<meta property=\"og:url\" content=\"https:\/\/www.jphres.us.com\/index.php\/jphres\/article\/view\/2498\/\" \/>\n<meta property=\"og:site_name\" content=\"Journal of Public Health Research\" \/>\n<meta property=\"article:modified_time\" content=\"2023-04-06T04:37:22+00:00\" \/>\n<meta name=\"twitter:card\" content=\"summary_large_image\" \/>\n<meta name=\"twitter:label1\" content=\"Est. reading time\" \/>\n\t<meta name=\"twitter:data1\" content=\"8 minutes\" \/>\n<script type=\"application\/ld+json\" class=\"yoast-schema-graph\">{\"@context\":\"https:\/\/schema.org\",\"@graph\":[{\"@type\":\"WebPage\",\"@id\":\"https:\/\/www.jphres.us.com\/index.php\/jphres\/article\/view\/2498\/\",\"url\":\"https:\/\/www.jphres.us.com\/index.php\/jphres\/article\/view\/2498\/\",\"name\":\"A cross-sectional study on extensive gaming in adolescents - Journal of Public Health Research\",\"isPartOf\":{\"@id\":\"https:\/\/www.jphres.us.com\/#website\"},\"datePublished\":\"2023-03-27T10:26:41+00:00\",\"dateModified\":\"2023-04-06T04:37:22+00:00\",\"breadcrumb\":{\"@id\":\"https:\/\/www.jphres.us.com\/index.php\/jphres\/article\/view\/2498\/#breadcrumb\"},\"inLanguage\":\"en-US\",\"potentialAction\":[{\"@type\":\"ReadAction\",\"target\":[\"https:\/\/www.jphres.us.com\/index.php\/jphres\/article\/view\/2498\/\"]}]},{\"@type\":\"BreadcrumbList\",\"@id\":\"https:\/\/www.jphres.us.com\/index.php\/jphres\/article\/view\/2498\/#breadcrumb\",\"itemListElement\":[{\"@type\":\"ListItem\",\"position\":1,\"name\":\"Startseite\",\"item\":\"https:\/\/www.jphres.us.com\/\"},{\"@type\":\"ListItem\",\"position\":2,\"name\":\"A cross-sectional study on extensive gaming in adolescents\"}]},{\"@type\":\"WebSite\",\"@id\":\"https:\/\/www.jphres.us.com\/#website\",\"url\":\"https:\/\/www.jphres.us.com\/\",\"name\":\"Journal of Public Health Research\",\"description\":\"The Journal of Public Health Research is an online Open Access, peer-reviewed journal in the field of public health science. The scope of the journal is to stimulate debate and spreading of knowledge in this area in order to improve public health.\",\"publisher\":{\"@id\":\"https:\/\/www.jphres.us.com\/#organization\"},\"potentialAction\":[{\"@type\":\"SearchAction\",\"target\":{\"@type\":\"EntryPoint\",\"urlTemplate\":\"https:\/\/www.jphres.us.com\/?s={search_term_string}\"},\"query-input\":{\"@type\":\"PropertyValueSpecification\",\"valueRequired\":true,\"valueName\":\"search_term_string\"}}],\"inLanguage\":\"en-US\"},{\"@type\":\"Organization\",\"@id\":\"https:\/\/www.jphres.us.com\/#organization\",\"name\":\"Journal of Public Health Research\",\"url\":\"https:\/\/www.jphres.us.com\/\",\"logo\":{\"@type\":\"ImageObject\",\"inLanguage\":\"en-US\",\"@id\":\"https:\/\/www.jphres.us.com\/#\/schema\/logo\/image\/\",\"url\":\"https:\/\/www.jphres.us.com\/wp-content\/uploads\/2022\/10\/Favicon-JPHRES.png\",\"contentUrl\":\"https:\/\/www.jphres.us.com\/wp-content\/uploads\/2022\/10\/Favicon-JPHRES.png\",\"width\":150,\"height\":114,\"caption\":\"Journal of Public Health Research\"},\"image\":{\"@id\":\"https:\/\/www.jphres.us.com\/#\/schema\/logo\/image\/\"},\"sameAs\":[\"https:\/\/www.citefactor.org\/journal\/index\/5410\/journal-of-public-health-research#.ZD-hS-xBx3k\",\"https:\/\/www.scimagojr.com\/journalsearch.php?q=21100790524&amp;amp;tip=sid&amp;amp;clean=0\"]}]}<\/script>\n<!-- \/ Yoast SEO plugin. -->","yoast_head_json":{"title":"A cross-sectional study on extensive gaming in adolescents - Journal of Public Health Research","robots":{"index":"index","follow":"follow","max-snippet":"max-snippet:-1","max-image-preview":"max-image-preview:large","max-video-preview":"max-video-preview:-1"},"canonical":"https:\/\/www.jphres.us.com\/index.php\/jphres\/article\/view\/2498\/","og_locale":"en_US","og_type":"article","og_title":"A cross-sectional study on extensive gaming in adolescents - Journal of Public Health Research","og_description":"https:\/\/doi.org\/10.4081\/jphr.2021.2498 Frida Andr\u00e9 Department of Clinical Sciences Lund, Faculty of Medicine, Lund University, Lund, Sweden.\u00a0https:\/\/orcid.org\/0000-0003-2909-8470 Emma Claesdotter-Knutsson Department of Clinical Sciences Lund, Faculty of Medicine, Lund University, Lund; Region Sk\u00e5ne, Malm\u00f6 Addiction Centre, Gambling Disorder Unit, Malm\u00f6, Sweden. Maria Fridh Social Medicine and Health Policy, Department of Clinical Sciences in Malmo, Lund University, Sweden.\u00a0https:\/\/orcid.org\/0000-0002-7133-9971 Carl ... Read more","og_url":"https:\/\/www.jphres.us.com\/index.php\/jphres\/article\/view\/2498\/","og_site_name":"Journal of Public Health Research","article_modified_time":"2023-04-06T04:37:22+00:00","twitter_card":"summary_large_image","twitter_misc":{"Est. reading time":"8 minutes"},"schema":{"@context":"https:\/\/schema.org","@graph":[{"@type":"WebPage","@id":"https:\/\/www.jphres.us.com\/index.php\/jphres\/article\/view\/2498\/","url":"https:\/\/www.jphres.us.com\/index.php\/jphres\/article\/view\/2498\/","name":"A cross-sectional study on extensive gaming in adolescents - Journal of Public Health Research","isPartOf":{"@id":"https:\/\/www.jphres.us.com\/#website"},"datePublished":"2023-03-27T10:26:41+00:00","dateModified":"2023-04-06T04:37:22+00:00","breadcrumb":{"@id":"https:\/\/www.jphres.us.com\/index.php\/jphres\/article\/view\/2498\/#breadcrumb"},"inLanguage":"en-US","potentialAction":[{"@type":"ReadAction","target":["https:\/\/www.jphres.us.com\/index.php\/jphres\/article\/view\/2498\/"]}]},{"@type":"BreadcrumbList","@id":"https:\/\/www.jphres.us.com\/index.php\/jphres\/article\/view\/2498\/#breadcrumb","itemListElement":[{"@type":"ListItem","position":1,"name":"Startseite","item":"https:\/\/www.jphres.us.com\/"},{"@type":"ListItem","position":2,"name":"A cross-sectional study on extensive gaming in adolescents"}]},{"@type":"WebSite","@id":"https:\/\/www.jphres.us.com\/#website","url":"https:\/\/www.jphres.us.com\/","name":"Journal of Public Health Research","description":"The Journal of Public Health Research is an online Open Access, peer-reviewed journal in the field of public health science. The scope of the journal is to stimulate debate and spreading of knowledge in this area in order to improve public health.","publisher":{"@id":"https:\/\/www.jphres.us.com\/#organization"},"potentialAction":[{"@type":"SearchAction","target":{"@type":"EntryPoint","urlTemplate":"https:\/\/www.jphres.us.com\/?s={search_term_string}"},"query-input":{"@type":"PropertyValueSpecification","valueRequired":true,"valueName":"search_term_string"}}],"inLanguage":"en-US"},{"@type":"Organization","@id":"https:\/\/www.jphres.us.com\/#organization","name":"Journal of Public Health Research","url":"https:\/\/www.jphres.us.com\/","logo":{"@type":"ImageObject","inLanguage":"en-US","@id":"https:\/\/www.jphres.us.com\/#\/schema\/logo\/image\/","url":"https:\/\/www.jphres.us.com\/wp-content\/uploads\/2022\/10\/Favicon-JPHRES.png","contentUrl":"https:\/\/www.jphres.us.com\/wp-content\/uploads\/2022\/10\/Favicon-JPHRES.png","width":150,"height":114,"caption":"Journal of Public Health Research"},"image":{"@id":"https:\/\/www.jphres.us.com\/#\/schema\/logo\/image\/"},"sameAs":["https:\/\/www.citefactor.org\/journal\/index\/5410\/journal-of-public-health-research#.ZD-hS-xBx3k","https:\/\/www.scimagojr.com\/journalsearch.php?q=21100790524&amp;amp;tip=sid&amp;amp;clean=0"]}]}},"_links":{"self":[{"href":"https:\/\/www.jphres.us.com\/index.php\/wp-json\/wp\/v2\/pages\/5801","targetHints":{"allow":["GET"]}}],"collection":[{"href":"https:\/\/www.jphres.us.com\/index.php\/wp-json\/wp\/v2\/pages"}],"about":[{"href":"https:\/\/www.jphres.us.com\/index.php\/wp-json\/wp\/v2\/types\/page"}],"author":[{"embeddable":true,"href":"https:\/\/www.jphres.us.com\/index.php\/wp-json\/wp\/v2\/users\/3"}],"replies":[{"embeddable":true,"href":"https:\/\/www.jphres.us.com\/index.php\/wp-json\/wp\/v2\/comments?post=5801"}],"version-history":[{"count":0,"href":"https:\/\/www.jphres.us.com\/index.php\/wp-json\/wp\/v2\/pages\/5801\/revisions"}],"wp:attachment":[{"href":"https:\/\/www.jphres.us.com\/index.php\/wp-json\/wp\/v2\/media?parent=5801"}],"curies":[{"name":"wp","href":"https:\/\/api.w.org\/{rel}","templated":true}]}}