{"id":5796,"date":"2023-03-28T00:54:21","date_gmt":"2023-03-27T22:54:21","guid":{"rendered":"https:\/\/www.jphres.org\/?p=5796"},"modified":"2023-04-02T14:11:42","modified_gmt":"2023-04-02T12:11:42","slug":"sociodemographic-and-clinical-factors-associated-with-cryptorchidism-in-live-births-in-brazil-a-20-year-analysis","status":"publish","type":"page","link":"https:\/\/www.jphres.us.com\/index.php\/jphres\/article\/view\/1850\/","title":{"rendered":"Sociodemographic and clinical factors associated with cryptorchidism in live births in Brazil: a 20-year analysis"},"content":{"rendered":"<div class=\"item doi\"><span class=\"value\"><a href=\"https:\/\/doi.org\/10.4081\/jphr.2021.1850\">https:\/\/doi.org\/10.4081\/jphr.2021.1850<\/a><\/span><\/div>\n<ul class=\"item authors\">\n<li><span class=\"name\"><strong>Diego Bessa Dantas<\/strong><br \/>\n<\/span><span class=\"affiliation\">School of Physiotherapy and Occupational Therapy, Federal University of Par\u00e1 (UFPA), Bel\u00e9m, Brazil.<\/span><span class=\"orcid\"><br \/>\n<a href=\"https:\/\/orcid.org\/0000-0003-2910-8974\" target=\"_blank\" rel=\"noopener\">https:\/\/orcid.org\/0000-0003-2910-8974<\/a><\/span><\/li>\n<li><span class=\"name\"><strong>Dionata da Costa<\/strong><br \/>\n<\/span><span class=\"affiliation\">School of Physiotherapy and Occupational Therapy, Federal University of Par\u00e1 (UFPA), Bel\u00e9m, Brazil.<\/span><span class=\"orcid\"><br \/>\n<a href=\"https:\/\/orcid.org\/0000-0003-0680-4360\" target=\"_blank\" rel=\"noopener\">https:\/\/orcid.org\/0000-0003-0680-4360<\/a><\/span><\/li>\n<li><span class=\"name\"><strong>Edila Andrade<\/strong><br \/>\n<\/span><span class=\"affiliation\">School of Physiotherapy and Occupational Therapy, Federal University of Par\u00e1 (UFPA), Bel\u00e9m, Brazil.<\/span><\/li>\n<li><span class=\"name\"><strong>Maria do Socorro Bastos<\/strong><br \/>\n<\/span><span class=\"affiliation\">School of Physiotherapy and Occupational Therapy, Federal University of Par\u00e1 (UFPA), Bel\u00e9m, Brazil.<\/span><span class=\"orcid\"><br \/>\n<a href=\"https:\/\/orcid.org\/0000-0001-6283-0446\" target=\"_blank\" rel=\"noopener\">https:\/\/orcid.org\/0000-0001-6283-0446<\/a><\/span><\/li>\n<li><span class=\"name\"><strong>Fabiana Gomes<\/strong><br \/>\n<\/span><span class=\"affiliation\">School of Medicine of S\u00e3o Jos\u00e9 do Rio Preto (FAMERP), S\u00e3o Jos\u00e9 do Rio Preto, Brazil.<\/span><\/li>\n<li><span class=\"name\"><strong>Jo\u00e3o Sim\u00e3o de Melo-Neto<\/strong><br \/>\n<\/span><span class=\"affiliation\">School of Physiotherapy and Occupational Therapy, Federal University of Par\u00e1 (UFPA), Bel\u00e9m, Brazil.<\/span><\/li>\n<\/ul>\n<div class=\"item abstract\">\n<h3 class=\"label\">ABSTRACT<\/h3>\n<p><em>Background<\/em>: Cryptorchidism is a congenital disorder that causes an irregularity in the permanent or temporary descent of one or both testicles. In Brazil, there are no comprehensive studies describing the association of demographic, social, and clinical characteristics in relation to cryptorchidism.<br \/>\n<em>Objectives<\/em>: This study aims to verify possible associations of clinical and sociodemographic characteristics in patients with cryptorchidism.<br \/>\n<em>Design and Methods<\/em>: An analytical, descriptive and retrospective study was carried out based on secondary data of 5,168 live births with cryptorchidism recorded in the Live Birth Information System (SINASC), Brazil from 1999 to 2018. The socio-demographic factors analyzed were the geographic region, age, education and marital status of the mothers. The clinical factors analyzed were the duration and type of pregnancy. The place of birth was also analyzed as a secondary outcome.<br \/>\n<em>Results<\/em>: This research analyzed all live births during the study period, in Brazil. The chance of cryptorchidism in the neonate is more common in women who become pregnant later (\u226530 years of age) and with a higher level of education (\u22658 years). The risk of cryptorchidism in relation to the federation units is higher in Para\u00edba, Pernambuco, Sergipe, S\u00e3o Paulo, and Santa Catarina. Regarding the clinical characteristics, the shorter pregnancies, which characterize premature births, are a risk for the appearance of cryptorchidism in the country.<br \/>\n<em>Conclusion<\/em>: Thus, in this study, we found that sociodemographic and clinical factors have specific characteristics that predict cryptorchidism in newborns in Brazil.<\/p>\n<h3 class=\"label\">REFERENCES<\/h3>\n<div class=\"value\">\n<p>Rodprasert W, Virtanen HE, M\u00e4kel\u00e4 J.A, Toppari J. Hypogonadism and cryptorchidism. Front Endocrinol 2020;10:906. DOI:\u00a0<a href=\"https:\/\/doi.org\/10.3389\/fendo.2019.00906\">https:\/\/doi.org\/10.3389\/fendo.2019.00906<\/a><\/p>\n<p>Huff DS, Fenig DM, Canning DA, et al. Abnormal germ cell development in cryptorchidism. Horm Res 2001;55:11-7. DOI:\u00a0<a href=\"https:\/\/doi.org\/10.1159\/000049957\">https:\/\/doi.org\/10.1159\/000049957<\/a><\/p>\n<p>Dong LH, Hildorf S, Clasen-Linde E, et al. Postnatal germ cell development in cryptorchid boys. Asian J Androl 2020;22:258-64. DOI:\u00a0<a href=\"https:\/\/doi.org\/10.4103\/aja.aja_48_19\">https:\/\/doi.org\/10.4103\/aja.aja_48_19<\/a><\/p>\n<p>Gurney JK, McGlynn KA, Stanley J, et al. Risk factors for cryptorchidism. Nat Rev Urol 2017;14:534-48. DOI:\u00a0<a href=\"https:\/\/doi.org\/10.1038\/nrurol.2017.90\">https:\/\/doi.org\/10.1038\/nrurol.2017.90<\/a><\/p>\n<p>Barthold JS, Reinhardt S, Thorup J. Genetic, Maternal, and environmental risk factors for cryptorchidism: An update. Eur J Pediatr Surg 2016;26:399-408. DOI:\u00a0<a href=\"https:\/\/doi.org\/10.1055\/s-0036-1592416\">https:\/\/doi.org\/10.1055\/s-0036-1592416<\/a><\/p>\n<p>Virtanen HE, Toppari J. Epidemiology and pathogenesis of cryptorchidism. Hum Reprod Update 2008;14:49-58. DOI:\u00a0<a href=\"https:\/\/doi.org\/10.1093\/humupd\/dmm027\">https:\/\/doi.org\/10.1093\/humupd\/dmm027<\/a><\/p>\n<p>D\u00e9sir\u00e9 AM, Buhendwa C, C\u00e9saire TMA, et al. Epidemiology, diagnosis and therapeutic approaches of cryptorchidism at the Panzi General Hospital, DR Congo: A 5-year retrospective study. Ethiop J Health Sci 2020;30:107-14.<\/p>\n<p>Cremonese C, Freire C, Meyer A, Koifman S. [Pesticide exposure and adverse pregnancy events, Southern Brazil, 1996-2000].[Article in Portuguese]. Cad Saude Publica 2012;28:1263-72. DOI:\u00a0<a href=\"https:\/\/doi.org\/10.1590\/S0102-311X2012000700005\">https:\/\/doi.org\/10.1590\/S0102-311X2012000700005<\/a><\/p>\n<p>Asmus CIRF, Camara VM, Landrigan PJ, Claudio LA. Systematic review of children&#8217;s environmental health in Brazil. Ann Global Health 2016;82:132-48. DOI:\u00a0<a href=\"https:\/\/doi.org\/10.1016\/j.aogh.2016.02.007\">https:\/\/doi.org\/10.1016\/j.aogh.2016.02.007<\/a><\/p>\n<p>Ministry of Health, Executive Secretariat. DATASUS, Health Information. Available from:\u00a0<a href=\"http:\/\/www2.datasus.gov.br\/DATASUS\/index.php?area=0205\">http:\/\/www2.datasus.gov.br\/DATASUS\/index.php?area=0205<\/a><\/p>\n<p>Pignati WA, Lima FANS, Lara SS, et al. [Spatial distribution of pesticide use in Brazil: a strategy for Health Surveillance].[Article in Portuguese, En]. Cien Saude Colet 2017;22:3281-93. DOI:\u00a0<a href=\"https:\/\/doi.org\/10.1590\/1413-812320172210.17742017\">https:\/\/doi.org\/10.1590\/1413-812320172210.17742017<\/a><\/p>\n<p>Domingues RMSM, Figueiredo VC, Leal MDC. Prevalence of pre-gestational and gestational smoking and factors associated with smoking cessation during pregnancy, Brazil, 2011-2012. PLoS One 2019;14:e0217397. DOI:\u00a0<a href=\"https:\/\/doi.org\/10.1371\/journal.pone.0217397\">https:\/\/doi.org\/10.1371\/journal.pone.0217397<\/a><\/p>\n<p>Russo F.B, Jungmann P, Beltr\u00e3o-Braga P.C.B. Zika infection and the development of neurological defects. Cell Microbiol 2017;19. doi: 10.1111\/cmi.12744\/<\/p>\n<p>De Vasconcelos RAL, Ximenes RAA, Calado AA, et al. Cryptorchidism in children with Zika-related microcephaly. Am J Trop Med Hyg 2020;102:982-4. DOI:\u00a0<a href=\"https:\/\/doi.org\/10.4269\/ajtmh.19-0753\">https:\/\/doi.org\/10.4269\/ajtmh.19-0753<\/a><\/p>\n<p>McGlynn KA, Graubard BI, Klebanoff MA, Longnecker MP. Risk factors for cryptorchidism among populations at differing risks of testicular cancer. Int J Epidemiol 2006;35:787-95. DOI:\u00a0<a href=\"https:\/\/doi.org\/10.1093\/ije\/dyl024\">https:\/\/doi.org\/10.1093\/ije\/dyl024<\/a><\/p>\n<p>Biney AAE, Nyarko P. Is a woman&#8217;s first pregnancy outcome related to her years of schooling? An assessment of women&#8217;s adolescent pregnancy outcomes and subsequent educational attainment in Ghana. Reprod Health 2017;14:123. DOI:\u00a0<a href=\"https:\/\/doi.org\/10.1186\/s12978-017-0378-2\">https:\/\/doi.org\/10.1186\/s12978-017-0378-2<\/a><\/p>\n<p>Hutson JM, Balic A, Nation T, Southwell B. Cryptorchidism. Semin Pediatr Surg 2010;19:215-24. DOI:\u00a0<a href=\"https:\/\/doi.org\/10.1053\/j.sempedsurg.2010.04.001\">https:\/\/doi.org\/10.1053\/j.sempedsurg.2010.04.001<\/a><\/p>\n<p>Timoteo F, Korkes F, Baccaglini W, Glina S. Bladder cancer trends and mortality in the Brazilian public health system. Int Braz J Urol 2020;46:224-33. DOI:\u00a0<a href=\"https:\/\/doi.org\/10.1590\/s1677-5538.ibju.2019.0198\">https:\/\/doi.org\/10.1590\/s1677-5538.ibju.2019.0198<\/a><\/p>\n<\/div>\n<\/div>\n","protected":false},"excerpt":{"rendered":"<p>https:\/\/doi.org\/10.4081\/jphr.2021.1850 Diego Bessa Dantas School of Physiotherapy and Occupational Therapy, Federal University of Par\u00e1 (UFPA), Bel\u00e9m, Brazil. https:\/\/orcid.org\/0000-0003-2910-8974 Dionata da Costa School of Physiotherapy and Occupational Therapy, Federal University of Par\u00e1 (UFPA), Bel\u00e9m, Brazil. https:\/\/orcid.org\/0000-0003-0680-4360 Edila Andrade School of Physiotherapy and Occupational Therapy, Federal University of Par\u00e1 (UFPA), Bel\u00e9m, Brazil. Maria do Socorro Bastos School &#8230; <a title=\"Sociodemographic and clinical factors associated with cryptorchidism in live births in Brazil: a 20-year analysis\" class=\"read-more\" href=\"https:\/\/www.jphres.us.com\/index.php\/jphres\/article\/view\/1850\/\" aria-label=\"More on Sociodemographic and clinical factors associated with cryptorchidism in live births in Brazil: a 20-year analysis\">Read more<\/a><\/p>\n","protected":false},"author":3,"featured_media":0,"parent":0,"menu_order":0,"comment_status":"open","ping_status":"open","template":"","meta":{"footnotes":""},"class_list":["post-5796","page","type-page","status-publish"],"yoast_head":"<!-- This site is optimized with the Yoast SEO plugin v27.2 - https:\/\/yoast.com\/product\/yoast-seo-wordpress\/ -->\n<title>Sociodemographic and clinical factors associated with cryptorchidism in live births in Brazil: a 20-year analysis - Journal of Public Health Research<\/title>\n<meta name=\"robots\" content=\"index, follow, max-snippet:-1, max-image-preview:large, max-video-preview:-1\" \/>\n<link rel=\"canonical\" href=\"https:\/\/www.jphres.us.com\/index.php\/jphres\/article\/view\/1850\/\" \/>\n<meta property=\"og:locale\" content=\"en_US\" \/>\n<meta property=\"og:type\" content=\"article\" \/>\n<meta property=\"og:title\" content=\"Sociodemographic and clinical factors associated with cryptorchidism in live births in Brazil: a 20-year analysis - Journal of Public Health Research\" \/>\n<meta property=\"og:description\" content=\"https:\/\/doi.org\/10.4081\/jphr.2021.1850 Diego Bessa Dantas School of Physiotherapy and Occupational Therapy, Federal University of Par\u00e1 (UFPA), Bel\u00e9m, Brazil. https:\/\/orcid.org\/0000-0003-2910-8974 Dionata da Costa School of Physiotherapy and Occupational Therapy, Federal University of Par\u00e1 (UFPA), Bel\u00e9m, Brazil. https:\/\/orcid.org\/0000-0003-0680-4360 Edila Andrade School of Physiotherapy and Occupational Therapy, Federal University of Par\u00e1 (UFPA), Bel\u00e9m, Brazil. Maria do Socorro Bastos School ... Read more\" \/>\n<meta property=\"og:url\" content=\"https:\/\/www.jphres.us.com\/index.php\/jphres\/article\/view\/1850\/\" \/>\n<meta property=\"og:site_name\" content=\"Journal of Public Health Research\" \/>\n<meta property=\"article:modified_time\" content=\"2023-04-02T12:11:42+00:00\" \/>\n<meta name=\"twitter:card\" content=\"summary_large_image\" \/>\n<meta name=\"twitter:label1\" content=\"Est. reading time\" \/>\n\t<meta name=\"twitter:data1\" content=\"4 minutes\" \/>\n<script type=\"application\/ld+json\" class=\"yoast-schema-graph\">{\"@context\":\"https:\/\/schema.org\",\"@graph\":[{\"@type\":\"WebPage\",\"@id\":\"https:\/\/www.jphres.us.com\/index.php\/jphres\/article\/view\/1850\/\",\"url\":\"https:\/\/www.jphres.us.com\/index.php\/jphres\/article\/view\/1850\/\",\"name\":\"Sociodemographic and clinical factors associated with cryptorchidism in live births in Brazil: a 20-year analysis - Journal of Public Health Research\",\"isPartOf\":{\"@id\":\"https:\/\/www.jphres.us.com\/#website\"},\"datePublished\":\"2023-03-27T22:54:21+00:00\",\"dateModified\":\"2023-04-02T12:11:42+00:00\",\"breadcrumb\":{\"@id\":\"https:\/\/www.jphres.us.com\/index.php\/jphres\/article\/view\/1850\/#breadcrumb\"},\"inLanguage\":\"en-US\",\"potentialAction\":[{\"@type\":\"ReadAction\",\"target\":[\"https:\/\/www.jphres.us.com\/index.php\/jphres\/article\/view\/1850\/\"]}]},{\"@type\":\"BreadcrumbList\",\"@id\":\"https:\/\/www.jphres.us.com\/index.php\/jphres\/article\/view\/1850\/#breadcrumb\",\"itemListElement\":[{\"@type\":\"ListItem\",\"position\":1,\"name\":\"Startseite\",\"item\":\"https:\/\/www.jphres.us.com\/\"},{\"@type\":\"ListItem\",\"position\":2,\"name\":\"Sociodemographic and clinical factors associated with cryptorchidism in live births in Brazil: a 20-year analysis\"}]},{\"@type\":\"WebSite\",\"@id\":\"https:\/\/www.jphres.us.com\/#website\",\"url\":\"https:\/\/www.jphres.us.com\/\",\"name\":\"Journal of Public Health Research\",\"description\":\"The Journal of Public Health Research is an online Open Access, peer-reviewed journal in the field of public health science. The scope of the journal is to stimulate debate and spreading of knowledge in this area in order to improve public health.\",\"publisher\":{\"@id\":\"https:\/\/www.jphres.us.com\/#organization\"},\"potentialAction\":[{\"@type\":\"SearchAction\",\"target\":{\"@type\":\"EntryPoint\",\"urlTemplate\":\"https:\/\/www.jphres.us.com\/?s={search_term_string}\"},\"query-input\":{\"@type\":\"PropertyValueSpecification\",\"valueRequired\":true,\"valueName\":\"search_term_string\"}}],\"inLanguage\":\"en-US\"},{\"@type\":\"Organization\",\"@id\":\"https:\/\/www.jphres.us.com\/#organization\",\"name\":\"Journal of Public Health Research\",\"url\":\"https:\/\/www.jphres.us.com\/\",\"logo\":{\"@type\":\"ImageObject\",\"inLanguage\":\"en-US\",\"@id\":\"https:\/\/www.jphres.us.com\/#\/schema\/logo\/image\/\",\"url\":\"https:\/\/www.jphres.us.com\/wp-content\/uploads\/2022\/10\/Favicon-JPHRES.png\",\"contentUrl\":\"https:\/\/www.jphres.us.com\/wp-content\/uploads\/2022\/10\/Favicon-JPHRES.png\",\"width\":150,\"height\":114,\"caption\":\"Journal of Public Health Research\"},\"image\":{\"@id\":\"https:\/\/www.jphres.us.com\/#\/schema\/logo\/image\/\"},\"sameAs\":[\"https:\/\/www.citefactor.org\/journal\/index\/5410\/journal-of-public-health-research#.ZD-hS-xBx3k\",\"https:\/\/www.scimagojr.com\/journalsearch.php?q=21100790524&amp;amp;tip=sid&amp;amp;clean=0\"]}]}<\/script>\n<!-- \/ Yoast SEO plugin. -->","yoast_head_json":{"title":"Sociodemographic and clinical factors associated with cryptorchidism in live births in Brazil: a 20-year analysis - Journal of Public Health Research","robots":{"index":"index","follow":"follow","max-snippet":"max-snippet:-1","max-image-preview":"max-image-preview:large","max-video-preview":"max-video-preview:-1"},"canonical":"https:\/\/www.jphres.us.com\/index.php\/jphres\/article\/view\/1850\/","og_locale":"en_US","og_type":"article","og_title":"Sociodemographic and clinical factors associated with cryptorchidism in live births in Brazil: a 20-year analysis - Journal of Public Health Research","og_description":"https:\/\/doi.org\/10.4081\/jphr.2021.1850 Diego Bessa Dantas School of Physiotherapy and Occupational Therapy, Federal University of Par\u00e1 (UFPA), Bel\u00e9m, Brazil. https:\/\/orcid.org\/0000-0003-2910-8974 Dionata da Costa School of Physiotherapy and Occupational Therapy, Federal University of Par\u00e1 (UFPA), Bel\u00e9m, Brazil. https:\/\/orcid.org\/0000-0003-0680-4360 Edila Andrade School of Physiotherapy and Occupational Therapy, Federal University of Par\u00e1 (UFPA), Bel\u00e9m, Brazil. Maria do Socorro Bastos School ... Read more","og_url":"https:\/\/www.jphres.us.com\/index.php\/jphres\/article\/view\/1850\/","og_site_name":"Journal of Public Health Research","article_modified_time":"2023-04-02T12:11:42+00:00","twitter_card":"summary_large_image","twitter_misc":{"Est. reading time":"4 minutes"},"schema":{"@context":"https:\/\/schema.org","@graph":[{"@type":"WebPage","@id":"https:\/\/www.jphres.us.com\/index.php\/jphres\/article\/view\/1850\/","url":"https:\/\/www.jphres.us.com\/index.php\/jphres\/article\/view\/1850\/","name":"Sociodemographic and clinical factors associated with cryptorchidism in live births in Brazil: a 20-year analysis - Journal of Public Health Research","isPartOf":{"@id":"https:\/\/www.jphres.us.com\/#website"},"datePublished":"2023-03-27T22:54:21+00:00","dateModified":"2023-04-02T12:11:42+00:00","breadcrumb":{"@id":"https:\/\/www.jphres.us.com\/index.php\/jphres\/article\/view\/1850\/#breadcrumb"},"inLanguage":"en-US","potentialAction":[{"@type":"ReadAction","target":["https:\/\/www.jphres.us.com\/index.php\/jphres\/article\/view\/1850\/"]}]},{"@type":"BreadcrumbList","@id":"https:\/\/www.jphres.us.com\/index.php\/jphres\/article\/view\/1850\/#breadcrumb","itemListElement":[{"@type":"ListItem","position":1,"name":"Startseite","item":"https:\/\/www.jphres.us.com\/"},{"@type":"ListItem","position":2,"name":"Sociodemographic and clinical factors associated with cryptorchidism in live births in Brazil: a 20-year analysis"}]},{"@type":"WebSite","@id":"https:\/\/www.jphres.us.com\/#website","url":"https:\/\/www.jphres.us.com\/","name":"Journal of Public Health Research","description":"The Journal of Public Health Research is an online Open Access, peer-reviewed journal in the field of public health science. The scope of the journal is to stimulate debate and spreading of knowledge in this area in order to improve public health.","publisher":{"@id":"https:\/\/www.jphres.us.com\/#organization"},"potentialAction":[{"@type":"SearchAction","target":{"@type":"EntryPoint","urlTemplate":"https:\/\/www.jphres.us.com\/?s={search_term_string}"},"query-input":{"@type":"PropertyValueSpecification","valueRequired":true,"valueName":"search_term_string"}}],"inLanguage":"en-US"},{"@type":"Organization","@id":"https:\/\/www.jphres.us.com\/#organization","name":"Journal of Public Health Research","url":"https:\/\/www.jphres.us.com\/","logo":{"@type":"ImageObject","inLanguage":"en-US","@id":"https:\/\/www.jphres.us.com\/#\/schema\/logo\/image\/","url":"https:\/\/www.jphres.us.com\/wp-content\/uploads\/2022\/10\/Favicon-JPHRES.png","contentUrl":"https:\/\/www.jphres.us.com\/wp-content\/uploads\/2022\/10\/Favicon-JPHRES.png","width":150,"height":114,"caption":"Journal of Public Health Research"},"image":{"@id":"https:\/\/www.jphres.us.com\/#\/schema\/logo\/image\/"},"sameAs":["https:\/\/www.citefactor.org\/journal\/index\/5410\/journal-of-public-health-research#.ZD-hS-xBx3k","https:\/\/www.scimagojr.com\/journalsearch.php?q=21100790524&amp;amp;tip=sid&amp;amp;clean=0"]}]}},"_links":{"self":[{"href":"https:\/\/www.jphres.us.com\/index.php\/wp-json\/wp\/v2\/pages\/5796","targetHints":{"allow":["GET"]}}],"collection":[{"href":"https:\/\/www.jphres.us.com\/index.php\/wp-json\/wp\/v2\/pages"}],"about":[{"href":"https:\/\/www.jphres.us.com\/index.php\/wp-json\/wp\/v2\/types\/page"}],"author":[{"embeddable":true,"href":"https:\/\/www.jphres.us.com\/index.php\/wp-json\/wp\/v2\/users\/3"}],"replies":[{"embeddable":true,"href":"https:\/\/www.jphres.us.com\/index.php\/wp-json\/wp\/v2\/comments?post=5796"}],"version-history":[{"count":0,"href":"https:\/\/www.jphres.us.com\/index.php\/wp-json\/wp\/v2\/pages\/5796\/revisions"}],"wp:attachment":[{"href":"https:\/\/www.jphres.us.com\/index.php\/wp-json\/wp\/v2\/media?parent=5796"}],"curies":[{"name":"wp","href":"https:\/\/api.w.org\/{rel}","templated":true}]}}