{"id":5780,"date":"2023-03-27T13:12:03","date_gmt":"2023-03-27T11:12:03","guid":{"rendered":"https:\/\/www.jphres.org\/?p=5780"},"modified":"2023-04-02T14:16:01","modified_gmt":"2023-04-02T12:16:01","slug":"effectiveness-health-education-and-infant-therapeutic-group-therapy-on-baby-aged-0-6-months-to-prevent-stunting-risk-factors-mother-depression","status":"publish","type":"page","link":"https:\/\/www.jphres.us.com\/index.php\/jphres\/article\/view\/2740\/","title":{"rendered":"Effectiveness health education and infant therapeutic group therapy on baby aged 0-6 months to prevent stunting risk factors: mother depression"},"content":{"rendered":"<div class=\"item doi\"><span class=\"value\"><a href=\"https:\/\/doi.org\/10.4081\/jphr.2021.2740\">https:\/\/doi.org\/10.4081\/jphr.2021.2740<\/a><\/span><\/div>\n<ul class=\"item authors\">\n<li><span class=\"name\"><strong>Wita Oktaviana<\/strong><br \/>\n<\/span><span class=\"affiliation\">Faculty of Nursing, Universitas Indonesia, Depok, West Java, Indonesia.<\/span><span class=\"orcid\"><br \/>\n<a href=\"https:\/\/orcid.org\/0000-0002-8811-5042\" target=\"_blank\" rel=\"noopener\">https:\/\/orcid.org\/0000-0002-8811-5042<\/a><\/span><\/li>\n<li><span class=\"name\"><strong>Budi Anna Keliat<\/strong><br \/>\n<a href=\"https:\/\/orcid.org\/0000-0003-1103-5404\" target=\"_blank\" rel=\"noopener\">https:\/\/orcid.org\/0000-0003-1103-5404<\/a><\/span><\/li>\n<li><span class=\"name\"><strong>Ice Yulia Wardani<\/strong><br \/>\n<\/span><span class=\"affiliation\">Department of Mental Health Nursing, Faculty of Nursing, Universitas Indonesia, Depok, West Java, Indonesia.<\/span><\/li>\n<li><span class=\"name\"><strong>Adella Pratiwi<\/strong><br \/>\n<\/span><span class=\"affiliation\">Faculty of Nursing, Universitas Indonesia, Depok, West Java, Indonesia.<\/span><\/li>\n<\/ul>\n<h3 class=\"label\">ABSTRACT<\/h3>\n<p><em>Background:<\/em>\u00a0Stunting is a global and national problem that can be detected at the age of 2. Therefore, before this age, promotion efforts must be conducted to prevent stunting risk factors in the future. This study aims to determine the effect of health education and infant&#8217;s Therapeutic Group Therapy on stunting&#8217;s risk factor: maternal postpartum depression in Indonesia.<br \/>\n<em><br \/>\nDesign and Methods:<\/em>\u00a0This study employed a quasi-experimental design with a pre-test and post-test with a control group. This study employed a purposive sampling technique, with 96 respondents divided into two groups. Intervention group 1 consisted of 48 people who received health education, and group 2 consisted of 48 people who received health education and infant&#8217;s Therapeutic Group Therapy. The data were collected using the Depression Inventory-II (DI II) questionnaire with a bivariate analysis of the Wilcoxon test and frequency distribution.<br \/>\n<em><br \/>\nResults:<strong>\u00a0<\/strong><\/em>The results show that health education and infant&#8217;s Therapeutic Group Therapy significantly influence the risky factors in stunting: maternal depression. It can be concluded that there were significant changes in maternal postpartum depression in intervention group 1 and intervention group 2, but in intervention group 2 who got Health Promotion and Therapeutic Group Therapy (TKT) for Infants there was a bigger and more significant decrease.<br \/>\n<em><br \/>\nConclusions:<\/em>\u00a0Nursing action, infants&#8217; Therapeutic Group Therapy, and health education are recommended to prevent risk factors for stunting: mother depression. The results of this study are expected to underlie the development of mental health promotion to prevent stunted against maternal depression and preventive programs. In addition, the research is expected to underly provision of curative and rehabilitative programs for stunted.<\/p>\n<article class=\"obj_article_details\">\n<div class=\"row\">\n<div class=\"main_entry\">\n<div class=\"item references\">\n<h3 class=\"label\">REFERENCES<\/h3>\n<div class=\"value\">\n<p>Townsend CM. Essentials of psychiatric mental health nursing: Concepts of care in evidence-based practice. 6th Ed. Philadelphia: F.A. Davis Company; 2013.<\/p>\n<p>Ministry of Health, Republic of Indonesia. [Laporan nasional riset kesehatan dasar (RISKESDAS) 2018 (Basic health research national report 2018)].[in Indonesian]. Jakarta: Ministry of Health; 2018. Available from:\u00a0<a href=\"http:\/\/labdata.litbang.kemkes.go.id\/images\/download\/laporan\/RKD\/2018\/Laporan_Nasional_RKD2018_FINAL.pdf\">http:\/\/labdata.litbang.kemkes.go.id\/images\/download\/laporan\/RKD\/2018\/Laporan_Nasional_RKD2018_FINAL.pdf<\/a><\/p>\n<p>World Health Organization. Global nutrition targets 2025: policy brief series. 2014. Available from:\u00a0<a href=\"https:\/\/www.who.int\/publications\/i\/item\/WHO-NMH-NHD-14.2\">https:\/\/www.who.int\/publications\/i\/item\/WHO-NMH-NHD-14.2<\/a><\/p>\n<p>Ministry of Health, Republic of Indonesia. [Laporan nasional riset kesehatan dasar (RISKESDAS) 2013 (Basic health research national report 2013)].[in Indonesian]. Jakarta: Ministry of Health; 2013. Available from:\u00a0<a href=\"http:\/\/labdata.litbang.kemkes.go.id\/images\/download\/laporan\/RKD\/2013\/Laporan_riskesdas_2013_final.pdf\">http:\/\/labdata.litbang.kemkes.go.id\/images\/download\/laporan\/RKD\/2013\/Laporan_riskesdas_2013_final.pdf<\/a><\/p>\n<p>Apriluana G, Fikawati S. [Analisis faktor-faktor risiko terhadap kejadian stunting pada balita (0-59 bulan) di negara berkembang dan asia tenggara (Analysis of risk factors for stunting among children 0-59 months in developing countries and Southeast Asia)].[Article in Indonesian]. Health Research and Development Media 2018;8:247\u201356. DOI:\u00a0<a href=\"https:\/\/doi.org\/10.22435\/mpk.v28i4.472\">https:\/\/doi.org\/10.22435\/mpk.v28i4.472<\/a><\/p>\n<p>Giyaningtyas IJ, Hamid AYS, Daulima NHC. Holistic response of mother as caregiver in treating stunting. Pak J Med Health Sci 2019;13:928\u201332.<\/p>\n<p>Laksono AD, Ibad M, Mursita A, et al. Characteristics of mother as predictors of stunting in toddler. Pak J Nutr 2019;18:1101\u20136. DOI:\u00a0<a href=\"https:\/\/doi.org\/10.3923\/pjn.2019.1101.1106\">https:\/\/doi.org\/10.3923\/pjn.2019.1101.1106<\/a><\/p>\n<p>Kominiarek MA, Rajan P. Nutrition recommendations in pregnancy and lactation. Med Clin North Am 2016;100:1199\u2013215. DOI:\u00a0<a href=\"https:\/\/doi.org\/10.1016\/j.mcna.2016.06.004\">https:\/\/doi.org\/10.1016\/j.mcna.2016.06.004<\/a><\/p>\n<p>Wemakor A, Mensah KA. Association between maternal depression and child stunting in North Ghana: a cross-sectional study. BMC Public Health 2016;16:869. DOI:\u00a0<a href=\"https:\/\/doi.org\/10.1186\/s12889-016-3558-z\">https:\/\/doi.org\/10.1186\/s12889-016-3558-z<\/a><\/p>\n<p>Ministry of Health, Republic of Indonesia. [Situasi kesehatan reproduksi remaja (Adolescent reproductive health situation)].[in Indonesian]. Jakarta: Ministry of Health; 2015.<\/p>\n<p>Kusuma R, Keliat BA, Afiyanti Y, Martha E. [The effectiveness of Ratu\u2019s postpartum depression prevention model towards the prevention of postpartum depression].[Dissertation in Indonesian]. Depok: Universitas Indonesia; 2017. Available from:\u00a0<a href=\"http:\/\/www.lontar.ui.ac.id\/detail?id=20454026&amp;lokasi=lokal\">http:\/\/www.lontar.ui.ac.id\/detail?id=20454026&amp;lokasi=lokal<\/a><\/p>\n<p>Bennett AM, Schott W, Krutikova S, Behrman JR. Maternal mental health, and child growth and development, in four low-income and middle-income countries. J Epidemiol Community Health 2016;70:168\u201373. DOI:\u00a0<a href=\"https:\/\/doi.org\/10.1136\/jech-2014-205311\">https:\/\/doi.org\/10.1136\/jech-2014-205311<\/a><\/p>\n<p>Ministry of Health of the Republic of Indonesia, National Planning and Development Agency, Social Ministry of the Republic of Indonesia. [Modul Kesehatan &amp; Gizi Pertemuan Peningkatan Kemampuan Keluarga (P2K2) Program Keluarga Harapan (PKH) (Health &amp; Nutrition Module Family Capacity Building Meeting (P2K2) Family Hope Program (PKH)].[in Indonesian]. Jakarta: Ministry of Social Family\u2019s Hope Program; 2018. Available from:\u00a0https:\/\/pkh.kemensos.go.id\/dokumen\/DOCS20181010110059.pdf<\/p>\n<p>Restiana N, Keliat BA, Gayatri D, Daulima NHC. [Pengaruh terapi kelompok terapeutik terhadap kemampuan ibu dalam menstimulasi rasa percaya bayi di Kelurahan Mulyasari Kota Tasikmalaya (The effect of therapeutic group therapy on the mother&#8217;s ability to stimulate the baby&#8217;s confidence in Mulyasari Village, Tasikmalaya City)].[Thesis in Indonesian]. Depok: Universitas Indonesia; 2010.<\/p>\n<p>Soeli YM, Keliat BA, Ungsianik T. [Terapi kelompok terapeutik dalam meningkatkan kemampuan ibu, bayi dan rasa percaya bayi (Therapeutic group therapy in increasing the ability of mother, baby and baby&#8217;s confidence)].[Article in Indonesian]. Jurnal Keperawatan Indonesia 2017;20:195\u2013204. DOI:\u00a0<a href=\"https:\/\/doi.org\/10.7454\/jki.v20i3.364\">https:\/\/doi.org\/10.7454\/jki.v20i3.364<\/a><\/p>\n<p>Kusuma R, Keliat BA, Afiyanti Y, Martha E. The Ratu&#8217;s model: a prevention model of postpartum depression. Enferm Clin 2019;29:70\u20133. DOI:\u00a0<a href=\"https:\/\/doi.org\/10.1016\/j.enfcli.2018.11.023\">https:\/\/doi.org\/10.1016\/j.enfcli.2018.11.023<\/a><\/p>\n<p>Binda V, Figueroa-Leigh F, Olhaberry M. Antenatal and postnatal depressive symptoms: association with quality of mother\u2013infant interaction. Infant Behav Dev 2019;57:101386. DOI:\u00a0<a href=\"https:\/\/doi.org\/10.1016\/j.infbeh.2019.101386\">https:\/\/doi.org\/10.1016\/j.infbeh.2019.101386<\/a><\/p>\n<p>Fellmeth G, Opondo C, Henderson J, et al. Identifying postnatal depression: comparison of a self-reported depression item with Edinburgh Postnatal Depression Scale scores at three months postpartum. J Affect Disord 2019;251:8\u201314. DOI:\u00a0<a href=\"https:\/\/doi.org\/10.1016\/j.jad.2019.03.002\">https:\/\/doi.org\/10.1016\/j.jad.2019.03.002<\/a><\/p>\n<p>Tak\u00e1cs L, Smol\u00edk F, Ka\u017amierczak M, Putnam SP. Early infant temperament shapes the nature of mother-infant bonding in the first postpartum year. Infant Behav Dev 2020;58:101428. DOI:\u00a0<a href=\"https:\/\/doi.org\/10.1016\/j.infbeh.2020.101428\">https:\/\/doi.org\/10.1016\/j.infbeh.2020.101428<\/a><\/p>\n<\/div>\n<\/div>\n<\/div>\n<\/div>\n<\/article>\n","protected":false},"excerpt":{"rendered":"<p>https:\/\/doi.org\/10.4081\/jphr.2021.2740 Wita Oktaviana Faculty of Nursing, Universitas Indonesia, Depok, West Java, Indonesia. https:\/\/orcid.org\/0000-0002-8811-5042 Budi Anna Keliat https:\/\/orcid.org\/0000-0003-1103-5404 Ice Yulia Wardani Department of Mental Health Nursing, Faculty of Nursing, Universitas Indonesia, Depok, West Java, Indonesia. Adella Pratiwi Faculty of Nursing, Universitas Indonesia, Depok, West Java, Indonesia. ABSTRACT Background:\u00a0Stunting is a global and national problem that can &#8230; <a title=\"Effectiveness health education and infant therapeutic group therapy on baby aged 0-6 months to prevent stunting risk factors: mother depression\" class=\"read-more\" href=\"https:\/\/www.jphres.us.com\/index.php\/jphres\/article\/view\/2740\/\" aria-label=\"More on Effectiveness health education and infant therapeutic group therapy on baby aged 0-6 months to prevent stunting risk factors: mother depression\">Read more<\/a><\/p>\n","protected":false},"author":3,"featured_media":0,"parent":0,"menu_order":0,"comment_status":"open","ping_status":"open","template":"","meta":{"footnotes":""},"class_list":["post-5780","page","type-page","status-publish"],"yoast_head":"<!-- This site is optimized with the Yoast SEO plugin v27.2 - https:\/\/yoast.com\/product\/yoast-seo-wordpress\/ -->\n<title>Effectiveness health education and infant therapeutic group therapy on baby aged 0-6 months to prevent stunting risk factors: mother depression - Journal of Public Health Research<\/title>\n<meta name=\"robots\" content=\"index, follow, max-snippet:-1, max-image-preview:large, max-video-preview:-1\" \/>\n<link rel=\"canonical\" href=\"https:\/\/www.jphres.us.com\/index.php\/jphres\/article\/view\/2740\/\" \/>\n<meta property=\"og:locale\" content=\"en_US\" \/>\n<meta property=\"og:type\" content=\"article\" \/>\n<meta property=\"og:title\" content=\"Effectiveness health education and infant therapeutic group therapy on baby aged 0-6 months to prevent stunting risk factors: mother depression - Journal of Public Health Research\" \/>\n<meta property=\"og:description\" content=\"https:\/\/doi.org\/10.4081\/jphr.2021.2740 Wita Oktaviana Faculty of Nursing, Universitas Indonesia, Depok, West Java, Indonesia. https:\/\/orcid.org\/0000-0002-8811-5042 Budi Anna Keliat https:\/\/orcid.org\/0000-0003-1103-5404 Ice Yulia Wardani Department of Mental Health Nursing, Faculty of Nursing, Universitas Indonesia, Depok, West Java, Indonesia. Adella Pratiwi Faculty of Nursing, Universitas Indonesia, Depok, West Java, Indonesia. ABSTRACT Background:\u00a0Stunting is a global and national problem that can ... Read more\" \/>\n<meta property=\"og:url\" content=\"https:\/\/www.jphres.us.com\/index.php\/jphres\/article\/view\/2740\/\" \/>\n<meta property=\"og:site_name\" content=\"Journal of Public Health Research\" \/>\n<meta property=\"article:modified_time\" content=\"2023-04-02T12:16:01+00:00\" \/>\n<meta name=\"twitter:card\" content=\"summary_large_image\" \/>\n<meta name=\"twitter:label1\" content=\"Est. reading time\" \/>\n\t<meta name=\"twitter:data1\" content=\"5 minutes\" \/>\n<script type=\"application\/ld+json\" class=\"yoast-schema-graph\">{\"@context\":\"https:\/\/schema.org\",\"@graph\":[{\"@type\":\"WebPage\",\"@id\":\"https:\/\/www.jphres.us.com\/index.php\/jphres\/article\/view\/2740\/\",\"url\":\"https:\/\/www.jphres.us.com\/index.php\/jphres\/article\/view\/2740\/\",\"name\":\"Effectiveness health education and infant therapeutic group therapy on baby aged 0-6 months to prevent stunting risk factors: mother depression - Journal of Public Health Research\",\"isPartOf\":{\"@id\":\"https:\/\/www.jphres.us.com\/#website\"},\"datePublished\":\"2023-03-27T11:12:03+00:00\",\"dateModified\":\"2023-04-02T12:16:01+00:00\",\"breadcrumb\":{\"@id\":\"https:\/\/www.jphres.us.com\/index.php\/jphres\/article\/view\/2740\/#breadcrumb\"},\"inLanguage\":\"en-US\",\"potentialAction\":[{\"@type\":\"ReadAction\",\"target\":[\"https:\/\/www.jphres.us.com\/index.php\/jphres\/article\/view\/2740\/\"]}]},{\"@type\":\"BreadcrumbList\",\"@id\":\"https:\/\/www.jphres.us.com\/index.php\/jphres\/article\/view\/2740\/#breadcrumb\",\"itemListElement\":[{\"@type\":\"ListItem\",\"position\":1,\"name\":\"Startseite\",\"item\":\"https:\/\/www.jphres.us.com\/\"},{\"@type\":\"ListItem\",\"position\":2,\"name\":\"Effectiveness health education and infant therapeutic group therapy on baby aged 0-6 months to prevent stunting risk factors: mother depression\"}]},{\"@type\":\"WebSite\",\"@id\":\"https:\/\/www.jphres.us.com\/#website\",\"url\":\"https:\/\/www.jphres.us.com\/\",\"name\":\"Journal of Public Health Research\",\"description\":\"The Journal of Public Health Research is an online Open Access, peer-reviewed journal in the field of public health science. The scope of the journal is to stimulate debate and spreading of knowledge in this area in order to improve public health.\",\"publisher\":{\"@id\":\"https:\/\/www.jphres.us.com\/#organization\"},\"potentialAction\":[{\"@type\":\"SearchAction\",\"target\":{\"@type\":\"EntryPoint\",\"urlTemplate\":\"https:\/\/www.jphres.us.com\/?s={search_term_string}\"},\"query-input\":{\"@type\":\"PropertyValueSpecification\",\"valueRequired\":true,\"valueName\":\"search_term_string\"}}],\"inLanguage\":\"en-US\"},{\"@type\":\"Organization\",\"@id\":\"https:\/\/www.jphres.us.com\/#organization\",\"name\":\"Journal of Public Health Research\",\"url\":\"https:\/\/www.jphres.us.com\/\",\"logo\":{\"@type\":\"ImageObject\",\"inLanguage\":\"en-US\",\"@id\":\"https:\/\/www.jphres.us.com\/#\/schema\/logo\/image\/\",\"url\":\"https:\/\/www.jphres.us.com\/wp-content\/uploads\/2022\/10\/Favicon-JPHRES.png\",\"contentUrl\":\"https:\/\/www.jphres.us.com\/wp-content\/uploads\/2022\/10\/Favicon-JPHRES.png\",\"width\":150,\"height\":114,\"caption\":\"Journal of Public Health Research\"},\"image\":{\"@id\":\"https:\/\/www.jphres.us.com\/#\/schema\/logo\/image\/\"},\"sameAs\":[\"https:\/\/www.citefactor.org\/journal\/index\/5410\/journal-of-public-health-research#.ZD-hS-xBx3k\",\"https:\/\/www.scimagojr.com\/journalsearch.php?q=21100790524&amp;amp;tip=sid&amp;amp;clean=0\"]}]}<\/script>\n<!-- \/ Yoast SEO plugin. -->","yoast_head_json":{"title":"Effectiveness health education and infant therapeutic group therapy on baby aged 0-6 months to prevent stunting risk factors: mother depression - Journal of Public Health Research","robots":{"index":"index","follow":"follow","max-snippet":"max-snippet:-1","max-image-preview":"max-image-preview:large","max-video-preview":"max-video-preview:-1"},"canonical":"https:\/\/www.jphres.us.com\/index.php\/jphres\/article\/view\/2740\/","og_locale":"en_US","og_type":"article","og_title":"Effectiveness health education and infant therapeutic group therapy on baby aged 0-6 months to prevent stunting risk factors: mother depression - Journal of Public Health Research","og_description":"https:\/\/doi.org\/10.4081\/jphr.2021.2740 Wita Oktaviana Faculty of Nursing, Universitas Indonesia, Depok, West Java, Indonesia. https:\/\/orcid.org\/0000-0002-8811-5042 Budi Anna Keliat https:\/\/orcid.org\/0000-0003-1103-5404 Ice Yulia Wardani Department of Mental Health Nursing, Faculty of Nursing, Universitas Indonesia, Depok, West Java, Indonesia. Adella Pratiwi Faculty of Nursing, Universitas Indonesia, Depok, West Java, Indonesia. ABSTRACT Background:\u00a0Stunting is a global and national problem that can ... Read more","og_url":"https:\/\/www.jphres.us.com\/index.php\/jphres\/article\/view\/2740\/","og_site_name":"Journal of Public Health Research","article_modified_time":"2023-04-02T12:16:01+00:00","twitter_card":"summary_large_image","twitter_misc":{"Est. reading time":"5 minutes"},"schema":{"@context":"https:\/\/schema.org","@graph":[{"@type":"WebPage","@id":"https:\/\/www.jphres.us.com\/index.php\/jphres\/article\/view\/2740\/","url":"https:\/\/www.jphres.us.com\/index.php\/jphres\/article\/view\/2740\/","name":"Effectiveness health education and infant therapeutic group therapy on baby aged 0-6 months to prevent stunting risk factors: mother depression - Journal of Public Health Research","isPartOf":{"@id":"https:\/\/www.jphres.us.com\/#website"},"datePublished":"2023-03-27T11:12:03+00:00","dateModified":"2023-04-02T12:16:01+00:00","breadcrumb":{"@id":"https:\/\/www.jphres.us.com\/index.php\/jphres\/article\/view\/2740\/#breadcrumb"},"inLanguage":"en-US","potentialAction":[{"@type":"ReadAction","target":["https:\/\/www.jphres.us.com\/index.php\/jphres\/article\/view\/2740\/"]}]},{"@type":"BreadcrumbList","@id":"https:\/\/www.jphres.us.com\/index.php\/jphres\/article\/view\/2740\/#breadcrumb","itemListElement":[{"@type":"ListItem","position":1,"name":"Startseite","item":"https:\/\/www.jphres.us.com\/"},{"@type":"ListItem","position":2,"name":"Effectiveness health education and infant therapeutic group therapy on baby aged 0-6 months to prevent stunting risk factors: mother depression"}]},{"@type":"WebSite","@id":"https:\/\/www.jphres.us.com\/#website","url":"https:\/\/www.jphres.us.com\/","name":"Journal of Public Health Research","description":"The Journal of Public Health Research is an online Open Access, peer-reviewed journal in the field of public health science. The scope of the journal is to stimulate debate and spreading of knowledge in this area in order to improve public health.","publisher":{"@id":"https:\/\/www.jphres.us.com\/#organization"},"potentialAction":[{"@type":"SearchAction","target":{"@type":"EntryPoint","urlTemplate":"https:\/\/www.jphres.us.com\/?s={search_term_string}"},"query-input":{"@type":"PropertyValueSpecification","valueRequired":true,"valueName":"search_term_string"}}],"inLanguage":"en-US"},{"@type":"Organization","@id":"https:\/\/www.jphres.us.com\/#organization","name":"Journal of Public Health Research","url":"https:\/\/www.jphres.us.com\/","logo":{"@type":"ImageObject","inLanguage":"en-US","@id":"https:\/\/www.jphres.us.com\/#\/schema\/logo\/image\/","url":"https:\/\/www.jphres.us.com\/wp-content\/uploads\/2022\/10\/Favicon-JPHRES.png","contentUrl":"https:\/\/www.jphres.us.com\/wp-content\/uploads\/2022\/10\/Favicon-JPHRES.png","width":150,"height":114,"caption":"Journal of Public Health Research"},"image":{"@id":"https:\/\/www.jphres.us.com\/#\/schema\/logo\/image\/"},"sameAs":["https:\/\/www.citefactor.org\/journal\/index\/5410\/journal-of-public-health-research#.ZD-hS-xBx3k","https:\/\/www.scimagojr.com\/journalsearch.php?q=21100790524&amp;amp;tip=sid&amp;amp;clean=0"]}]}},"_links":{"self":[{"href":"https:\/\/www.jphres.us.com\/index.php\/wp-json\/wp\/v2\/pages\/5780","targetHints":{"allow":["GET"]}}],"collection":[{"href":"https:\/\/www.jphres.us.com\/index.php\/wp-json\/wp\/v2\/pages"}],"about":[{"href":"https:\/\/www.jphres.us.com\/index.php\/wp-json\/wp\/v2\/types\/page"}],"author":[{"embeddable":true,"href":"https:\/\/www.jphres.us.com\/index.php\/wp-json\/wp\/v2\/users\/3"}],"replies":[{"embeddable":true,"href":"https:\/\/www.jphres.us.com\/index.php\/wp-json\/wp\/v2\/comments?post=5780"}],"version-history":[{"count":0,"href":"https:\/\/www.jphres.us.com\/index.php\/wp-json\/wp\/v2\/pages\/5780\/revisions"}],"wp:attachment":[{"href":"https:\/\/www.jphres.us.com\/index.php\/wp-json\/wp\/v2\/media?parent=5780"}],"curies":[{"name":"wp","href":"https:\/\/api.w.org\/{rel}","templated":true}]}}