{"id":5738,"date":"2023-03-27T19:46:41","date_gmt":"2023-03-27T17:46:41","guid":{"rendered":"https:\/\/www.jphres.org\/?p=5738"},"modified":"2023-04-06T10:20:28","modified_gmt":"2023-04-06T08:20:28","slug":"covid-19-related-knowledge-and-practice-and-barriers-that-hinder-adherence-to-preventive-measures-among-the-egyptian-community-an-epidemiological-study-in-upper-egypt","status":"publish","type":"page","link":"https:\/\/www.jphres.us.com\/index.php\/jphres\/article\/view\/1943\/","title":{"rendered":"COVID-19 related knowledge and practice and barriers that hinder adherence to preventive measures among the Egyptian community. An epidemiological study in Upper Egypt"},"content":{"rendered":"<div class=\"item doi\"><span class=\"type\">\u00a0<\/span><span class=\"value\"><a href=\"https:\/\/doi.org\/10.4081\/jphr.2021.1943\">https:\/\/doi.org\/10.4081\/jphr.2021.1943<\/a><\/span><\/div>\n<ul class=\"item authors\">\n<li><span class=\"name\"><strong>Rasha Abd Elhameed Ali<\/strong><br \/>\n<\/span><span class=\"affiliation\">Public Health and Community Medicine, Faculty of Medicine, Sohag University, Sohag, Egypt.<\/span><span class=\"orcid\"><br \/>\n<a href=\"https:\/\/orcid.org\/0000-0002-1113-0797\" target=\"_blank\" rel=\"noopener\">https:\/\/orcid.org\/0000-0002-1113-0797<\/a><\/span><\/li>\n<li><span class=\"name\"><strong>Alaa Ahmed Ghaleb<\/strong><br \/>\n<\/span><span class=\"affiliation\">Internal Medicine, Faculty of Medicine, Sohag University, Sohag, Egypt.<\/span><\/li>\n<li><span class=\"name\"><strong>Seham Ahmed Abokresha<\/strong><br \/>\n<\/span><span class=\"affiliation\">Public Health and Community Medicine, Faculty of Medicine, Sohag University, Sohag, Egypt.<\/span><\/li>\n<\/ul>\n<div class=\"item abstract\">\n<h3 class=\"label\">ABSTRACT<\/h3>\n<p><em>Background<\/em>: This study aims to assess COVID-19 related knowledge and practice among the Egyptians in Upper Egypt and to identify barriers that hinder adherence to these preventive measures.<br \/>\n<em><br \/>\nDesign and methods<\/em>: We conducted a cross-sectional study using a structured questionnaire. Data was collected from 21 to 30 August 2020,\u00a0<em>via<\/em>\u00a0both online survey and personal interviews using a non-probability self-nominated sample.<br \/>\n<em><br \/>\nResults<\/em>: A total of 731 participants completed the questionnaire. The mean age was 32.1\u00b1 2.1 and 64.3% were females. The main sources of knowledge were, Internet and Social Media followed by TV then family and friends. More than 96% of the respondents knew the origin, nature, the main symptoms, and the modes of transmission of COVID-19, however, 37.6% of them thought that COVID-19 patients must develop symptoms. 75.8% and 73.6% of the participants respectively covered their nose and mouth during sneezing and washed their hands regularly, 65.4% wore masks in crowded places, while only 31.1% and 30% of them respectively avoided touching their faces or shaking hands with friends. Knowledge and practice were positively correlated and both were linked to younger age and higher education and the female gender was also a predictor of better practice. The most common perceived barriers to adherence to preventive measures were feeling uncomfortable, forgetfulness then financial causes.<br \/>\n<em><br \/>\nConclusions<\/em>: the study subjects were aware of COVID-19 and its preventive measures however adherence to some of these measures was not prevalent amongst them, indicating an urgent need of addressing and targeting barriers that hinder adherence to COVID-19 preventive measures in the future policies to prevent the spread of COVID-19 in Egypt.<\/p>\n<h3 class=\"label\">REFERENCES<\/h3>\n<div class=\"value\">\n<p>Wu F, Zhao S, Yu B, et al. A new coronavirus associated with human respiratory disease in China. Nature 2020;579:265\u20139. DOI:\u00a0<a href=\"https:\/\/doi.org\/10.1038\/s41586-020-2008-3\">https:\/\/doi.org\/10.1038\/s41586-020-2008-3<\/a><\/p>\n<p>Zhou P, Yang X-L, Wang X-G, et al. A pneumonia outbreak associated with a new coronavirus of probable bat origin. Nature 2020;579:270\u20133. DOI:\u00a0<a href=\"https:\/\/doi.org\/10.1038\/s41586-020-2012-7\">https:\/\/doi.org\/10.1038\/s41586-020-2012-7<\/a><\/p>\n<p>WHO. Director-General\u2019s opening remarks at the media briefing on COVID-19 &#8211; 11 March 2020. Accessed: May 13, 2020. Available from\u00a0<a href=\"https:\/\/www.who.int\/director-general\/speeches\/detail\/who-director-general-s-opening-remarks-at-the-media-briefing-on-covid-19---11-march-2020\">https:\/\/www.who.int\/director-general\/speeches\/detail\/who-director-general-s-opening-remarks-at-the-media-briefing-on-covid-19&#8212;11-march-2020<\/a><\/p>\n<p>Chan JF, Kok KH, Zhu Z, et al. Genomic characterization of the 2019 novel human-pathogenic coronavirus isolated from a patient with atypical pneumonia after visiting Wuhan. Emerg. Microbes Infect 2020;9:221-36. DOI:\u00a0<a href=\"https:\/\/doi.org\/10.1080\/22221751.2020.1719902\">https:\/\/doi.org\/10.1080\/22221751.2020.1719902<\/a><\/p>\n<p>Holshue ML, DeBolt C, Lindquist S, et al. First case of 2019 novel coronavirus in the United States. N Engl J Med 2020;382:929-36. DOI:\u00a0<a href=\"https:\/\/doi.org\/10.1056\/NEJMoa2001191\">https:\/\/doi.org\/10.1056\/NEJMoa2001191<\/a><\/p>\n<p>Riou J, Althaus CL. Pattern of early human-to-human transmission of Wuhan 2019 novel coronavirus (2019-nCoV), December 2019 to January 2020. Euro Surveill 2020;25:2000058. DOI:\u00a0<a href=\"https:\/\/doi.org\/10.2807\/1560-7917.ES.2020.25.4.2000058\">https:\/\/doi.org\/10.2807\/1560-7917.ES.2020.25.4.2000058<\/a><\/p>\n<p>Chan JF, Yuan S, Kok K, et al. A familial cluster of pneumonia associated with the 2019 novel coronavirus indicating person-to-person transmission: a study of a family cluster. Lancet 2020;395:514-23. DOI:\u00a0<a href=\"https:\/\/doi.org\/10.1016\/S0140-6736(20)30154-9\">https:\/\/doi.org\/10.1016\/S0140-6736(20)30154-9<\/a><\/p>\n<p>Egypt Today [Internet]. PM: Egypt\u2019s coronavirus figures still within range. Accessed: April 17, 2020. Available from:\u00a0<a href=\"https:\/\/www.egypttoday.com\/Article\/1\/83291\/PM-Egypt%E2%80%99s-coronavirus-figures-still-within-range\">https:\/\/www.egypttoday.com\/Article\/1\/83291\/PM-Egypt%E2%80%99s-coronavirus-figures-still-within-range<\/a><\/p>\n<p>European Centre for Disease Prevention and Control [Internet]. COVID-19 situation update worldwide, as of 25 May 2020.<\/p>\n<p>Cowling BJ, Leung GM. Epidemiological research priorities for public health control of the ongoing global novel coronavirus (2019-nCoV) outbreak. Euro Surveill 2020;25:2000110.<\/p>\n<p>Chirwa GC. \u201cWho knows more, and why?\u201d Explaining socio economic related inequality in knowledge about HIV in Malawi. Sci African 2020;7:e00213. DOI:\u00a0<a href=\"https:\/\/doi.org\/10.1016\/j.sciaf.2019.e00213\">https:\/\/doi.org\/10.1016\/j.sciaf.2019.e00213<\/a><\/p>\n<p>Al-Hanawi MK, Angawi K, Alshareef N, et al. Knowledge, attitude and practice toward COVID-19 among the public in the Kingdom of Saudi Arabia: A cross-sectional study. Front Public Health 2020;8:217. DOI:\u00a0<a href=\"https:\/\/doi.org\/10.3389\/fpubh.2020.00217\">https:\/\/doi.org\/10.3389\/fpubh.2020.00217<\/a><\/p>\n<p>Dkhar SA, Quansar R, Saleem SM, Khan SM. Knowledge, attitude, and practices related to COVID\u201119 pandemic among social media users in J&amp;K, India. Indian J Public Health 2020;64:S205\u201110. DOI:\u00a0<a href=\"https:\/\/doi.org\/10.4103\/ijph.IJPH_469_20\">https:\/\/doi.org\/10.4103\/ijph.IJPH_469_20<\/a><\/p>\n<p>McFadden SM, Malik AA, Aguolu OG, et al. Perceptions of the adult US population regarding the novel coronavirus outbreak. PLoS One 2020;15:e0231808. DOI:\u00a0<a href=\"https:\/\/doi.org\/10.1371\/journal.pone.0231808\">https:\/\/doi.org\/10.1371\/journal.pone.0231808<\/a><\/p>\n<p>Cvetkovi\u0107 VM , Nikoli\u0107 N, Nenadi\u0107 UR, et al. Preparedness and preventive behaviors for a pandemic disaster caused by COVID-19 in Serbia. Int J Environ Res Public Health 2020;17:4124. DOI:\u00a0<a href=\"https:\/\/doi.org\/10.3390\/ijerph17114124\">https:\/\/doi.org\/10.3390\/ijerph17114124<\/a><\/p>\n<p>Abdelhafz AS, Mohammed Z, Ibrahim ME, et al. Knowledge, perceptions, and attitude of Egyptians towards the novel coronavirus disease (COVID\u201119). Journal of Community Health 2020;45:881-90. DOI:\u00a0<a href=\"https:\/\/doi.org\/10.1007\/s10900-020-00827-7\">https:\/\/doi.org\/10.1007\/s10900-020-00827-7<\/a><\/p>\n<p>Reuben RC, Danladi MM, Saleh DA, Ejembi PE. Knowledge, attitudes and practices towards COVID-19: An epidemiological survey in North-Central Nigeria. J Community Health 2020;7;1-14. [Epub ahead of print]. DOI:\u00a0<a href=\"https:\/\/doi.org\/10.1007\/s10900-020-00881-1\">https:\/\/doi.org\/10.1007\/s10900-020-00881-1<\/a><\/p>\n<p>Lau LL, Hung N, Go DJ, et al. Knowledge, attitudes and practices of COVID-19 among income-poor households in the Philippines: A cross-sectional study. J Glob Health 2020;10:011007. DOI:\u00a0<a href=\"https:\/\/doi.org\/10.7189\/jogh.10.011007\">https:\/\/doi.org\/10.7189\/jogh.10.011007<\/a><\/p>\n<p>Zhong BL, Luo W, Li HM, et al. Knowledge, attitudes, and practices towards COVID-19 among Chinese residents during the rapid rise period of the COVID-19 outbreak: A quick online cross-sectional survey. Int J Biol Sci 2020;16:1745-52. DOI:\u00a0<a href=\"https:\/\/doi.org\/10.7150\/ijbs.45221\">https:\/\/doi.org\/10.7150\/ijbs.45221<\/a><\/p>\n<p>WHO. Coronavirus disease (COVID-19) advice for the public. Accessed: April 1, 2020. Available from\u00a0https:\/\/www.who.int\/emergencies\/diseases\/novel-coronavirus-2019\/advice-for-public#:~:text=If%20COVID%2D19%20is%20spreading,Do%20it%20all<\/p>\n<p>Fricker RD. Sampling methods for web and e-mail surveys. In: N. Fielding, R.M. Lee, G. Blank, Editors. The Sage handbook of online research methods. London: SAGE Publication; 2008. p. 195-216. DOI:\u00a0<a href=\"https:\/\/doi.org\/10.4135\/9780857020055.n11\">https:\/\/doi.org\/10.4135\/9780857020055.n11<\/a><\/p>\n<p>Eysenbach G. Improving the Quality of Web Surveys: The Checklist for Reporting Results of Internet E-Surveys (CHERRIES). J Med Internet Res 2004;6:e34. DOI:\u00a0<a href=\"https:\/\/doi.org\/10.2196\/jmir.6.3.e34\">https:\/\/doi.org\/10.2196\/jmir.6.3.e34<\/a><\/p>\n<p>Worldometer [Internet]. COVID-19 corona virus pandemic. Available from:\u00a0<a href=\"https:\/\/www.worldometers.info\/coronavirus\/?utm_campaign=homeAdvegas1?\">https:\/\/www.worldometers.info\/coronavirus\/?utm_campaign=homeAdvegas1?<\/a><\/p>\n<p>Central Agency for Public Mobilization and Statistics [Internet]. [Population clock, Egypt now].[in Arabic]. Accessed: April 4, 2020. Available from:\u00a0<a href=\"http:\/\/www.capmas.gov.eg\/Pages\/populationClock.aspx\">http:\/\/www.capmas.gov.eg\/Pages\/populationClock.aspx<\/a><\/p>\n<p>Olaimat AN, Aolymat I, Hafiz M, Holley SR. Knowledge and information sources about COVID-19 among university students in Jordan: A cross-sectional study. Front Public Health 2020;8:254. DOI:\u00a0<a href=\"https:\/\/doi.org\/10.3389\/fpubh.2020.00254\">https:\/\/doi.org\/10.3389\/fpubh.2020.00254<\/a><\/p>\n<p>Alzoubi H, Alnawaiseh N, Al-Mnayyis A, et al. COVID-19 &#8211; knowledge, attitude and practice among medical and non-medical university students in Jordan. J Pure Appl Microbiol 2020;14:17-24. DOI:\u00a0<a href=\"https:\/\/doi.org\/10.22207\/JPAM.14.1.04\">https:\/\/doi.org\/10.22207\/JPAM.14.1.04<\/a><\/p>\n<p>Bawazir A, Al-Mazroo E, Jradi H, et al. MERS-CoV infection: mind the public knowledge gap. J Infect Public Health 2018;11:89-93. DOI:\u00a0<a href=\"https:\/\/doi.org\/10.1016\/j.jiph.2017.05.003\">https:\/\/doi.org\/10.1016\/j.jiph.2017.05.003<\/a><\/p>\n<p>Paul A, Sikdar D, Hossain MM, et al. Knowledge, attitudes, and practices toward the novel coronavirus among Bangladeshis: Implications for mitigation measures. PLoS One 2020;15:e0238492. DOI:\u00a0<a href=\"https:\/\/doi.org\/10.1371\/journal.pone.0238492\">https:\/\/doi.org\/10.1371\/journal.pone.0238492<\/a><\/p>\n<p>Afzal MS, Khan A, Qureshi UUR, et al. Community-based assessment of knowledge, attitude, practices and risk factors regarding COVID-19 among Pakistanis residents during a recent outbreak: A cross-sectional survey. J Community Health 2020;1-11. [Epub Ahead of Print]. DOI:\u00a0<a href=\"https:\/\/doi.org\/10.1007\/s10900-020-00875-z\">https:\/\/doi.org\/10.1007\/s10900-020-00875-z<\/a><\/p>\n<p>Roy D, Tripathy S, Kar SK, et al. Study of knowledge, attitude, anxiety &amp; perceived mental healthcare need in Indian population during COVID-19 pandemic. Asian J Psychiatr 2020;51:102083. DOI:\u00a0<a href=\"https:\/\/doi.org\/10.1016\/j.ajp.2020.102083\">https:\/\/doi.org\/10.1016\/j.ajp.2020.102083<\/a><\/p>\n<p>Azlan AA, Hamzah MR, Sern TJ, et al. Public knowledge, attitudes and practices towards COVID-19: A cross-sectional study in Malaysia. PLoS One 2020;15:e0233668. DOI:\u00a0<a href=\"https:\/\/doi.org\/10.1371\/journal.pone.0233668\">https:\/\/doi.org\/10.1371\/journal.pone.0233668<\/a><\/p>\n<p>Salman M, Mustafa Z, Asif N, et al. Knowledge, attitude and preventive practices related to COVID-19 among health professionals of Punjab province of Pakistan. J Infect Dev Ctries 2020;14:707-12. DOI:\u00a0<a href=\"https:\/\/doi.org\/10.3855\/jidc.12878\">https:\/\/doi.org\/10.3855\/jidc.12878<\/a><\/p>\n<p>Narayana G, Pradeepkumar B, Ramaiah JD, et al. Knowledge, perception, and practices towards COVID-19 pandemic among general public of India: A cross-sectional online survey. Curr Med Res Pract 2020;10:153-9.<\/p>\n<p>Maqbool A, Khan NZ. Analyzing barriers for implementation of public health and social measures to prevent the transmission of COVID-19 disease using DEMATEL method. Diabetes Metab Syndr 2020;14:887-92. DOI:\u00a0<a href=\"https:\/\/doi.org\/10.1016\/j.dsx.2020.06.024\">https:\/\/doi.org\/10.1016\/j.dsx.2020.06.024<\/a><\/p>\n<p>Noreen N, Dil S, Niazi SU, et al. Coronavirus disease (COVID-19) pandemic and Pakistan; Limitations and gaps. Global Biosecurity 2020;1(3). DOI:\u00a0<a href=\"https:\/\/doi.org\/10.31646\/gbio.63\">https:\/\/doi.org\/10.31646\/gbio.63<\/a><\/p>\n<p>Yazdani A, Wells R. Barriers for implementation of successful change to prevent musculoskeletal disorders and how to systematically address them. Appl Ergon 2018;73:122-40. DOI:\u00a0<a href=\"https:\/\/doi.org\/10.1016\/j.apergo.2018.05.004\">https:\/\/doi.org\/10.1016\/j.apergo.2018.05.004<\/a><\/p>\n<p>Lucero-Prisno D III, Adebisi Y, LinX. Current efforts and challenges facing responses to 2019-nCoV in Africa. Global Health Res Policy 2020;5:21. DOI:\u00a0<a href=\"https:\/\/doi.org\/10.1186\/s41256-020-00148-1\">https:\/\/doi.org\/10.1186\/s41256-020-00148-1<\/a><\/p>\n<\/div>\n<\/div>\n","protected":false},"excerpt":{"rendered":"<p>\u00a0https:\/\/doi.org\/10.4081\/jphr.2021.1943 Rasha Abd Elhameed Ali Public Health and Community Medicine, Faculty of Medicine, Sohag University, Sohag, Egypt. https:\/\/orcid.org\/0000-0002-1113-0797 Alaa Ahmed Ghaleb Internal Medicine, Faculty of Medicine, Sohag University, Sohag, Egypt. Seham Ahmed Abokresha Public Health and Community Medicine, Faculty of Medicine, Sohag University, Sohag, Egypt. ABSTRACT Background: This study aims to assess COVID-19 related knowledge &#8230; <a title=\"COVID-19 related knowledge and practice and barriers that hinder adherence to preventive measures among the Egyptian community. An epidemiological study in Upper Egypt\" class=\"read-more\" href=\"https:\/\/www.jphres.us.com\/index.php\/jphres\/article\/view\/1943\/\" aria-label=\"More on COVID-19 related knowledge and practice and barriers that hinder adherence to preventive measures among the Egyptian community. An epidemiological study in Upper Egypt\">Read more<\/a><\/p>\n","protected":false},"author":3,"featured_media":0,"parent":0,"menu_order":0,"comment_status":"open","ping_status":"open","template":"","meta":{"footnotes":""},"class_list":["post-5738","page","type-page","status-publish"],"yoast_head":"<!-- This site is optimized with the Yoast SEO plugin v27.2 - https:\/\/yoast.com\/product\/yoast-seo-wordpress\/ -->\n<title>COVID-19 related knowledge and practice and barriers that hinder adherence to preventive measures among the Egyptian community. An epidemiological study in Upper Egypt - Journal of Public Health Research<\/title>\n<meta name=\"robots\" content=\"index, follow, max-snippet:-1, max-image-preview:large, max-video-preview:-1\" \/>\n<link rel=\"canonical\" href=\"https:\/\/www.jphres.us.com\/index.php\/jphres\/article\/view\/1943\/\" \/>\n<meta property=\"og:locale\" content=\"en_US\" \/>\n<meta property=\"og:type\" content=\"article\" \/>\n<meta property=\"og:title\" content=\"COVID-19 related knowledge and practice and barriers that hinder adherence to preventive measures among the Egyptian community. An epidemiological study in Upper Egypt - Journal of Public Health Research\" \/>\n<meta property=\"og:description\" content=\"\u00a0https:\/\/doi.org\/10.4081\/jphr.2021.1943 Rasha Abd Elhameed Ali Public Health and Community Medicine, Faculty of Medicine, Sohag University, Sohag, Egypt. https:\/\/orcid.org\/0000-0002-1113-0797 Alaa Ahmed Ghaleb Internal Medicine, Faculty of Medicine, Sohag University, Sohag, Egypt. Seham Ahmed Abokresha Public Health and Community Medicine, Faculty of Medicine, Sohag University, Sohag, Egypt. ABSTRACT Background: This study aims to assess COVID-19 related knowledge ... Read more\" \/>\n<meta property=\"og:url\" content=\"https:\/\/www.jphres.us.com\/index.php\/jphres\/article\/view\/1943\/\" \/>\n<meta property=\"og:site_name\" content=\"Journal of Public Health Research\" \/>\n<meta property=\"article:modified_time\" content=\"2023-04-06T08:20:28+00:00\" \/>\n<meta name=\"twitter:card\" content=\"summary_large_image\" \/>\n<meta name=\"twitter:label1\" content=\"Est. reading time\" \/>\n\t<meta name=\"twitter:data1\" content=\"7 minutes\" \/>\n<script type=\"application\/ld+json\" class=\"yoast-schema-graph\">{\"@context\":\"https:\/\/schema.org\",\"@graph\":[{\"@type\":\"WebPage\",\"@id\":\"https:\/\/www.jphres.us.com\/index.php\/jphres\/article\/view\/1943\/\",\"url\":\"https:\/\/www.jphres.us.com\/index.php\/jphres\/article\/view\/1943\/\",\"name\":\"COVID-19 related knowledge and practice and barriers that hinder adherence to preventive measures among the Egyptian community. An epidemiological study in Upper Egypt - Journal of Public Health Research\",\"isPartOf\":{\"@id\":\"https:\/\/www.jphres.us.com\/#website\"},\"datePublished\":\"2023-03-27T17:46:41+00:00\",\"dateModified\":\"2023-04-06T08:20:28+00:00\",\"breadcrumb\":{\"@id\":\"https:\/\/www.jphres.us.com\/index.php\/jphres\/article\/view\/1943\/#breadcrumb\"},\"inLanguage\":\"en-US\",\"potentialAction\":[{\"@type\":\"ReadAction\",\"target\":[\"https:\/\/www.jphres.us.com\/index.php\/jphres\/article\/view\/1943\/\"]}]},{\"@type\":\"BreadcrumbList\",\"@id\":\"https:\/\/www.jphres.us.com\/index.php\/jphres\/article\/view\/1943\/#breadcrumb\",\"itemListElement\":[{\"@type\":\"ListItem\",\"position\":1,\"name\":\"Startseite\",\"item\":\"https:\/\/www.jphres.us.com\/\"},{\"@type\":\"ListItem\",\"position\":2,\"name\":\"COVID-19 related knowledge and practice and barriers that hinder adherence to preventive measures among the Egyptian community. An epidemiological study in Upper Egypt\"}]},{\"@type\":\"WebSite\",\"@id\":\"https:\/\/www.jphres.us.com\/#website\",\"url\":\"https:\/\/www.jphres.us.com\/\",\"name\":\"Journal of Public Health Research\",\"description\":\"The Journal of Public Health Research is an online Open Access, peer-reviewed journal in the field of public health science. The scope of the journal is to stimulate debate and spreading of knowledge in this area in order to improve public health.\",\"publisher\":{\"@id\":\"https:\/\/www.jphres.us.com\/#organization\"},\"potentialAction\":[{\"@type\":\"SearchAction\",\"target\":{\"@type\":\"EntryPoint\",\"urlTemplate\":\"https:\/\/www.jphres.us.com\/?s={search_term_string}\"},\"query-input\":{\"@type\":\"PropertyValueSpecification\",\"valueRequired\":true,\"valueName\":\"search_term_string\"}}],\"inLanguage\":\"en-US\"},{\"@type\":\"Organization\",\"@id\":\"https:\/\/www.jphres.us.com\/#organization\",\"name\":\"Journal of Public Health Research\",\"url\":\"https:\/\/www.jphres.us.com\/\",\"logo\":{\"@type\":\"ImageObject\",\"inLanguage\":\"en-US\",\"@id\":\"https:\/\/www.jphres.us.com\/#\/schema\/logo\/image\/\",\"url\":\"https:\/\/www.jphres.us.com\/wp-content\/uploads\/2022\/10\/Favicon-JPHRES.png\",\"contentUrl\":\"https:\/\/www.jphres.us.com\/wp-content\/uploads\/2022\/10\/Favicon-JPHRES.png\",\"width\":150,\"height\":114,\"caption\":\"Journal of Public Health Research\"},\"image\":{\"@id\":\"https:\/\/www.jphres.us.com\/#\/schema\/logo\/image\/\"},\"sameAs\":[\"https:\/\/www.citefactor.org\/journal\/index\/5410\/journal-of-public-health-research#.ZD-hS-xBx3k\",\"https:\/\/www.scimagojr.com\/journalsearch.php?q=21100790524&amp;amp;tip=sid&amp;amp;clean=0\"]}]}<\/script>\n<!-- \/ Yoast SEO plugin. -->","yoast_head_json":{"title":"COVID-19 related knowledge and practice and barriers that hinder adherence to preventive measures among the Egyptian community. An epidemiological study in Upper Egypt - Journal of Public Health Research","robots":{"index":"index","follow":"follow","max-snippet":"max-snippet:-1","max-image-preview":"max-image-preview:large","max-video-preview":"max-video-preview:-1"},"canonical":"https:\/\/www.jphres.us.com\/index.php\/jphres\/article\/view\/1943\/","og_locale":"en_US","og_type":"article","og_title":"COVID-19 related knowledge and practice and barriers that hinder adherence to preventive measures among the Egyptian community. An epidemiological study in Upper Egypt - Journal of Public Health Research","og_description":"\u00a0https:\/\/doi.org\/10.4081\/jphr.2021.1943 Rasha Abd Elhameed Ali Public Health and Community Medicine, Faculty of Medicine, Sohag University, Sohag, Egypt. https:\/\/orcid.org\/0000-0002-1113-0797 Alaa Ahmed Ghaleb Internal Medicine, Faculty of Medicine, Sohag University, Sohag, Egypt. Seham Ahmed Abokresha Public Health and Community Medicine, Faculty of Medicine, Sohag University, Sohag, Egypt. ABSTRACT Background: This study aims to assess COVID-19 related knowledge ... Read more","og_url":"https:\/\/www.jphres.us.com\/index.php\/jphres\/article\/view\/1943\/","og_site_name":"Journal of Public Health Research","article_modified_time":"2023-04-06T08:20:28+00:00","twitter_card":"summary_large_image","twitter_misc":{"Est. reading time":"7 minutes"},"schema":{"@context":"https:\/\/schema.org","@graph":[{"@type":"WebPage","@id":"https:\/\/www.jphres.us.com\/index.php\/jphres\/article\/view\/1943\/","url":"https:\/\/www.jphres.us.com\/index.php\/jphres\/article\/view\/1943\/","name":"COVID-19 related knowledge and practice and barriers that hinder adherence to preventive measures among the Egyptian community. An epidemiological study in Upper Egypt - Journal of Public Health Research","isPartOf":{"@id":"https:\/\/www.jphres.us.com\/#website"},"datePublished":"2023-03-27T17:46:41+00:00","dateModified":"2023-04-06T08:20:28+00:00","breadcrumb":{"@id":"https:\/\/www.jphres.us.com\/index.php\/jphres\/article\/view\/1943\/#breadcrumb"},"inLanguage":"en-US","potentialAction":[{"@type":"ReadAction","target":["https:\/\/www.jphres.us.com\/index.php\/jphres\/article\/view\/1943\/"]}]},{"@type":"BreadcrumbList","@id":"https:\/\/www.jphres.us.com\/index.php\/jphres\/article\/view\/1943\/#breadcrumb","itemListElement":[{"@type":"ListItem","position":1,"name":"Startseite","item":"https:\/\/www.jphres.us.com\/"},{"@type":"ListItem","position":2,"name":"COVID-19 related knowledge and practice and barriers that hinder adherence to preventive measures among the Egyptian community. An epidemiological study in Upper Egypt"}]},{"@type":"WebSite","@id":"https:\/\/www.jphres.us.com\/#website","url":"https:\/\/www.jphres.us.com\/","name":"Journal of Public Health Research","description":"The Journal of Public Health Research is an online Open Access, peer-reviewed journal in the field of public health science. The scope of the journal is to stimulate debate and spreading of knowledge in this area in order to improve public health.","publisher":{"@id":"https:\/\/www.jphres.us.com\/#organization"},"potentialAction":[{"@type":"SearchAction","target":{"@type":"EntryPoint","urlTemplate":"https:\/\/www.jphres.us.com\/?s={search_term_string}"},"query-input":{"@type":"PropertyValueSpecification","valueRequired":true,"valueName":"search_term_string"}}],"inLanguage":"en-US"},{"@type":"Organization","@id":"https:\/\/www.jphres.us.com\/#organization","name":"Journal of Public Health Research","url":"https:\/\/www.jphres.us.com\/","logo":{"@type":"ImageObject","inLanguage":"en-US","@id":"https:\/\/www.jphres.us.com\/#\/schema\/logo\/image\/","url":"https:\/\/www.jphres.us.com\/wp-content\/uploads\/2022\/10\/Favicon-JPHRES.png","contentUrl":"https:\/\/www.jphres.us.com\/wp-content\/uploads\/2022\/10\/Favicon-JPHRES.png","width":150,"height":114,"caption":"Journal of Public Health Research"},"image":{"@id":"https:\/\/www.jphres.us.com\/#\/schema\/logo\/image\/"},"sameAs":["https:\/\/www.citefactor.org\/journal\/index\/5410\/journal-of-public-health-research#.ZD-hS-xBx3k","https:\/\/www.scimagojr.com\/journalsearch.php?q=21100790524&amp;amp;tip=sid&amp;amp;clean=0"]}]}},"_links":{"self":[{"href":"https:\/\/www.jphres.us.com\/index.php\/wp-json\/wp\/v2\/pages\/5738","targetHints":{"allow":["GET"]}}],"collection":[{"href":"https:\/\/www.jphres.us.com\/index.php\/wp-json\/wp\/v2\/pages"}],"about":[{"href":"https:\/\/www.jphres.us.com\/index.php\/wp-json\/wp\/v2\/types\/page"}],"author":[{"embeddable":true,"href":"https:\/\/www.jphres.us.com\/index.php\/wp-json\/wp\/v2\/users\/3"}],"replies":[{"embeddable":true,"href":"https:\/\/www.jphres.us.com\/index.php\/wp-json\/wp\/v2\/comments?post=5738"}],"version-history":[{"count":0,"href":"https:\/\/www.jphres.us.com\/index.php\/wp-json\/wp\/v2\/pages\/5738\/revisions"}],"wp:attachment":[{"href":"https:\/\/www.jphres.us.com\/index.php\/wp-json\/wp\/v2\/media?parent=5738"}],"curies":[{"name":"wp","href":"https:\/\/api.w.org\/{rel}","templated":true}]}}