{"id":5654,"date":"2023-03-29T11:58:37","date_gmt":"2023-03-29T09:58:37","guid":{"rendered":"https:\/\/www.jphres.org\/?p=5654"},"modified":"2023-04-06T10:28:47","modified_gmt":"2023-04-06T08:28:47","slug":"vol-5-no-2-2016","status":"publish","type":"page","link":"https:\/\/www.jphres.us.com\/index.php\/jphres\/issue\/view\/15\/","title":{"rendered":"Vol 5 No 2 (2016)"},"content":{"rendered":"<div class=\"pkp_structure_content container\">\n<p>&nbsp;<\/p>\n<div id=\"main-content\" class=\"page page_issue\">\n<div class=\"issue-toc\">\n<div class=\"sections\">\n<section class=\"section\">\n<div class=\"page-header\">\n<h2><span style=\"text-decoration: underline;\"><small>Editorials<\/small><\/span><\/h2>\n<\/div>\n<div class=\"media-list\">\n<div class=\"article-summary media\">\n<div class=\"media-body\">\n<h3 class=\"media-heading\">Public obligation and individual freedom: how to fill the gap? The case of vaccinations<\/h3>\n<div class=\"meta\">\n<div class=\"authors\">Giovanni Boniolo<\/div>\n<\/div>\n<div class=\"doi_toc\"><strong>DOI<\/strong>\u00a0<a href=\"https:\/\/doi.org\/10.4081\/jphr.2016.732\">https:\/\/doi.org\/10.4081\/jphr.2016.732<\/a><\/div>\n<div class=\"btn-group\" role=\"group\">PDF &#8211; HTML<\/div>\n<\/div>\n<\/div>\n<\/div>\n<\/section>\n<section class=\"section\">\n<div class=\"page-header\">\n<h2><span style=\"text-decoration: underline;\"><small>Original Articles<\/small><\/span><\/h2>\n<\/div>\n<div class=\"media-list\">\n<div class=\"article-summary media\">\n<div class=\"media-body\">\n<h3 class=\"media-heading\">The search conference as a method in planning community health promotion actions<\/h3>\n<div class=\"meta\">\n<div class=\"authors\">Eva Magnus, Margunn Skjei Knudtsen, Guri Wist, Daniel Weiss, Monica Lillefjell<\/div>\n<\/div>\n<div class=\"doi_toc\"><strong>DOI<\/strong>\u00a0<a href=\"https:\/\/doi.org\/10.4081\/jphr.2016.621\">https:\/\/doi.org\/10.4081\/jphr.2016.621<\/a><\/div>\n<div class=\"btn-group\" role=\"group\">PDF &#8211; HTML<\/div>\n<\/div>\n<\/div>\n<div class=\"article-summary media\">\n<div class=\"media-body\">\n<hr \/>\n<h3 class=\"media-heading\">Maternal deaths databases analysis: Ecuador 2003-2013<\/h3>\n<div class=\"meta\">\n<div class=\"authors\">Antonio Pino, Mar\u00eda Alb\u00e1n, Alejandra Rivas, Erika Rodr\u00edguez<\/div>\n<\/div>\n<div class=\"doi_toc\"><strong>DOI<\/strong>\u00a0<a href=\"https:\/\/doi.org\/10.4081\/jphr.2016.692\">https:\/\/doi.org\/10.4081\/jphr.2016.692<\/a><\/div>\n<div class=\"btn-group\" role=\"group\">PDF &#8211; HTML<\/div>\n<\/div>\n<\/div>\n<div class=\"article-summary media\">\n<div class=\"media-body\">\n<hr \/>\n<h3 class=\"media-heading\">Dual perspectives on stigma: reports of experienced and enacted stigma by those affected and unaffected by podoconiosis<\/h3>\n<div class=\"meta\">\n<div class=\"authors\">Desta Ayode, Abebayehu Tora, David Farrell, Getnet Tadele, Gail Davey, Colleen M. McBride<\/div>\n<\/div>\n<div class=\"doi_toc\"><strong>DOI<\/strong>\u00a0<a href=\"https:\/\/doi.org\/10.4081\/jphr.2016.689\">https:\/\/doi.org\/10.4081\/jphr.2016.689<\/a><\/div>\n<div class=\"btn-group\" role=\"group\">PDF &#8211; HTML<\/div>\n<\/div>\n<\/div>\n<div class=\"article-summary media\">\n<div class=\"media-body\">\n<hr \/>\n<h3 class=\"media-heading\">Burden of fire injuries in Finland: lost productivity and benefits<\/h3>\n<div class=\"meta\">\n<div class=\"authors\">Kari Haikonen, Pirjo M. Lillsunde<\/div>\n<\/div>\n<div class=\"doi_toc\"><strong>DOI<\/strong>\u00a0<a href=\"https:\/\/doi.org\/10.4081\/jphr.2016.705\">https:\/\/doi.org\/10.4081\/jphr.2016.705<\/a><\/div>\n<div class=\"btn-group\" role=\"group\">PDF &#8211; HTML<\/div>\n<\/div>\n<\/div>\n<\/div>\n<\/section>\n<section class=\"section\">\n<div class=\"page-header\">\n<hr \/>\n<h2><span style=\"text-decoration: underline;\"><small>Brief Reports<\/small><\/span><\/h2>\n<\/div>\n<div class=\"media-list\">\n<div class=\"article-summary media\">\n<div class=\"media-body\">\n<h3 class=\"media-heading\">Pharmacoepidemiological data from drug dispensing charities as a measure of health patterns in a population not assisted by the Italian National Health Service<\/h3>\n<div class=\"meta\">\n<div class=\"authors\">Silvia Bini, Cesare Cerri, Antonello E. Rigamonti, Pietro A. Bertazzi, Gianfrancesco Fiorini, Silvano G. Cella<\/div>\n<\/div>\n<div class=\"doi_toc\"><strong>DOI<\/strong>\u00a0<a href=\"https:\/\/doi.org\/10.4081\/jphr.2016.623\">https:\/\/doi.org\/10.4081\/jphr.2016.623<\/a><\/div>\n<div class=\"btn-group\" role=\"group\">PDF &#8211; HTML<\/div>\n<\/div>\n<\/div>\n<div class=\"article-summary media\">\n<div class=\"media-body\">\n<hr \/>\n<h3 class=\"media-heading\">A comparison of students and non-students with respect to orientation toward e-cigarettes<\/h3>\n<div class=\"meta\">\n<div class=\"authors\">Craig W. Trumbo, Raquel Harper<\/div>\n<\/div>\n<div class=\"doi_toc\"><strong>DOI<\/strong>\u00a0<a href=\"https:\/\/doi.org\/10.4081\/jphr.2016.595\">https:\/\/doi.org\/10.4081\/jphr.2016.595<\/a><\/div>\n<div class=\"btn-group\" role=\"group\">PDF &#8211; HTML<\/div>\n<\/div>\n<\/div>\n<\/div>\n<\/section>\n<section class=\"section\">\n<div class=\"page-header\">\n<hr \/>\n<h2><span style=\"text-decoration: underline;\"><small>Study Protocols<\/small><\/span><\/h2>\n<\/div>\n<div class=\"media-list\">\n<div class=\"article-summary media\">\n<div class=\"media-body\">\n<h3 class=\"media-heading\">Ageing, chronic disease and injury: a study in western Victoria (Australia)<\/h3>\n<div class=\"meta\">\n<div class=\"authors\">M. Amber Sajjad, Kara L. Holloway, Mark A. Kotowicz, Patricia M. Livingston, Mustafa Khasraw, Sharon Hakkenes, Trisha L. Dunning, Susan Brumby, Richard S. Page, Daryl Pedler, Alasdair Sutherland, Svetha Venkatesh, Sharon L. Brennan-Olsen, Lana J. Williams, Julie A. Pasco<\/div>\n<\/div>\n<div class=\"doi_toc\"><strong>DOI<\/strong>\u00a0<a href=\"https:\/\/doi.org\/10.4081\/jphr.2016.678\">https:\/\/doi.org\/10.4081\/jphr.2016.678<\/a><\/div>\n<div class=\"btn-group\" role=\"group\">PDF &#8211; HTML<\/div>\n<\/div>\n<\/div>\n<\/div>\n<\/section>\n<\/div>\n<\/div>\n<\/div>\n<p>&nbsp;<\/p>\n<\/div>\n","protected":false},"excerpt":{"rendered":"<p>&nbsp; Editorials Public obligation and individual freedom: how to fill the gap? The case of vaccinations Giovanni Boniolo DOI\u00a0https:\/\/doi.org\/10.4081\/jphr.2016.732 PDF &#8211; HTML Original Articles The search conference as a method in planning community health promotion actions Eva Magnus, Margunn Skjei Knudtsen, Guri Wist, Daniel Weiss, Monica Lillefjell DOI\u00a0https:\/\/doi.org\/10.4081\/jphr.2016.621 PDF &#8211; HTML Maternal deaths databases analysis: &#8230; <a title=\"Vol 5 No 2 (2016)\" class=\"read-more\" href=\"https:\/\/www.jphres.us.com\/index.php\/jphres\/issue\/view\/15\/\" aria-label=\"More on Vol 5 No 2 (2016)\">Read more<\/a><\/p>\n","protected":false},"author":3,"featured_media":0,"parent":0,"menu_order":0,"comment_status":"open","ping_status":"open","template":"","meta":{"footnotes":""},"class_list":["post-5654","page","type-page","status-publish"],"yoast_head":"<!-- This site is optimized with the Yoast SEO plugin v27.2 - https:\/\/yoast.com\/product\/yoast-seo-wordpress\/ -->\n<title>Vol 5 No 2 (2016) - Journal of Public Health Research<\/title>\n<meta name=\"robots\" content=\"index, follow, max-snippet:-1, max-image-preview:large, max-video-preview:-1\" \/>\n<link rel=\"canonical\" href=\"https:\/\/www.jphres.us.com\/index.php\/jphres\/issue\/view\/15\/\" \/>\n<meta property=\"og:locale\" content=\"en_US\" \/>\n<meta property=\"og:type\" content=\"article\" \/>\n<meta property=\"og:title\" content=\"Vol 5 No 2 (2016) - Journal of Public Health Research\" \/>\n<meta property=\"og:description\" content=\"&nbsp; Editorials Public obligation and individual freedom: how to fill the gap? The case of vaccinations Giovanni Boniolo DOI\u00a0https:\/\/doi.org\/10.4081\/jphr.2016.732 PDF &#8211; HTML Original Articles The search conference as a method in planning community health promotion actions Eva Magnus, Margunn Skjei Knudtsen, Guri Wist, Daniel Weiss, Monica Lillefjell DOI\u00a0https:\/\/doi.org\/10.4081\/jphr.2016.621 PDF &#8211; HTML Maternal deaths databases analysis: ... Read more\" \/>\n<meta property=\"og:url\" content=\"https:\/\/www.jphres.us.com\/index.php\/jphres\/issue\/view\/15\/\" \/>\n<meta property=\"og:site_name\" content=\"Journal of Public Health Research\" \/>\n<meta property=\"article:modified_time\" content=\"2023-04-06T08:28:47+00:00\" \/>\n<meta name=\"twitter:card\" content=\"summary_large_image\" \/>\n<meta name=\"twitter:label1\" content=\"Est. reading time\" \/>\n\t<meta name=\"twitter:data1\" content=\"1 minute\" \/>\n<script type=\"application\/ld+json\" class=\"yoast-schema-graph\">{\"@context\":\"https:\/\/schema.org\",\"@graph\":[{\"@type\":\"WebPage\",\"@id\":\"https:\/\/www.jphres.us.com\/index.php\/jphres\/issue\/view\/15\/\",\"url\":\"https:\/\/www.jphres.us.com\/index.php\/jphres\/issue\/view\/15\/\",\"name\":\"Vol 5 No 2 (2016) - Journal of Public Health Research\",\"isPartOf\":{\"@id\":\"https:\/\/www.jphres.us.com\/#website\"},\"datePublished\":\"2023-03-29T09:58:37+00:00\",\"dateModified\":\"2023-04-06T08:28:47+00:00\",\"breadcrumb\":{\"@id\":\"https:\/\/www.jphres.us.com\/index.php\/jphres\/issue\/view\/15\/#breadcrumb\"},\"inLanguage\":\"en-US\",\"potentialAction\":[{\"@type\":\"ReadAction\",\"target\":[\"https:\/\/www.jphres.us.com\/index.php\/jphres\/issue\/view\/15\/\"]}]},{\"@type\":\"BreadcrumbList\",\"@id\":\"https:\/\/www.jphres.us.com\/index.php\/jphres\/issue\/view\/15\/#breadcrumb\",\"itemListElement\":[{\"@type\":\"ListItem\",\"position\":1,\"name\":\"Startseite\",\"item\":\"https:\/\/www.jphres.us.com\/\"},{\"@type\":\"ListItem\",\"position\":2,\"name\":\"Vol 5 No 2 (2016)\"}]},{\"@type\":\"WebSite\",\"@id\":\"https:\/\/www.jphres.us.com\/#website\",\"url\":\"https:\/\/www.jphres.us.com\/\",\"name\":\"Journal of Public Health Research\",\"description\":\"The Journal of Public Health Research is an online Open Access, peer-reviewed journal in the field of public health science. The scope of the journal is to stimulate debate and spreading of knowledge in this area in order to improve public health.\",\"publisher\":{\"@id\":\"https:\/\/www.jphres.us.com\/#organization\"},\"potentialAction\":[{\"@type\":\"SearchAction\",\"target\":{\"@type\":\"EntryPoint\",\"urlTemplate\":\"https:\/\/www.jphres.us.com\/?s={search_term_string}\"},\"query-input\":{\"@type\":\"PropertyValueSpecification\",\"valueRequired\":true,\"valueName\":\"search_term_string\"}}],\"inLanguage\":\"en-US\"},{\"@type\":\"Organization\",\"@id\":\"https:\/\/www.jphres.us.com\/#organization\",\"name\":\"Journal of Public Health Research\",\"url\":\"https:\/\/www.jphres.us.com\/\",\"logo\":{\"@type\":\"ImageObject\",\"inLanguage\":\"en-US\",\"@id\":\"https:\/\/www.jphres.us.com\/#\/schema\/logo\/image\/\",\"url\":\"https:\/\/www.jphres.us.com\/wp-content\/uploads\/2022\/10\/Favicon-JPHRES.png\",\"contentUrl\":\"https:\/\/www.jphres.us.com\/wp-content\/uploads\/2022\/10\/Favicon-JPHRES.png\",\"width\":150,\"height\":114,\"caption\":\"Journal of Public Health Research\"},\"image\":{\"@id\":\"https:\/\/www.jphres.us.com\/#\/schema\/logo\/image\/\"},\"sameAs\":[\"https:\/\/www.citefactor.org\/journal\/index\/5410\/journal-of-public-health-research#.ZD-hS-xBx3k\",\"https:\/\/www.scimagojr.com\/journalsearch.php?q=21100790524&amp;amp;tip=sid&amp;amp;clean=0\"]}]}<\/script>\n<!-- \/ Yoast SEO plugin. -->","yoast_head_json":{"title":"Vol 5 No 2 (2016) - Journal of Public Health Research","robots":{"index":"index","follow":"follow","max-snippet":"max-snippet:-1","max-image-preview":"max-image-preview:large","max-video-preview":"max-video-preview:-1"},"canonical":"https:\/\/www.jphres.us.com\/index.php\/jphres\/issue\/view\/15\/","og_locale":"en_US","og_type":"article","og_title":"Vol 5 No 2 (2016) - Journal of Public Health Research","og_description":"&nbsp; Editorials Public obligation and individual freedom: how to fill the gap? The case of vaccinations Giovanni Boniolo DOI\u00a0https:\/\/doi.org\/10.4081\/jphr.2016.732 PDF &#8211; HTML Original Articles The search conference as a method in planning community health promotion actions Eva Magnus, Margunn Skjei Knudtsen, Guri Wist, Daniel Weiss, Monica Lillefjell DOI\u00a0https:\/\/doi.org\/10.4081\/jphr.2016.621 PDF &#8211; HTML Maternal deaths databases analysis: ... Read more","og_url":"https:\/\/www.jphres.us.com\/index.php\/jphres\/issue\/view\/15\/","og_site_name":"Journal of Public Health Research","article_modified_time":"2023-04-06T08:28:47+00:00","twitter_card":"summary_large_image","twitter_misc":{"Est. reading time":"1 minute"},"schema":{"@context":"https:\/\/schema.org","@graph":[{"@type":"WebPage","@id":"https:\/\/www.jphres.us.com\/index.php\/jphres\/issue\/view\/15\/","url":"https:\/\/www.jphres.us.com\/index.php\/jphres\/issue\/view\/15\/","name":"Vol 5 No 2 (2016) - Journal of Public Health Research","isPartOf":{"@id":"https:\/\/www.jphres.us.com\/#website"},"datePublished":"2023-03-29T09:58:37+00:00","dateModified":"2023-04-06T08:28:47+00:00","breadcrumb":{"@id":"https:\/\/www.jphres.us.com\/index.php\/jphres\/issue\/view\/15\/#breadcrumb"},"inLanguage":"en-US","potentialAction":[{"@type":"ReadAction","target":["https:\/\/www.jphres.us.com\/index.php\/jphres\/issue\/view\/15\/"]}]},{"@type":"BreadcrumbList","@id":"https:\/\/www.jphres.us.com\/index.php\/jphres\/issue\/view\/15\/#breadcrumb","itemListElement":[{"@type":"ListItem","position":1,"name":"Startseite","item":"https:\/\/www.jphres.us.com\/"},{"@type":"ListItem","position":2,"name":"Vol 5 No 2 (2016)"}]},{"@type":"WebSite","@id":"https:\/\/www.jphres.us.com\/#website","url":"https:\/\/www.jphres.us.com\/","name":"Journal of Public Health Research","description":"The Journal of Public Health Research is an online Open Access, peer-reviewed journal in the field of public health science. The scope of the journal is to stimulate debate and spreading of knowledge in this area in order to improve public health.","publisher":{"@id":"https:\/\/www.jphres.us.com\/#organization"},"potentialAction":[{"@type":"SearchAction","target":{"@type":"EntryPoint","urlTemplate":"https:\/\/www.jphres.us.com\/?s={search_term_string}"},"query-input":{"@type":"PropertyValueSpecification","valueRequired":true,"valueName":"search_term_string"}}],"inLanguage":"en-US"},{"@type":"Organization","@id":"https:\/\/www.jphres.us.com\/#organization","name":"Journal of Public Health Research","url":"https:\/\/www.jphres.us.com\/","logo":{"@type":"ImageObject","inLanguage":"en-US","@id":"https:\/\/www.jphres.us.com\/#\/schema\/logo\/image\/","url":"https:\/\/www.jphres.us.com\/wp-content\/uploads\/2022\/10\/Favicon-JPHRES.png","contentUrl":"https:\/\/www.jphres.us.com\/wp-content\/uploads\/2022\/10\/Favicon-JPHRES.png","width":150,"height":114,"caption":"Journal of Public Health Research"},"image":{"@id":"https:\/\/www.jphres.us.com\/#\/schema\/logo\/image\/"},"sameAs":["https:\/\/www.citefactor.org\/journal\/index\/5410\/journal-of-public-health-research#.ZD-hS-xBx3k","https:\/\/www.scimagojr.com\/journalsearch.php?q=21100790524&amp;amp;tip=sid&amp;amp;clean=0"]}]}},"_links":{"self":[{"href":"https:\/\/www.jphres.us.com\/index.php\/wp-json\/wp\/v2\/pages\/5654","targetHints":{"allow":["GET"]}}],"collection":[{"href":"https:\/\/www.jphres.us.com\/index.php\/wp-json\/wp\/v2\/pages"}],"about":[{"href":"https:\/\/www.jphres.us.com\/index.php\/wp-json\/wp\/v2\/types\/page"}],"author":[{"embeddable":true,"href":"https:\/\/www.jphres.us.com\/index.php\/wp-json\/wp\/v2\/users\/3"}],"replies":[{"embeddable":true,"href":"https:\/\/www.jphres.us.com\/index.php\/wp-json\/wp\/v2\/comments?post=5654"}],"version-history":[{"count":0,"href":"https:\/\/www.jphres.us.com\/index.php\/wp-json\/wp\/v2\/pages\/5654\/revisions"}],"wp:attachment":[{"href":"https:\/\/www.jphres.us.com\/index.php\/wp-json\/wp\/v2\/media?parent=5654"}],"curies":[{"name":"wp","href":"https:\/\/api.w.org\/{rel}","templated":true}]}}