{"id":5189,"date":"2023-03-28T22:10:08","date_gmt":"2023-03-28T20:10:08","guid":{"rendered":"https:\/\/www.jphres.org\/?p=5189"},"modified":"2023-04-02T14:03:32","modified_gmt":"2023-04-02T12:03:32","slug":"a-childhood-obesity-prevention-programme-in-barcelona-poiba-project-study-protocol-of-the-intervention","status":"publish","type":"page","link":"https:\/\/www.jphres.us.com\/index.php\/jphres\/article\/view\/1129\/","title":{"rendered":"A childhood obesity prevention programme in Barcelona (POIBA Project): Study protocol of the intervention"},"content":{"rendered":"<div class=\"item doi\"><span class=\"value\"><a href=\"https:\/\/doi.org\/10.4081\/jphr.2018.1129\">https:\/\/doi.org\/10.4081\/jphr.2018.1129<\/a><\/span><\/div>\n<ul class=\"item authors\">\n<li><span class=\"name\"><strong>Francesca S\u00e1nchez-Mart\u00ednez<\/strong><br \/>\n<\/span><span class=\"affiliation\">Ag\u00e8ncia de Salut P\u00fablica de Barcelona; CIBER de Epidemiolog\u00eda y Salud P\u00fablica, Madrid; Institut d\u00b4Investigaci\u00f3 Biom\u00e8dica Sant Pau, Barcelona; Universitat Pompeu Fabra, Departament de Ci\u00e8ncies Experimentals i de la Salut, Barcelona, Spain.<\/span><span class=\"orcid\"><a href=\"http:\/\/orcid.org\/0000-0001-8198-1661\" target=\"_blank\" rel=\"noopener\">http:\/\/orcid.org\/0000-0001-8198-1661<\/a><\/span><\/li>\n<li><span class=\"name\"><strong>Olga Ju\u00e1rez<\/strong><br \/>\n<\/span><span class=\"affiliation\">Ag\u00e8ncia de Salut P\u00fablica de Barcelona, CIBER de Epidemiolog\u00eda y Salud P\u00fablica, Madrid; Institut d\u00b4Investigaci\u00f3 Biom\u00e8dica Sant Pau, Barcelona, Spain.<\/span><\/li>\n<li><span class=\"name\"><strong>Gemma Serral<\/strong><br \/>\n<\/span><span class=\"affiliation\">Ag\u00e8ncia de Salut P\u00fablica de Barcelona, CIBER de Epidemiolog\u00eda y Salud P\u00fablica, Madrid; Institut d\u00b4Investigaci\u00f3 Biom\u00e8dica Sant Pau, Barcelona, Spain.<\/span><\/li>\n<li><span class=\"name\"><strong>Sara Valmayor<\/strong><br \/>\n<\/span><span class=\"affiliation\">Promoci\u00f3 i Desenvolupament Social, Barcelona, Spain.<\/span><\/li>\n<li><span class=\"name\"><strong>Rosa Puigpin\u00f3s<\/strong><br \/>\n<\/span><span class=\"affiliation\">Ag\u00e8ncia de Salut P\u00fablica de Barcelona, CIBER de Epidemiolog\u00eda y Salud P\u00fablica, Madrid; Institut d\u00b4Investigaci\u00f3 Biom\u00e8dica Sant Pau, Barcelona, Spain.<\/span><\/li>\n<li><span class=\"name\"><strong>Mar\u00eda Isabel Pasar\u00edn<\/strong><br \/>\n<\/span><span class=\"affiliation\">Ag\u00e8ncia de Salut P\u00fablica de Barcelona, CIBER de Epidemiolog\u00eda y Salud P\u00fablica, Madrid; Institut d\u00b4Investigaci\u00f3 Biom\u00e8dica Sant Pau, Barcelona, Spain.<\/span><\/li>\n<li><span class=\"name\"><strong>\u00c9lia D\u00edez<\/strong><br \/>\n<\/span><span class=\"affiliation\">Ag\u00e8ncia de Salut P\u00fablica de Barcelona, CIBER de Epidemiolog\u00eda y Salud P\u00fablica, Madrid; Institut d\u00b4Investigaci\u00f3 Biom\u00e8dica Sant Pau, Barcelona, Spain.<\/span><\/li>\n<li><span class=\"name\"><strong>Carles Ariza<\/strong><br \/>\n<\/span><span class=\"affiliation\">Ag\u00e8ncia de Salut P\u00fablica de Barcelona, CIBER de Epidemiolog\u00eda y Salud P\u00fablica, Madrid; Institut d\u00b4Investigaci\u00f3 Biom\u00e8dica Sant Pau, Barcelona, Spain.<\/span><\/li>\n<li><span class=\"name\">Evaluation Group POIBA Project<\/span><\/li>\n<\/ul>\n<div><strong>ABSTRACT<\/strong><\/div>\n<div><\/div>\n<div><em>Background<\/em>: Childhood obesity preventive interventions should promote a healthy diet and physical activity at home and school. This study aims to describe a school-based childhood obesity preventive programme (POIBA Project) targeting 8-to-12- year-old.<br \/>\n<em>Design and methods<\/em>: Evaluation study of a school-based intervention with a pre-post quasi-experimental design and a comparison group. Schools from disadvantaged neighbourhoods are oversampled. The intervention consists of 9 sessions, including 58 activities of a total duration between 9 and 13 hours, and the booster intervention of 2 sessions with 8 activities lasting 3 or 4 hours. They are multilevel (individual, family and school) and multicomponent (classroom, physical activity and family). Data are collected through anthropometric measurements, physical fitness tests and lifestyle surveys before and after the intervention and the booster intervention. In the intervention group, families complete two questionnaires about their children\u2019s eating habits and physical activity. The outcome variable is the cumulative incidence rate of obesity, obtained from body mass index values and body fat assessed by triceps skinfold thickness. The independent variables are socio-demographic, contextual, eating habits, food frequency, intensity of physical activity and use of new technologies.<br \/>\n<em><br \/>\nExpected impact for public health<\/em>: It is essential to implement preventive interventions at early ages and to follow its effects over time. Interventions involving diet and physical activity are the most common, being the most effective setting the school. The POIBA Project intervenes in both the school and family setting and focuses on the most disadvantaged groups, in which obesity is most pronounced and difficult to prevent.<\/div>\n","protected":false},"excerpt":{"rendered":"<p>https:\/\/doi.org\/10.4081\/jphr.2018.1129 Francesca S\u00e1nchez-Mart\u00ednez Ag\u00e8ncia de Salut P\u00fablica de Barcelona; CIBER de Epidemiolog\u00eda y Salud P\u00fablica, Madrid; Institut d\u00b4Investigaci\u00f3 Biom\u00e8dica Sant Pau, Barcelona; Universitat Pompeu Fabra, Departament de Ci\u00e8ncies Experimentals i de la Salut, Barcelona, Spain.http:\/\/orcid.org\/0000-0001-8198-1661 Olga Ju\u00e1rez Ag\u00e8ncia de Salut P\u00fablica de Barcelona, CIBER de Epidemiolog\u00eda y Salud P\u00fablica, Madrid; Institut d\u00b4Investigaci\u00f3 Biom\u00e8dica Sant Pau, &#8230; <a title=\"A childhood obesity prevention programme in Barcelona (POIBA Project): Study protocol of the intervention\" class=\"read-more\" href=\"https:\/\/www.jphres.us.com\/index.php\/jphres\/article\/view\/1129\/\" aria-label=\"More on A childhood obesity prevention programme in Barcelona (POIBA Project): Study protocol of the intervention\">Read more<\/a><\/p>\n","protected":false},"author":3,"featured_media":0,"parent":0,"menu_order":0,"comment_status":"open","ping_status":"open","template":"","meta":{"footnotes":""},"class_list":["post-5189","page","type-page","status-publish"],"yoast_head":"<!-- This site is optimized with the Yoast SEO plugin v27.2 - https:\/\/yoast.com\/product\/yoast-seo-wordpress\/ -->\n<title>A childhood obesity prevention programme in Barcelona (POIBA Project): Study protocol of the intervention - Journal of Public Health Research<\/title>\n<meta name=\"robots\" content=\"index, follow, max-snippet:-1, max-image-preview:large, max-video-preview:-1\" \/>\n<link rel=\"canonical\" href=\"https:\/\/www.jphres.us.com\/index.php\/jphres\/article\/view\/1129\/\" \/>\n<meta property=\"og:locale\" content=\"en_US\" \/>\n<meta property=\"og:type\" content=\"article\" \/>\n<meta property=\"og:title\" content=\"A childhood obesity prevention programme in Barcelona (POIBA Project): Study protocol of the intervention - Journal of Public Health Research\" \/>\n<meta property=\"og:description\" content=\"https:\/\/doi.org\/10.4081\/jphr.2018.1129 Francesca S\u00e1nchez-Mart\u00ednez Ag\u00e8ncia de Salut P\u00fablica de Barcelona; CIBER de Epidemiolog\u00eda y Salud P\u00fablica, Madrid; Institut d\u00b4Investigaci\u00f3 Biom\u00e8dica Sant Pau, Barcelona; Universitat Pompeu Fabra, Departament de Ci\u00e8ncies Experimentals i de la Salut, Barcelona, Spain.http:\/\/orcid.org\/0000-0001-8198-1661 Olga Ju\u00e1rez Ag\u00e8ncia de Salut P\u00fablica de Barcelona, CIBER de Epidemiolog\u00eda y Salud P\u00fablica, Madrid; Institut d\u00b4Investigaci\u00f3 Biom\u00e8dica Sant Pau, ... Read more\" \/>\n<meta property=\"og:url\" content=\"https:\/\/www.jphres.us.com\/index.php\/jphres\/article\/view\/1129\/\" \/>\n<meta property=\"og:site_name\" content=\"Journal of Public Health Research\" \/>\n<meta property=\"article:modified_time\" content=\"2023-04-02T12:03:32+00:00\" \/>\n<meta name=\"twitter:card\" content=\"summary_large_image\" \/>\n<meta name=\"twitter:label1\" content=\"Est. reading time\" \/>\n\t<meta name=\"twitter:data1\" content=\"3 minutes\" \/>\n<script type=\"application\/ld+json\" class=\"yoast-schema-graph\">{\"@context\":\"https:\/\/schema.org\",\"@graph\":[{\"@type\":\"WebPage\",\"@id\":\"https:\/\/www.jphres.us.com\/index.php\/jphres\/article\/view\/1129\/\",\"url\":\"https:\/\/www.jphres.us.com\/index.php\/jphres\/article\/view\/1129\/\",\"name\":\"A childhood obesity prevention programme in Barcelona (POIBA Project): Study protocol of the intervention - Journal of Public Health Research\",\"isPartOf\":{\"@id\":\"https:\/\/www.jphres.us.com\/#website\"},\"datePublished\":\"2023-03-28T20:10:08+00:00\",\"dateModified\":\"2023-04-02T12:03:32+00:00\",\"breadcrumb\":{\"@id\":\"https:\/\/www.jphres.us.com\/index.php\/jphres\/article\/view\/1129\/#breadcrumb\"},\"inLanguage\":\"en-US\",\"potentialAction\":[{\"@type\":\"ReadAction\",\"target\":[\"https:\/\/www.jphres.us.com\/index.php\/jphres\/article\/view\/1129\/\"]}]},{\"@type\":\"BreadcrumbList\",\"@id\":\"https:\/\/www.jphres.us.com\/index.php\/jphres\/article\/view\/1129\/#breadcrumb\",\"itemListElement\":[{\"@type\":\"ListItem\",\"position\":1,\"name\":\"Startseite\",\"item\":\"https:\/\/www.jphres.us.com\/\"},{\"@type\":\"ListItem\",\"position\":2,\"name\":\"A childhood obesity prevention programme in Barcelona (POIBA Project): Study protocol of the intervention\"}]},{\"@type\":\"WebSite\",\"@id\":\"https:\/\/www.jphres.us.com\/#website\",\"url\":\"https:\/\/www.jphres.us.com\/\",\"name\":\"Journal of Public Health Research\",\"description\":\"The Journal of Public Health Research is an online Open Access, peer-reviewed journal in the field of public health science. The scope of the journal is to stimulate debate and spreading of knowledge in this area in order to improve public health.\",\"publisher\":{\"@id\":\"https:\/\/www.jphres.us.com\/#organization\"},\"potentialAction\":[{\"@type\":\"SearchAction\",\"target\":{\"@type\":\"EntryPoint\",\"urlTemplate\":\"https:\/\/www.jphres.us.com\/?s={search_term_string}\"},\"query-input\":{\"@type\":\"PropertyValueSpecification\",\"valueRequired\":true,\"valueName\":\"search_term_string\"}}],\"inLanguage\":\"en-US\"},{\"@type\":\"Organization\",\"@id\":\"https:\/\/www.jphres.us.com\/#organization\",\"name\":\"Journal of Public Health Research\",\"url\":\"https:\/\/www.jphres.us.com\/\",\"logo\":{\"@type\":\"ImageObject\",\"inLanguage\":\"en-US\",\"@id\":\"https:\/\/www.jphres.us.com\/#\/schema\/logo\/image\/\",\"url\":\"https:\/\/www.jphres.us.com\/wp-content\/uploads\/2022\/10\/Favicon-JPHRES.png\",\"contentUrl\":\"https:\/\/www.jphres.us.com\/wp-content\/uploads\/2022\/10\/Favicon-JPHRES.png\",\"width\":150,\"height\":114,\"caption\":\"Journal of Public Health Research\"},\"image\":{\"@id\":\"https:\/\/www.jphres.us.com\/#\/schema\/logo\/image\/\"},\"sameAs\":[\"https:\/\/www.citefactor.org\/journal\/index\/5410\/journal-of-public-health-research#.ZD-hS-xBx3k\",\"https:\/\/www.scimagojr.com\/journalsearch.php?q=21100790524&amp;amp;tip=sid&amp;amp;clean=0\"]}]}<\/script>\n<!-- \/ Yoast SEO plugin. -->","yoast_head_json":{"title":"A childhood obesity prevention programme in Barcelona (POIBA Project): Study protocol of the intervention - Journal of Public Health Research","robots":{"index":"index","follow":"follow","max-snippet":"max-snippet:-1","max-image-preview":"max-image-preview:large","max-video-preview":"max-video-preview:-1"},"canonical":"https:\/\/www.jphres.us.com\/index.php\/jphres\/article\/view\/1129\/","og_locale":"en_US","og_type":"article","og_title":"A childhood obesity prevention programme in Barcelona (POIBA Project): Study protocol of the intervention - Journal of Public Health Research","og_description":"https:\/\/doi.org\/10.4081\/jphr.2018.1129 Francesca S\u00e1nchez-Mart\u00ednez Ag\u00e8ncia de Salut P\u00fablica de Barcelona; CIBER de Epidemiolog\u00eda y Salud P\u00fablica, Madrid; Institut d\u00b4Investigaci\u00f3 Biom\u00e8dica Sant Pau, Barcelona; Universitat Pompeu Fabra, Departament de Ci\u00e8ncies Experimentals i de la Salut, Barcelona, Spain.http:\/\/orcid.org\/0000-0001-8198-1661 Olga Ju\u00e1rez Ag\u00e8ncia de Salut P\u00fablica de Barcelona, CIBER de Epidemiolog\u00eda y Salud P\u00fablica, Madrid; Institut d\u00b4Investigaci\u00f3 Biom\u00e8dica Sant Pau, ... Read more","og_url":"https:\/\/www.jphres.us.com\/index.php\/jphres\/article\/view\/1129\/","og_site_name":"Journal of Public Health Research","article_modified_time":"2023-04-02T12:03:32+00:00","twitter_card":"summary_large_image","twitter_misc":{"Est. reading time":"3 minutes"},"schema":{"@context":"https:\/\/schema.org","@graph":[{"@type":"WebPage","@id":"https:\/\/www.jphres.us.com\/index.php\/jphres\/article\/view\/1129\/","url":"https:\/\/www.jphres.us.com\/index.php\/jphres\/article\/view\/1129\/","name":"A childhood obesity prevention programme in Barcelona (POIBA Project): Study protocol of the intervention - Journal of Public Health Research","isPartOf":{"@id":"https:\/\/www.jphres.us.com\/#website"},"datePublished":"2023-03-28T20:10:08+00:00","dateModified":"2023-04-02T12:03:32+00:00","breadcrumb":{"@id":"https:\/\/www.jphres.us.com\/index.php\/jphres\/article\/view\/1129\/#breadcrumb"},"inLanguage":"en-US","potentialAction":[{"@type":"ReadAction","target":["https:\/\/www.jphres.us.com\/index.php\/jphres\/article\/view\/1129\/"]}]},{"@type":"BreadcrumbList","@id":"https:\/\/www.jphres.us.com\/index.php\/jphres\/article\/view\/1129\/#breadcrumb","itemListElement":[{"@type":"ListItem","position":1,"name":"Startseite","item":"https:\/\/www.jphres.us.com\/"},{"@type":"ListItem","position":2,"name":"A childhood obesity prevention programme in Barcelona (POIBA Project): Study protocol of the intervention"}]},{"@type":"WebSite","@id":"https:\/\/www.jphres.us.com\/#website","url":"https:\/\/www.jphres.us.com\/","name":"Journal of Public Health Research","description":"The Journal of Public Health Research is an online Open Access, peer-reviewed journal in the field of public health science. The scope of the journal is to stimulate debate and spreading of knowledge in this area in order to improve public health.","publisher":{"@id":"https:\/\/www.jphres.us.com\/#organization"},"potentialAction":[{"@type":"SearchAction","target":{"@type":"EntryPoint","urlTemplate":"https:\/\/www.jphres.us.com\/?s={search_term_string}"},"query-input":{"@type":"PropertyValueSpecification","valueRequired":true,"valueName":"search_term_string"}}],"inLanguage":"en-US"},{"@type":"Organization","@id":"https:\/\/www.jphres.us.com\/#organization","name":"Journal of Public Health Research","url":"https:\/\/www.jphres.us.com\/","logo":{"@type":"ImageObject","inLanguage":"en-US","@id":"https:\/\/www.jphres.us.com\/#\/schema\/logo\/image\/","url":"https:\/\/www.jphres.us.com\/wp-content\/uploads\/2022\/10\/Favicon-JPHRES.png","contentUrl":"https:\/\/www.jphres.us.com\/wp-content\/uploads\/2022\/10\/Favicon-JPHRES.png","width":150,"height":114,"caption":"Journal of Public Health Research"},"image":{"@id":"https:\/\/www.jphres.us.com\/#\/schema\/logo\/image\/"},"sameAs":["https:\/\/www.citefactor.org\/journal\/index\/5410\/journal-of-public-health-research#.ZD-hS-xBx3k","https:\/\/www.scimagojr.com\/journalsearch.php?q=21100790524&amp;amp;tip=sid&amp;amp;clean=0"]}]}},"_links":{"self":[{"href":"https:\/\/www.jphres.us.com\/index.php\/wp-json\/wp\/v2\/pages\/5189","targetHints":{"allow":["GET"]}}],"collection":[{"href":"https:\/\/www.jphres.us.com\/index.php\/wp-json\/wp\/v2\/pages"}],"about":[{"href":"https:\/\/www.jphres.us.com\/index.php\/wp-json\/wp\/v2\/types\/page"}],"author":[{"embeddable":true,"href":"https:\/\/www.jphres.us.com\/index.php\/wp-json\/wp\/v2\/users\/3"}],"replies":[{"embeddable":true,"href":"https:\/\/www.jphres.us.com\/index.php\/wp-json\/wp\/v2\/comments?post=5189"}],"version-history":[{"count":0,"href":"https:\/\/www.jphres.us.com\/index.php\/wp-json\/wp\/v2\/pages\/5189\/revisions"}],"wp:attachment":[{"href":"https:\/\/www.jphres.us.com\/index.php\/wp-json\/wp\/v2\/media?parent=5189"}],"curies":[{"name":"wp","href":"https:\/\/api.w.org\/{rel}","templated":true}]}}