{"id":4915,"date":"2023-03-27T04:47:11","date_gmt":"2023-03-27T02:47:11","guid":{"rendered":"https:\/\/www.jphres.org\/?p=4915"},"modified":"2023-04-02T14:18:48","modified_gmt":"2023-04-02T12:18:48","slug":"the-search-conference-as-a-method-in-planning-community-health-promotion-actions","status":"publish","type":"page","link":"https:\/\/www.jphres.us.com\/index.php\/jphres\/article\/view\/621\/","title":{"rendered":"The search conference as a method in planning community health promotion actions"},"content":{"rendered":"<div class=\"item doi\"><span class=\"value\"><a href=\"https:\/\/doi.org\/10.4081\/jphr.2016.621\">https:\/\/doi.org\/10.4081\/jphr.2016.621<\/a><\/span><\/div>\n<ul class=\"item authors\">\n<li><span class=\"name\"><strong>Eva Magnus<\/strong><br \/>\nFaculty of Health and Social Science, Department of Health Science, Norwegian University of Science and Technology, Trondheim, Norway.<\/span><\/li>\n<li><span class=\"name\"><strong>Margunn Skjei Knudtsen<\/strong><br \/>\n<\/span><span class=\"affiliation\">Nord-Tr\u00f8ndelag County Council, Nord-Tr\u00f8ndelag, Norway.<\/span><\/li>\n<li><span class=\"name\"><strong>Guri Wist<\/strong><br \/>\n<\/span><span class=\"affiliation\">Nord-Tr\u00f8ndelag County Council, Nord-Tr\u00f8ndelag, Norway.<\/span><\/li>\n<li><span class=\"name\"><strong>Daniel Weiss<\/strong><br \/>\n<\/span><span class=\"affiliation\">Faculty of Health and Social Science, Department of Health Science, Norwegian University of Science and Technology, Trondheim, Norway.<\/span><\/li>\n<li><span class=\"name\"><strong>Monica Lillefjell<\/strong><br \/>\n<\/span><span class=\"affiliation\">Faculty of Health and Social Science, Department of Health Science, Norwegian University of Science and Technology, Trondheim, Norway.<\/span><\/li>\n<\/ul>\n<div class=\"item abstract\">\n<h3 class=\"label\">ABSTRACT<\/h3>\n<p><em>Aims<\/em>: The aim of this article is to describe and discuss how the search conference can be used as a method for planning health promotion actions in local communities.<br \/>\n<em>Design and methods:<\/em>\u00a0The article draws on experiences with using the method for an innovative project in health promotion in three Norwegian municipalities. The method is described both in general and how it was specifically adopted for the project.<br \/>\n<em>Results and conclusions<\/em>: The search conference as a method was used to develop evidence-based health promotion action plans. With its use of both bottom-up and top-down approaches, this method is a relevant strategy for involving a community in the planning stages of health promotion actions in line with political expectations of participation, ownership, and evidence-based initiatives.<\/p>\n<\/div>\n","protected":false},"excerpt":{"rendered":"<p>https:\/\/doi.org\/10.4081\/jphr.2016.621 Eva Magnus Faculty of Health and Social Science, Department of Health Science, Norwegian University of Science and Technology, Trondheim, Norway. Margunn Skjei Knudtsen Nord-Tr\u00f8ndelag County Council, Nord-Tr\u00f8ndelag, Norway. Guri Wist Nord-Tr\u00f8ndelag County Council, Nord-Tr\u00f8ndelag, Norway. Daniel Weiss Faculty of Health and Social Science, Department of Health Science, Norwegian University of Science and Technology, Trondheim, &#8230; <a title=\"The search conference as a method in planning community health promotion actions\" class=\"read-more\" href=\"https:\/\/www.jphres.us.com\/index.php\/jphres\/article\/view\/621\/\" aria-label=\"More on The search conference as a method in planning community health promotion actions\">Read more<\/a><\/p>\n","protected":false},"author":3,"featured_media":0,"parent":0,"menu_order":0,"comment_status":"open","ping_status":"open","template":"","meta":{"footnotes":""},"class_list":["post-4915","page","type-page","status-publish"],"yoast_head":"<!-- This site is optimized with the Yoast SEO plugin v27.2 - https:\/\/yoast.com\/product\/yoast-seo-wordpress\/ -->\n<title>The search conference as a method in planning community health promotion actions - Journal of Public Health Research<\/title>\n<meta name=\"robots\" content=\"index, follow, max-snippet:-1, max-image-preview:large, max-video-preview:-1\" \/>\n<link rel=\"canonical\" href=\"https:\/\/www.jphres.us.com\/index.php\/jphres\/article\/view\/621\/\" \/>\n<meta property=\"og:locale\" content=\"en_US\" \/>\n<meta property=\"og:type\" content=\"article\" \/>\n<meta property=\"og:title\" content=\"The search conference as a method in planning community health promotion actions - Journal of Public Health Research\" \/>\n<meta property=\"og:description\" content=\"https:\/\/doi.org\/10.4081\/jphr.2016.621 Eva Magnus Faculty of Health and Social Science, Department of Health Science, Norwegian University of Science and Technology, Trondheim, Norway. Margunn Skjei Knudtsen Nord-Tr\u00f8ndelag County Council, Nord-Tr\u00f8ndelag, Norway. Guri Wist Nord-Tr\u00f8ndelag County Council, Nord-Tr\u00f8ndelag, Norway. Daniel Weiss Faculty of Health and Social Science, Department of Health Science, Norwegian University of Science and Technology, Trondheim, ... Read more\" \/>\n<meta property=\"og:url\" content=\"https:\/\/www.jphres.us.com\/index.php\/jphres\/article\/view\/621\/\" \/>\n<meta property=\"og:site_name\" content=\"Journal of Public Health Research\" \/>\n<meta property=\"article:modified_time\" content=\"2023-04-02T12:18:48+00:00\" \/>\n<meta name=\"twitter:card\" content=\"summary_large_image\" \/>\n<meta name=\"twitter:label1\" content=\"Est. reading time\" \/>\n\t<meta name=\"twitter:data1\" content=\"2 minutes\" \/>\n<script type=\"application\/ld+json\" class=\"yoast-schema-graph\">{\"@context\":\"https:\/\/schema.org\",\"@graph\":[{\"@type\":\"WebPage\",\"@id\":\"https:\/\/www.jphres.us.com\/index.php\/jphres\/article\/view\/621\/\",\"url\":\"https:\/\/www.jphres.us.com\/index.php\/jphres\/article\/view\/621\/\",\"name\":\"The search conference as a method in planning community health promotion actions - Journal of Public Health Research\",\"isPartOf\":{\"@id\":\"https:\/\/www.jphres.us.com\/#website\"},\"datePublished\":\"2023-03-27T02:47:11+00:00\",\"dateModified\":\"2023-04-02T12:18:48+00:00\",\"breadcrumb\":{\"@id\":\"https:\/\/www.jphres.us.com\/index.php\/jphres\/article\/view\/621\/#breadcrumb\"},\"inLanguage\":\"en-US\",\"potentialAction\":[{\"@type\":\"ReadAction\",\"target\":[\"https:\/\/www.jphres.us.com\/index.php\/jphres\/article\/view\/621\/\"]}]},{\"@type\":\"BreadcrumbList\",\"@id\":\"https:\/\/www.jphres.us.com\/index.php\/jphres\/article\/view\/621\/#breadcrumb\",\"itemListElement\":[{\"@type\":\"ListItem\",\"position\":1,\"name\":\"Startseite\",\"item\":\"https:\/\/www.jphres.us.com\/\"},{\"@type\":\"ListItem\",\"position\":2,\"name\":\"The search conference as a method in planning community health promotion actions\"}]},{\"@type\":\"WebSite\",\"@id\":\"https:\/\/www.jphres.us.com\/#website\",\"url\":\"https:\/\/www.jphres.us.com\/\",\"name\":\"Journal of Public Health Research\",\"description\":\"The Journal of Public Health Research is an online Open Access, peer-reviewed journal in the field of public health science. The scope of the journal is to stimulate debate and spreading of knowledge in this area in order to improve public health.\",\"publisher\":{\"@id\":\"https:\/\/www.jphres.us.com\/#organization\"},\"potentialAction\":[{\"@type\":\"SearchAction\",\"target\":{\"@type\":\"EntryPoint\",\"urlTemplate\":\"https:\/\/www.jphres.us.com\/?s={search_term_string}\"},\"query-input\":{\"@type\":\"PropertyValueSpecification\",\"valueRequired\":true,\"valueName\":\"search_term_string\"}}],\"inLanguage\":\"en-US\"},{\"@type\":\"Organization\",\"@id\":\"https:\/\/www.jphres.us.com\/#organization\",\"name\":\"Journal of Public Health Research\",\"url\":\"https:\/\/www.jphres.us.com\/\",\"logo\":{\"@type\":\"ImageObject\",\"inLanguage\":\"en-US\",\"@id\":\"https:\/\/www.jphres.us.com\/#\/schema\/logo\/image\/\",\"url\":\"https:\/\/www.jphres.us.com\/wp-content\/uploads\/2022\/10\/Favicon-JPHRES.png\",\"contentUrl\":\"https:\/\/www.jphres.us.com\/wp-content\/uploads\/2022\/10\/Favicon-JPHRES.png\",\"width\":150,\"height\":114,\"caption\":\"Journal of Public Health Research\"},\"image\":{\"@id\":\"https:\/\/www.jphres.us.com\/#\/schema\/logo\/image\/\"},\"sameAs\":[\"https:\/\/www.citefactor.org\/journal\/index\/5410\/journal-of-public-health-research#.ZD-hS-xBx3k\",\"https:\/\/www.scimagojr.com\/journalsearch.php?q=21100790524&amp;amp;tip=sid&amp;amp;clean=0\"]}]}<\/script>\n<!-- \/ Yoast SEO plugin. -->","yoast_head_json":{"title":"The search conference as a method in planning community health promotion actions - Journal of Public Health Research","robots":{"index":"index","follow":"follow","max-snippet":"max-snippet:-1","max-image-preview":"max-image-preview:large","max-video-preview":"max-video-preview:-1"},"canonical":"https:\/\/www.jphres.us.com\/index.php\/jphres\/article\/view\/621\/","og_locale":"en_US","og_type":"article","og_title":"The search conference as a method in planning community health promotion actions - Journal of Public Health Research","og_description":"https:\/\/doi.org\/10.4081\/jphr.2016.621 Eva Magnus Faculty of Health and Social Science, Department of Health Science, Norwegian University of Science and Technology, Trondheim, Norway. Margunn Skjei Knudtsen Nord-Tr\u00f8ndelag County Council, Nord-Tr\u00f8ndelag, Norway. Guri Wist Nord-Tr\u00f8ndelag County Council, Nord-Tr\u00f8ndelag, Norway. Daniel Weiss Faculty of Health and Social Science, Department of Health Science, Norwegian University of Science and Technology, Trondheim, ... Read more","og_url":"https:\/\/www.jphres.us.com\/index.php\/jphres\/article\/view\/621\/","og_site_name":"Journal of Public Health Research","article_modified_time":"2023-04-02T12:18:48+00:00","twitter_card":"summary_large_image","twitter_misc":{"Est. reading time":"2 minutes"},"schema":{"@context":"https:\/\/schema.org","@graph":[{"@type":"WebPage","@id":"https:\/\/www.jphres.us.com\/index.php\/jphres\/article\/view\/621\/","url":"https:\/\/www.jphres.us.com\/index.php\/jphres\/article\/view\/621\/","name":"The search conference as a method in planning community health promotion actions - Journal of Public Health Research","isPartOf":{"@id":"https:\/\/www.jphres.us.com\/#website"},"datePublished":"2023-03-27T02:47:11+00:00","dateModified":"2023-04-02T12:18:48+00:00","breadcrumb":{"@id":"https:\/\/www.jphres.us.com\/index.php\/jphres\/article\/view\/621\/#breadcrumb"},"inLanguage":"en-US","potentialAction":[{"@type":"ReadAction","target":["https:\/\/www.jphres.us.com\/index.php\/jphres\/article\/view\/621\/"]}]},{"@type":"BreadcrumbList","@id":"https:\/\/www.jphres.us.com\/index.php\/jphres\/article\/view\/621\/#breadcrumb","itemListElement":[{"@type":"ListItem","position":1,"name":"Startseite","item":"https:\/\/www.jphres.us.com\/"},{"@type":"ListItem","position":2,"name":"The search conference as a method in planning community health promotion actions"}]},{"@type":"WebSite","@id":"https:\/\/www.jphres.us.com\/#website","url":"https:\/\/www.jphres.us.com\/","name":"Journal of Public Health Research","description":"The Journal of Public Health Research is an online Open Access, peer-reviewed journal in the field of public health science. The scope of the journal is to stimulate debate and spreading of knowledge in this area in order to improve public health.","publisher":{"@id":"https:\/\/www.jphres.us.com\/#organization"},"potentialAction":[{"@type":"SearchAction","target":{"@type":"EntryPoint","urlTemplate":"https:\/\/www.jphres.us.com\/?s={search_term_string}"},"query-input":{"@type":"PropertyValueSpecification","valueRequired":true,"valueName":"search_term_string"}}],"inLanguage":"en-US"},{"@type":"Organization","@id":"https:\/\/www.jphres.us.com\/#organization","name":"Journal of Public Health Research","url":"https:\/\/www.jphres.us.com\/","logo":{"@type":"ImageObject","inLanguage":"en-US","@id":"https:\/\/www.jphres.us.com\/#\/schema\/logo\/image\/","url":"https:\/\/www.jphres.us.com\/wp-content\/uploads\/2022\/10\/Favicon-JPHRES.png","contentUrl":"https:\/\/www.jphres.us.com\/wp-content\/uploads\/2022\/10\/Favicon-JPHRES.png","width":150,"height":114,"caption":"Journal of Public Health Research"},"image":{"@id":"https:\/\/www.jphres.us.com\/#\/schema\/logo\/image\/"},"sameAs":["https:\/\/www.citefactor.org\/journal\/index\/5410\/journal-of-public-health-research#.ZD-hS-xBx3k","https:\/\/www.scimagojr.com\/journalsearch.php?q=21100790524&amp;amp;tip=sid&amp;amp;clean=0"]}]}},"_links":{"self":[{"href":"https:\/\/www.jphres.us.com\/index.php\/wp-json\/wp\/v2\/pages\/4915","targetHints":{"allow":["GET"]}}],"collection":[{"href":"https:\/\/www.jphres.us.com\/index.php\/wp-json\/wp\/v2\/pages"}],"about":[{"href":"https:\/\/www.jphres.us.com\/index.php\/wp-json\/wp\/v2\/types\/page"}],"author":[{"embeddable":true,"href":"https:\/\/www.jphres.us.com\/index.php\/wp-json\/wp\/v2\/users\/3"}],"replies":[{"embeddable":true,"href":"https:\/\/www.jphres.us.com\/index.php\/wp-json\/wp\/v2\/comments?post=4915"}],"version-history":[{"count":0,"href":"https:\/\/www.jphres.us.com\/index.php\/wp-json\/wp\/v2\/pages\/4915\/revisions"}],"wp:attachment":[{"href":"https:\/\/www.jphres.us.com\/index.php\/wp-json\/wp\/v2\/media?parent=4915"}],"curies":[{"name":"wp","href":"https:\/\/api.w.org\/{rel}","templated":true}]}}