{"id":4776,"date":"2023-03-29T20:21:10","date_gmt":"2023-03-29T18:21:10","guid":{"rendered":"https:\/\/www.jphres.org\/?p=4776"},"modified":"2023-04-02T13:53:37","modified_gmt":"2023-04-02T11:53:37","slug":"factors-associated-with-psychological-distress-among-myanmar-residents-during-covid-19-pandemic-crises","status":"publish","type":"page","link":"https:\/\/www.jphres.us.com\/index.php\/jphres\/article\/view\/2279\/","title":{"rendered":"Factors associated with psychological distress among Myanmar residents during COVID-19 pandemic crises"},"content":{"rendered":"<div class=\"item doi\"><span class=\"value\"><a href=\"https:\/\/doi.org\/10.4081\/jphr.2021.2279\">https:\/\/doi.org\/10.4081\/jphr.2021.2279<\/a><\/span><\/div>\n<ul class=\"item authors\">\n<li><span class=\"name\"><strong>Roy Rillera Marzo<\/strong><br \/>\n<\/span><span class=\"affiliation\">Department of Community Medicine, International Medical School, Management and Science University, Kuala Lumpur, Malaysia.<\/span><\/li>\n<li><span class=\"name\"><strong>Soe Soe Aye<\/strong><br \/>\n<\/span><span class=\"affiliation\">Department of Pediatrics, Faculty of Medicine, Asia Metropolitan University, JalanLembah, Bandar Seri Alam, Masai, Johor, Malaysia.<\/span><\/li>\n<li><span class=\"name\"><strong>Thein Win Naing<\/strong><br \/>\n<\/span><span class=\"affiliation\">Department of Public Health, Faculty of Medicine, Asia Metropolitan University, JalanLembah, Bandar Seri Alam, Masai, Johor, Malaysia.<\/span><\/li>\n<li><span class=\"name\"><strong>Thin Mon Kyaw<\/strong><br \/>\n<span class=\"affiliation\">Department of Community Medicine, Faculty of Medicine, Asia Metropolitan University, JalanLembah, Bandar Seri Alam, Masai, Johor, Malaysia.<\/span><span class=\"orcid\"><a href=\"https:\/\/orcid.org\/0000-0003-1548-1727\" target=\"_blank\" rel=\"noopener\">\u00a0https:\/\/orcid.org\/0000-0003-1548-1727<\/a><\/span><\/span><\/li>\n<li><span class=\"name\"><strong>Myat Thida Win<\/strong><br \/>\n<\/span><span class=\"affiliation\">Department of Internal Medicine, Faculty of Medicine, Asia Metropolitan University, JalanLembah, Bandar Seri Alam, Masai, Johor, Malaysia.<\/span><\/li>\n<li><span class=\"name\"><strong>Htoo Htoo Kyaw Soe<\/strong><br \/>\n<\/span><span class=\"affiliation\">Department of Community Medicine, Faculty of Medicine, Manipal University College Malaysia, Melaka, Malaysia.<\/span><\/li>\n<li><span class=\"name\"><strong>Minn Soe<\/strong><br \/>\n<\/span><span class=\"affiliation\">Department of Psychiatry, Faculty of Medicine, Nursing and Biomedical Sciences, Malaysian Allied Health Sciences Academy University (MAHSA),Bandar SaujanaPurta, Selangor, Malaysia.<\/span><span class=\"orcid\"><a href=\"https:\/\/orcid.org\/0000-0002-1793-6011\" target=\"_blank\" rel=\"noopener\">\u00a0https:\/\/orcid.org\/0000-0002-1793-6011<\/a><\/span><\/li>\n<li><span class=\"name\"><strong>Ye Wint Kyaw<\/strong><br \/>\n<\/span><span class=\"affiliation\">Department of Pathology, Faculty of Medicine, Asia Metropolitan University, JalanLembah, Bandar Seri Alam, Masai, Johor, Malaysia.<\/span><\/li>\n<li><span class=\"name\"><strong>Maung Maung Soe<\/strong><br \/>\n<\/span><span class=\"affiliation\">Department of Surgery, Faculty of Medicine, Asia Metropolitan University, JalanLembah, Bandar Seri Alam, Masai, Johor, Malaysia.<\/span><\/li>\n<li><span class=\"name\"><strong>Nay Linn<\/strong><br \/>\n<\/span><span class=\"affiliation\">Department of Surgery, Faculty of Medicine, Asia Metropolitan University, JalanLembah, Bandar Seri Alam, Masai, Johor, Malaysia.<\/span><\/li>\n<\/ul>\n<div class=\"item abstract\">\n<h3 class=\"label\">ABSTRACT<\/h3>\n<p><strong>Background<\/strong>: COVID-19 pandemic reached a public health emergency status of international concern. The impacts and events associated with this were associated with adverse psychological impacts among the general public globally. This study aimed to determine the prevalence of psychological distress and to identify predictors associated with psychological distress due to the COVID-19 pandemic among the population in Myanmar.<br \/>\n<strong>Design and Methods:<\/strong>\u00a0A cross-sectional survey was conducted from March to April 2020 among adults, 18 years old and above, who reside in Myanmar through a structured questionnaire distributed in social media platforms. Univariate and Bivariate analyses were used to estimate the prevalence of COVID-19 Peritraumatic Distress Index (CPDI) symptoms and to test the associations between CPDI and the exposure variables. Logistic Regression Analysis was done to identify significant predictors of distress.<br \/>\n<strong>Results:<\/strong>\u00a0There were 530 participants in this study.37.4% of them did not have psychological distress,55.6% experienced mild to moderate psychological distress, and 7% experienced severe psychological distress due to COVID-19 pandemic. Simple and Multiple Logistic Regression Analyses were performed to determine the factors associated with psychological distress due to COVID-19.<br \/>\n<strong>Conclusions:<\/strong>\u00a0It was shown that the self-employed group and age group older than 45 years old had more psychological distress than others. However, Buddhists and people from the capital city had less distress than other religions and districts. This study recommends the government to develop better strategies for self-employed groups, elders, and the poor for a support, relief, and resettlement of their ruined status.<\/p>\n<h3 class=\"label\">REFERENCES<\/h3>\n<div class=\"value\">\n<p>WHO. Mental health and psychosocial considerations during the COVID-19 outbreak, 18 March 2020. World Health Organization; 2020.<\/p>\n<p>Wilkinson A, Ripoll S, Schmidt-Sane M, McLeod K. COVID-19 in the context of conflict and displacement-Myanmar. Social Science in Humanitarian Action Platform; 2020. Available from:\u00a0<a href=\"https:\/\/www.socialscienceinaction.org\/resources\/key-considerations-covid-19-context-conflict-displacement-myanmar\/\">https:\/\/www.socialscienceinaction.org\/resources\/key-considerations-covid-19-context-conflict-displacement-myanmar\/<\/a><\/p>\n<p>Ministry of health and sports Myanmar. Statistics on the coronavirus cases in Myanmar: COVID-19 Myanmar surveillance dashboard. Accessed: 25 May 2020. Available from:\u00a0<a href=\"https:\/\/www.mohs.gov.mm\/\">https:\/\/www.mohs.gov.mm<\/a><\/p>\n<p>Zulkifli NA, Sivapatham S, Guan NC. Brief psychotic disorder in relation to coronavirus, COVID-19 outbreaks: a case report. Malaysian J Psychiatry 2020;29:67-72.<\/p>\n<p>Aye WT, Lien L, Stigum H, et al. The prevalence of mental distress and the association with education: a cross-sectional study of 18-49-year-old citizens of Yangon Region, Myanmar. BMC Public Health 2020;20:1-12.<\/p>\n<p>Ministry of health, Malaysia. Mental health and psychological support in COVID-19. 2020. Accessed: 3 April 2020. Available from:\u00a0<a href=\"https:\/\/covid-19.moh.gov.my\/garis-panduan\/garis-panduan-kkm\">https:\/\/covid-19.moh.gov.my\/garis-panduan\/garis-panduan-kkm<\/a><\/p>\n<p>International Crisis Group. Conflict, Health Cooperation and COVID-19 in Myanmar. 2020. International Crisis Group. Accessed: 3 June 2020. Available from:\u00a0<a href=\"http:\/\/www.jstor.org\/stable\/resrep31514\">http:\/\/www.jstor.org\/stable\/resrep31514<\/a><\/p>\n<p>ICRC. COVID-19: Global pandemic may increase stress exponentially. 2020. Accessed: 20 June 2020. Available from:\u00a0<a href=\"https:\/\/www.icrc.org\/en\/document\/covid19-global-pandemic-may-increase-stress\">https:\/\/www.icrc.org\/en\/document\/covid19-global-pandemic-may-increase-stress<\/a><\/p>\n<p>Wang C, Pan R, Wan X, et al. Immediate psychological responses and associated factors during the initial stage of the 2019 coronavirus disease (COVID-19) epidemic among the general population in China. Int J Environ Res Public Health 2020;17:1729.<\/p>\n<p>Htut KM. Psychological influences of survivors after disaster in Myanmar. PhD Thesis, Graduate School of Social Sciences, Yokohama National University; 2015.<\/p>\n<p>Rajkumar RP. COVID-19 and mental health: A review of the existing literature. Asian J Psychiat 2020;52:102066.<\/p>\n<p>Qiu J, Shen B, Zhao M, et al. A nationwide survey of psychological distress among Chinese people in the COVID-19 epidemic: implications and policy recommendations. General Psychiat 2020;33.<\/p>\n<p>G\u00f3mez-Salgado J, Andr\u00e9s-Villas M, Dom\u00ednguez-Salas S, et al. Related health factors of psychological distress during the COVID-19 pandemic in Spain. Int J Environ Res Public Health 2020;17:3947.<\/p>\n<p>Zhang J, Lu H, Zeng H, et al. The differential psychological distress of populations affected by the COVID-19 pandemic. Brain Behavior Immun 2020;87:49.<\/p>\n<p>Lee SA, Mathis AA, Jobe MC, Pappalardo EA. Clinically significant fear and anxiety of COVID-19: A psychometric examination of the Coronavirus Anxiety Scale. Psychiat Res 2020;290:113112.<\/p>\n<p>Cheng C, Jun H, Baoyong L. Psychological health diathesis assessment system: a nationwide survey of resilient trait scale for Chinese adults. Studies Psychol Behavior 2014;12:735.<\/p>\n<p>Roberts T, Esponda GM, Krupchanka D, Shidhaye R, Patel V, Rathod S. Factors associated with health service utilisation for common mental disorders: a systematic review. BMC Psychiat 2018;18:1-19.<\/p>\n<p>Carod-Artal FJ. Social determinants of mental health. In B\u00e4hrer-Kohler S and Carod-Artal FJ (eds): Global mental health: Prevention and promotion. Springer International Publishing; 2017: 33\u201346.<\/p>\n<p>Ahorsu DK, Lin C-Y, Imani V, et al. The fear of COVID-scale: development and initial validation. Int J Mental Health Addict 2020:1-9. Epub ahead of print. doi: 10.1007\/s11469-020-00270-8<\/p>\n<p>Taha S, Matheson K, Cronin T, Anisman H. Intolerance of uncertainty, appraisals, coping, and anxiety: The case of the 2009 H 1 N 1 pandemic. Br J Health Psychol 2014;19:592-605.<\/p>\n<p>Rubin GJ, Wessely S. The psychological effects of quarantining a city. BMJ 2020;368.<\/p>\n<p>Asmundson GJ, Taylor S. How health anxiety influences responses to viral outbreaks like COVID-19: What all decision-makers, health authorities, and health care professionals need to know. J Anxiety Disord 2020;71:102211.<\/p>\n<p>Larson HJ. The biggest pandemic risk? Viral misinformation. Nature 2018;562:309-10.<\/p>\n<p>Zarocostas J. How to fight an infodemic. Lancet 2020;395:676.<\/p>\n<p>Depoux A, Martin S, Karafillakis E, et al. The pandemic of social media panic travels faster than the COVID-19 outbreak. J Travel Med 2020;27:taaa031.<\/p>\n<p>Hart WB. What is intercultural relations? E-J Intercult Relat 1998;23:1-8.<\/p>\n<p>Alwani SS, Majeed MM, Hirwani MZ, et al. Evaluation of knowledge, practices, attitude and anxiety of Pakistans nurses towards COVID-19 during the current outbreak in Pakistan. MedRxiv 2020; doi: 10.1101\/2020.06.05.20123703.<\/p>\n<\/div>\n<\/div>\n","protected":false},"excerpt":{"rendered":"<p>https:\/\/doi.org\/10.4081\/jphr.2021.2279 Roy Rillera Marzo Department of Community Medicine, International Medical School, Management and Science University, Kuala Lumpur, Malaysia. Soe Soe Aye Department of Pediatrics, Faculty of Medicine, Asia Metropolitan University, JalanLembah, Bandar Seri Alam, Masai, Johor, Malaysia. Thein Win Naing Department of Public Health, Faculty of Medicine, Asia Metropolitan University, JalanLembah, Bandar Seri Alam, Masai, &#8230; <a title=\"Factors associated with psychological distress among Myanmar residents during COVID-19 pandemic crises\" class=\"read-more\" href=\"https:\/\/www.jphres.us.com\/index.php\/jphres\/article\/view\/2279\/\" aria-label=\"More on Factors associated with psychological distress among Myanmar residents during COVID-19 pandemic crises\">Read more<\/a><\/p>\n","protected":false},"author":3,"featured_media":0,"parent":0,"menu_order":0,"comment_status":"open","ping_status":"open","template":"","meta":{"footnotes":""},"class_list":["post-4776","page","type-page","status-publish"],"yoast_head":"<!-- This site is optimized with the Yoast SEO plugin v27.2 - https:\/\/yoast.com\/product\/yoast-seo-wordpress\/ -->\n<title>Factors associated with psychological distress among Myanmar residents during COVID-19 pandemic crises - Journal of Public Health Research<\/title>\n<meta name=\"robots\" content=\"index, follow, max-snippet:-1, max-image-preview:large, max-video-preview:-1\" \/>\n<link rel=\"canonical\" href=\"https:\/\/www.jphres.us.com\/index.php\/jphres\/article\/view\/2279\/\" \/>\n<meta property=\"og:locale\" content=\"en_US\" \/>\n<meta property=\"og:type\" content=\"article\" \/>\n<meta property=\"og:title\" content=\"Factors associated with psychological distress among Myanmar residents during COVID-19 pandemic crises - Journal of Public Health Research\" \/>\n<meta property=\"og:description\" content=\"https:\/\/doi.org\/10.4081\/jphr.2021.2279 Roy Rillera Marzo Department of Community Medicine, International Medical School, Management and Science University, Kuala Lumpur, Malaysia. Soe Soe Aye Department of Pediatrics, Faculty of Medicine, Asia Metropolitan University, JalanLembah, Bandar Seri Alam, Masai, Johor, Malaysia. Thein Win Naing Department of Public Health, Faculty of Medicine, Asia Metropolitan University, JalanLembah, Bandar Seri Alam, Masai, ... Read more\" \/>\n<meta property=\"og:url\" content=\"https:\/\/www.jphres.us.com\/index.php\/jphres\/article\/view\/2279\/\" \/>\n<meta property=\"og:site_name\" content=\"Journal of Public Health Research\" \/>\n<meta property=\"article:modified_time\" content=\"2023-04-02T11:53:37+00:00\" \/>\n<meta name=\"twitter:card\" content=\"summary_large_image\" \/>\n<meta name=\"twitter:label1\" content=\"Est. reading time\" \/>\n\t<meta name=\"twitter:data1\" content=\"7 minutes\" \/>\n<script type=\"application\/ld+json\" class=\"yoast-schema-graph\">{\"@context\":\"https:\/\/schema.org\",\"@graph\":[{\"@type\":\"WebPage\",\"@id\":\"https:\/\/www.jphres.us.com\/index.php\/jphres\/article\/view\/2279\/\",\"url\":\"https:\/\/www.jphres.us.com\/index.php\/jphres\/article\/view\/2279\/\",\"name\":\"Factors associated with psychological distress among Myanmar residents during COVID-19 pandemic crises - Journal of Public Health Research\",\"isPartOf\":{\"@id\":\"https:\/\/www.jphres.us.com\/#website\"},\"datePublished\":\"2023-03-29T18:21:10+00:00\",\"dateModified\":\"2023-04-02T11:53:37+00:00\",\"breadcrumb\":{\"@id\":\"https:\/\/www.jphres.us.com\/index.php\/jphres\/article\/view\/2279\/#breadcrumb\"},\"inLanguage\":\"en-US\",\"potentialAction\":[{\"@type\":\"ReadAction\",\"target\":[\"https:\/\/www.jphres.us.com\/index.php\/jphres\/article\/view\/2279\/\"]}]},{\"@type\":\"BreadcrumbList\",\"@id\":\"https:\/\/www.jphres.us.com\/index.php\/jphres\/article\/view\/2279\/#breadcrumb\",\"itemListElement\":[{\"@type\":\"ListItem\",\"position\":1,\"name\":\"Startseite\",\"item\":\"https:\/\/www.jphres.us.com\/\"},{\"@type\":\"ListItem\",\"position\":2,\"name\":\"Factors associated with psychological distress among Myanmar residents during COVID-19 pandemic crises\"}]},{\"@type\":\"WebSite\",\"@id\":\"https:\/\/www.jphres.us.com\/#website\",\"url\":\"https:\/\/www.jphres.us.com\/\",\"name\":\"Journal of Public Health Research\",\"description\":\"The Journal of Public Health Research is an online Open Access, peer-reviewed journal in the field of public health science. The scope of the journal is to stimulate debate and spreading of knowledge in this area in order to improve public health.\",\"publisher\":{\"@id\":\"https:\/\/www.jphres.us.com\/#organization\"},\"potentialAction\":[{\"@type\":\"SearchAction\",\"target\":{\"@type\":\"EntryPoint\",\"urlTemplate\":\"https:\/\/www.jphres.us.com\/?s={search_term_string}\"},\"query-input\":{\"@type\":\"PropertyValueSpecification\",\"valueRequired\":true,\"valueName\":\"search_term_string\"}}],\"inLanguage\":\"en-US\"},{\"@type\":\"Organization\",\"@id\":\"https:\/\/www.jphres.us.com\/#organization\",\"name\":\"Journal of Public Health Research\",\"url\":\"https:\/\/www.jphres.us.com\/\",\"logo\":{\"@type\":\"ImageObject\",\"inLanguage\":\"en-US\",\"@id\":\"https:\/\/www.jphres.us.com\/#\/schema\/logo\/image\/\",\"url\":\"https:\/\/www.jphres.us.com\/wp-content\/uploads\/2022\/10\/Favicon-JPHRES.png\",\"contentUrl\":\"https:\/\/www.jphres.us.com\/wp-content\/uploads\/2022\/10\/Favicon-JPHRES.png\",\"width\":150,\"height\":114,\"caption\":\"Journal of Public Health Research\"},\"image\":{\"@id\":\"https:\/\/www.jphres.us.com\/#\/schema\/logo\/image\/\"},\"sameAs\":[\"https:\/\/www.citefactor.org\/journal\/index\/5410\/journal-of-public-health-research#.ZD-hS-xBx3k\",\"https:\/\/www.scimagojr.com\/journalsearch.php?q=21100790524&amp;amp;tip=sid&amp;amp;clean=0\"]}]}<\/script>\n<!-- \/ Yoast SEO plugin. -->","yoast_head_json":{"title":"Factors associated with psychological distress among Myanmar residents during COVID-19 pandemic crises - Journal of Public Health Research","robots":{"index":"index","follow":"follow","max-snippet":"max-snippet:-1","max-image-preview":"max-image-preview:large","max-video-preview":"max-video-preview:-1"},"canonical":"https:\/\/www.jphres.us.com\/index.php\/jphres\/article\/view\/2279\/","og_locale":"en_US","og_type":"article","og_title":"Factors associated with psychological distress among Myanmar residents during COVID-19 pandemic crises - Journal of Public Health Research","og_description":"https:\/\/doi.org\/10.4081\/jphr.2021.2279 Roy Rillera Marzo Department of Community Medicine, International Medical School, Management and Science University, Kuala Lumpur, Malaysia. Soe Soe Aye Department of Pediatrics, Faculty of Medicine, Asia Metropolitan University, JalanLembah, Bandar Seri Alam, Masai, Johor, Malaysia. Thein Win Naing Department of Public Health, Faculty of Medicine, Asia Metropolitan University, JalanLembah, Bandar Seri Alam, Masai, ... Read more","og_url":"https:\/\/www.jphres.us.com\/index.php\/jphres\/article\/view\/2279\/","og_site_name":"Journal of Public Health Research","article_modified_time":"2023-04-02T11:53:37+00:00","twitter_card":"summary_large_image","twitter_misc":{"Est. reading time":"7 minutes"},"schema":{"@context":"https:\/\/schema.org","@graph":[{"@type":"WebPage","@id":"https:\/\/www.jphres.us.com\/index.php\/jphres\/article\/view\/2279\/","url":"https:\/\/www.jphres.us.com\/index.php\/jphres\/article\/view\/2279\/","name":"Factors associated with psychological distress among Myanmar residents during COVID-19 pandemic crises - Journal of Public Health Research","isPartOf":{"@id":"https:\/\/www.jphres.us.com\/#website"},"datePublished":"2023-03-29T18:21:10+00:00","dateModified":"2023-04-02T11:53:37+00:00","breadcrumb":{"@id":"https:\/\/www.jphres.us.com\/index.php\/jphres\/article\/view\/2279\/#breadcrumb"},"inLanguage":"en-US","potentialAction":[{"@type":"ReadAction","target":["https:\/\/www.jphres.us.com\/index.php\/jphres\/article\/view\/2279\/"]}]},{"@type":"BreadcrumbList","@id":"https:\/\/www.jphres.us.com\/index.php\/jphres\/article\/view\/2279\/#breadcrumb","itemListElement":[{"@type":"ListItem","position":1,"name":"Startseite","item":"https:\/\/www.jphres.us.com\/"},{"@type":"ListItem","position":2,"name":"Factors associated with psychological distress among Myanmar residents during COVID-19 pandemic crises"}]},{"@type":"WebSite","@id":"https:\/\/www.jphres.us.com\/#website","url":"https:\/\/www.jphres.us.com\/","name":"Journal of Public Health Research","description":"The Journal of Public Health Research is an online Open Access, peer-reviewed journal in the field of public health science. The scope of the journal is to stimulate debate and spreading of knowledge in this area in order to improve public health.","publisher":{"@id":"https:\/\/www.jphres.us.com\/#organization"},"potentialAction":[{"@type":"SearchAction","target":{"@type":"EntryPoint","urlTemplate":"https:\/\/www.jphres.us.com\/?s={search_term_string}"},"query-input":{"@type":"PropertyValueSpecification","valueRequired":true,"valueName":"search_term_string"}}],"inLanguage":"en-US"},{"@type":"Organization","@id":"https:\/\/www.jphres.us.com\/#organization","name":"Journal of Public Health Research","url":"https:\/\/www.jphres.us.com\/","logo":{"@type":"ImageObject","inLanguage":"en-US","@id":"https:\/\/www.jphres.us.com\/#\/schema\/logo\/image\/","url":"https:\/\/www.jphres.us.com\/wp-content\/uploads\/2022\/10\/Favicon-JPHRES.png","contentUrl":"https:\/\/www.jphres.us.com\/wp-content\/uploads\/2022\/10\/Favicon-JPHRES.png","width":150,"height":114,"caption":"Journal of Public Health Research"},"image":{"@id":"https:\/\/www.jphres.us.com\/#\/schema\/logo\/image\/"},"sameAs":["https:\/\/www.citefactor.org\/journal\/index\/5410\/journal-of-public-health-research#.ZD-hS-xBx3k","https:\/\/www.scimagojr.com\/journalsearch.php?q=21100790524&amp;amp;tip=sid&amp;amp;clean=0"]}]}},"_links":{"self":[{"href":"https:\/\/www.jphres.us.com\/index.php\/wp-json\/wp\/v2\/pages\/4776","targetHints":{"allow":["GET"]}}],"collection":[{"href":"https:\/\/www.jphres.us.com\/index.php\/wp-json\/wp\/v2\/pages"}],"about":[{"href":"https:\/\/www.jphres.us.com\/index.php\/wp-json\/wp\/v2\/types\/page"}],"author":[{"embeddable":true,"href":"https:\/\/www.jphres.us.com\/index.php\/wp-json\/wp\/v2\/users\/3"}],"replies":[{"embeddable":true,"href":"https:\/\/www.jphres.us.com\/index.php\/wp-json\/wp\/v2\/comments?post=4776"}],"version-history":[{"count":0,"href":"https:\/\/www.jphres.us.com\/index.php\/wp-json\/wp\/v2\/pages\/4776\/revisions"}],"wp:attachment":[{"href":"https:\/\/www.jphres.us.com\/index.php\/wp-json\/wp\/v2\/media?parent=4776"}],"curies":[{"name":"wp","href":"https:\/\/api.w.org\/{rel}","templated":true}]}}