{"id":4639,"date":"2023-03-29T12:11:50","date_gmt":"2023-03-29T10:11:50","guid":{"rendered":"https:\/\/www.jphres.org\/?p=4639"},"modified":"2023-04-02T13:57:33","modified_gmt":"2023-04-02T11:57:33","slug":"changing-trends-in-adolescent-alcohol-use-among-czech-school-aged-children-from-1994-to-2014","status":"publish","type":"page","link":"https:\/\/www.jphres.us.com\/index.php\/jphres\/article\/view\/1493\/","title":{"rendered":"Changing trends in adolescent alcohol use among Czech school-aged children from 1994 to 2014"},"content":{"rendered":"<div class=\"item doi\"><span class=\"value\"><a href=\"https:\/\/doi.org\/10.4081\/jphr.2019.1493\">https:\/\/doi.org\/10.4081\/jphr.2019.1493<\/a><\/span><\/div>\n<ul class=\"item authors\">\n<li><span class=\"name\"><strong>Ladislav K\u00e1\u017em\u00e9r<\/strong><br \/>\n<\/span><span class=\"affiliation\">National Institute of Mental Health, Klecany; Department of Social Geography and Regional Development, Faculty of Science, Charles University, Prague, Czechia.<\/span><span class=\"orcid\"><a href=\"https:\/\/orcid.org\/0000-0001-9369-7721\" target=\"_blank\" rel=\"noopener\">\u00a0https:\/\/orcid.org\/0000-0001-9369-7721<\/a><\/span><\/li>\n<li><span class=\"name\"><strong>Ladislav Cs\u00e9my<\/strong><br \/>\nNational Institute of Mental Health, Klecany, Czechia.<\/span><\/li>\n<\/ul>\n<div class=\"item abstract\">\n<h3 class=\"label\">ABSTRACT<\/h3>\n<p><em>Background:<\/em>\u00a0For an efficient planning of public health policy, the regular monitoring over health-related behaviors among vulnerable population groups is necessary. The aim of this study is to examine the temporal trends in alcohol use among the Czech adolescent population.<br \/>\n<em><br \/>\nDesign and methods:<\/em>\u00a0Data from the Health Behaviour in Schoolaged Children (HBSC) project conducted in Czechia from 1994 to 2014 were used. Adolescent alcohol use was assessed via two indicators: i) weekly alcohol use (beer, wine, and\/or spirit), ii) repeated lifetime drunkenness (having been drunk on two or more occasions in life). Trends in alcohol use were modelled separately for boys and girls. Binary logistic regression was conducted with survey period as an independent predictor of the alcohol indicator.<br \/>\n<em><br \/>\nResults:<\/em>\u00a0There were significant changes in adolescent alcohol use since 1994. Between 1994 and 2010, there was a gradual upward in the prevalence. However, in the recent period of 2014, an unprecedented drop in alcohol use was recorded.<br \/>\n<em><br \/>\nConclusions:<\/em>\u00a0Despite the significant drop in the prevalence of alcohol use among the Czech youth in recent years, alcohol drinking in adolescence remains an important challenge for the national health policy. Further research will show whether these changes in adolescent health-related behavior are of a temporary or a permanent nature.<\/p>\n<\/div>\n","protected":false},"excerpt":{"rendered":"<p>https:\/\/doi.org\/10.4081\/jphr.2019.1493 Ladislav K\u00e1\u017em\u00e9r National Institute of Mental Health, Klecany; Department of Social Geography and Regional Development, Faculty of Science, Charles University, Prague, Czechia.\u00a0https:\/\/orcid.org\/0000-0001-9369-7721 Ladislav Cs\u00e9my National Institute of Mental Health, Klecany, Czechia. ABSTRACT Background:\u00a0For an efficient planning of public health policy, the regular monitoring over health-related behaviors among vulnerable population groups is necessary. The aim &#8230; <a title=\"Changing trends in adolescent alcohol use among Czech school-aged children from 1994 to 2014\" class=\"read-more\" href=\"https:\/\/www.jphres.us.com\/index.php\/jphres\/article\/view\/1493\/\" aria-label=\"More on Changing trends in adolescent alcohol use among Czech school-aged children from 1994 to 2014\">Read more<\/a><\/p>\n","protected":false},"author":3,"featured_media":0,"parent":0,"menu_order":0,"comment_status":"open","ping_status":"open","template":"","meta":{"footnotes":""},"class_list":["post-4639","page","type-page","status-publish"],"yoast_head":"<!-- This site is optimized with the Yoast SEO plugin v27.2 - https:\/\/yoast.com\/product\/yoast-seo-wordpress\/ -->\n<title>Changing trends in adolescent alcohol use among Czech school-aged children from 1994 to 2014 - Journal of Public Health Research<\/title>\n<meta name=\"robots\" content=\"index, follow, max-snippet:-1, max-image-preview:large, max-video-preview:-1\" \/>\n<link rel=\"canonical\" href=\"https:\/\/www.jphres.us.com\/index.php\/jphres\/article\/view\/1493\/\" \/>\n<meta property=\"og:locale\" content=\"en_US\" \/>\n<meta property=\"og:type\" content=\"article\" \/>\n<meta property=\"og:title\" content=\"Changing trends in adolescent alcohol use among Czech school-aged children from 1994 to 2014 - Journal of Public Health Research\" \/>\n<meta property=\"og:description\" content=\"https:\/\/doi.org\/10.4081\/jphr.2019.1493 Ladislav K\u00e1\u017em\u00e9r National Institute of Mental Health, Klecany; Department of Social Geography and Regional Development, Faculty of Science, Charles University, Prague, Czechia.\u00a0https:\/\/orcid.org\/0000-0001-9369-7721 Ladislav Cs\u00e9my National Institute of Mental Health, Klecany, Czechia. ABSTRACT Background:\u00a0For an efficient planning of public health policy, the regular monitoring over health-related behaviors among vulnerable population groups is necessary. The aim ... Read more\" \/>\n<meta property=\"og:url\" content=\"https:\/\/www.jphres.us.com\/index.php\/jphres\/article\/view\/1493\/\" \/>\n<meta property=\"og:site_name\" content=\"Journal of Public Health Research\" \/>\n<meta property=\"article:modified_time\" content=\"2023-04-02T11:57:33+00:00\" \/>\n<meta name=\"twitter:card\" content=\"summary_large_image\" \/>\n<meta name=\"twitter:label1\" content=\"Est. reading time\" \/>\n\t<meta name=\"twitter:data1\" content=\"2 minutes\" \/>\n<script type=\"application\/ld+json\" class=\"yoast-schema-graph\">{\"@context\":\"https:\/\/schema.org\",\"@graph\":[{\"@type\":\"WebPage\",\"@id\":\"https:\/\/www.jphres.us.com\/index.php\/jphres\/article\/view\/1493\/\",\"url\":\"https:\/\/www.jphres.us.com\/index.php\/jphres\/article\/view\/1493\/\",\"name\":\"Changing trends in adolescent alcohol use among Czech school-aged children from 1994 to 2014 - Journal of Public Health Research\",\"isPartOf\":{\"@id\":\"https:\/\/www.jphres.us.com\/#website\"},\"datePublished\":\"2023-03-29T10:11:50+00:00\",\"dateModified\":\"2023-04-02T11:57:33+00:00\",\"breadcrumb\":{\"@id\":\"https:\/\/www.jphres.us.com\/index.php\/jphres\/article\/view\/1493\/#breadcrumb\"},\"inLanguage\":\"en-US\",\"potentialAction\":[{\"@type\":\"ReadAction\",\"target\":[\"https:\/\/www.jphres.us.com\/index.php\/jphres\/article\/view\/1493\/\"]}]},{\"@type\":\"BreadcrumbList\",\"@id\":\"https:\/\/www.jphres.us.com\/index.php\/jphres\/article\/view\/1493\/#breadcrumb\",\"itemListElement\":[{\"@type\":\"ListItem\",\"position\":1,\"name\":\"Startseite\",\"item\":\"https:\/\/www.jphres.us.com\/\"},{\"@type\":\"ListItem\",\"position\":2,\"name\":\"Changing trends in adolescent alcohol use among Czech school-aged children from 1994 to 2014\"}]},{\"@type\":\"WebSite\",\"@id\":\"https:\/\/www.jphres.us.com\/#website\",\"url\":\"https:\/\/www.jphres.us.com\/\",\"name\":\"Journal of Public Health Research\",\"description\":\"The Journal of Public Health Research is an online Open Access, peer-reviewed journal in the field of public health science. The scope of the journal is to stimulate debate and spreading of knowledge in this area in order to improve public health.\",\"publisher\":{\"@id\":\"https:\/\/www.jphres.us.com\/#organization\"},\"potentialAction\":[{\"@type\":\"SearchAction\",\"target\":{\"@type\":\"EntryPoint\",\"urlTemplate\":\"https:\/\/www.jphres.us.com\/?s={search_term_string}\"},\"query-input\":{\"@type\":\"PropertyValueSpecification\",\"valueRequired\":true,\"valueName\":\"search_term_string\"}}],\"inLanguage\":\"en-US\"},{\"@type\":\"Organization\",\"@id\":\"https:\/\/www.jphres.us.com\/#organization\",\"name\":\"Journal of Public Health Research\",\"url\":\"https:\/\/www.jphres.us.com\/\",\"logo\":{\"@type\":\"ImageObject\",\"inLanguage\":\"en-US\",\"@id\":\"https:\/\/www.jphres.us.com\/#\/schema\/logo\/image\/\",\"url\":\"https:\/\/www.jphres.us.com\/wp-content\/uploads\/2022\/10\/Favicon-JPHRES.png\",\"contentUrl\":\"https:\/\/www.jphres.us.com\/wp-content\/uploads\/2022\/10\/Favicon-JPHRES.png\",\"width\":150,\"height\":114,\"caption\":\"Journal of Public Health Research\"},\"image\":{\"@id\":\"https:\/\/www.jphres.us.com\/#\/schema\/logo\/image\/\"},\"sameAs\":[\"https:\/\/www.citefactor.org\/journal\/index\/5410\/journal-of-public-health-research#.ZD-hS-xBx3k\",\"https:\/\/www.scimagojr.com\/journalsearch.php?q=21100790524&amp;amp;tip=sid&amp;amp;clean=0\"]}]}<\/script>\n<!-- \/ Yoast SEO plugin. -->","yoast_head_json":{"title":"Changing trends in adolescent alcohol use among Czech school-aged children from 1994 to 2014 - Journal of Public Health Research","robots":{"index":"index","follow":"follow","max-snippet":"max-snippet:-1","max-image-preview":"max-image-preview:large","max-video-preview":"max-video-preview:-1"},"canonical":"https:\/\/www.jphres.us.com\/index.php\/jphres\/article\/view\/1493\/","og_locale":"en_US","og_type":"article","og_title":"Changing trends in adolescent alcohol use among Czech school-aged children from 1994 to 2014 - Journal of Public Health Research","og_description":"https:\/\/doi.org\/10.4081\/jphr.2019.1493 Ladislav K\u00e1\u017em\u00e9r National Institute of Mental Health, Klecany; Department of Social Geography and Regional Development, Faculty of Science, Charles University, Prague, Czechia.\u00a0https:\/\/orcid.org\/0000-0001-9369-7721 Ladislav Cs\u00e9my National Institute of Mental Health, Klecany, Czechia. ABSTRACT Background:\u00a0For an efficient planning of public health policy, the regular monitoring over health-related behaviors among vulnerable population groups is necessary. The aim ... Read more","og_url":"https:\/\/www.jphres.us.com\/index.php\/jphres\/article\/view\/1493\/","og_site_name":"Journal of Public Health Research","article_modified_time":"2023-04-02T11:57:33+00:00","twitter_card":"summary_large_image","twitter_misc":{"Est. reading time":"2 minutes"},"schema":{"@context":"https:\/\/schema.org","@graph":[{"@type":"WebPage","@id":"https:\/\/www.jphres.us.com\/index.php\/jphres\/article\/view\/1493\/","url":"https:\/\/www.jphres.us.com\/index.php\/jphres\/article\/view\/1493\/","name":"Changing trends in adolescent alcohol use among Czech school-aged children from 1994 to 2014 - Journal of Public Health Research","isPartOf":{"@id":"https:\/\/www.jphres.us.com\/#website"},"datePublished":"2023-03-29T10:11:50+00:00","dateModified":"2023-04-02T11:57:33+00:00","breadcrumb":{"@id":"https:\/\/www.jphres.us.com\/index.php\/jphres\/article\/view\/1493\/#breadcrumb"},"inLanguage":"en-US","potentialAction":[{"@type":"ReadAction","target":["https:\/\/www.jphres.us.com\/index.php\/jphres\/article\/view\/1493\/"]}]},{"@type":"BreadcrumbList","@id":"https:\/\/www.jphres.us.com\/index.php\/jphres\/article\/view\/1493\/#breadcrumb","itemListElement":[{"@type":"ListItem","position":1,"name":"Startseite","item":"https:\/\/www.jphres.us.com\/"},{"@type":"ListItem","position":2,"name":"Changing trends in adolescent alcohol use among Czech school-aged children from 1994 to 2014"}]},{"@type":"WebSite","@id":"https:\/\/www.jphres.us.com\/#website","url":"https:\/\/www.jphres.us.com\/","name":"Journal of Public Health Research","description":"The Journal of Public Health Research is an online Open Access, peer-reviewed journal in the field of public health science. The scope of the journal is to stimulate debate and spreading of knowledge in this area in order to improve public health.","publisher":{"@id":"https:\/\/www.jphres.us.com\/#organization"},"potentialAction":[{"@type":"SearchAction","target":{"@type":"EntryPoint","urlTemplate":"https:\/\/www.jphres.us.com\/?s={search_term_string}"},"query-input":{"@type":"PropertyValueSpecification","valueRequired":true,"valueName":"search_term_string"}}],"inLanguage":"en-US"},{"@type":"Organization","@id":"https:\/\/www.jphres.us.com\/#organization","name":"Journal of Public Health Research","url":"https:\/\/www.jphres.us.com\/","logo":{"@type":"ImageObject","inLanguage":"en-US","@id":"https:\/\/www.jphres.us.com\/#\/schema\/logo\/image\/","url":"https:\/\/www.jphres.us.com\/wp-content\/uploads\/2022\/10\/Favicon-JPHRES.png","contentUrl":"https:\/\/www.jphres.us.com\/wp-content\/uploads\/2022\/10\/Favicon-JPHRES.png","width":150,"height":114,"caption":"Journal of Public Health Research"},"image":{"@id":"https:\/\/www.jphres.us.com\/#\/schema\/logo\/image\/"},"sameAs":["https:\/\/www.citefactor.org\/journal\/index\/5410\/journal-of-public-health-research#.ZD-hS-xBx3k","https:\/\/www.scimagojr.com\/journalsearch.php?q=21100790524&amp;amp;tip=sid&amp;amp;clean=0"]}]}},"_links":{"self":[{"href":"https:\/\/www.jphres.us.com\/index.php\/wp-json\/wp\/v2\/pages\/4639","targetHints":{"allow":["GET"]}}],"collection":[{"href":"https:\/\/www.jphres.us.com\/index.php\/wp-json\/wp\/v2\/pages"}],"about":[{"href":"https:\/\/www.jphres.us.com\/index.php\/wp-json\/wp\/v2\/types\/page"}],"author":[{"embeddable":true,"href":"https:\/\/www.jphres.us.com\/index.php\/wp-json\/wp\/v2\/users\/3"}],"replies":[{"embeddable":true,"href":"https:\/\/www.jphres.us.com\/index.php\/wp-json\/wp\/v2\/comments?post=4639"}],"version-history":[{"count":0,"href":"https:\/\/www.jphres.us.com\/index.php\/wp-json\/wp\/v2\/pages\/4639\/revisions"}],"wp:attachment":[{"href":"https:\/\/www.jphres.us.com\/index.php\/wp-json\/wp\/v2\/media?parent=4639"}],"curies":[{"name":"wp","href":"https:\/\/api.w.org\/{rel}","templated":true}]}}