{"id":4533,"date":"2023-03-27T13:46:14","date_gmt":"2023-03-27T11:46:14","guid":{"rendered":"https:\/\/www.jphres.org\/?p=4533"},"modified":"2023-04-02T14:15:52","modified_gmt":"2023-04-02T12:15:52","slug":"the-obstacles-to-combat-against-covid-19-pandemic-and-the-remedies-bangladesh-scenario","status":"publish","type":"page","link":"https:\/\/www.jphres.us.com\/index.php\/jphres\/article\/view\/2271\/","title":{"rendered":"The obstacles to combat against COVID-19 pandemic and the remedies: Bangladesh scenario"},"content":{"rendered":"<div class=\"item doi\"><span class=\"value\"><a href=\"https:\/\/doi.org\/10.4081\/jphr.2021.2271\">https:\/\/doi.org\/10.4081\/jphr.2021.2271<\/a><\/span><\/div>\n<ul class=\"item authors\">\n<li><span class=\"name\"><strong>Mst. Rashida Pervin<\/strong><br \/>\n<\/span><span class=\"affiliation\">Department of Quantitative Sciences, International University of Business Agriculture and Technology, Dhaka, Bangladesh.<\/span><\/li>\n<li><span class=\"name\"><strong>Rehana Parvin<\/strong><br \/>\n<\/span><span class=\"affiliation\">Department of Quantitative Sciences, International University of Business Agriculture and Technology, Dhaka, Bangladesh.<\/span><\/li>\n<li><span class=\"name\"><strong>Md. Ashraful Babu<\/strong><br \/>\n<span class=\"affiliation\">Department of Quantitative Sciences, International University of Business Agriculture and Technology, Dhaka, Bangladesh.<\/span><span class=\"orcid\"><br \/>\n<a href=\"https:\/\/orcid.org\/0000-0003-2144-6610\" target=\"_blank\" rel=\"noopener\">https:\/\/orcid.org\/0000-0003-2144-6610<\/a><\/span><\/span><\/li>\n<li><span class=\"name\"><strong>Md. Mortuza Ahmmed<\/strong><br \/>\n<\/span><span class=\"affiliation\">Department of Mathematics, American International University-Bangladesh, Dhaka, Bangladesh.<\/span><span class=\"orcid\"><br \/>\n<a href=\"https:\/\/orcid.org\/0000-0002-4735-571X\" target=\"_blank\" rel=\"noopener\">https:\/\/orcid.org\/0000-0002-4735-571X<\/a><\/span><\/li>\n<li><span class=\"name\"><strong>Roy Rillera Marzo<\/strong><br \/>\n<\/span><span class=\"affiliation\">Department of Community Medicine, International Medical School, Management and Science University, Kuala Lumpur, Malaysia.<\/span><span class=\"orcid\"><br \/>\n<a href=\"https:\/\/orcid.org\/0000-0001-9414-4010\" target=\"_blank\" rel=\"noopener\">https:\/\/orcid.org\/0000-0001-9414-4010<\/a><\/span><\/li>\n<\/ul>\n<div class=\"item abstract\">\n<h3 class=\"label\">ABSTRACT<\/h3>\n<p><strong>Background:<\/strong>\u00a0Bangladesh has been going through the austerity of the unique COVID-19 for more than a year like several other nations in the world in spite of concerted efforts taken by the government along with other concerned authorities who have advocated compulsory guidelines involving social distancing procedures accompanied by lockdown to have control over the pandemic. In this paper, the barriers faced by the government to protect people from the COVID-19 pandemic have been investigated. Also, the number of daily infected people against the number of daily tests has been underlined to comprehend the overall pandemic picture in Bangladesh.<\/p>\n<p><strong>Design and Methods:<\/strong>\u00a0A descriptive study has been carried out to investigate the obstacles to tackle the COVID-19 pandemic for this country. The intensity of the outbreaks of the pandemic in this country is stated from March 8, 2020, to February 12, 2021. Secondary data have been employed from different sources to serve the goals of the study.<\/p>\n<p><strong>Results:<\/strong>\u00a0The poor management in the health sector of Bangladesh has been an issue of major concern during the early stage of COVID-19 which incorporates deficiency of medical equipment, lack of facilities for testing COVID-19, poor patient management, and uncertainty in the medication system. Finally, some recommendations have been proposed for the concerned organizations to tackle the current pandemic and as well in the future.<\/p>\n<p><strong>Conclusions:<\/strong>\u00a0To control this COVID-19 pandemic, it is necessary to find the difficulties and discover the remedies which have been done in this paper for the Bangladesh perspective.<\/p>\n<h3 class=\"label\">REFERENCES<\/h3>\n<div class=\"value\">\n<p>Mukherji N. The social and economic factors underlying the impact of COVID-19 cases and deaths in US counties. MedRxiv 2020; doi: 10.1101\/2020.05.04.20091041.<\/p>\n<p>Goldstein JR, Lee RD. Demographic perspectives on mortality of covid-19 and other epidemics (No. w27043). Proc Natl Acad Sci USA 2020;117:22035-41.<\/p>\n<p>Nicholas GD, Petra K, Yang L, et al. Age-dependent effects in the transmission and control of COVID-19 epidemics. Nat Med 2020;26:1205-11.<\/p>\n<p>Sultana F, Reza HM. Are SAARC countries prepared to combat COVID-19 to save young, working-age population? AIMS Public Health 2020;7:440.<\/p>\n<p>McKibbin WJ, Fernando R. The global macroeconomic impacts of COVID-19: Seven scenarios. CAMA Working Paper No. 62\/2020. Available from:\u00a0<a href=\"https:\/\/ssrn.com\/abstract=3635103\">https:\/\/ssrn.com\/abstract=3635103<\/a><\/p>\n<p>Jord\u00e0 \u00d2, Singh SR, Taylor AM. Longer-run economic consequences of pandemics (No. w26934). NBER Working Paper No. 26934; 2020.<\/p>\n<p>Kalabikhina IE. Demographic and social issues of the pandemic. Popul Econ 2020;4:103.<\/p>\n<p>Olaseni VM, Olaseni AO. Covid-19 pandemic: impact of socio-demographic factors and parent\u2019s life orientation on enforced learning in pupils during lock-down in Nigeria. Cape Comorin 2020;2:34-9.<\/p>\n<p>Ghosh R, Dubey MJ, Chatterjee S, Dubey S. Impact of COVID-19 on children: special focus on psychosocial aspect. Education 2020;31:34.<\/p>\n<p>Dawadi S, Giri R, Simkhada P. Impact of COVID-19 on the education sector in Nepal: challenges and coping strategies. 2020. Preprint. Available from:\u00a0<a href=\"https:\/\/files.eric.ed.gov\/fulltext\/ED609894.pdf\">https:\/\/files.eric.ed.gov\/fulltext\/ED609894.pdf<\/a><\/p>\n<p>World Health Organization. (2020). COVID-19: operational guidance for maintaining essential health services during an outbreak: interim guidance. World Health Organization, 25 March 2020. Available from:\u00a0<a href=\"https:\/\/apps.who.int\/iris\/handle\/10665\/331561\">https:\/\/apps.who.int\/iris\/handle\/10665\/331561<\/a><\/p>\n<p>Davies SE, Bennett B. A gendered human rights analysis of Ebola and Zika: locating gender in global health emergencies. International Affairs 2016;92:1041-60.<\/p>\n<p>Wenham C, Smith J, Morgan R. COVID-19: the gendered impacts of the outbreak. Lancet 2020;395:846-8.<\/p>\n<p>Hall KS, Samari G, Garbers S, et al. Centring sexual and reproductive health and justice in the global COVID-19 response. Lancet 2020;395:1175-7.<\/p>\n<p>Purdy C. Opinion: how will COVID-19 affect global access to contraceptives\u2014and what can we do about it? Devex, 11 March 2020. Avaiable from:\u00a0https:\/\/www.devex.com\/news\/opinion-how-will-covid-19-affect-global-access-to-contraceptives-and-what-can-we-do-about-it-96745<\/p>\n<p>Marie Stopes International. Stories from the frontline: in the shadow of the COVID-19 pandemic. 2020. Accessed on 2 January, 2021. Available from:\u00a0<a href=\"https:\/\/www.mariestopes.org\/covid-19\/stories-from-the-frontline\/\">https:\/\/www.mariestopes.org\/covid-19\/stories-from-the-frontline\/<\/a><\/p>\n<p>International Planned Parenthood Federation. COVID-19 pandemic cuts access to sexual and reproductive healthcare for women around the world. 2020. Accessed on 12 January 2021. Available from:\u00a0<a href=\"https:\/\/www.ippf.org\/news\/covid-19-pandemic-cuts-access-sexual-and-reproductive-healthcare-women-around-world\">https:\/\/www.ippf.org\/news\/covid-19-pandemic-cuts-access-sexual-and-reproductive-healthcare-women-around-world<\/a><\/p>\n<p>Miller A, Reandelar MJ, Fasciglione K, et al. Correlation between universal BCG vaccination policy and reduced morbidity and mortality for COVID-19: an epidemiological study. MedRxiv 2020: doi: 10.1101\/2020.03.24.20042937.<\/p>\n<p>Institute of Epidemiology, Disease Control and Research (IEDCR),\u00a0<a href=\"http:\/\/103.247.238.92\/webportal\/pages\/covid19.php\">http:\/\/103.247.238.92\/webportal\/pages\/covid19.php<\/a><\/p>\n<p>BHW, December-2020. Accessed on 22 January, 2021. Available from:\u00a0https:\/\/bangladeshhealthwatch.org\/reports-all<\/p>\n<p>Sullivan H. Global report: Bangladesh hospital owner accused of faking thousands of Covid-19 test results. The Guardian, July 16, 2020. Accessed on 22 January, 2021. Available from:\u00a0<a href=\"https:\/\/www.theguardian.com\/world\/2020\/jul\/16\/global-report-bangladesh-hospital-owner-accused-of-faking-thousands-of-covid-19-test-results\">https:\/\/www.theguardian.com\/world\/2020\/jul\/16\/global-report-bangladesh-hospital-owner-accused-of-faking-thousands-of-covid-19-test-results<\/a><\/p>\n<p>World Bank Open Data. Accessed on 22 January, 2021. Available from:\u00a0<a href=\"https:\/\/data.worldbank.org\/country\/BD\">https:\/\/data.worldbank.org\/country\/BD<\/a><\/p>\n<p>Population &amp; Housing Census 2011. Bangladesh Bureau of Statistics (BBS). Accessed on 22 January, 2021. Available from:\u00a0<a href=\"http:\/\/www.bbs.gov.bd\/site\/page\/47856ad0-7e1c-4aab-bd78-892733bc06eb\/Population-and-Housing-Census\">http:\/\/www.bbs.gov.bd\/site\/page\/47856ad0-7e1c-4aab-bd78-892733bc06eb\/Population-and-Housing-Census<\/a><\/p>\n<p>Huremovi\u0107 D. Brief History of Pandemics (Pandemics Throughout History). In: Huremovi\u0107 D. (eds) Psychiatry of Pandemics. Springer, Cham; 2019.\u00a0<a href=\"https:\/\/doi.org\/10.1007\/978-3-030-15346-5_2\">https:\/\/doi.org\/10.1007\/978-3-030-15346-5_2<\/a><\/p>\n<p>Martin P. Epidemics: lessons from the past and current patterns of response [Les \u00e9pid\u00e9mies: des le\u00e7ons du pass\u00e9 au dispositif actuel de r\u00e9ponse]. Comptes Rendus Geoscience 2008;340:670-8.<\/p>\n<p>Islam MT, Talukder AK, Siddiqui MN, Islam T. Tackling the COVID-19 pandemic: the Bangladesh perspective. J Public Health Res 2020;9:1794.<\/p>\n<p>Htay MNN, Marzo RR, AlRifai A, et al. Immediate impact of COVID-19 on mental health and its associated factors among healthcare workers: A global perspective across 31 countries. J Global Health 2020;10:020381<\/p>\n<p>Htay MNN, Marzo RR, Bahari R, et al. How healthcare workers are coping with mental health challenges during COVID-19 pandemic? &#8211; A cross-sectional multi-countries study. Clin Epidemiol Global Health 2021;11:100759.<\/p>\n<p>Marzo RR, Singh A, Mukti RF. A survey of psychological distress among Bangladeshi people during the COVID-19 pandemic. Clin Epidemiol Global Health 2021;10:100693.<\/p>\n<p>Kamberi F, Sinaj E, Jaho J, et al. Impact of COVID-19 pandemic on mental health, risk perception and coping strategies among health care workers in Albania &#8211; evidence that needs attention. Clinical Epidemiol Global Health 2021;12:100824.<\/p>\n<p>Marzo RR, Ismail Z, Htay MNN, et al. Psychological distress during pandemic Covid-19 among adult general population: Result across 13 countries. Clin Epidemiol Global Health 2021;10:100708.<\/p>\n<p>Marzo RR, Quilatan Villanueva III E, Martinez Faller E, Moralidad Baldonado A. Factors associated with psychological distress among filipinos during coronavirus disease-19 pandemic crisis. Open Access Macedonian J Med Sci 2020;8:309\u201313.<\/p>\n<p>Jarrett C, Wilson R, O\u2019Leary M, et al. Strategies for addressing vaccine hesitancy \u2013 a systematic review. Vaccine 2015;33:4180\u201390.<\/p>\n<p>Larson HJ, Clarke RM, Jarrett C, et al. Measuring trust in vaccination: A systematic review. Hum Vacc Immunother 2018;14:1599\u20131609.<\/p>\n<p>MacDonald NE. Vaccine hesitancy: definition, scope and determinants. Vaccine 2015;33:4161\u20134.<\/p>\n<p>King I, Heidler P, Marzo RR. The long and winding road: uptake, acceptability, and potential influencing factors of COVID-19 vaccination in Austria. Vaccines 2021;9:790.<\/p>\n<p>Fadda M, Albanese E, Suggs LS. When a COVID-19 vaccine is ready, will we all be ready for it? Int J Public Health 2020;65:711\u20132.<\/p>\n<\/div>\n<\/div>\n","protected":false},"excerpt":{"rendered":"<p>https:\/\/doi.org\/10.4081\/jphr.2021.2271 Mst. Rashida Pervin Department of Quantitative Sciences, International University of Business Agriculture and Technology, Dhaka, Bangladesh. Rehana Parvin Department of Quantitative Sciences, International University of Business Agriculture and Technology, Dhaka, Bangladesh. Md. Ashraful Babu Department of Quantitative Sciences, International University of Business Agriculture and Technology, Dhaka, Bangladesh. https:\/\/orcid.org\/0000-0003-2144-6610 Md. Mortuza Ahmmed Department of Mathematics, &#8230; <a title=\"The obstacles to combat against COVID-19 pandemic and the remedies: Bangladesh scenario\" class=\"read-more\" href=\"https:\/\/www.jphres.us.com\/index.php\/jphres\/article\/view\/2271\/\" aria-label=\"More on The obstacles to combat against COVID-19 pandemic and the remedies: Bangladesh scenario\">Read more<\/a><\/p>\n","protected":false},"author":3,"featured_media":0,"parent":0,"menu_order":0,"comment_status":"open","ping_status":"open","template":"","meta":{"footnotes":""},"class_list":["post-4533","page","type-page","status-publish"],"yoast_head":"<!-- This site is optimized with the Yoast SEO plugin v27.2 - https:\/\/yoast.com\/product\/yoast-seo-wordpress\/ -->\n<title>The obstacles to combat against COVID-19 pandemic and the remedies: Bangladesh scenario - Journal of Public Health Research<\/title>\n<meta name=\"robots\" content=\"index, follow, max-snippet:-1, max-image-preview:large, max-video-preview:-1\" \/>\n<link rel=\"canonical\" href=\"https:\/\/www.jphres.us.com\/index.php\/jphres\/article\/view\/2271\/\" \/>\n<meta property=\"og:locale\" content=\"en_US\" \/>\n<meta property=\"og:type\" content=\"article\" \/>\n<meta property=\"og:title\" content=\"The obstacles to combat against COVID-19 pandemic and the remedies: Bangladesh scenario - Journal of Public Health Research\" \/>\n<meta property=\"og:description\" content=\"https:\/\/doi.org\/10.4081\/jphr.2021.2271 Mst. Rashida Pervin Department of Quantitative Sciences, International University of Business Agriculture and Technology, Dhaka, Bangladesh. Rehana Parvin Department of Quantitative Sciences, International University of Business Agriculture and Technology, Dhaka, Bangladesh. Md. Ashraful Babu Department of Quantitative Sciences, International University of Business Agriculture and Technology, Dhaka, Bangladesh. https:\/\/orcid.org\/0000-0003-2144-6610 Md. Mortuza Ahmmed Department of Mathematics, ... Read more\" \/>\n<meta property=\"og:url\" content=\"https:\/\/www.jphres.us.com\/index.php\/jphres\/article\/view\/2271\/\" \/>\n<meta property=\"og:site_name\" content=\"Journal of Public Health Research\" \/>\n<meta property=\"article:modified_time\" content=\"2023-04-02T12:15:52+00:00\" \/>\n<meta name=\"twitter:card\" content=\"summary_large_image\" \/>\n<meta name=\"twitter:label1\" content=\"Est. reading time\" \/>\n\t<meta name=\"twitter:data1\" content=\"7 minutes\" \/>\n<script type=\"application\/ld+json\" class=\"yoast-schema-graph\">{\"@context\":\"https:\/\/schema.org\",\"@graph\":[{\"@type\":\"WebPage\",\"@id\":\"https:\/\/www.jphres.us.com\/index.php\/jphres\/article\/view\/2271\/\",\"url\":\"https:\/\/www.jphres.us.com\/index.php\/jphres\/article\/view\/2271\/\",\"name\":\"The obstacles to combat against COVID-19 pandemic and the remedies: Bangladesh scenario - Journal of Public Health Research\",\"isPartOf\":{\"@id\":\"https:\/\/www.jphres.us.com\/#website\"},\"datePublished\":\"2023-03-27T11:46:14+00:00\",\"dateModified\":\"2023-04-02T12:15:52+00:00\",\"breadcrumb\":{\"@id\":\"https:\/\/www.jphres.us.com\/index.php\/jphres\/article\/view\/2271\/#breadcrumb\"},\"inLanguage\":\"en-US\",\"potentialAction\":[{\"@type\":\"ReadAction\",\"target\":[\"https:\/\/www.jphres.us.com\/index.php\/jphres\/article\/view\/2271\/\"]}]},{\"@type\":\"BreadcrumbList\",\"@id\":\"https:\/\/www.jphres.us.com\/index.php\/jphres\/article\/view\/2271\/#breadcrumb\",\"itemListElement\":[{\"@type\":\"ListItem\",\"position\":1,\"name\":\"Startseite\",\"item\":\"https:\/\/www.jphres.us.com\/\"},{\"@type\":\"ListItem\",\"position\":2,\"name\":\"The obstacles to combat against COVID-19 pandemic and the remedies: Bangladesh scenario\"}]},{\"@type\":\"WebSite\",\"@id\":\"https:\/\/www.jphres.us.com\/#website\",\"url\":\"https:\/\/www.jphres.us.com\/\",\"name\":\"Journal of Public Health Research\",\"description\":\"The Journal of Public Health Research is an online Open Access, peer-reviewed journal in the field of public health science. The scope of the journal is to stimulate debate and spreading of knowledge in this area in order to improve public health.\",\"publisher\":{\"@id\":\"https:\/\/www.jphres.us.com\/#organization\"},\"potentialAction\":[{\"@type\":\"SearchAction\",\"target\":{\"@type\":\"EntryPoint\",\"urlTemplate\":\"https:\/\/www.jphres.us.com\/?s={search_term_string}\"},\"query-input\":{\"@type\":\"PropertyValueSpecification\",\"valueRequired\":true,\"valueName\":\"search_term_string\"}}],\"inLanguage\":\"en-US\"},{\"@type\":\"Organization\",\"@id\":\"https:\/\/www.jphres.us.com\/#organization\",\"name\":\"Journal of Public Health Research\",\"url\":\"https:\/\/www.jphres.us.com\/\",\"logo\":{\"@type\":\"ImageObject\",\"inLanguage\":\"en-US\",\"@id\":\"https:\/\/www.jphres.us.com\/#\/schema\/logo\/image\/\",\"url\":\"https:\/\/www.jphres.us.com\/wp-content\/uploads\/2022\/10\/Favicon-JPHRES.png\",\"contentUrl\":\"https:\/\/www.jphres.us.com\/wp-content\/uploads\/2022\/10\/Favicon-JPHRES.png\",\"width\":150,\"height\":114,\"caption\":\"Journal of Public Health Research\"},\"image\":{\"@id\":\"https:\/\/www.jphres.us.com\/#\/schema\/logo\/image\/\"},\"sameAs\":[\"https:\/\/www.citefactor.org\/journal\/index\/5410\/journal-of-public-health-research#.ZD-hS-xBx3k\",\"https:\/\/www.scimagojr.com\/journalsearch.php?q=21100790524&amp;amp;tip=sid&amp;amp;clean=0\"]}]}<\/script>\n<!-- \/ Yoast SEO plugin. -->","yoast_head_json":{"title":"The obstacles to combat against COVID-19 pandemic and the remedies: Bangladesh scenario - Journal of Public Health Research","robots":{"index":"index","follow":"follow","max-snippet":"max-snippet:-1","max-image-preview":"max-image-preview:large","max-video-preview":"max-video-preview:-1"},"canonical":"https:\/\/www.jphres.us.com\/index.php\/jphres\/article\/view\/2271\/","og_locale":"en_US","og_type":"article","og_title":"The obstacles to combat against COVID-19 pandemic and the remedies: Bangladesh scenario - Journal of Public Health Research","og_description":"https:\/\/doi.org\/10.4081\/jphr.2021.2271 Mst. Rashida Pervin Department of Quantitative Sciences, International University of Business Agriculture and Technology, Dhaka, Bangladesh. Rehana Parvin Department of Quantitative Sciences, International University of Business Agriculture and Technology, Dhaka, Bangladesh. Md. Ashraful Babu Department of Quantitative Sciences, International University of Business Agriculture and Technology, Dhaka, Bangladesh. https:\/\/orcid.org\/0000-0003-2144-6610 Md. Mortuza Ahmmed Department of Mathematics, ... Read more","og_url":"https:\/\/www.jphres.us.com\/index.php\/jphres\/article\/view\/2271\/","og_site_name":"Journal of Public Health Research","article_modified_time":"2023-04-02T12:15:52+00:00","twitter_card":"summary_large_image","twitter_misc":{"Est. reading time":"7 minutes"},"schema":{"@context":"https:\/\/schema.org","@graph":[{"@type":"WebPage","@id":"https:\/\/www.jphres.us.com\/index.php\/jphres\/article\/view\/2271\/","url":"https:\/\/www.jphres.us.com\/index.php\/jphres\/article\/view\/2271\/","name":"The obstacles to combat against COVID-19 pandemic and the remedies: Bangladesh scenario - Journal of Public Health Research","isPartOf":{"@id":"https:\/\/www.jphres.us.com\/#website"},"datePublished":"2023-03-27T11:46:14+00:00","dateModified":"2023-04-02T12:15:52+00:00","breadcrumb":{"@id":"https:\/\/www.jphres.us.com\/index.php\/jphres\/article\/view\/2271\/#breadcrumb"},"inLanguage":"en-US","potentialAction":[{"@type":"ReadAction","target":["https:\/\/www.jphres.us.com\/index.php\/jphres\/article\/view\/2271\/"]}]},{"@type":"BreadcrumbList","@id":"https:\/\/www.jphres.us.com\/index.php\/jphres\/article\/view\/2271\/#breadcrumb","itemListElement":[{"@type":"ListItem","position":1,"name":"Startseite","item":"https:\/\/www.jphres.us.com\/"},{"@type":"ListItem","position":2,"name":"The obstacles to combat against COVID-19 pandemic and the remedies: Bangladesh scenario"}]},{"@type":"WebSite","@id":"https:\/\/www.jphres.us.com\/#website","url":"https:\/\/www.jphres.us.com\/","name":"Journal of Public Health Research","description":"The Journal of Public Health Research is an online Open Access, peer-reviewed journal in the field of public health science. The scope of the journal is to stimulate debate and spreading of knowledge in this area in order to improve public health.","publisher":{"@id":"https:\/\/www.jphres.us.com\/#organization"},"potentialAction":[{"@type":"SearchAction","target":{"@type":"EntryPoint","urlTemplate":"https:\/\/www.jphres.us.com\/?s={search_term_string}"},"query-input":{"@type":"PropertyValueSpecification","valueRequired":true,"valueName":"search_term_string"}}],"inLanguage":"en-US"},{"@type":"Organization","@id":"https:\/\/www.jphres.us.com\/#organization","name":"Journal of Public Health Research","url":"https:\/\/www.jphres.us.com\/","logo":{"@type":"ImageObject","inLanguage":"en-US","@id":"https:\/\/www.jphres.us.com\/#\/schema\/logo\/image\/","url":"https:\/\/www.jphres.us.com\/wp-content\/uploads\/2022\/10\/Favicon-JPHRES.png","contentUrl":"https:\/\/www.jphres.us.com\/wp-content\/uploads\/2022\/10\/Favicon-JPHRES.png","width":150,"height":114,"caption":"Journal of Public Health Research"},"image":{"@id":"https:\/\/www.jphres.us.com\/#\/schema\/logo\/image\/"},"sameAs":["https:\/\/www.citefactor.org\/journal\/index\/5410\/journal-of-public-health-research#.ZD-hS-xBx3k","https:\/\/www.scimagojr.com\/journalsearch.php?q=21100790524&amp;amp;tip=sid&amp;amp;clean=0"]}]}},"_links":{"self":[{"href":"https:\/\/www.jphres.us.com\/index.php\/wp-json\/wp\/v2\/pages\/4533","targetHints":{"allow":["GET"]}}],"collection":[{"href":"https:\/\/www.jphres.us.com\/index.php\/wp-json\/wp\/v2\/pages"}],"about":[{"href":"https:\/\/www.jphres.us.com\/index.php\/wp-json\/wp\/v2\/types\/page"}],"author":[{"embeddable":true,"href":"https:\/\/www.jphres.us.com\/index.php\/wp-json\/wp\/v2\/users\/3"}],"replies":[{"embeddable":true,"href":"https:\/\/www.jphres.us.com\/index.php\/wp-json\/wp\/v2\/comments?post=4533"}],"version-history":[{"count":0,"href":"https:\/\/www.jphres.us.com\/index.php\/wp-json\/wp\/v2\/pages\/4533\/revisions"}],"wp:attachment":[{"href":"https:\/\/www.jphres.us.com\/index.php\/wp-json\/wp\/v2\/media?parent=4533"}],"curies":[{"name":"wp","href":"https:\/\/api.w.org\/{rel}","templated":true}]}}