{"id":4529,"date":"2023-03-29T17:01:29","date_gmt":"2023-03-29T15:01:29","guid":{"rendered":"https:\/\/www.jphres.org\/?p=4529"},"modified":"2023-04-02T13:55:15","modified_gmt":"2023-04-02T11:55:15","slug":"observational-study-on-healthcare-workers-protection-in-the-angiographic-suite-during-the-sars-cov-2-pandemic-before-and-during-vax-era","status":"publish","type":"page","link":"https:\/\/www.jphres.us.com\/index.php\/jphres\/article\/view\/2265\/","title":{"rendered":"Observational study on healthcare workers protection in the angiographic suite during the SARS-CoV-2 pandemic: before and during vax era"},"content":{"rendered":"<div class=\"item doi\"><span class=\"type\">\u00a0<\/span><span class=\"value\"><a href=\"https:\/\/doi.org\/10.4081\/jphr.2021.2265\">https:\/\/doi.org\/10.4081\/jphr.2021.2265<\/a><\/span><\/div>\n<ul class=\"item authors\">\n<li><span class=\"name\"><strong>Massimiliano Cernigliaro<\/strong><br \/>\n<span class=\"affiliation\">Azienda Ospedaliera Ospedale Maggiore della Carit\u00e0 di Novara, Novara, Italy.<\/span><span class=\"orcid\"><br \/>\n<a href=\"https:\/\/orcid.org\/0000-0002-1817-7408\" target=\"_blank\" rel=\"noopener\">https:\/\/orcid.org\/0000-0002-1817-7408<\/a><\/span><\/span><\/li>\n<li><span class=\"name\"><strong>Davide Negroni<\/strong><br \/>\n<\/span><span class=\"affiliation\">Azienda Ospedaliera Ospedale Maggiore della Carit\u00e0 di Novara, Novara, Italy.<\/span><span class=\"orcid\"><br \/>\n<a href=\"https:\/\/orcid.org\/0000-0002-1570-3695\" target=\"_blank\" rel=\"noopener\">https:\/\/orcid.org\/0000-0002-1570-3695<\/a><\/span><\/li>\n<li><span class=\"name\"><strong>Miriana Sassone<\/strong><br \/>\n<\/span><span class=\"affiliation\">Azienda Ospedaliera Ospedale Maggiore della Carit\u00e0 di Novara, Novara, Italy.<\/span><span class=\"orcid\"><br \/>\n<a href=\"https:\/\/orcid.org\/0000-0001-6508-7416\" target=\"_blank\" rel=\"noopener\">https:\/\/orcid.org\/0000-0001-6508-7416<\/a><\/span><\/li>\n<li><span class=\"name\"><strong>Andrea Paladini<\/strong><br \/>\n<\/span><span class=\"affiliation\">Azienda Ospedaliera Ospedale Maggiore della Carit\u00e0 di Novara, Novara, Italy.<\/span><span class=\"orcid\"><br \/>\n<a href=\"https:\/\/orcid.org\/0000-0003-1968-1590\" target=\"_blank\" rel=\"noopener\">https:\/\/orcid.org\/0000-0003-1968-1590<\/a><\/span><\/li>\n<li><span class=\"name\"><strong>Alessandro Carriero<\/strong><br \/>\n<\/span><span class=\"affiliation\">Azienda Ospedaliera Ospedale Maggiore della Carit\u00e0 di Novara, Novara, Italy.<\/span><span class=\"orcid\"><br \/>\n<a href=\"https:\/\/orcid.org\/0000-0001-7481-7169\" target=\"_blank\" rel=\"noopener\">https:\/\/orcid.org\/0000-0001-7481-7169<\/a><\/span><\/li>\n<li><span class=\"name\"><strong>Luca Saba<\/strong><br \/>\n<\/span><span class=\"affiliation\">Azienda Ospedaliero-Universitaria di Cagliari, Cagliari, Italy.<\/span><\/li>\n<li><span class=\"name\"><strong>Giuseppe Guzzardi<\/strong><br \/>\n<\/span><span class=\"affiliation\">Azienda Ospedaliera Ospedale Maggiore della Carit\u00e0 di Novara, Novara, Italy.<\/span><\/li>\n<\/ul>\n<div class=\"item abstract\">\n<h3 class=\"label\">ABSTRACT<\/h3>\n<p><em>Background:\u00a0<\/em>Since the first case of Coronavirus Disease 2019 (COVID-19) in Italy, all the hospital facilities had to reform their daily activities. Amidst them, the Interventional Radiology Department in the \u201cAzienda Ospedaliera Universitaria\u201d of Novara (Italy) had to create a dedicated protocol for the patent\u2019s management during the pandemic.<br \/>\n<em><br \/>\nDesign and Methods<\/em>: The time interval between February 2020 and March 2021 was divided into three different periods and we reported the evolution of our safety protocol, the changes in our daily activities and the rates of Sars-CoV-2 infection among the healthcare workers (HCW) of the Angiographic Suite. Personnel who had positive partners\/family members or who had established close contacts of another nature outside the workplace were excluded from the study, in order to reduce any bias.<br \/>\n<em><br \/>\nResults:\u00a0<\/em>A total of 35 HCWs served in 355 patient procedures on Sars-CoV-2 positive patients from February 2020 to March 2021. During the year there was a reduction in the morbidity rate first from 7.9% to 1.4% and then currently reaching 0%.<br \/>\n<em><br \/>\nConclusions<\/em>: Dedicated routes, elevators, establishing Filter Areas and a clear demarcation between clean and contaminated areas, Dressing and undressing procedures, Cleaning procedures and the obligation to always wear a surgical mask during the working shift are essential to prevent in-hospital infection. The vaccines\u2019 arrival seems to further reduce the risk for healthcare workers, but it is still necessary to take docile precautions in view of the new mutations of the virus.<\/p>\n<h3 class=\"label\">REFERENCES<\/h3>\n<div class=\"value\">\n<p>Zhu N, Zhang D, Wang W, et al. A novel coronavirus from patients with pneumonia in China, 2019. N Engl J Med 2020;382:727\u201333. DOI:\u00a0<a href=\"https:\/\/doi.org\/10.1056\/NEJMoa2001017\">https:\/\/doi.org\/10.1056\/NEJMoa2001017<\/a><\/p>\n<p>World Health Organization. Risk assessment and management of exposure of health care workers in the context of COVID-19: interim guidance, 19 March 2020 . Available from:\u00a0<a href=\"https:\/\/apps.who.int\/iris\/handle\/10665\/331496\">https:\/\/apps.who.int\/iris\/handle\/10665\/331496<\/a><\/p>\n<p>Ferioli M, Cisternino C, Leo V, et al. Protecting healthcare workers from SARS-CoV-2 infection: practical indications. Eur Respir Rev 2020;29:200068. DOI:\u00a0<a href=\"https:\/\/doi.org\/10.1183\/16000617.0068-2020\">https:\/\/doi.org\/10.1183\/16000617.0068-2020<\/a><\/p>\n<p>Mahase E. Covid-19: UK hospitals to get rapid tests from September. BMJ 2020;370:m3087. DOI:\u00a0<a href=\"https:\/\/doi.org\/10.1136\/bmj.m3087\">https:\/\/doi.org\/10.1136\/bmj.m3087<\/a><\/p>\n<p>Elmiyeh B, Dwivedi RC, Jallali N, et al. Surgical voice restoration after total laryngectomy: an overview. Indian J Cancer 2010;47:239\u201347. DOI:\u00a0<a href=\"https:\/\/doi.org\/10.4103\/0019-509X.64707\">https:\/\/doi.org\/10.4103\/0019-509X.64707<\/a><\/p>\n<p>Workd Health Organization. Antigen-detection in the diagnosis of SARS-CoV-2 infection using rapid immunoassays Interim guidance, 11 September 2020. Available from:\u00a0<a href=\"https:\/\/apps.who.int\/iris\/handle\/10665\/334253\">https:\/\/apps.who.int\/iris\/handle\/10665\/334253<\/a><\/p>\n<p>Polack FP, Thomas SJ, Kitchin N, et al. Safety and efficacy of the BNT162b2 mRNA Covid-19 vaccine. N Engl J Med 2020;383:2603\u201315. DOI:\u00a0<a href=\"https:\/\/doi.org\/10.1056\/NEJMoa2034577\">https:\/\/doi.org\/10.1056\/NEJMoa2034577<\/a><\/p>\n<p>Rostami A, Sepidarkish M, Leeflang MMG, et al. SARS-CoV-2 seroprevalence worldwide: a systematic review and meta-analysis. Clin Microbiol Infect 2021;27:331\u201340. DOI:\u00a0<a href=\"https:\/\/doi.org\/10.1016\/j.cmi.2020.10.020\">https:\/\/doi.org\/10.1016\/j.cmi.2020.10.020<\/a><\/p>\n<p>Ministero della Salute Italiano. Piano Vaccini anti Covid-19. Gazzetta Ufficiale. 2021.<\/p>\n<p>Esakandari H, Nabi-Afjadi M, Fakkari-Afjadi J, et al. A comprehensive review of COVID-19 characteristics. Biol Proced Online 2020;22:19. DOI:\u00a0<a href=\"https:\/\/doi.org\/10.1186\/s12575-020-00128-2\">https:\/\/doi.org\/10.1186\/s12575-020-00128-2<\/a><\/p>\n<p>Simpson S, Kay FU, Abbara S, et al. Radiological Society of North America Expert Consensus Document on reporting chest CT findings related to COVID-19: Endorsed by the Society of Thoracic Radiology, the American College of Radiology, and RSNA. Radiol Cardiothorac Imaging 2020;2:e200152. DOI:\u00a0<a href=\"https:\/\/doi.org\/10.1148\/ryct.2020200152\">https:\/\/doi.org\/10.1148\/ryct.2020200152<\/a><\/p>\n<p>Kokkinakis I, Selby K, Favrat B, et al. Covid-19 diagnosis: clinical recommendations and performance of nasopharyngeal swab-PCR. Rev Med Suisse 2020;16:699\u2013701.<\/p>\n<p>Chan JF-W, Yuan S, Kok K-H, et al. A familial cluster of pneumonia associated with the 2019 novel coronavirus indicating person-to-person transmission: a study of a family cluster. Lancet 2020;395:514\u201323. DOI:\u00a0<a href=\"https:\/\/doi.org\/10.1016\/S0140-6736(20)30154-9\">https:\/\/doi.org\/10.1016\/S0140-6736(20)30154-9<\/a><\/p>\n<p>Tran K, Cimon K, Severn M, et al. Aerosol generating procedures and risk of transmission of acute respiratory infections to healthcare workers: A systematic review. PLoS One 2012;7:e35797. DOI:\u00a0<a href=\"https:\/\/doi.org\/10.1371\/journal.pone.0035797\">https:\/\/doi.org\/10.1371\/journal.pone.0035797<\/a><\/p>\n<p>Brown J, Gregson FKA, Shrimpton A, et al. A quantitative evaluation of aerosol generation during tracheal intubation and extubation. Anaesthesia 2021;76:174\u201381. DOI:\u00a0<a href=\"https:\/\/doi.org\/10.1111\/anae.15292\">https:\/\/doi.org\/10.1111\/anae.15292<\/a><\/p>\n<p>Guimar\u00e3es HP, Timerman S, Rodrigues RDR, et al. [Posicionamento para ressuscita\u00e7\u00e3o cardiopulmonar de pacientes com diagn\u00f3stico ou suspeita de COVID-19 \u2013 2020].[Article in Portuguese]. Arq Bras Cardiol 2020;114:1078\u201387. DOI:\u00a0<a href=\"https:\/\/doi.org\/10.36660\/abc.20200548\">https:\/\/doi.org\/10.36660\/abc.20200548<\/a><\/p>\n<p>Perrone G, Giuffrida M, Bellini V, et al. Operating room setup: How to improve health care professionals safety during pandemic COVID-19\u2014A Quality improvement study. J Laparoendosc Adv Surg Tech 2021;31:85\u20139. DOI:\u00a0<a href=\"https:\/\/doi.org\/10.1089\/lap.2020.0592\">https:\/\/doi.org\/10.1089\/lap.2020.0592<\/a><\/p>\n<p>Mossa-Basha M, Medverd J, Linnau KF, et al. Policies and Guidelines for COVID-19 Preparedness: Experiences from the University of Washington. Radiology 2020;296:E26\u201331. DOI:\u00a0<a href=\"https:\/\/doi.org\/10.1148\/radiol.2019201326\">https:\/\/doi.org\/10.1148\/radiol.2019201326<\/a><\/p>\n<p>Ministero della Salute Italiano. [Covid-19 &#8211; Situazione nel mondo].[in Italian]. Available from:\u00a0<a href=\"https:\/\/www.salute.gov.it\/portale\/nuovocoronavirus\/dettaglioContenutiNuovoCoronavirus.jsp?lingua=italiano&amp;id=5338&amp;area=nuovoCoronavirus&amp;menu=vuoto\">https:\/\/www.salute.gov.it\/portale\/nuovocoronavirus\/dettaglioContenutiNuovoCoronavirus.jsp?lingua=italiano&amp;id=5338&amp;area=nuovoCoronavirus&amp;menu=vuoto<\/a><\/p>\n<p>Ministero della Salute Italiano. [Covid-19 &#8211; Situazione in Italia].[in Italian]. Available from:\u00a0<a href=\"https:\/\/www.salute.gov.it\/portale\/nuovocoronavirus\/dettaglioContenutiNuovoCoronavirus.jsp?area=nuovoCoronavirus&amp;id=5351&amp;lingua=italiano&amp;menu=vuoto\">https:\/\/www.salute.gov.it\/portale\/nuovocoronavirus\/dettaglioContenutiNuovoCoronavirus.jsp?area=nuovoCoronavirus&amp;id=5351&amp;lingua=italiano&amp;menu=vuoto<\/a><\/p>\n<p>Anderson EJ, Rouphael NG, Widge AT, Jet al. Safety and Immunogenicity of SARS-CoV-2 mRNA-1273 Vaccine in Older Adults. N Engl J Med 2020;383:2427\u201338. DOI:\u00a0<a href=\"https:\/\/doi.org\/10.1056\/NEJMoa2028436\">https:\/\/doi.org\/10.1056\/NEJMoa2028436<\/a><\/p>\n<p>Chagla Z. In adults, the Oxford\/AstraZeneca vaccine had 70% efficacy against COVID-19 &gt;14 d after the 2nd dose. Ann Intern Med 2021;174:JC29. DOI:\u00a0<a href=\"https:\/\/doi.org\/10.7326\/ACPJ202103160-029\">https:\/\/doi.org\/10.7326\/ACPJ202103160-029<\/a><\/p>\n<p>Stephenson KE, Le Gars M, Sadoff J, et al. Immunogenicity of the Ad26.COV2.S Vaccine for COVID-19. JAMA 2021;325:1535-44. DOI:\u00a0<a href=\"https:\/\/doi.org\/10.1001\/jama.2021.3645\">https:\/\/doi.org\/10.1001\/jama.2021.3645<\/a><\/p>\n<p>Maria A, Bradford I, Chiara JW, et al. How to handle a COVID-19 patient in the angiographic suite. Cardiovasc Intervent Radiol 2020;43:820-6. DOI:\u00a0<a href=\"https:\/\/doi.org\/10.1007\/s00270-020-02476-8\">https:\/\/doi.org\/10.1007\/s00270-020-02476-8<\/a><\/p>\n<p>Zhao S, Ling K, Yan H, et al. Anesthetic management of patients with COVID 19 Infections during emergency procedures. J Cardiothorac Vasc Anesth 2020;34:1125\u201331. DOI:\u00a0<a href=\"https:\/\/doi.org\/10.1053\/j.jvca.2020.02.039\">https:\/\/doi.org\/10.1053\/j.jvca.2020.02.039<\/a><\/p>\n<p>Graham Carlos W, Dela Cruz CS, Cao B, et al. COVID-19: How do we stay safe? Am J Respir Crit Care Med 2020;202:15\u20136. DOI:\u00a0<a href=\"https:\/\/doi.org\/10.1164\/rccm.2025P15\">https:\/\/doi.org\/10.1164\/rccm.2025P15<\/a><\/p>\n<p>Mossa-Basha M, Meltzer CC, Kim DC, et al. Radiology department preparedness for COVID-19: Radiology scientific expert review panel. Radiology 2020;296:E106\u201312. DOI:\u00a0<a href=\"https:\/\/doi.org\/10.1148\/radiol.2020200988\">https:\/\/doi.org\/10.1148\/radiol.2020200988<\/a><\/p>\n<p>Xie X, Liu Y, Liu J, et al. Neutralization of SARS-CoV-2 spike 69 \/ 70 deletion, E484K and N501Y variants by BNT162b2 vaccine-elicited sera. Nat Med 2021;27:620-1. DOI:\u00a0<a href=\"https:\/\/doi.org\/10.1038\/s41591-021-01270-4\">https:\/\/doi.org\/10.1038\/s41591-021-01270-4<\/a><\/p>\n<p>Madhi SA, Baillie V, Cutland CL, et al. Efficacy of the ChAdOx1 nCoV-19 Covid-19 vaccine against the B.1.351 variant. N Engl J Med 2021;384:1885-98. DOI:\u00a0<a href=\"https:\/\/doi.org\/10.1056\/NEJMoa2102214\">https:\/\/doi.org\/10.1056\/NEJMoa2102214<\/a><\/p>\n<\/div>\n<\/div>\n","protected":false},"excerpt":{"rendered":"<p>\u00a0https:\/\/doi.org\/10.4081\/jphr.2021.2265 Massimiliano Cernigliaro Azienda Ospedaliera Ospedale Maggiore della Carit\u00e0 di Novara, Novara, Italy. https:\/\/orcid.org\/0000-0002-1817-7408 Davide Negroni Azienda Ospedaliera Ospedale Maggiore della Carit\u00e0 di Novara, Novara, Italy. https:\/\/orcid.org\/0000-0002-1570-3695 Miriana Sassone Azienda Ospedaliera Ospedale Maggiore della Carit\u00e0 di Novara, Novara, Italy. https:\/\/orcid.org\/0000-0001-6508-7416 Andrea Paladini Azienda Ospedaliera Ospedale Maggiore della Carit\u00e0 di Novara, Novara, Italy. https:\/\/orcid.org\/0000-0003-1968-1590 Alessandro Carriero &#8230; <a title=\"Observational study on healthcare workers protection in the angiographic suite during the SARS-CoV-2 pandemic: before and during vax era\" class=\"read-more\" href=\"https:\/\/www.jphres.us.com\/index.php\/jphres\/article\/view\/2265\/\" aria-label=\"More on Observational study on healthcare workers protection in the angiographic suite during the SARS-CoV-2 pandemic: before and during vax era\">Read more<\/a><\/p>\n","protected":false},"author":3,"featured_media":0,"parent":0,"menu_order":0,"comment_status":"open","ping_status":"open","template":"","meta":{"footnotes":""},"class_list":["post-4529","page","type-page","status-publish"],"yoast_head":"<!-- This site is optimized with the Yoast SEO plugin v27.2 - https:\/\/yoast.com\/product\/yoast-seo-wordpress\/ -->\n<title>Observational study on healthcare workers protection in the angiographic suite during the SARS-CoV-2 pandemic: before and during vax era - Journal of Public Health Research<\/title>\n<meta name=\"robots\" content=\"index, follow, max-snippet:-1, max-image-preview:large, max-video-preview:-1\" \/>\n<link rel=\"canonical\" href=\"https:\/\/www.jphres.us.com\/index.php\/jphres\/article\/view\/2265\/\" \/>\n<meta property=\"og:locale\" content=\"en_US\" \/>\n<meta property=\"og:type\" content=\"article\" \/>\n<meta property=\"og:title\" content=\"Observational study on healthcare workers protection in the angiographic suite during the SARS-CoV-2 pandemic: before and during vax era - Journal of Public Health Research\" \/>\n<meta property=\"og:description\" content=\"\u00a0https:\/\/doi.org\/10.4081\/jphr.2021.2265 Massimiliano Cernigliaro Azienda Ospedaliera Ospedale Maggiore della Carit\u00e0 di Novara, Novara, Italy. https:\/\/orcid.org\/0000-0002-1817-7408 Davide Negroni Azienda Ospedaliera Ospedale Maggiore della Carit\u00e0 di Novara, Novara, Italy. https:\/\/orcid.org\/0000-0002-1570-3695 Miriana Sassone Azienda Ospedaliera Ospedale Maggiore della Carit\u00e0 di Novara, Novara, Italy. https:\/\/orcid.org\/0000-0001-6508-7416 Andrea Paladini Azienda Ospedaliera Ospedale Maggiore della Carit\u00e0 di Novara, Novara, Italy. https:\/\/orcid.org\/0000-0003-1968-1590 Alessandro Carriero ... Read more\" \/>\n<meta property=\"og:url\" content=\"https:\/\/www.jphres.us.com\/index.php\/jphres\/article\/view\/2265\/\" \/>\n<meta property=\"og:site_name\" content=\"Journal of Public Health Research\" \/>\n<meta property=\"article:modified_time\" content=\"2023-04-02T11:55:15+00:00\" \/>\n<meta name=\"twitter:card\" content=\"summary_large_image\" \/>\n<meta name=\"twitter:label1\" content=\"Est. reading time\" \/>\n\t<meta name=\"twitter:data1\" content=\"6 minutes\" \/>\n<script type=\"application\/ld+json\" class=\"yoast-schema-graph\">{\"@context\":\"https:\/\/schema.org\",\"@graph\":[{\"@type\":\"WebPage\",\"@id\":\"https:\/\/www.jphres.us.com\/index.php\/jphres\/article\/view\/2265\/\",\"url\":\"https:\/\/www.jphres.us.com\/index.php\/jphres\/article\/view\/2265\/\",\"name\":\"Observational study on healthcare workers protection in the angiographic suite during the SARS-CoV-2 pandemic: before and during vax era - Journal of Public Health Research\",\"isPartOf\":{\"@id\":\"https:\/\/www.jphres.us.com\/#website\"},\"datePublished\":\"2023-03-29T15:01:29+00:00\",\"dateModified\":\"2023-04-02T11:55:15+00:00\",\"breadcrumb\":{\"@id\":\"https:\/\/www.jphres.us.com\/index.php\/jphres\/article\/view\/2265\/#breadcrumb\"},\"inLanguage\":\"en-US\",\"potentialAction\":[{\"@type\":\"ReadAction\",\"target\":[\"https:\/\/www.jphres.us.com\/index.php\/jphres\/article\/view\/2265\/\"]}]},{\"@type\":\"BreadcrumbList\",\"@id\":\"https:\/\/www.jphres.us.com\/index.php\/jphres\/article\/view\/2265\/#breadcrumb\",\"itemListElement\":[{\"@type\":\"ListItem\",\"position\":1,\"name\":\"Startseite\",\"item\":\"https:\/\/www.jphres.us.com\/\"},{\"@type\":\"ListItem\",\"position\":2,\"name\":\"Observational study on healthcare workers protection in the angiographic suite during the SARS-CoV-2 pandemic: before and during vax era\"}]},{\"@type\":\"WebSite\",\"@id\":\"https:\/\/www.jphres.us.com\/#website\",\"url\":\"https:\/\/www.jphres.us.com\/\",\"name\":\"Journal of Public Health Research\",\"description\":\"The Journal of Public Health Research is an online Open Access, peer-reviewed journal in the field of public health science. The scope of the journal is to stimulate debate and spreading of knowledge in this area in order to improve public health.\",\"publisher\":{\"@id\":\"https:\/\/www.jphres.us.com\/#organization\"},\"potentialAction\":[{\"@type\":\"SearchAction\",\"target\":{\"@type\":\"EntryPoint\",\"urlTemplate\":\"https:\/\/www.jphres.us.com\/?s={search_term_string}\"},\"query-input\":{\"@type\":\"PropertyValueSpecification\",\"valueRequired\":true,\"valueName\":\"search_term_string\"}}],\"inLanguage\":\"en-US\"},{\"@type\":\"Organization\",\"@id\":\"https:\/\/www.jphres.us.com\/#organization\",\"name\":\"Journal of Public Health Research\",\"url\":\"https:\/\/www.jphres.us.com\/\",\"logo\":{\"@type\":\"ImageObject\",\"inLanguage\":\"en-US\",\"@id\":\"https:\/\/www.jphres.us.com\/#\/schema\/logo\/image\/\",\"url\":\"https:\/\/www.jphres.us.com\/wp-content\/uploads\/2022\/10\/Favicon-JPHRES.png\",\"contentUrl\":\"https:\/\/www.jphres.us.com\/wp-content\/uploads\/2022\/10\/Favicon-JPHRES.png\",\"width\":150,\"height\":114,\"caption\":\"Journal of Public Health Research\"},\"image\":{\"@id\":\"https:\/\/www.jphres.us.com\/#\/schema\/logo\/image\/\"},\"sameAs\":[\"https:\/\/www.citefactor.org\/journal\/index\/5410\/journal-of-public-health-research#.ZD-hS-xBx3k\",\"https:\/\/www.scimagojr.com\/journalsearch.php?q=21100790524&amp;amp;tip=sid&amp;amp;clean=0\"]}]}<\/script>\n<!-- \/ Yoast SEO plugin. -->","yoast_head_json":{"title":"Observational study on healthcare workers protection in the angiographic suite during the SARS-CoV-2 pandemic: before and during vax era - Journal of Public Health Research","robots":{"index":"index","follow":"follow","max-snippet":"max-snippet:-1","max-image-preview":"max-image-preview:large","max-video-preview":"max-video-preview:-1"},"canonical":"https:\/\/www.jphres.us.com\/index.php\/jphres\/article\/view\/2265\/","og_locale":"en_US","og_type":"article","og_title":"Observational study on healthcare workers protection in the angiographic suite during the SARS-CoV-2 pandemic: before and during vax era - Journal of Public Health Research","og_description":"\u00a0https:\/\/doi.org\/10.4081\/jphr.2021.2265 Massimiliano Cernigliaro Azienda Ospedaliera Ospedale Maggiore della Carit\u00e0 di Novara, Novara, Italy. https:\/\/orcid.org\/0000-0002-1817-7408 Davide Negroni Azienda Ospedaliera Ospedale Maggiore della Carit\u00e0 di Novara, Novara, Italy. https:\/\/orcid.org\/0000-0002-1570-3695 Miriana Sassone Azienda Ospedaliera Ospedale Maggiore della Carit\u00e0 di Novara, Novara, Italy. https:\/\/orcid.org\/0000-0001-6508-7416 Andrea Paladini Azienda Ospedaliera Ospedale Maggiore della Carit\u00e0 di Novara, Novara, Italy. https:\/\/orcid.org\/0000-0003-1968-1590 Alessandro Carriero ... Read more","og_url":"https:\/\/www.jphres.us.com\/index.php\/jphres\/article\/view\/2265\/","og_site_name":"Journal of Public Health Research","article_modified_time":"2023-04-02T11:55:15+00:00","twitter_card":"summary_large_image","twitter_misc":{"Est. reading time":"6 minutes"},"schema":{"@context":"https:\/\/schema.org","@graph":[{"@type":"WebPage","@id":"https:\/\/www.jphres.us.com\/index.php\/jphres\/article\/view\/2265\/","url":"https:\/\/www.jphres.us.com\/index.php\/jphres\/article\/view\/2265\/","name":"Observational study on healthcare workers protection in the angiographic suite during the SARS-CoV-2 pandemic: before and during vax era - Journal of Public Health Research","isPartOf":{"@id":"https:\/\/www.jphres.us.com\/#website"},"datePublished":"2023-03-29T15:01:29+00:00","dateModified":"2023-04-02T11:55:15+00:00","breadcrumb":{"@id":"https:\/\/www.jphres.us.com\/index.php\/jphres\/article\/view\/2265\/#breadcrumb"},"inLanguage":"en-US","potentialAction":[{"@type":"ReadAction","target":["https:\/\/www.jphres.us.com\/index.php\/jphres\/article\/view\/2265\/"]}]},{"@type":"BreadcrumbList","@id":"https:\/\/www.jphres.us.com\/index.php\/jphres\/article\/view\/2265\/#breadcrumb","itemListElement":[{"@type":"ListItem","position":1,"name":"Startseite","item":"https:\/\/www.jphres.us.com\/"},{"@type":"ListItem","position":2,"name":"Observational study on healthcare workers protection in the angiographic suite during the SARS-CoV-2 pandemic: before and during vax era"}]},{"@type":"WebSite","@id":"https:\/\/www.jphres.us.com\/#website","url":"https:\/\/www.jphres.us.com\/","name":"Journal of Public Health Research","description":"The Journal of Public Health Research is an online Open Access, peer-reviewed journal in the field of public health science. The scope of the journal is to stimulate debate and spreading of knowledge in this area in order to improve public health.","publisher":{"@id":"https:\/\/www.jphres.us.com\/#organization"},"potentialAction":[{"@type":"SearchAction","target":{"@type":"EntryPoint","urlTemplate":"https:\/\/www.jphres.us.com\/?s={search_term_string}"},"query-input":{"@type":"PropertyValueSpecification","valueRequired":true,"valueName":"search_term_string"}}],"inLanguage":"en-US"},{"@type":"Organization","@id":"https:\/\/www.jphres.us.com\/#organization","name":"Journal of Public Health Research","url":"https:\/\/www.jphres.us.com\/","logo":{"@type":"ImageObject","inLanguage":"en-US","@id":"https:\/\/www.jphres.us.com\/#\/schema\/logo\/image\/","url":"https:\/\/www.jphres.us.com\/wp-content\/uploads\/2022\/10\/Favicon-JPHRES.png","contentUrl":"https:\/\/www.jphres.us.com\/wp-content\/uploads\/2022\/10\/Favicon-JPHRES.png","width":150,"height":114,"caption":"Journal of Public Health Research"},"image":{"@id":"https:\/\/www.jphres.us.com\/#\/schema\/logo\/image\/"},"sameAs":["https:\/\/www.citefactor.org\/journal\/index\/5410\/journal-of-public-health-research#.ZD-hS-xBx3k","https:\/\/www.scimagojr.com\/journalsearch.php?q=21100790524&amp;amp;tip=sid&amp;amp;clean=0"]}]}},"_links":{"self":[{"href":"https:\/\/www.jphres.us.com\/index.php\/wp-json\/wp\/v2\/pages\/4529","targetHints":{"allow":["GET"]}}],"collection":[{"href":"https:\/\/www.jphres.us.com\/index.php\/wp-json\/wp\/v2\/pages"}],"about":[{"href":"https:\/\/www.jphres.us.com\/index.php\/wp-json\/wp\/v2\/types\/page"}],"author":[{"embeddable":true,"href":"https:\/\/www.jphres.us.com\/index.php\/wp-json\/wp\/v2\/users\/3"}],"replies":[{"embeddable":true,"href":"https:\/\/www.jphres.us.com\/index.php\/wp-json\/wp\/v2\/comments?post=4529"}],"version-history":[{"count":0,"href":"https:\/\/www.jphres.us.com\/index.php\/wp-json\/wp\/v2\/pages\/4529\/revisions"}],"wp:attachment":[{"href":"https:\/\/www.jphres.us.com\/index.php\/wp-json\/wp\/v2\/media?parent=4529"}],"curies":[{"name":"wp","href":"https:\/\/api.w.org\/{rel}","templated":true}]}}