{"id":4511,"date":"2023-03-29T22:52:08","date_gmt":"2023-03-29T20:52:08","guid":{"rendered":"https:\/\/www.jphres.org\/?p=4511"},"modified":"2023-04-02T13:52:28","modified_gmt":"2023-04-02T11:52:28","slug":"mass-screening-vs-lockdown-vs-combination-of-both-to-control-covid-19-a-systematic-review","status":"publish","type":"page","link":"https:\/\/www.jphres.us.com\/index.php\/jphres\/article\/view\/2011\/","title":{"rendered":"Mass screening vs lockdown vs combination of both to control COVID-19: a systematic review"},"content":{"rendered":"<div class=\"item doi\"><span class=\"value\"><a href=\"https:\/\/doi.org\/10.4081\/jphr.2020.2011\">https:\/\/doi.org\/10.4081\/jphr.2020.2011<\/a><\/span><\/div>\n<ul class=\"item authors\">\n<li><span class=\"name\"><strong>Nadya Johanna<\/strong><br \/>\n<span class=\"affiliation\">Faculty of Medicine, Universitas Indonesia, Jakarta, Indonesia.<\/span><span class=\"orcid\"><br \/>\n<a href=\"https:\/\/orcid.org\/0000-0002-3014-158X\" target=\"_blank\" rel=\"noopener\">https:\/\/orcid.org\/0000-0002-3014-158X<\/a><\/span><\/span><\/li>\n<li><span class=\"name\"><strong>Henrico Citrawijaya<\/strong><br \/>\n<\/span><span class=\"affiliation\">Faculty of Medicine, Universitas Indonesia, Jakarta, Indonesia.<\/span><span class=\"orcid\"><br \/>\n<a href=\"https:\/\/orcid.org\/0000-0002-3014-158X\" target=\"_blank\" rel=\"noopener\">https:\/\/orcid.org\/0000-0002-3014-158X<\/a><\/span><\/li>\n<li><span class=\"name\"><strong>Grace Wangge<\/strong><br \/>\n<\/span><span class=\"affiliation\">Southeast Asian Ministers of Education Organization Regional Centre for Food and Nutrition \/ Pusat Kajian Gizi Regional Universitas Indonesia, Central Jakarta, Indonesia.<\/span><span class=\"orcid\"><br \/>\n<a href=\"https:\/\/orcid.org\/0000-0002-5416-273X\" target=\"_blank\" rel=\"noopener\">https:\/\/orcid.org\/0000-0002-5416-273X<\/a><\/span><\/li>\n<\/ul>\n<div class=\"item abstract\">\n<h3 class=\"label\">ABSTRACT<\/h3>\n<p>Coronavirus disease 2019 (COVID-19) is a global pandemic. Non-pharmacological interventions, such as lockdown and mass testing, remain as the mainstay of control measures for the outbreak. We aim to evaluate the effectiveness of mass testing, lockdown, or a combination of both to control COVID-19 pandemic. A systematic search on 11 major databases was conducted on June 8, 2020. This review is registered in Prospero (CRD42020190546). We included primary studies written in English which investigate mass screening, lockdown, or a combination of both to control and\/or mitigate the COVID-19 pandemic. There are four important outcomes as selected by WHO experts for their decision-making process: incident cases, onward transmission, mortality, and resource use. Among 623 studies, only 14 studies met our criteria. Four observational studies were rated as strong evidence and ten modelling studies were rated as moderate evidence. Based on one modelling study, mass testing reduced the total infected people compared to no mass testing. For lockdown, ten studies consistently showed that it successfully reduced the incidence, onward transmission, and mortality rate of COVID-19. A limited evidence showed that a combination of lockdown and mass screening resulted in a greater reduction of incidence and mortality rate compared to lockdown only. However, there is not enough evidence on the effectiveness of mass testing only.<\/p>\n<p>&nbsp;<\/p>\n<div>\n<div><strong>Sabanur \u00c7AVDAR, Ay\u015fe Z\u00fclal TOKA\u00c7, \u00d6mer ATA\u00c7, Mehmet Akif SEZEROL, Yusuf TA\u015e\u00c7I, Osman HAYRAN (2022)<\/strong><\/div>\n<p>Birinci Basamak Sa\u011fl\u0131k \u00c7al\u0131\u015fanlar\u0131nda COVID-19 G\u00f6r\u00fclme S\u0131kl\u0131\u011f\u0131.\u00a0Eski\u015fehir T\u00fcrk D\u00fcnyas\u0131 Uygulama ve Ara\u015ft\u0131rma Merkezi Halk Sa\u011fl\u0131\u011f\u0131 Dergisi,<br \/>\n<a href=\"https:\/\/doi.org\/10.35232\/estudamhsd.1012379\" target=\"_blank\" rel=\"noopener noreferrer\">10.35232\/estudamhsd.1012379<\/a><\/p>\n<\/div>\n<div>\n<div><strong>Tyler Shelby, Tyler Caruthers, Oren Y Kanner, Rebecca Schneider, Dana Lipnickas, Lauretta E Grau, Rajit Manohar, Linda Niccolai (2021)<\/strong><\/div>\n<p>Pilot Evaluations of Two Bluetooth Contact Tracing Approaches on a University Campus: Mixed Methods Study.\u00a0JMIR Formative Research,\u00a05(10),\u00a0e31086.<br \/>\n<a href=\"https:\/\/doi.org\/10.2196\/31086\" target=\"_blank\" rel=\"noopener noreferrer\">10.2196\/31086<\/a><\/p>\n<\/div>\n<div>\n<div><strong>Takuto Naito, Yasutake Tomata, Tatsui Otsuka, Kanami Tsuno, Takahiro Tabuchi (2022)<\/strong><\/div>\n<p>Did Children in Single-Parent Households Have a Higher Probability of Emotional Instability during the COVID-19 Pandemic? A Nationwide Cross-Sectional Study in Japan.\u00a0International Journal of Environmental Research and Public Health,\u00a019(7),\u00a04239.<br \/>\n<a href=\"https:\/\/doi.org\/10.3390\/ijerph19074239\" target=\"_blank\" rel=\"noopener noreferrer\">10.3390\/ijerph19074239<\/a><\/p>\n<\/div>\n<div>\n<div><strong>Rujitika Mungmunpuntipantip, Viroj Wiwanitkit (2021)<\/strong><\/div>\n<p>Anxiety, Uncertainty, and Resilience During the Pandemic Period &#8211; Anthropological and Psychological Perspectives.<br \/>\n<a href=\"https:\/\/doi.org\/10.5772\/intechopen.96496\" target=\"_blank\" rel=\"noopener noreferrer\">10.5772\/intechopen.96496<\/a><\/p>\n<\/div>\n<div>\n<div>Silvana Nair Leite, Jorge Antonio Zepeda Bermudez, D\u00e9bora Melecchi, Adelir Rodrigues da Veiga, Ana Liani Beisl Oliveira, Artur Cust\u00f3dio Moreira de Sousa, C\u00e9lia Machado Gerv\u00e1sio Chaves, Fernanda Manzini, Lidiane Silva Dutra, Lu\u00edsa Arueira Chaves, Marco Aur\u00e9lio Pereira, Maria Eufr\u00e1sia Oliveira Lima, Moys\u00e9s Longinho Toniolo, Ronald Ferreira dos Santos, Silv\u00e2nia Dantas, Jorge Carlos Santos da Costa (2021)<\/div>\n<p>Projeto Integra: fortalecimento da participa\u00e7\u00e3o social na agenda das pol\u00edticas, servi\u00e7os e tecnologias em sa\u00fade.\u00a0Ci\u00eancia &amp; Sa\u00fade Coletiva,\u00a026(11),\u00a05589.<br \/>\n<a href=\"https:\/\/doi.org\/10.1590\/1413-812320212611.18212021\" target=\"_blank\" rel=\"noopener noreferrer\">10.1590\/1413-812320212611.18212021<\/a><\/p>\n<\/div>\n<\/div>\n<p>&nbsp;<\/p>\n","protected":false},"excerpt":{"rendered":"<p>https:\/\/doi.org\/10.4081\/jphr.2020.2011 Nadya Johanna Faculty of Medicine, Universitas Indonesia, Jakarta, Indonesia. https:\/\/orcid.org\/0000-0002-3014-158X Henrico Citrawijaya Faculty of Medicine, Universitas Indonesia, Jakarta, Indonesia. https:\/\/orcid.org\/0000-0002-3014-158X Grace Wangge Southeast Asian Ministers of Education Organization Regional Centre for Food and Nutrition \/ Pusat Kajian Gizi Regional Universitas Indonesia, Central Jakarta, Indonesia. https:\/\/orcid.org\/0000-0002-5416-273X ABSTRACT Coronavirus disease 2019 (COVID-19) is a global pandemic. &#8230; <a title=\"Mass screening vs lockdown vs combination of both to control COVID-19: a systematic review\" class=\"read-more\" href=\"https:\/\/www.jphres.us.com\/index.php\/jphres\/article\/view\/2011\/\" aria-label=\"More on Mass screening vs lockdown vs combination of both to control COVID-19: a systematic review\">Read more<\/a><\/p>\n","protected":false},"author":3,"featured_media":0,"parent":0,"menu_order":0,"comment_status":"open","ping_status":"open","template":"","meta":{"footnotes":""},"class_list":["post-4511","page","type-page","status-publish"],"yoast_head":"<!-- This site is optimized with the Yoast SEO plugin v27.2 - https:\/\/yoast.com\/product\/yoast-seo-wordpress\/ -->\n<title>Mass screening vs lockdown vs combination of both to control COVID-19: a systematic review - Journal of Public Health Research<\/title>\n<meta name=\"robots\" content=\"index, follow, max-snippet:-1, max-image-preview:large, max-video-preview:-1\" \/>\n<link rel=\"canonical\" href=\"https:\/\/www.jphres.us.com\/index.php\/jphres\/article\/view\/2011\/\" \/>\n<meta property=\"og:locale\" content=\"en_US\" \/>\n<meta property=\"og:type\" content=\"article\" \/>\n<meta property=\"og:title\" content=\"Mass screening vs lockdown vs combination of both to control COVID-19: a systematic review - Journal of Public Health Research\" \/>\n<meta property=\"og:description\" content=\"https:\/\/doi.org\/10.4081\/jphr.2020.2011 Nadya Johanna Faculty of Medicine, Universitas Indonesia, Jakarta, Indonesia. https:\/\/orcid.org\/0000-0002-3014-158X Henrico Citrawijaya Faculty of Medicine, Universitas Indonesia, Jakarta, Indonesia. https:\/\/orcid.org\/0000-0002-3014-158X Grace Wangge Southeast Asian Ministers of Education Organization Regional Centre for Food and Nutrition \/ Pusat Kajian Gizi Regional Universitas Indonesia, Central Jakarta, Indonesia. https:\/\/orcid.org\/0000-0002-5416-273X ABSTRACT Coronavirus disease 2019 (COVID-19) is a global pandemic. ... Read more\" \/>\n<meta property=\"og:url\" content=\"https:\/\/www.jphres.us.com\/index.php\/jphres\/article\/view\/2011\/\" \/>\n<meta property=\"og:site_name\" content=\"Journal of Public Health Research\" \/>\n<meta property=\"article:modified_time\" content=\"2023-04-02T11:52:28+00:00\" \/>\n<meta name=\"twitter:card\" content=\"summary_large_image\" \/>\n<meta name=\"twitter:label1\" content=\"Est. reading time\" \/>\n\t<meta name=\"twitter:data1\" content=\"4 minutes\" \/>\n<script type=\"application\/ld+json\" class=\"yoast-schema-graph\">{\"@context\":\"https:\/\/schema.org\",\"@graph\":[{\"@type\":\"WebPage\",\"@id\":\"https:\/\/www.jphres.us.com\/index.php\/jphres\/article\/view\/2011\/\",\"url\":\"https:\/\/www.jphres.us.com\/index.php\/jphres\/article\/view\/2011\/\",\"name\":\"Mass screening vs lockdown vs combination of both to control COVID-19: a systematic review - Journal of Public Health Research\",\"isPartOf\":{\"@id\":\"https:\/\/www.jphres.us.com\/#website\"},\"datePublished\":\"2023-03-29T20:52:08+00:00\",\"dateModified\":\"2023-04-02T11:52:28+00:00\",\"breadcrumb\":{\"@id\":\"https:\/\/www.jphres.us.com\/index.php\/jphres\/article\/view\/2011\/#breadcrumb\"},\"inLanguage\":\"en-US\",\"potentialAction\":[{\"@type\":\"ReadAction\",\"target\":[\"https:\/\/www.jphres.us.com\/index.php\/jphres\/article\/view\/2011\/\"]}]},{\"@type\":\"BreadcrumbList\",\"@id\":\"https:\/\/www.jphres.us.com\/index.php\/jphres\/article\/view\/2011\/#breadcrumb\",\"itemListElement\":[{\"@type\":\"ListItem\",\"position\":1,\"name\":\"Startseite\",\"item\":\"https:\/\/www.jphres.us.com\/\"},{\"@type\":\"ListItem\",\"position\":2,\"name\":\"Mass screening vs lockdown vs combination of both to control COVID-19: a systematic review\"}]},{\"@type\":\"WebSite\",\"@id\":\"https:\/\/www.jphres.us.com\/#website\",\"url\":\"https:\/\/www.jphres.us.com\/\",\"name\":\"Journal of Public Health Research\",\"description\":\"The Journal of Public Health Research is an online Open Access, peer-reviewed journal in the field of public health science. The scope of the journal is to stimulate debate and spreading of knowledge in this area in order to improve public health.\",\"publisher\":{\"@id\":\"https:\/\/www.jphres.us.com\/#organization\"},\"potentialAction\":[{\"@type\":\"SearchAction\",\"target\":{\"@type\":\"EntryPoint\",\"urlTemplate\":\"https:\/\/www.jphres.us.com\/?s={search_term_string}\"},\"query-input\":{\"@type\":\"PropertyValueSpecification\",\"valueRequired\":true,\"valueName\":\"search_term_string\"}}],\"inLanguage\":\"en-US\"},{\"@type\":\"Organization\",\"@id\":\"https:\/\/www.jphres.us.com\/#organization\",\"name\":\"Journal of Public Health Research\",\"url\":\"https:\/\/www.jphres.us.com\/\",\"logo\":{\"@type\":\"ImageObject\",\"inLanguage\":\"en-US\",\"@id\":\"https:\/\/www.jphres.us.com\/#\/schema\/logo\/image\/\",\"url\":\"https:\/\/www.jphres.us.com\/wp-content\/uploads\/2022\/10\/Favicon-JPHRES.png\",\"contentUrl\":\"https:\/\/www.jphres.us.com\/wp-content\/uploads\/2022\/10\/Favicon-JPHRES.png\",\"width\":150,\"height\":114,\"caption\":\"Journal of Public Health Research\"},\"image\":{\"@id\":\"https:\/\/www.jphres.us.com\/#\/schema\/logo\/image\/\"},\"sameAs\":[\"https:\/\/www.citefactor.org\/journal\/index\/5410\/journal-of-public-health-research#.ZD-hS-xBx3k\",\"https:\/\/www.scimagojr.com\/journalsearch.php?q=21100790524&amp;amp;tip=sid&amp;amp;clean=0\"]}]}<\/script>\n<!-- \/ Yoast SEO plugin. -->","yoast_head_json":{"title":"Mass screening vs lockdown vs combination of both to control COVID-19: a systematic review - Journal of Public Health Research","robots":{"index":"index","follow":"follow","max-snippet":"max-snippet:-1","max-image-preview":"max-image-preview:large","max-video-preview":"max-video-preview:-1"},"canonical":"https:\/\/www.jphres.us.com\/index.php\/jphres\/article\/view\/2011\/","og_locale":"en_US","og_type":"article","og_title":"Mass screening vs lockdown vs combination of both to control COVID-19: a systematic review - Journal of Public Health Research","og_description":"https:\/\/doi.org\/10.4081\/jphr.2020.2011 Nadya Johanna Faculty of Medicine, Universitas Indonesia, Jakarta, Indonesia. https:\/\/orcid.org\/0000-0002-3014-158X Henrico Citrawijaya Faculty of Medicine, Universitas Indonesia, Jakarta, Indonesia. https:\/\/orcid.org\/0000-0002-3014-158X Grace Wangge Southeast Asian Ministers of Education Organization Regional Centre for Food and Nutrition \/ Pusat Kajian Gizi Regional Universitas Indonesia, Central Jakarta, Indonesia. https:\/\/orcid.org\/0000-0002-5416-273X ABSTRACT Coronavirus disease 2019 (COVID-19) is a global pandemic. ... Read more","og_url":"https:\/\/www.jphres.us.com\/index.php\/jphres\/article\/view\/2011\/","og_site_name":"Journal of Public Health Research","article_modified_time":"2023-04-02T11:52:28+00:00","twitter_card":"summary_large_image","twitter_misc":{"Est. reading time":"4 minutes"},"schema":{"@context":"https:\/\/schema.org","@graph":[{"@type":"WebPage","@id":"https:\/\/www.jphres.us.com\/index.php\/jphres\/article\/view\/2011\/","url":"https:\/\/www.jphres.us.com\/index.php\/jphres\/article\/view\/2011\/","name":"Mass screening vs lockdown vs combination of both to control COVID-19: a systematic review - Journal of Public Health Research","isPartOf":{"@id":"https:\/\/www.jphres.us.com\/#website"},"datePublished":"2023-03-29T20:52:08+00:00","dateModified":"2023-04-02T11:52:28+00:00","breadcrumb":{"@id":"https:\/\/www.jphres.us.com\/index.php\/jphres\/article\/view\/2011\/#breadcrumb"},"inLanguage":"en-US","potentialAction":[{"@type":"ReadAction","target":["https:\/\/www.jphres.us.com\/index.php\/jphres\/article\/view\/2011\/"]}]},{"@type":"BreadcrumbList","@id":"https:\/\/www.jphres.us.com\/index.php\/jphres\/article\/view\/2011\/#breadcrumb","itemListElement":[{"@type":"ListItem","position":1,"name":"Startseite","item":"https:\/\/www.jphres.us.com\/"},{"@type":"ListItem","position":2,"name":"Mass screening vs lockdown vs combination of both to control COVID-19: a systematic review"}]},{"@type":"WebSite","@id":"https:\/\/www.jphres.us.com\/#website","url":"https:\/\/www.jphres.us.com\/","name":"Journal of Public Health Research","description":"The Journal of Public Health Research is an online Open Access, peer-reviewed journal in the field of public health science. The scope of the journal is to stimulate debate and spreading of knowledge in this area in order to improve public health.","publisher":{"@id":"https:\/\/www.jphres.us.com\/#organization"},"potentialAction":[{"@type":"SearchAction","target":{"@type":"EntryPoint","urlTemplate":"https:\/\/www.jphres.us.com\/?s={search_term_string}"},"query-input":{"@type":"PropertyValueSpecification","valueRequired":true,"valueName":"search_term_string"}}],"inLanguage":"en-US"},{"@type":"Organization","@id":"https:\/\/www.jphres.us.com\/#organization","name":"Journal of Public Health Research","url":"https:\/\/www.jphres.us.com\/","logo":{"@type":"ImageObject","inLanguage":"en-US","@id":"https:\/\/www.jphres.us.com\/#\/schema\/logo\/image\/","url":"https:\/\/www.jphres.us.com\/wp-content\/uploads\/2022\/10\/Favicon-JPHRES.png","contentUrl":"https:\/\/www.jphres.us.com\/wp-content\/uploads\/2022\/10\/Favicon-JPHRES.png","width":150,"height":114,"caption":"Journal of Public Health Research"},"image":{"@id":"https:\/\/www.jphres.us.com\/#\/schema\/logo\/image\/"},"sameAs":["https:\/\/www.citefactor.org\/journal\/index\/5410\/journal-of-public-health-research#.ZD-hS-xBx3k","https:\/\/www.scimagojr.com\/journalsearch.php?q=21100790524&amp;amp;tip=sid&amp;amp;clean=0"]}]}},"_links":{"self":[{"href":"https:\/\/www.jphres.us.com\/index.php\/wp-json\/wp\/v2\/pages\/4511","targetHints":{"allow":["GET"]}}],"collection":[{"href":"https:\/\/www.jphres.us.com\/index.php\/wp-json\/wp\/v2\/pages"}],"about":[{"href":"https:\/\/www.jphres.us.com\/index.php\/wp-json\/wp\/v2\/types\/page"}],"author":[{"embeddable":true,"href":"https:\/\/www.jphres.us.com\/index.php\/wp-json\/wp\/v2\/users\/3"}],"replies":[{"embeddable":true,"href":"https:\/\/www.jphres.us.com\/index.php\/wp-json\/wp\/v2\/comments?post=4511"}],"version-history":[{"count":0,"href":"https:\/\/www.jphres.us.com\/index.php\/wp-json\/wp\/v2\/pages\/4511\/revisions"}],"wp:attachment":[{"href":"https:\/\/www.jphres.us.com\/index.php\/wp-json\/wp\/v2\/media?parent=4511"}],"curies":[{"name":"wp","href":"https:\/\/api.w.org\/{rel}","templated":true}]}}