{"id":4368,"date":"2023-03-27T00:19:43","date_gmt":"2023-03-26T22:19:43","guid":{"rendered":"https:\/\/www.jphres.org\/?p=4368"},"modified":"2023-04-09T11:32:54","modified_gmt":"2023-04-09T09:32:54","slug":"tuberculosis-control-within-indonesias-hospital-accreditation","status":"publish","type":"page","link":"https:\/\/www.jphres.us.com\/index.php\/jphres\/article\/view\/1979\/","title":{"rendered":"Tuberculosis control within Indonesia\u2019s hospital accreditation"},"content":{"rendered":"<div class=\"item doi\"><span class=\"type\">\u00a0<\/span><span class=\"value\"><a href=\"https:\/\/doi.org\/10.4081\/jphr.2021.1979\">https:\/\/doi.org\/10.4081\/jphr.2021.1979<\/a><\/span><\/div>\n<div><\/div>\n<p><span class=\"name\"><strong>Puput Oktamianti<\/strong><br \/>\n<\/span><span class=\"affiliation\">Candidate Doctoral Faculty of Public Health, Universitas Indonesia, Depok, Indonesia.<\/span><\/p>\n<p><span class=\"name\"><strong>Adang Bachtiar<\/strong><br \/>\n<\/span><span class=\"affiliation\">Faculty of Public Health, Universitas Indonesia, Depok, Indonesia.<\/span><\/p>\n<p><span class=\"name\"><strong>Sutoto Sutoto<\/strong><br \/>\n<\/span><span class=\"affiliation\">Indonesian Hospital Accreditation Commission, Jakarta, Indonesia.<\/span><\/p>\n<p><span class=\"name\"><strong>Indang Trihandini<\/strong><br \/>\n<\/span><span class=\"affiliation\">Faculty of Public Health, Universitas Indonesia, Depok, Indonesia.<\/span><\/p>\n<p><span class=\"name\"><strong>Sabarinah Prasetyo<\/strong><br \/>\n<\/span><span class=\"affiliation\">Faculty of Public Health, Universitas Indonesia, Depok, Indonesia.<\/span><\/p>\n<p><span class=\"name\"><strong>Anhari Achadi<\/strong><br \/>\n<\/span><span class=\"affiliation\">Faculty of Public Health, Universitas Indonesia, Depok, Indonesia.<\/span><\/p>\n<p><span class=\"name\"><strong>Ferry Efendi<\/strong><br \/>\n<\/span><span class=\"affiliation\">Faculty of Nursing, Universitas Airlangga, Surabaya, Indonesia.<\/span><span class=\"orcid\"><a href=\"https:\/\/orcid.org\/0000-0001-7988-9196\" target=\"_blank\" rel=\"noopener\"><br \/>\nhttps:\/\/orcid.org\/0000-0001-7988-9196<\/a><\/span><\/p>\n<div class=\"item abstract\">\n<h3 class=\"label\">ABSTRACT<\/h3>\n<p><em>Background:<\/em>\u00a0Tuberculosis (TB) is an infectious disease that is a major problem in Indonesia, placing Indonesia among the three major countries with the highest TB cases in the world. In addition, reporting of TB data from health service facilities, especially hospitals, is still weak. Since the implementation of Directly Observed Treatment Shortcourse (DOTS) in hospitals in 1995, the number of new TB case reports from hospitals is still low. In order to increase hospital participation in TB control, the government has made a breakthrough strategy, which is the integration of the DOTS strategy in hospital accreditation.<\/p>\n<p><em>Design and methods:\u00a0<\/em>This study conducted a literature review and document analysis related TB control standards in hospital accreditation and the implication for the involvement of hospitals in national TB program. This study analyzed regulations, policies, and procedures, including hospital accreditation instruments and annual reports of TB.<\/p>\n<p><em>Results:<\/em>\u00a0Accreditation standards related to TB control include: i) Hospital must implement a tuberculosis control program in the hospital, including monitoring and evaluation through activities such as health promotion, tuberculosis surveillance, controlling risk factors, detection and treatment of tuberculosis cases, providing immunity and preventive drugs; ii) Hospital prepares resources for service delivery and tuberculosis control; iii) hospital provides facilities and infrastructures for tuberculosis services in accordance with regulations; and iv) hospital conducts tuberculosis services and efforts to control tuberculosis risk factors in accordance with regulations.<\/p>\n<p><em>Conclusions:<\/em> Standards and elements of the assessment of TB control components in accreditation are adjusted to the national TB control guidelines.<\/p>\n<\/div>\n<div class=\"item downloads_chart\">\n<h3 class=\"label\">DOWNLOADS<\/h3>\n<div class=\"value\"><img fetchpriority=\"high\" decoding=\"async\" class=\"aligncenter size-full wp-image-4369\" src=\"https:\/\/www.jphres.us.com\/wp-content\/uploads\/2022\/09\/Download-29.png\" alt=\"Download (29)\" width=\"523\" height=\"261\" srcset=\"https:\/\/www.jphres.us.com\/wp-content\/uploads\/2022\/09\/Download-29.png 523w, https:\/\/www.jphres.us.com\/wp-content\/uploads\/2022\/09\/Download-29-300x150.png 300w\" sizes=\"(max-width: 523px) 100vw, 523px\" \/><\/div>\n<\/div>\n<div class=\"item references\">\n<h3 class=\"label\">REFERENCES<\/h3>\n<p>Ministry of Health Republic Indonesia. [Pedoman Manajerial Pelayanan Tuberkuosis Dengan Strategi DOTS di Rumah Sakit (Tuberculosis Service Managerial Guidelines With the DOTS Strategy in Hospita)].[in Indonesian]. Jakarta: Ministry of Health Republic Indonesia; 2010.<\/p>\n<p>World Health Organization. The Republic of Indonesia Joint External Monitoring Mission Tuberculosis 2017 Final Report. 2017. Available from:\u00a0<a href=\"https:\/\/www.who.int\/docs\/default-source\/searo\/indonesia\/non-who-publications\/2017-joint-external-tb-monitoring-system-indonesia.pdf?sfvrsn=a10eb522_2\">https:\/\/www.who.int\/docs\/default-source\/searo\/indonesia\/non-who-publications\/2017-joint-external-tb-monitoring-system-indonesia.pdf?sfvrsn=a10eb522_2<\/a><\/p>\n<p>World Health Organization. Global tuberculosis report 2018. Geneva: World Health Organization; 2018. Available from:\u00a0<a href=\"https:\/\/apps.who.int\/iris\/handle\/10665\/274453\">https:\/\/apps.who.int\/iris\/handle\/10665\/274453<\/a><\/p>\n<p>Surya A, Setyaningsih B, Suryani Nasution H, et al. Quality tuberculosis care in Indonesia: using patient pathway analysis to optimize public\u2013private collaboration. J Infect Dis 2017;216:S724\u201332. DOI:\u00a0<a href=\"https:\/\/doi.org\/10.1093\/infdis\/jix379\">https:\/\/doi.org\/10.1093\/infdis\/jix379<\/a><\/p>\n<p>Deephouse DL, Suchman M. Legitimacy in organizational institutionalism. In R. Greenwood, C. Oliver, R. Suddaby, Editors. The SAGE handbook of organizational institutionalism. SAGE Publications Ltd.; 2008. p. 49-77. DOI:\u00a0<a href=\"https:\/\/doi.org\/10.4135\/9781849200387.n2\">https:\/\/doi.org\/10.4135\/9781849200387.n2<\/a><\/p>\n<p>World Health Organization. Quality and accreditation in health care services: a global review. Geneva: World Health Organization; 2003. Available from:\u00a0<a href=\"https:\/\/apps.who.int\/iris\/handle\/10665\/68410\">https:\/\/apps.who.int\/iris\/handle\/10665\/68410<\/a><\/p>\n<p>Berkta\u015f M, Kayral I, G\u00fcd\u00fck \u00d6. Which standards are more effective for healthcare external evaluation organizations management systems?: ISQua 4th Ed. vs ISO 9004:2009. J Bus Res Turk 2018;10:271-81. DOI:\u00a0<a href=\"https:\/\/doi.org\/10.20491\/isarder.2018.473\">https:\/\/doi.org\/10.20491\/isarder.2018.473<\/a><\/p>\n<p>Jennifer L, Bartlett JP. Reputation and legitimacy: Accreditation and rangkings to assess organizations. In: Dalam C.E. Carroll, Editor. The handbook of communication and corporate reputation. J.Wiley &amp; Sons, Inc.; 2013. p. 530-44. DOI:\u00a0<a href=\"https:\/\/doi.org\/10.1002\/9781118335529.ch42\">https:\/\/doi.org\/10.1002\/9781118335529.ch42<\/a><\/p>\n<p>Meyer JW, Rowan B. Institutionalized organizations: Formal structure as myth and ceremony. Am J Sociol 1977;83:340\u201363. DOI:\u00a0<a href=\"https:\/\/doi.org\/10.1086\/226550\">https:\/\/doi.org\/10.1086\/226550<\/a><\/p>\n<p>Westphal JD, Gulati R, Shortell SM. Customization or conformity? An institutional and network perspective on the content and consequences of TQM adoption. Adm Sci Q 1997;366\u201394. DOI:\u00a0<a href=\"https:\/\/doi.org\/10.2307\/2393924\">https:\/\/doi.org\/10.2307\/2393924<\/a><\/p>\n<p>Fernando S, Lawrence S. A theoretical framework for CSR practices: Integrating legitimacy theory, stakeholder theory and institutional theory. J Theor Account Res 2014;10:149\u201378.<\/p>\n<p>Indonesia Commission on Accreditation of Hospitals (ICAH). [ReDOWSKo: Regulasi, Dokumentasi, Observasi, Wawancara, Simulasi, Konfirmasi (ReDOWSKo: Regulation, Documentation, Observation, Interview, Simulation, Confirmation)].[in Indonesian]. Jakarta: Indonesia Commission on Accreditation of Hospitals; 2018.<\/p>\n<p>Shaw C. How can hospital performance be measured and monitored? Geneva: World Health Organization Regional Office for Europe; 2003. Available from: euro.who.int\/__data\/assets\/pdf_file\/0009\/74718\/E82975.pdf<\/p>\n<p>Indonesia Commission on Accreditation of Hospitals (ICAH). [Standar Nasional Akreditasi Rumah Sakit (SNARS) (National Hospital Accreditation (SNARS) standard)].[in Indonesian]. 1st ed. Jakarta: Indonesia Commission on Accreditation of Hospitals; 2018.<\/p>\n<p>Ministry of National Development Planning, National Development Planning Agency Republic Indonesia. [Laporan Pencapaian Tujuan Pembangunan Milenium di Indonesia 2011 (Report on The Achievement of The Millennium Development Goals in Indonesia 2011)].[in Indonesian]. Ministry of National Development Planning, National Development Planning Agency Republic Indonesia. 2012.<\/p>\n<p>Ministry of Health Republic Indonesia.. National Strategies for Tuberculosis Control 2011-2014. Jakarta: Kementerian Kesehatan RI; 2011.<\/p>\n<p>Ministry of Health Republic Indonesia. [Peraturan Menteri Kesehatan Republik Indonesia Nomor 67 Tahun 2016 Penanggulangan Tuberculosis (Regulation of Ministry of Health Republic Indonesia Number 67 of 2016 on tuberculosis control)].[in Indonesian]. Jakarta: M Ministry of Health Republic Indonesia; 2016.<\/p>\n<p>Ministry of Health Republic Indonesia. [Pedoman Pencegahan dan Pengendalian Infeksi Tuberkulosis di Fasilitas Pelayanan Kesehatan (Guidelines for the prevention and control tuberculosis infection in health care facilities)].[in Indonesian]. Jakarta: Ministry of Health Republic Indonesia. 2012.<\/p>\n<p>Ministry of Health Republic Indonesia. [Peraturan Menteri Kesehatan Nomor 27 Tahun 2017 Tentang Pedoman Pencegahan dan Pengendalian Infeksi di Fasilitas Pelayanan Kesehatan (Regulation of Ministry of Health Number 27 Year 2017 on Guidelines For Infection Prevention And Control in Health Care Facilities)].[in Indonesian]. Jakarta: Ministry of Health Republic Indonesia; 2017.<\/p>\n<p>Ministry of Health Republic Indonesia. Standar Pelayanan Laboratorium Tuberkulosis. Katalog Dalam Terbit Kementeri Kesehat Nas (Standard for Tuberculosis Laboratoy Service)].[in Indonesian]. Jakarta: Ministry of Health Republic Indonesia; 2015.<\/p>\n<p>Escombe AR, Oeser CC, Gilman RH, et al. Natural ventilation for the prevention of airborne contagion. PLoS Med 2007;4:e68. DOI:\u00a0<a href=\"https:\/\/doi.org\/10.1371\/journal.pmed.0040068\">https:\/\/doi.org\/10.1371\/journal.pmed.0040068<\/a><\/p>\n<p>Ministry of Health Republic Indonesia. [Laporan Program Tuberkulosis 2018 (Tuberculosis Program Report 2018)].[in Indonesian]. Jakarta: Ministry of Health Republic Indonesia; 2019.<\/p>\n<h3>Most read articles by the same author(s)<\/h3>\n<ul>\n<li>Ferry Efendi, Retno Indarwati, Gading Ekapuja Aurizki, Ika Adelia Susanti, Antoni Eka Fajar Maulana,\u00a0<a href=\"https:\/\/www.jphres.us.com\/index.php\/jphres\/article\/view\/2386\">Policymakers\u2019 perspectives on responding to the elderly\u2019s mental health needs in post-disaster situations\u00a0<\/a>,\u00a0<a>Journal of Public Health Research: Ahead of Print<\/a><\/li>\n<\/ul>\n<\/div>\n","protected":false},"excerpt":{"rendered":"<p>\u00a0https:\/\/doi.org\/10.4081\/jphr.2021.1979 Puput Oktamianti Candidate Doctoral Faculty of Public Health, Universitas Indonesia, Depok, Indonesia. Adang Bachtiar Faculty of Public Health, Universitas Indonesia, Depok, Indonesia. Sutoto Sutoto Indonesian Hospital Accreditation Commission, Jakarta, Indonesia. Indang Trihandini Faculty of Public Health, Universitas Indonesia, Depok, Indonesia. Sabarinah Prasetyo Faculty of Public Health, Universitas Indonesia, Depok, Indonesia. Anhari Achadi Faculty of &#8230; <a title=\"Tuberculosis control within Indonesia\u2019s hospital accreditation\" class=\"read-more\" href=\"https:\/\/www.jphres.us.com\/index.php\/jphres\/article\/view\/1979\/\" aria-label=\"More on Tuberculosis control within Indonesia\u2019s hospital accreditation\">Read more<\/a><\/p>\n","protected":false},"author":3,"featured_media":0,"parent":0,"menu_order":0,"comment_status":"open","ping_status":"open","template":"","meta":{"footnotes":""},"class_list":["post-4368","page","type-page","status-publish"],"yoast_head":"<!-- This site is optimized with the Yoast SEO plugin v27.2 - https:\/\/yoast.com\/product\/yoast-seo-wordpress\/ -->\n<title>Tuberculosis control within Indonesia\u2019s hospital accreditation - Journal of Public Health Research<\/title>\n<meta name=\"robots\" content=\"index, follow, max-snippet:-1, max-image-preview:large, max-video-preview:-1\" \/>\n<link rel=\"canonical\" href=\"https:\/\/www.jphres.us.com\/index.php\/jphres\/article\/view\/1979\/\" \/>\n<meta property=\"og:locale\" content=\"en_US\" \/>\n<meta property=\"og:type\" content=\"article\" \/>\n<meta property=\"og:title\" content=\"Tuberculosis control within Indonesia\u2019s hospital accreditation - Journal of Public Health Research\" \/>\n<meta property=\"og:description\" content=\"\u00a0https:\/\/doi.org\/10.4081\/jphr.2021.1979 Puput Oktamianti Candidate Doctoral Faculty of Public Health, Universitas Indonesia, Depok, Indonesia. Adang Bachtiar Faculty of Public Health, Universitas Indonesia, Depok, Indonesia. Sutoto Sutoto Indonesian Hospital Accreditation Commission, Jakarta, Indonesia. Indang Trihandini Faculty of Public Health, Universitas Indonesia, Depok, Indonesia. Sabarinah Prasetyo Faculty of Public Health, Universitas Indonesia, Depok, Indonesia. Anhari Achadi Faculty of ... Read more\" \/>\n<meta property=\"og:url\" content=\"https:\/\/www.jphres.us.com\/index.php\/jphres\/article\/view\/1979\/\" \/>\n<meta property=\"og:site_name\" content=\"Journal of Public Health Research\" \/>\n<meta property=\"article:modified_time\" content=\"2023-04-09T09:32:54+00:00\" \/>\n<meta property=\"og:image\" content=\"https:\/\/www.jphres.us.com\/wp-content\/uploads\/2022\/09\/Download-29.png\" \/>\n\t<meta property=\"og:image:width\" content=\"523\" \/>\n\t<meta property=\"og:image:height\" content=\"261\" \/>\n\t<meta property=\"og:image:type\" content=\"image\/png\" \/>\n<meta name=\"twitter:card\" content=\"summary_large_image\" \/>\n<meta name=\"twitter:label1\" content=\"Est. reading time\" \/>\n\t<meta name=\"twitter:data1\" content=\"5 minutes\" \/>\n<script type=\"application\/ld+json\" class=\"yoast-schema-graph\">{\"@context\":\"https:\/\/schema.org\",\"@graph\":[{\"@type\":\"WebPage\",\"@id\":\"https:\/\/www.jphres.us.com\/index.php\/jphres\/article\/view\/1979\/\",\"url\":\"https:\/\/www.jphres.us.com\/index.php\/jphres\/article\/view\/1979\/\",\"name\":\"Tuberculosis control within Indonesia\u2019s hospital accreditation - Journal of Public Health Research\",\"isPartOf\":{\"@id\":\"https:\/\/www.jphres.us.com\/#website\"},\"primaryImageOfPage\":{\"@id\":\"https:\/\/www.jphres.us.com\/index.php\/jphres\/article\/view\/1979\/#primaryimage\"},\"image\":{\"@id\":\"https:\/\/www.jphres.us.com\/index.php\/jphres\/article\/view\/1979\/#primaryimage\"},\"thumbnailUrl\":\"https:\/\/www.jphres.us.com\/wp-content\/uploads\/2022\/09\/Download-29.png\",\"datePublished\":\"2023-03-26T22:19:43+00:00\",\"dateModified\":\"2023-04-09T09:32:54+00:00\",\"breadcrumb\":{\"@id\":\"https:\/\/www.jphres.us.com\/index.php\/jphres\/article\/view\/1979\/#breadcrumb\"},\"inLanguage\":\"en-US\",\"potentialAction\":[{\"@type\":\"ReadAction\",\"target\":[\"https:\/\/www.jphres.us.com\/index.php\/jphres\/article\/view\/1979\/\"]}]},{\"@type\":\"ImageObject\",\"inLanguage\":\"en-US\",\"@id\":\"https:\/\/www.jphres.us.com\/index.php\/jphres\/article\/view\/1979\/#primaryimage\",\"url\":\"https:\/\/www.jphres.us.com\/wp-content\/uploads\/2022\/09\/Download-29.png\",\"contentUrl\":\"https:\/\/www.jphres.us.com\/wp-content\/uploads\/2022\/09\/Download-29.png\",\"width\":523,\"height\":261,\"caption\":\"Download (29)\"},{\"@type\":\"BreadcrumbList\",\"@id\":\"https:\/\/www.jphres.us.com\/index.php\/jphres\/article\/view\/1979\/#breadcrumb\",\"itemListElement\":[{\"@type\":\"ListItem\",\"position\":1,\"name\":\"Startseite\",\"item\":\"https:\/\/www.jphres.us.com\/\"},{\"@type\":\"ListItem\",\"position\":2,\"name\":\"Tuberculosis control within Indonesia\u2019s hospital accreditation\"}]},{\"@type\":\"WebSite\",\"@id\":\"https:\/\/www.jphres.us.com\/#website\",\"url\":\"https:\/\/www.jphres.us.com\/\",\"name\":\"Journal of Public Health Research\",\"description\":\"The Journal of Public Health Research is an online Open Access, peer-reviewed journal in the field of public health science. The scope of the journal is to stimulate debate and spreading of knowledge in this area in order to improve public health.\",\"publisher\":{\"@id\":\"https:\/\/www.jphres.us.com\/#organization\"},\"potentialAction\":[{\"@type\":\"SearchAction\",\"target\":{\"@type\":\"EntryPoint\",\"urlTemplate\":\"https:\/\/www.jphres.us.com\/?s={search_term_string}\"},\"query-input\":{\"@type\":\"PropertyValueSpecification\",\"valueRequired\":true,\"valueName\":\"search_term_string\"}}],\"inLanguage\":\"en-US\"},{\"@type\":\"Organization\",\"@id\":\"https:\/\/www.jphres.us.com\/#organization\",\"name\":\"Journal of Public Health Research\",\"url\":\"https:\/\/www.jphres.us.com\/\",\"logo\":{\"@type\":\"ImageObject\",\"inLanguage\":\"en-US\",\"@id\":\"https:\/\/www.jphres.us.com\/#\/schema\/logo\/image\/\",\"url\":\"https:\/\/www.jphres.us.com\/wp-content\/uploads\/2022\/10\/Favicon-JPHRES.png\",\"contentUrl\":\"https:\/\/www.jphres.us.com\/wp-content\/uploads\/2022\/10\/Favicon-JPHRES.png\",\"width\":150,\"height\":114,\"caption\":\"Journal of Public Health Research\"},\"image\":{\"@id\":\"https:\/\/www.jphres.us.com\/#\/schema\/logo\/image\/\"},\"sameAs\":[\"https:\/\/www.citefactor.org\/journal\/index\/5410\/journal-of-public-health-research#.ZD-hS-xBx3k\",\"https:\/\/www.scimagojr.com\/journalsearch.php?q=21100790524&amp;amp;tip=sid&amp;amp;clean=0\"]}]}<\/script>\n<!-- \/ Yoast SEO plugin. -->","yoast_head_json":{"title":"Tuberculosis control within Indonesia\u2019s hospital accreditation - Journal of Public Health Research","robots":{"index":"index","follow":"follow","max-snippet":"max-snippet:-1","max-image-preview":"max-image-preview:large","max-video-preview":"max-video-preview:-1"},"canonical":"https:\/\/www.jphres.us.com\/index.php\/jphres\/article\/view\/1979\/","og_locale":"en_US","og_type":"article","og_title":"Tuberculosis control within Indonesia\u2019s hospital accreditation - Journal of Public Health Research","og_description":"\u00a0https:\/\/doi.org\/10.4081\/jphr.2021.1979 Puput Oktamianti Candidate Doctoral Faculty of Public Health, Universitas Indonesia, Depok, Indonesia. Adang Bachtiar Faculty of Public Health, Universitas Indonesia, Depok, Indonesia. Sutoto Sutoto Indonesian Hospital Accreditation Commission, Jakarta, Indonesia. Indang Trihandini Faculty of Public Health, Universitas Indonesia, Depok, Indonesia. Sabarinah Prasetyo Faculty of Public Health, Universitas Indonesia, Depok, Indonesia. Anhari Achadi Faculty of ... Read more","og_url":"https:\/\/www.jphres.us.com\/index.php\/jphres\/article\/view\/1979\/","og_site_name":"Journal of Public Health Research","article_modified_time":"2023-04-09T09:32:54+00:00","og_image":[{"width":523,"height":261,"url":"https:\/\/www.jphres.us.com\/wp-content\/uploads\/2022\/09\/Download-29.png","type":"image\/png"}],"twitter_card":"summary_large_image","twitter_misc":{"Est. reading time":"5 minutes"},"schema":{"@context":"https:\/\/schema.org","@graph":[{"@type":"WebPage","@id":"https:\/\/www.jphres.us.com\/index.php\/jphres\/article\/view\/1979\/","url":"https:\/\/www.jphres.us.com\/index.php\/jphres\/article\/view\/1979\/","name":"Tuberculosis control within Indonesia\u2019s hospital accreditation - Journal of Public Health Research","isPartOf":{"@id":"https:\/\/www.jphres.us.com\/#website"},"primaryImageOfPage":{"@id":"https:\/\/www.jphres.us.com\/index.php\/jphres\/article\/view\/1979\/#primaryimage"},"image":{"@id":"https:\/\/www.jphres.us.com\/index.php\/jphres\/article\/view\/1979\/#primaryimage"},"thumbnailUrl":"https:\/\/www.jphres.us.com\/wp-content\/uploads\/2022\/09\/Download-29.png","datePublished":"2023-03-26T22:19:43+00:00","dateModified":"2023-04-09T09:32:54+00:00","breadcrumb":{"@id":"https:\/\/www.jphres.us.com\/index.php\/jphres\/article\/view\/1979\/#breadcrumb"},"inLanguage":"en-US","potentialAction":[{"@type":"ReadAction","target":["https:\/\/www.jphres.us.com\/index.php\/jphres\/article\/view\/1979\/"]}]},{"@type":"ImageObject","inLanguage":"en-US","@id":"https:\/\/www.jphres.us.com\/index.php\/jphres\/article\/view\/1979\/#primaryimage","url":"https:\/\/www.jphres.us.com\/wp-content\/uploads\/2022\/09\/Download-29.png","contentUrl":"https:\/\/www.jphres.us.com\/wp-content\/uploads\/2022\/09\/Download-29.png","width":523,"height":261,"caption":"Download (29)"},{"@type":"BreadcrumbList","@id":"https:\/\/www.jphres.us.com\/index.php\/jphres\/article\/view\/1979\/#breadcrumb","itemListElement":[{"@type":"ListItem","position":1,"name":"Startseite","item":"https:\/\/www.jphres.us.com\/"},{"@type":"ListItem","position":2,"name":"Tuberculosis control within Indonesia\u2019s hospital accreditation"}]},{"@type":"WebSite","@id":"https:\/\/www.jphres.us.com\/#website","url":"https:\/\/www.jphres.us.com\/","name":"Journal of Public Health Research","description":"The Journal of Public Health Research is an online Open Access, peer-reviewed journal in the field of public health science. The scope of the journal is to stimulate debate and spreading of knowledge in this area in order to improve public health.","publisher":{"@id":"https:\/\/www.jphres.us.com\/#organization"},"potentialAction":[{"@type":"SearchAction","target":{"@type":"EntryPoint","urlTemplate":"https:\/\/www.jphres.us.com\/?s={search_term_string}"},"query-input":{"@type":"PropertyValueSpecification","valueRequired":true,"valueName":"search_term_string"}}],"inLanguage":"en-US"},{"@type":"Organization","@id":"https:\/\/www.jphres.us.com\/#organization","name":"Journal of Public Health Research","url":"https:\/\/www.jphres.us.com\/","logo":{"@type":"ImageObject","inLanguage":"en-US","@id":"https:\/\/www.jphres.us.com\/#\/schema\/logo\/image\/","url":"https:\/\/www.jphres.us.com\/wp-content\/uploads\/2022\/10\/Favicon-JPHRES.png","contentUrl":"https:\/\/www.jphres.us.com\/wp-content\/uploads\/2022\/10\/Favicon-JPHRES.png","width":150,"height":114,"caption":"Journal of Public Health Research"},"image":{"@id":"https:\/\/www.jphres.us.com\/#\/schema\/logo\/image\/"},"sameAs":["https:\/\/www.citefactor.org\/journal\/index\/5410\/journal-of-public-health-research#.ZD-hS-xBx3k","https:\/\/www.scimagojr.com\/journalsearch.php?q=21100790524&amp;amp;tip=sid&amp;amp;clean=0"]}]}},"_links":{"self":[{"href":"https:\/\/www.jphres.us.com\/index.php\/wp-json\/wp\/v2\/pages\/4368","targetHints":{"allow":["GET"]}}],"collection":[{"href":"https:\/\/www.jphres.us.com\/index.php\/wp-json\/wp\/v2\/pages"}],"about":[{"href":"https:\/\/www.jphres.us.com\/index.php\/wp-json\/wp\/v2\/types\/page"}],"author":[{"embeddable":true,"href":"https:\/\/www.jphres.us.com\/index.php\/wp-json\/wp\/v2\/users\/3"}],"replies":[{"embeddable":true,"href":"https:\/\/www.jphres.us.com\/index.php\/wp-json\/wp\/v2\/comments?post=4368"}],"version-history":[{"count":0,"href":"https:\/\/www.jphres.us.com\/index.php\/wp-json\/wp\/v2\/pages\/4368\/revisions"}],"wp:attachment":[{"href":"https:\/\/www.jphres.us.com\/index.php\/wp-json\/wp\/v2\/media?parent=4368"}],"curies":[{"name":"wp","href":"https:\/\/api.w.org\/{rel}","templated":true}]}}