{"id":4228,"date":"2023-03-28T06:21:07","date_gmt":"2023-03-28T04:21:07","guid":{"rendered":"https:\/\/www.jphres.org\/?p=4228"},"modified":"2023-04-02T14:09:22","modified_gmt":"2023-04-02T12:09:22","slug":"perceptions-of-health-professionals-about-the-quality-of-communication-and-deliberation-with-the-patient-and-its-impact-on-the-health-decision-making-process","status":"publish","type":"page","link":"https:\/\/www.jphres.us.com\/index.php\/jphres\/article\/view\/1445\/","title":{"rendered":"Perceptions of health professionals about the quality of communication and deliberation with the patient and its impact on the health decision making process"},"content":{"rendered":"<div class=\"item doi\"><span class=\"label\"><a href=\"https:\/\/doi.org\/10.4081\/jphr.2018.1445\">https:\/\/doi.org\/10.4081\/jphr.2018.1445<\/a><\/span><\/div>\n<p><span class=\"name\"><br \/>\n<strong>Eduardo Osuna<\/strong><br \/>\n<\/span><span class=\"affiliation\">Department of Forensic Medicine, School of Medicine, University of Murcia, Spain.<\/span><\/p>\n<p><span class=\"name\"><strong>Antonio P\u00e9rez-Carri\u00f3n<\/strong><br \/>\n<\/span><span class=\"affiliation\">University Hospital Reina Sof\u00eda, School of Medicine, University of Murcia, Spain.<\/span><\/p>\n<p><span class=\"name\"><strong>Mar\u00eda D. P\u00e9rez-C\u00e1rceles<\/strong><br \/>\n<\/span><span class=\"affiliation\">Department of Forensic Medicine, School of Medicine, University of Murcia, Spain.<\/span><\/p>\n<p><span class=\"name\"><strong>Francisco Machado<\/strong><br \/>\n<\/span><span class=\"affiliation\">University Hospital Reina Sof\u00eda, School of Medicine, University of Murcia, Spain.<\/span><\/p>\n<div class=\"item abstract\">\n<h3 class=\"label\">ABSTRACT<\/h3>\n<p>The information process is considered a core element in decision-making and an obligatory matter of concern for the health professional. Rather than information\u00a0<em>per se<\/em>, we should perhaps mention the need for communication between the health professional and the patient, which should be appropriate to each specific case and situation. Interaction and communication during the relationship generates a degree of trust that contributes to improving care quality and health-related results.<\/p>\n<p>The aim of this study is to know the perception of professionals on the quality of communication and its impact on the decision-making process of the patient and the degree of involvement of health professionals in the process of communication with the patient. A sample of 2186 health professionals (1578 nurses, 586 physicians, and 22 pharmacists) was studied.<\/p>\n<p>A questionnaire composed of 20 items dealing with the process of communication with the patient and obtaining informed consent was administered. Our study revealed the high consideration that professionals hold of their communication skills with patients since almost 80% of those surveyed, think they are sufficiently skilled in this area. Professionals refers that nurses are most skilled at communicating with patients.<\/p>\n<p>Communication in the clinical relationship must not only serve as a way for the professional to obtain information from the patient on their pathology, but also as a means to inform patients so that they understand their illness. Patients also like to feel that they are being listened to and are co-participants in the care process. Communication should be a continuous object of study for all health professionals, both in primary and specialised attention.<\/p>\n<\/div>\n","protected":false},"excerpt":{"rendered":"<p>https:\/\/doi.org\/10.4081\/jphr.2018.1445 Eduardo Osuna Department of Forensic Medicine, School of Medicine, University of Murcia, Spain. Antonio P\u00e9rez-Carri\u00f3n University Hospital Reina Sof\u00eda, School of Medicine, University of Murcia, Spain. Mar\u00eda D. P\u00e9rez-C\u00e1rceles Department of Forensic Medicine, School of Medicine, University of Murcia, Spain. Francisco Machado University Hospital Reina Sof\u00eda, School of Medicine, University of Murcia, Spain. ABSTRACT &#8230; <a title=\"Perceptions of health professionals about the quality of communication and deliberation with the patient and its impact on the health decision making process\" class=\"read-more\" href=\"https:\/\/www.jphres.us.com\/index.php\/jphres\/article\/view\/1445\/\" aria-label=\"More on Perceptions of health professionals about the quality of communication and deliberation with the patient and its impact on the health decision making process\">Read more<\/a><\/p>\n","protected":false},"author":3,"featured_media":0,"parent":0,"menu_order":0,"comment_status":"open","ping_status":"open","template":"","meta":{"footnotes":""},"class_list":["post-4228","page","type-page","status-publish"],"yoast_head":"<!-- This site is optimized with the Yoast SEO plugin v27.2 - https:\/\/yoast.com\/product\/yoast-seo-wordpress\/ -->\n<title>Perceptions of health professionals about the quality of communication and deliberation with the patient and its impact on the health decision making process - Journal of Public Health Research<\/title>\n<meta name=\"robots\" content=\"index, follow, max-snippet:-1, max-image-preview:large, max-video-preview:-1\" \/>\n<link rel=\"canonical\" href=\"https:\/\/www.jphres.us.com\/index.php\/jphres\/article\/view\/1445\/\" \/>\n<meta property=\"og:locale\" content=\"en_US\" \/>\n<meta property=\"og:type\" content=\"article\" \/>\n<meta property=\"og:title\" content=\"Perceptions of health professionals about the quality of communication and deliberation with the patient and its impact on the health decision making process - Journal of Public Health Research\" \/>\n<meta property=\"og:description\" content=\"https:\/\/doi.org\/10.4081\/jphr.2018.1445 Eduardo Osuna Department of Forensic Medicine, School of Medicine, University of Murcia, Spain. Antonio P\u00e9rez-Carri\u00f3n University Hospital Reina Sof\u00eda, School of Medicine, University of Murcia, Spain. Mar\u00eda D. P\u00e9rez-C\u00e1rceles Department of Forensic Medicine, School of Medicine, University of Murcia, Spain. Francisco Machado University Hospital Reina Sof\u00eda, School of Medicine, University of Murcia, Spain. ABSTRACT ... Read more\" \/>\n<meta property=\"og:url\" content=\"https:\/\/www.jphres.us.com\/index.php\/jphres\/article\/view\/1445\/\" \/>\n<meta property=\"og:site_name\" content=\"Journal of Public Health Research\" \/>\n<meta property=\"article:modified_time\" content=\"2023-04-02T12:09:22+00:00\" \/>\n<meta name=\"twitter:card\" content=\"summary_large_image\" \/>\n<meta name=\"twitter:label1\" content=\"Est. reading time\" \/>\n\t<meta name=\"twitter:data1\" content=\"2 minutes\" \/>\n<script type=\"application\/ld+json\" class=\"yoast-schema-graph\">{\"@context\":\"https:\/\/schema.org\",\"@graph\":[{\"@type\":\"WebPage\",\"@id\":\"https:\/\/www.jphres.us.com\/index.php\/jphres\/article\/view\/1445\/\",\"url\":\"https:\/\/www.jphres.us.com\/index.php\/jphres\/article\/view\/1445\/\",\"name\":\"Perceptions of health professionals about the quality of communication and deliberation with the patient and its impact on the health decision making process - Journal of Public Health Research\",\"isPartOf\":{\"@id\":\"https:\/\/www.jphres.us.com\/#website\"},\"datePublished\":\"2023-03-28T04:21:07+00:00\",\"dateModified\":\"2023-04-02T12:09:22+00:00\",\"breadcrumb\":{\"@id\":\"https:\/\/www.jphres.us.com\/index.php\/jphres\/article\/view\/1445\/#breadcrumb\"},\"inLanguage\":\"en-US\",\"potentialAction\":[{\"@type\":\"ReadAction\",\"target\":[\"https:\/\/www.jphres.us.com\/index.php\/jphres\/article\/view\/1445\/\"]}]},{\"@type\":\"BreadcrumbList\",\"@id\":\"https:\/\/www.jphres.us.com\/index.php\/jphres\/article\/view\/1445\/#breadcrumb\",\"itemListElement\":[{\"@type\":\"ListItem\",\"position\":1,\"name\":\"Startseite\",\"item\":\"https:\/\/www.jphres.us.com\/\"},{\"@type\":\"ListItem\",\"position\":2,\"name\":\"Perceptions of health professionals about the quality of communication and deliberation with the patient and its impact on the health decision making process\"}]},{\"@type\":\"WebSite\",\"@id\":\"https:\/\/www.jphres.us.com\/#website\",\"url\":\"https:\/\/www.jphres.us.com\/\",\"name\":\"Journal of Public Health Research\",\"description\":\"The Journal of Public Health Research is an online Open Access, peer-reviewed journal in the field of public health science. The scope of the journal is to stimulate debate and spreading of knowledge in this area in order to improve public health.\",\"publisher\":{\"@id\":\"https:\/\/www.jphres.us.com\/#organization\"},\"potentialAction\":[{\"@type\":\"SearchAction\",\"target\":{\"@type\":\"EntryPoint\",\"urlTemplate\":\"https:\/\/www.jphres.us.com\/?s={search_term_string}\"},\"query-input\":{\"@type\":\"PropertyValueSpecification\",\"valueRequired\":true,\"valueName\":\"search_term_string\"}}],\"inLanguage\":\"en-US\"},{\"@type\":\"Organization\",\"@id\":\"https:\/\/www.jphres.us.com\/#organization\",\"name\":\"Journal of Public Health Research\",\"url\":\"https:\/\/www.jphres.us.com\/\",\"logo\":{\"@type\":\"ImageObject\",\"inLanguage\":\"en-US\",\"@id\":\"https:\/\/www.jphres.us.com\/#\/schema\/logo\/image\/\",\"url\":\"https:\/\/www.jphres.us.com\/wp-content\/uploads\/2022\/10\/Favicon-JPHRES.png\",\"contentUrl\":\"https:\/\/www.jphres.us.com\/wp-content\/uploads\/2022\/10\/Favicon-JPHRES.png\",\"width\":150,\"height\":114,\"caption\":\"Journal of Public Health Research\"},\"image\":{\"@id\":\"https:\/\/www.jphres.us.com\/#\/schema\/logo\/image\/\"},\"sameAs\":[\"https:\/\/www.citefactor.org\/journal\/index\/5410\/journal-of-public-health-research#.ZD-hS-xBx3k\",\"https:\/\/www.scimagojr.com\/journalsearch.php?q=21100790524&amp;amp;tip=sid&amp;amp;clean=0\"]}]}<\/script>\n<!-- \/ Yoast SEO plugin. -->","yoast_head_json":{"title":"Perceptions of health professionals about the quality of communication and deliberation with the patient and its impact on the health decision making process - Journal of Public Health Research","robots":{"index":"index","follow":"follow","max-snippet":"max-snippet:-1","max-image-preview":"max-image-preview:large","max-video-preview":"max-video-preview:-1"},"canonical":"https:\/\/www.jphres.us.com\/index.php\/jphres\/article\/view\/1445\/","og_locale":"en_US","og_type":"article","og_title":"Perceptions of health professionals about the quality of communication and deliberation with the patient and its impact on the health decision making process - Journal of Public Health Research","og_description":"https:\/\/doi.org\/10.4081\/jphr.2018.1445 Eduardo Osuna Department of Forensic Medicine, School of Medicine, University of Murcia, Spain. Antonio P\u00e9rez-Carri\u00f3n University Hospital Reina Sof\u00eda, School of Medicine, University of Murcia, Spain. Mar\u00eda D. P\u00e9rez-C\u00e1rceles Department of Forensic Medicine, School of Medicine, University of Murcia, Spain. Francisco Machado University Hospital Reina Sof\u00eda, School of Medicine, University of Murcia, Spain. ABSTRACT ... Read more","og_url":"https:\/\/www.jphres.us.com\/index.php\/jphres\/article\/view\/1445\/","og_site_name":"Journal of Public Health Research","article_modified_time":"2023-04-02T12:09:22+00:00","twitter_card":"summary_large_image","twitter_misc":{"Est. reading time":"2 minutes"},"schema":{"@context":"https:\/\/schema.org","@graph":[{"@type":"WebPage","@id":"https:\/\/www.jphres.us.com\/index.php\/jphres\/article\/view\/1445\/","url":"https:\/\/www.jphres.us.com\/index.php\/jphres\/article\/view\/1445\/","name":"Perceptions of health professionals about the quality of communication and deliberation with the patient and its impact on the health decision making process - Journal of Public Health Research","isPartOf":{"@id":"https:\/\/www.jphres.us.com\/#website"},"datePublished":"2023-03-28T04:21:07+00:00","dateModified":"2023-04-02T12:09:22+00:00","breadcrumb":{"@id":"https:\/\/www.jphres.us.com\/index.php\/jphres\/article\/view\/1445\/#breadcrumb"},"inLanguage":"en-US","potentialAction":[{"@type":"ReadAction","target":["https:\/\/www.jphres.us.com\/index.php\/jphres\/article\/view\/1445\/"]}]},{"@type":"BreadcrumbList","@id":"https:\/\/www.jphres.us.com\/index.php\/jphres\/article\/view\/1445\/#breadcrumb","itemListElement":[{"@type":"ListItem","position":1,"name":"Startseite","item":"https:\/\/www.jphres.us.com\/"},{"@type":"ListItem","position":2,"name":"Perceptions of health professionals about the quality of communication and deliberation with the patient and its impact on the health decision making process"}]},{"@type":"WebSite","@id":"https:\/\/www.jphres.us.com\/#website","url":"https:\/\/www.jphres.us.com\/","name":"Journal of Public Health Research","description":"The Journal of Public Health Research is an online Open Access, peer-reviewed journal in the field of public health science. The scope of the journal is to stimulate debate and spreading of knowledge in this area in order to improve public health.","publisher":{"@id":"https:\/\/www.jphres.us.com\/#organization"},"potentialAction":[{"@type":"SearchAction","target":{"@type":"EntryPoint","urlTemplate":"https:\/\/www.jphres.us.com\/?s={search_term_string}"},"query-input":{"@type":"PropertyValueSpecification","valueRequired":true,"valueName":"search_term_string"}}],"inLanguage":"en-US"},{"@type":"Organization","@id":"https:\/\/www.jphres.us.com\/#organization","name":"Journal of Public Health Research","url":"https:\/\/www.jphres.us.com\/","logo":{"@type":"ImageObject","inLanguage":"en-US","@id":"https:\/\/www.jphres.us.com\/#\/schema\/logo\/image\/","url":"https:\/\/www.jphres.us.com\/wp-content\/uploads\/2022\/10\/Favicon-JPHRES.png","contentUrl":"https:\/\/www.jphres.us.com\/wp-content\/uploads\/2022\/10\/Favicon-JPHRES.png","width":150,"height":114,"caption":"Journal of Public Health Research"},"image":{"@id":"https:\/\/www.jphres.us.com\/#\/schema\/logo\/image\/"},"sameAs":["https:\/\/www.citefactor.org\/journal\/index\/5410\/journal-of-public-health-research#.ZD-hS-xBx3k","https:\/\/www.scimagojr.com\/journalsearch.php?q=21100790524&amp;amp;tip=sid&amp;amp;clean=0"]}]}},"_links":{"self":[{"href":"https:\/\/www.jphres.us.com\/index.php\/wp-json\/wp\/v2\/pages\/4228","targetHints":{"allow":["GET"]}}],"collection":[{"href":"https:\/\/www.jphres.us.com\/index.php\/wp-json\/wp\/v2\/pages"}],"about":[{"href":"https:\/\/www.jphres.us.com\/index.php\/wp-json\/wp\/v2\/types\/page"}],"author":[{"embeddable":true,"href":"https:\/\/www.jphres.us.com\/index.php\/wp-json\/wp\/v2\/users\/3"}],"replies":[{"embeddable":true,"href":"https:\/\/www.jphres.us.com\/index.php\/wp-json\/wp\/v2\/comments?post=4228"}],"version-history":[{"count":0,"href":"https:\/\/www.jphres.us.com\/index.php\/wp-json\/wp\/v2\/pages\/4228\/revisions"}],"wp:attachment":[{"href":"https:\/\/www.jphres.us.com\/index.php\/wp-json\/wp\/v2\/media?parent=4228"}],"curies":[{"name":"wp","href":"https:\/\/api.w.org\/{rel}","templated":true}]}}